{"id":11370,"date":"2024-04-04T08:51:48","date_gmt":"2024-04-04T08:51:48","guid":{"rendered":"https:\/\/etnyre.com\/bc502sc\/"},"modified":"2025-09-18T12:49:06","modified_gmt":"2025-09-18T12:49:06","slug":"bc502sc","status":"publish","type":"page","link":"https:\/\/etnyre.com\/es\/bc502sc\/","title":{"rendered":"BC502-SC"},"content":{"rendered":"<h4>Mant\u00e9n tus carreteras protegidas con el esparcidor de capa de sellado BC502-SC<\/h4>\n<p>Un objetivo com\u00fan de propietarios y contratistas de asfalto es la conservaci\u00f3n, el mantenimiento y el cuidado continuos de las superficies de asfalto. Con el tiempo, las condiciones extremas de tr\u00e1fico, las inclemencias del tiempo y la exposici\u00f3n a los rayos UV y a los productos qu\u00edmicos pueden hacer que un solar o una calzada de asfalto se estropeen. Uno de los pocos m\u00e9todos constantes y m\u00e1s eficaces para garantizar que tu pavimento no sucumba al deterioro es la aplicaci\u00f3n de una capa de sellado. Por ello, los contratistas de asfalto buscan los mejores camiones y equipos para ofrecer servicios de revestimiento de sellado r\u00e1pidos, eficaces y duraderos. Gracias al esparcidor de capa de sellado BC502-SC, es posible aplicar la capa de sellado de forma r\u00e1pida y sencilla. Obt\u00e9n m\u00e1s informaci\u00f3n sobre la BC502-SC llamando hoy mismo a BearCat MFG o a E.D. Etnyre &amp; Co.     <\/p>\n<h4>El Mejor Cami\u00f3n de Capa de Foca de EE.UU.<\/h4>\n<p>Pocos camiones de revestimiento de sellado de la competencia pueden superar la eficacia y facilidad de control del esparcidor de revestimiento de sellado BC502-SC. Conocidos originalmente como la l\u00ednea RaynMaker de equipos de asfalto, los productos de Etnyre marcan la pauta en precisi\u00f3n, calidad y velocidad, garantizando un sellado impecable de todo tipo y tama\u00f1o de superficies de pavimento asf\u00e1ltico. Algunas de las caracter\u00edsticas m\u00e1s notables de la BC502-SC son:  <\/p>\n<ul>\n<li>Todas las funciones de distribuci\u00f3n, circulaci\u00f3n y carga se seleccionan desde la cabina o el mando lateral<\/li>\n<li>Control en cabina del GSY, v\u00e1lvulas de asfalto de la barra de pulverizaci\u00f3n, diagn\u00f3sticos, subida, bajada, desplazamiento lateral y lavado de la barra de pulverizaci\u00f3n<\/li>\n<li>Alas separables para evitar da\u00f1os si se golpea un objeto mientras se esparce el producto; pasador de cizalla sustituible en menos de un minuto<\/li>\n<li>Diagn\u00f3stico a bordo<\/li>\n<\/ul>\n<h4>Puntos destacados del BC502-SC:<\/h4>\n<p><em>Sistema de accionamiento de la bomba<\/em><\/p>\n<p>El sistema de accionamiento de la bomba es el coraz\u00f3n de la tecnolog\u00eda de esparcidor de capa de sellado de BearCat, controlado por nuestro sistema de control CRC, l\u00edder del sector. El nuevo CRC utilizado en el BC502-SC est\u00e1 dise\u00f1ado para ser m\u00e1s preciso, m\u00e1s f\u00e1cil de configurar, m\u00e1s f\u00e1cil de usar y m\u00e1s f\u00e1cil de leer sus resultados que nunca. <\/p>\n<p><em>Colectores de tres v\u00e1lvulas<\/em><\/p>\n<p>Las v\u00e1lvulas de asiento tricil\u00edndricas del BC502-SC no tienen piezas externas, por lo que son m\u00e1s f\u00e1ciles de mantener y manejar. Las v\u00e1lvulas de asiento internas est\u00e1n inmersas en una capa de sellado, lo que proporciona una pulverizaci\u00f3n instant\u00e1nea cuando las v\u00e1lvulas se encienden. Adem\u00e1s, la acumulaci\u00f3n exterior de asfalto y suciedad de la carretera no afecta al sistema totalmente cerrado. Construcci\u00f3n robusta sin necesidad de ajustes.   <\/p>\n<p><em>Control Informatizado de la Tasa (CRC)<\/em><\/p>\n<p>Maximizamos la eficacia, la automatizaci\u00f3n y el control con el avanzado sistema de control de velocidad informatizado (CRC) de la BC502-SC. Se puede acceder al CRC desde la cabina o el mando lateral, e incluye funciones como: <\/p>\n<ul>\n<li>Todas las funciones de dispersi\u00f3n, circulaci\u00f3n y carga<\/li>\n<li>La v\u00e1lvula de asfalto correcta se abre o cierra autom\u00e1ticamente, manteniendo al operador alejado de la parte trasera del cami\u00f3n durante esta parte de las operaciones.<\/li>\n<li>El interruptor c\u00f3nico permite al operario realizar un corte c\u00f3nico completo de un lado a otro de la barra de pulverizaci\u00f3n con un solo interruptor basculante.<\/li>\n<li>Interruptor de preparado: Hasta un minuto antes de que est\u00e9s listo para empezar a esparcir, si accionas el interruptor de preparado, el CRC calcular\u00e1 la velocidad necesaria de la bomba y la pondr\u00e1 a la velocidad adecuada, evitando inundaciones o estr\u00edas.<\/li>\n<li>Selecci\u00f3n GSY a las d\u00e9cimas.<\/li>\n<li>Diagn\u00f3stico a bordo.<\/li>\n<li>El selector de v\u00e1lvulas selecciona las v\u00e1lvulas de asfalto correctas y bloquea cualquier otra que no sea necesaria para la funci\u00f3n seleccionada.<\/li>\n<li>Pantalla LCD en color \u00ab3,5\u00bb 320&#215;240.<\/li>\n<li>Las p\u00e1ginas de configuraci\u00f3n, diagn\u00f3stico e informaci\u00f3n son f\u00e1cilmente accesibles.<\/li>\n<\/ul>\n<h4>\u00a1Pide hoy el esparcidor de capa de sellado BC502-SC!<\/h4>\n<p>Para maximizar la velocidad, precisi\u00f3n y eficacia de los servicios de revestimiento de tu empresa, necesitas los mejores camiones de revestimiento disponibles en Estados Unidos. Afortunadamente, los contratistas de asfalto pueden encontrar f\u00e1cilmente las carretillas m\u00e1s avanzadas del mercado a trav\u00e9s de BearCat MFG y E.D. Etnyre &amp; Co. Si est\u00e1s interesado en el esparcidor de capa de sellado BC502-SC o en nuestros equipos adicionales de pavimentaci\u00f3n y revestimiento de asfalto, llama <a href=\"tel:8888970575\">al 888-897-0575<\/a>. Los productos de BearCat MFG se fabrican con orgullo en Arizona y est\u00e1n disponibles para clientes de Arizona, Texas, Illinois, Tennessee y Estados Unidos.   <\/p>\n<div class=\"a_btn\"><a href=\"https:\/\/etnyre.com\/wp-content\/uploads\/2025\/02\/L-BC502SC-24.pdf\" target=\"_blank\" rel=\"noopener\">Folleto BC502-SC<\/a><\/div>\n","protected":false},"excerpt":{"rendered":"<p>Mant\u00e9n tus carreteras protegidas con el esparcidor de capa de sellado BC502-SC Un objetivo com\u00fan de propietarios y contratistas de asfalto es la conservaci\u00f3n, el mantenimiento y el cuidado continuos de las superficies de asfalto. Con el tiempo, las condiciones extremas de tr\u00e1fico, las inclemencias del tiempo y la exposici\u00f3n a los rayos UV y &hellip; <a href=\"https:\/\/etnyre.com\/es\/bc502sc\/\" class=\"more-link\">Continue reading <span class=\"screen-reader-text\">BC502-SC<\/span><\/a><\/p>\n","protected":false},"author":1,"featured_media":12603,"parent":0,"menu_order":0,"comment_status":"closed","ping_status":"closed","template":"","meta":{"_acf_changed":false,"footnotes":""},"class_list":["post-11370","page","type-page","status-publish","has-post-thumbnail","hentry"],"acf":[],"_links":{"self":[{"href":"https:\/\/etnyre.com\/es\/wp-json\/wp\/v2\/pages\/11370","targetHints":{"allow":["GET"]}}],"collection":[{"href":"https:\/\/etnyre.com\/es\/wp-json\/wp\/v2\/pages"}],"about":[{"href":"https:\/\/etnyre.com\/es\/wp-json\/wp\/v2\/types\/page"}],"author":[{"embeddable":true,"href":"https:\/\/etnyre.com\/es\/wp-json\/wp\/v2\/users\/1"}],"replies":[{"embeddable":true,"href":"https:\/\/etnyre.com\/es\/wp-json\/wp\/v2\/comments?post=11370"}],"version-history":[{"count":4,"href":"https:\/\/etnyre.com\/es\/wp-json\/wp\/v2\/pages\/11370\/revisions"}],"predecessor-version":[{"id":14507,"href":"https:\/\/etnyre.com\/es\/wp-json\/wp\/v2\/pages\/11370\/revisions\/14507"}],"wp:featuredmedia":[{"embeddable":true,"href":"https:\/\/etnyre.com\/es\/wp-json\/wp\/v2\/media\/12603"}],"wp:attachment":[{"href":"https:\/\/etnyre.com\/es\/wp-json\/wp\/v2\/media?parent=11370"}],"curies":[{"name":"wp","href":"https:\/\/api.w.org\/{rel}","templated":true}]}}