{"id":11372,"date":"2024-04-04T08:51:49","date_gmt":"2024-04-04T08:51:49","guid":{"rendered":"https:\/\/etnyre.com\/raynpro-serie-t\/"},"modified":"2025-05-28T06:10:47","modified_gmt":"2025-05-28T06:10:47","slug":"raynpro-serie-t","status":"publish","type":"page","link":"https:\/\/etnyre.com\/es\/raynpro-serie-t\/","title":{"rendered":"RaynPro Serie T"},"content":{"rendered":"<h3>La Mejor Soluci\u00f3n Mec\u00e1nica Para Tus Necesidades De Recubrimiento De Juntas<\/h3>\n<p>E.D. Etnyre &amp; Co. se esfuerza por ofrecer una gama de equipos y maquinaria que se adapte mejor a las necesidades de las empresas de mantenimiento de carreteras. Por ejemplo, fabricamos sistemas dise\u00f1ados para sellar r\u00e1pida y eficazmente cualquier pavimento y superficie asf\u00e1ltica. Mientras que nuestros PavementSaver y BC502SC son unidades aut\u00f3nomas de recubrimiento, la Serie T de RaynPro permite a los contratistas equipar los camiones y veh\u00edculos existentes con el mismo sistema de recubrimiento.<\/p>\n<h4>RaynPro Serie T &#8211; Recubridoras de juntas<\/h4>\n<p>La l\u00ednea de selladoras <a href=\"https:\/\/etnyre.com\/wp-content\/uploads\/2024\/06\/L-RPT6-24.pdf\" target=\"_blank\" rel=\"noopener\">RaynPro Serie T<\/a>de Etnyre ofrece a los contratistas de sellado un equipo totalmente personalizable que se adapta a sus necesidades.<\/p>\n<h5>Todo empieza con los <a href=\"https:\/\/etnyre.com\/wp-content\/uploads\/2024\/02\/Tanks820LR-1.pdf\" target=\"_blank\" rel=\"noopener\">Tanques<\/a>.<\/h5>\n<ul>\n<li>Elige un tama\u00f1o desde 757 l (200 gal) hasta 45424 l (12.000 gal)<\/li>\n<li>Los dep\u00f3sitos RaynPro pueden montarse sobre un remolque o sobre un pat\u00edn<\/li>\n<\/ul>\n<h5>Construimos en funci\u00f3n de tus necesidades<\/h5>\n<ul>\n<li>La longitud se ajusta seg\u00fan el tama\u00f1o del dep\u00f3sito y las opciones, y puede ampliarse para alojar sopladores u otros equipos<\/li>\n<li>Configuraci\u00f3n de ejes: 1, 2 \u00f3 3 ejes &#8211; 6.000 lb. (2721 kg) o 7.000 lb. (3175 kg) de potencia nominal<\/li>\n<li>Frenos: el\u00e9ctricos o de sobrecarga (el\u00e9ctricos de serie)<\/li>\n<\/ul>\n<h5>Aplica tu capa de sellado<\/h5>\n<ul>\n<li>Motor: Kohler de 14 CV con salida de alto amperaje dise\u00f1ado para bombear material de sellado de alta carga de \u00e1ridos<\/li>\n<li>El RaynPro puede construirse con un sistema de varilla pulverizadora para la aplicaci\u00f3n del material<\/li>\n<\/ul>\n<h5>Normas de las M\u00e1quinas de Recubrimiento RaynPro Serie T<\/h5>\n<ul>\n<li>Estructura de acero de calidad profesional con paredes de dep\u00f3sito de 3\/16\u2033 y tapas de extremo de 3\/16\u2033 para una mayor integridad estructural<\/li>\n<li>Sistema de agitaci\u00f3n hidr\u00e1ulico de transmisi\u00f3n directa, sin cadenas ni pi\u00f1ones.<\/li>\n<\/ul>\n<h5>M\u00e1s opciones personalizadas<\/h5>\n<ul>\n<li>Colores de pintura personalizados<\/li>\n<li>2\u2033 Bomba hidr\u00e1ulica RaynPump de desplazamiento positivo para un rendimiento constante y sin turbulencias con materiales pesados<\/li>\n<li>Disponible bomba neum\u00e1tica Wilden de doble diafragma de 2\u2033 con compresor de gas de 30 galones.<\/li>\n<li>Varilla pulverizadora con conjunto de filtro<\/li>\n<li>Caja de cepillos\/limpiaparabrisas, dep\u00f3sito de agua, cajas de almacenamiento o luces nocturnas<\/li>\n<li>Rampa de soplado, Enrolladores de manguera<\/li>\n<li>Tapa del dep\u00f3sito fija o extra\u00edble<\/li>\n<li>Protecci\u00f3n antivuelco para los requisitos locales de la D.O.T.<\/li>\n<\/ul>\n<p><em>Si no ves lo que quieres, \u00a1preg\u00fantanos!<\/em><\/p>\n<p>Echa un vistazo al <a href=\"https:\/\/etnyre.com\/bc502sc\/\">BC502SC<\/a>, \u00a1un sistema de barra de pulverizaci\u00f3n para revestimientos de sellado de gran volumen!<\/p>\n","protected":false},"excerpt":{"rendered":"<p>La Mejor Soluci\u00f3n Mec\u00e1nica Para Tus Necesidades De Recubrimiento De Juntas E.D. Etnyre &amp; Co. se esfuerza por ofrecer una gama de equipos y maquinaria que se adapte mejor a las necesidades de las empresas de mantenimiento de carreteras. Por ejemplo, fabricamos sistemas dise\u00f1ados para sellar r\u00e1pida y eficazmente cualquier pavimento y superficie asf\u00e1ltica. Mientras &hellip; <a href=\"https:\/\/etnyre.com\/es\/raynpro-serie-t\/\" class=\"more-link\">Continue reading <span class=\"screen-reader-text\">RaynPro Serie T<\/span><\/a><\/p>\n","protected":false},"author":1,"featured_media":10473,"parent":0,"menu_order":0,"comment_status":"closed","ping_status":"closed","template":"template\/product-sub-page.php","meta":{"_acf_changed":false,"footnotes":""},"class_list":["post-11372","page","type-page","status-publish","has-post-thumbnail","hentry"],"acf":[],"_links":{"self":[{"href":"https:\/\/etnyre.com\/es\/wp-json\/wp\/v2\/pages\/11372","targetHints":{"allow":["GET"]}}],"collection":[{"href":"https:\/\/etnyre.com\/es\/wp-json\/wp\/v2\/pages"}],"about":[{"href":"https:\/\/etnyre.com\/es\/wp-json\/wp\/v2\/types\/page"}],"author":[{"embeddable":true,"href":"https:\/\/etnyre.com\/es\/wp-json\/wp\/v2\/users\/1"}],"replies":[{"embeddable":true,"href":"https:\/\/etnyre.com\/es\/wp-json\/wp\/v2\/comments?post=11372"}],"version-history":[{"count":4,"href":"https:\/\/etnyre.com\/es\/wp-json\/wp\/v2\/pages\/11372\/revisions"}],"predecessor-version":[{"id":13713,"href":"https:\/\/etnyre.com\/es\/wp-json\/wp\/v2\/pages\/11372\/revisions\/13713"}],"wp:featuredmedia":[{"embeddable":true,"href":"https:\/\/etnyre.com\/es\/wp-json\/wp\/v2\/media\/10473"}],"wp:attachment":[{"href":"https:\/\/etnyre.com\/es\/wp-json\/wp\/v2\/media?parent=11372"}],"curies":[{"name":"wp","href":"https:\/\/api.w.org\/{rel}","templated":true}]}}