{"id":11375,"date":"2024-04-04T08:51:51","date_gmt":"2024-04-04T08:51:51","guid":{"rendered":"https:\/\/etnyre.com\/que-es-el-sellado-de-lechada\/"},"modified":"2025-07-16T12:16:27","modified_gmt":"2025-07-16T12:16:27","slug":"que-es-el-sellado-de-lechada","status":"publish","type":"page","link":"https:\/\/etnyre.com\/es\/que-es-el-sellado-de-lechada\/","title":{"rendered":"\u00bfQu\u00e9 son los Sellos de Lechada y de Capa?"},"content":{"rendered":"<h3>Slurry Seal &#8211; Tratamiento de la superficie del pavimento<\/h3>\n<p>El sellado de lechada es un sistema de pavimentaci\u00f3n de mezcla en fr\u00edo que puede remediar una amplia gama de problemas en calles, aer\u00f3dromos, aparcamientos y calzadas. Piensa en Slurry Seal como un revestimiento asf\u00e1ltico de calidad industrial. Los principales materiales utilizados para crear la lechada son los \u00e1ridos, la emulsi\u00f3n asf\u00e1ltica y los rellenos, que se mezclan seg\u00fan la f\u00f3rmula de dise\u00f1o de la mezcla de un laboratorio. Tambi\u00e9n se a\u00f1ade agua para que sea manejable.<\/p>\n<h3>Ventajas de la junta deslizante<\/h3>\n<p>Como el m\u00e1s vers\u00e1til de todos los sistemas de tratamiento de superficies de pavimentos, <a href=\"https:\/\/etnyre.com\/es\/sellado-de-lechada-asfaltica\/\">el sellado de lechadas es tambi\u00e9n una mezcla bituminosa \u00fanica<\/a> que puede utilizarse para satisfacer las exigencias de una superficie de textura variable, rellenando grietas y huecos, sellando la superficie de forma estanca a la intemperie y proporcionando delineaci\u00f3n de color y textura en una sola pasada. Algunas de las ventajas del <a href=\"https:\/\/etnyre.com\/slurry-seal-machinery\">sellado de lodos<\/a> son:<\/p>\n<ul>\n<li><strong>Bajo coste<\/strong> &#8211; El sellado con lechada es econ\u00f3mico de instalar y muy rentable de utilizar. El material reciclado y la mano de obra m\u00ednima ahorran a contratistas y clientes cuando optan por la aplicaci\u00f3n de sellado con lechada.<\/li>\n<li><strong>Correcci\u00f3n y prevenci\u00f3n de problemas<\/strong> &#8211; Los desperfectos existentes en pavimentos antiguos, el agrietamiento de la superficie, el deshilachado, la p\u00e9rdida de matriz, el aumento de la permeabilidad al agua y al aire y la falta de fricci\u00f3n debida al lavado o pulido de \u00e1ridos pueden corregirse mediante la aplicaci\u00f3n de lechada. Tambi\u00e9n se consigue la impermeabilizaci\u00f3n, evitando un mayor deterioro. Se crea una superficie duradera para todo tipo de clima que ofrece resistencia al derrape y mejores caracter\u00edsticas de maniobrabilidad para los conductores.<\/li>\n<li><strong>Valor est\u00e9tico<\/strong> &#8211; Con una simple aplicaci\u00f3n, el pavimento existente recibe una nueva superficie de desgaste de color negro o textura uniforme. Mejorar el aspecto significa aumentar el valor de la propiedad, el potencial de comercializaci\u00f3n y la aceptaci\u00f3n de los compradores. Las v\u00edas p\u00fablicas, los aparcamientos de los centros comerciales y otros pavimentos p\u00fablicos o comerciales tratados con sellado de lechada resultan m\u00e1s atractivos y llamativos.<\/li>\n<\/ul>\n<div class=\"right-img\"><img loading=\"lazy\" decoding=\"async\" class=\"alignnone\" src=\"https:\/\/etnyre.com\/wp-content\/uploads\/2024\/05\/Cape-Seal-Talmont06-500x350.jpg\" alt=\"Equipo industrial preparando una calzada para el sellado con lechada\" width=\"500\" height=\"350\" title=\"\"><\/div>\n<h3>Microsuperficie<\/h3>\n<p>El micropavimento es una mezcla est\u00e9ticamente similar al slurry seal y se aplica casi exactamente igual. Micro puede producirse utilizando \u00e1ridos de tipo II o de tipo III.<\/p>\n<ul class=\"overflow_unset\">\n<li><strong>Mayor durabilidad<\/strong> &#8211; El micropavimento ofrece una mayor durabilidad que el sellado de lechada, ya que utiliza \u00e1ridos de mayor calidad y un mayor n\u00famero de pol\u00edmeros en sus dise\u00f1os de mezcla y aplicaciones. El aumento de los pol\u00edmeros y el grosor de la aplicaci\u00f3n permiten que el micropavimento proporcione una superficie a\u00fan m\u00e1s resistente y duradera que el sellado de lechada. <\/li>\n<li><strong>Relleno <\/strong> de surcos &#8211; Gracias a la mejora de la qu\u00edmica de la emulsi\u00f3n de microaglomerado, a la mejor calidad de los \u00e1ridos y al aumento de los pol\u00edmeros, el microaglomerado puede colocarse en aplicaciones m\u00e1s gruesas, como el relleno de surcos. (El relleno del surco suele hacerse con una caja RUT dise\u00f1ada espec\u00edficamente para arrastrar el \u00e1rido m\u00e1s grande hasta la parte m\u00e1s profunda del surco).<\/li>\n<li><strong>Tiempo de curado r\u00e1pido<\/strong> &#8211; Las caracter\u00edsticas de dureza de la micropavimentaci\u00f3n y el tiempo de secado acelerado tambi\u00e9n permiten que la micropavimentaci\u00f3n se abra al tr\u00e1fico mucho m\u00e1s r\u00e1pido que el sellado de lechada, y con frecuencia se coloca por la noche minimizando el impacto en los patrones de tr\u00e1fico. Maximizar la oportunidad de trabajar en las horas punta de tr\u00e1fico y negocios.<\/li>\n<\/ul>\n<h3>Sellado de virutas<\/h3>\n<p><a href=\"https:\/\/etnyre.com\/es\/los-mejores-equipos-de-asfaltado\/\">El sellado de virutas<\/a> tiene muchas ventajas que los contratistas, propietarios de terrenos, empresas y municipios quieren aprovechar. <a href=\"https:\/\/etnyre.com\/es\/los-mejores-equipos-de-asfaltado-en-venta\/\">El sellado de aglomerado no s\u00f3lo es eficaz para proteger y reparar las calzadas<\/a>, sino que su aplicaci\u00f3n es m\u00e1s asequible.<\/p>\n<ul>\n<li><strong>Longevidad &#8211; <\/strong>Los veh\u00edculos, el clima y los productos qu\u00edmicos pasan r\u00e1pidamente factura a las carreteras que atraviesas. Afortunadamente, los m\u00e9todos de tratamiento del pavimento, como el astillado y sellado, pueden aumentar significativamente la vida \u00fatil de cualquier carretera o solar. A veces, el sellado de gravilla puede prolongar la vida del pavimento hasta 12 a\u00f1os.<\/li>\n<li><strong>Asequibilidad &#8211; <\/strong>Como contratista que quiere ofrecer servicios de asfaltado, puedes fijar precios m\u00e1s bajos en comparaci\u00f3n con otros competidores de pavimentaci\u00f3n. Aunque merece la pena considerar la inversi\u00f3n inicial en equipos de sellado de virutas, el material y la mano de obra utilizados en el proceso son m\u00ednimos y sencillos. A largo plazo, tus clientes y tu empresa ahorrar\u00e1n mucho con el sellado.<\/li>\n<li><strong>Seguridad &#8211; <\/strong>Las cualidades de una superficie asfaltada ofrecen cierta protecci\u00f3n adicional a los conductores frente a otras opciones de pavimento. Por ejemplo, el pavimento asfaltado es antideslizante, lo que significa que puede reducir los accidentes en diversas condiciones meteorol\u00f3gicas. Adem\u00e1s, las superficies de aglomerado son antideslumbrantes, lo que reduce la fatiga visual de los conductores en d\u00edas luminosos o soleados.<\/li>\n<\/ul>\n<div class=\"right-img\"><img loading=\"lazy\" decoding=\"async\" class=\"alignnone\" src=\"https:\/\/etnyre.com\/wp-content\/uploads\/2024\/05\/cape-seals.png\" alt=\"Una secci\u00f3n de pavimento que ha sido sellada con virutas\" width=\"500\" height=\"350\" title=\"\"><\/div>\n<h3>Focas del Cabo<\/h3>\n<p>El Sellado de Capa consiste en un Sellado de Virutas cubierto con Lechada o Micropavimento. El sellado de capa puede aplicarse sobre un sellado de virutas en 24 a 72 horas. Se trata de un tratamiento superficial m\u00faltiple que aumenta la vida \u00fatil del sellado de virutas y hace que el producto final sea m\u00e1s atractivo para el p\u00fablico en general.<\/p>\n<ul class=\"overflow_unset\">\n<li><strong>Rentables<\/strong> &#8211; Los sellos del Cabo son una combinaci\u00f3n eficaz de tratamientos que ofrecen lo mejor de las dos aplicaciones mencionadas.<\/li>\n<li><strong>Bloqueo de vir <\/strong>utas &#8211; Captura y bloquea las piedras sueltas de un sello de virutas, eliminando as\u00ed la posibilidad de que causen da\u00f1os al veh\u00edculo.<\/li>\n<li><strong>Seguridad mejorada<\/strong> &#8211; Los Sellos del Cabo proporcionan una superficie de color negro intenso similar a una superficie de asfalto caliente. Cuando se aplica el trazado\/marcado de l\u00edneas, la superficie negra permite que la delimitaci\u00f3n u otra marca vial sea f\u00e1cilmente visible para los automovilistas.<\/li>\n<li><strong>Evacuaci\u00f3n de agua <\/strong>&#8211; El sellado de Capa ayuda a la calzada a evacuar el agua gracias a la reducci\u00f3n de bolsas que proporcionan las piedras de sellado de Capa m\u00e1s grandes, manteniendo al mismo tiempo la fricci\u00f3n de la calzada para mayor seguridad.<\/li>\n<\/ul>\n<h3>Realizaci\u00f3n del sellado con lechada o micropavimento<\/h3>\n<p>La lechada y el micropavimento se fabrican en m\u00e1quinas m\u00f3viles de planta por lotes RoadSaver II o RoadSaver IIIG especialmente dise\u00f1adas y fabricadas por E.D. Etnyre &amp; Co. Este equipo transporta una cantidad de materiales sin mezclar que se mezclan en un molino de flujo continuo. El uso de esta tecnolog\u00eda se realiza de forma r\u00e1pida y precisa en el lugar del proyecto. La mezcla y el extendido se realizan en una sola operaci\u00f3n continua, y la superficie est\u00e1 lista para reabrirse al tr\u00e1fico\/peatones en unas pocas horas o menos.<\/p>\n<div class=\"right-img\"><img loading=\"lazy\" decoding=\"async\" class=\"alignnone\" src=\"https:\/\/etnyre.com\/wp-content\/uploads\/2024\/02\/RoadSaver-Laying-Slurry.png\" alt=\"Un diagrama que detalla c\u00f3mo funciona el RoadSaver IIIG\" width=\"1509\" height=\"1162\" title=\"\"><\/div>\n<h3>Aplicaci\u00f3n de lechada o micropavimento<\/h3>\n<p>La lechada y el micropavimento se aplican sobre una superficie existente mediante una caja esparcidora conectada a una unidad mezcladora de lechada RoadSaver. El material mezclado se introduce en la caja del esparcidor, que va depositando la lechada o el microrevestimiento a medida que avanza la mezcladora\/esparcidora.<\/p>\n<ul class=\"overflow_unset\">\n<li>Las cajas esparcidoras (aumentadas o no, seg\u00fan el producto) son capaces de aplicar estos tratamientos superficiales sobre la anchura de un carril de tr\u00e1fico en una sola pasada y est\u00e1n construidas de modo que se mantenga un estrecho contacto con la superficie existente. Esto garantiza una aplicaci\u00f3n uniforme del nuevo revestimiento en una variedad de configuraciones que abarcan diversas formas de corona, superelevadas e inclinaciones de hombro.<\/li>\n<li>Operarios formados supervisan continuamente el procedimiento de mezcla autom\u00e1tica. Otros miembros del personal limpian la superficie antes de la aplicaci\u00f3n de lechada, colocan barricadas en la calle\/zona, inspeccionan la operaci\u00f3n en curso para comprobar su uniformidad, limpian las cubiertas met\u00e1licas de los servicios p\u00fablicos despu\u00e9s de la aplicaci\u00f3n y completan el extendido de lechada o micropavimento en cualquier zona no accesible a la caja del esparcidor.<\/li>\n<\/ul>\n<p><a href=\"https:\/\/etnyre.com\/es\/contactenos\/\">Contacta con nosotros<\/a><\/p>\n","protected":false},"excerpt":{"rendered":"<p>Slurry Seal &#8211; Tratamiento de la superficie del pavimento El sellado de lechada es un sistema de pavimentaci\u00f3n de mezcla en fr\u00edo que puede remediar una amplia gama de problemas en calles, aer\u00f3dromos, aparcamientos y calzadas. Piensa en Slurry Seal como un revestimiento asf\u00e1ltico de calidad industrial. Los principales materiales utilizados para crear la lechada &hellip; <a href=\"https:\/\/etnyre.com\/es\/que-es-el-sellado-de-lechada\/\" class=\"more-link\">Continue reading <span class=\"screen-reader-text\">\u00bfQu\u00e9 son los Sellos de Lechada y de Capa?<\/span><\/a><\/p>\n","protected":false},"author":1,"featured_media":10652,"parent":0,"menu_order":0,"comment_status":"closed","ping_status":"closed","template":"","meta":{"_acf_changed":false,"footnotes":""},"class_list":["post-11375","page","type-page","status-publish","has-post-thumbnail","hentry"],"acf":[],"_links":{"self":[{"href":"https:\/\/etnyre.com\/es\/wp-json\/wp\/v2\/pages\/11375","targetHints":{"allow":["GET"]}}],"collection":[{"href":"https:\/\/etnyre.com\/es\/wp-json\/wp\/v2\/pages"}],"about":[{"href":"https:\/\/etnyre.com\/es\/wp-json\/wp\/v2\/types\/page"}],"author":[{"embeddable":true,"href":"https:\/\/etnyre.com\/es\/wp-json\/wp\/v2\/users\/1"}],"replies":[{"embeddable":true,"href":"https:\/\/etnyre.com\/es\/wp-json\/wp\/v2\/comments?post=11375"}],"version-history":[{"count":5,"href":"https:\/\/etnyre.com\/es\/wp-json\/wp\/v2\/pages\/11375\/revisions"}],"predecessor-version":[{"id":14301,"href":"https:\/\/etnyre.com\/es\/wp-json\/wp\/v2\/pages\/11375\/revisions\/14301"}],"wp:featuredmedia":[{"embeddable":true,"href":"https:\/\/etnyre.com\/es\/wp-json\/wp\/v2\/media\/10652"}],"wp:attachment":[{"href":"https:\/\/etnyre.com\/es\/wp-json\/wp\/v2\/media?parent=11375"}],"curies":[{"name":"wp","href":"https:\/\/api.w.org\/{rel}","templated":true}]}}