{"id":11377,"date":"2024-04-04T08:52:00","date_gmt":"2024-04-04T08:52:00","guid":{"rendered":"https:\/\/etnyre.com\/selladores-de-grietas-mejor-valorados\/"},"modified":"2025-05-28T06:10:50","modified_gmt":"2025-05-28T06:10:50","slug":"selladores-de-grietas-mejor-valorados","status":"publish","type":"page","link":"https:\/\/etnyre.com\/es\/selladores-de-grietas-mejor-valorados\/","title":{"rendered":"Selladores de grietas mejor valorados"},"content":{"rendered":"<h3>Mejora tus carreteras con los mejores selladores de grietas de Etnyre<\/h3>\n<p>Como contratista de asfalto, \u00bfte resulta dif\u00edcil seguir el ritmo de la demanda de mantenimiento y cuidado de pavimentos y calzadas? \u00a1No est\u00e1s solo! Innumerables contratistas de todo EE.UU. buscan medios mejores y m\u00e1s eficaces para <a href=\"https:\/\/etnyre.com\/es\/reparacion-del-asfalto\/\">reparar, proteger y restaurar el pavimento<\/a>, proporcionando al mismo tiempo un servicio r\u00e1pido, fiable y duradero. Para estos contratistas, esto significa una inversi\u00f3n en mejores equipos para la reparaci\u00f3n del asfalto. \u00a1Ah\u00ed es donde Etnyre puede ayudarte! Proporcionamos a los contratistas de asfalto de <a href=\"https:\/\/etnyre.com\/es\/los-mejores-selladores-de-grietas-arizona\/\">Arizona<\/a>, <a href=\"https:\/\/etnyre.com\/es\/los-mejores-selladores-de-grietas-arizona\/\">Illinois<\/a>, <a href=\"https:\/\/etnyre.com\/es\/los-mejores-selladores-de-grietas-de-texas\/\">Texas<\/a>, <a href=\"https:\/\/etnyre.com\/es\/los-mejores-selladores-de-grietas-de-tennessee\/\">Tennessee<\/a> y de todo el pa\u00eds las mejores selladoras de grietas y el mejor equipo de asfalto del mercado. Ponte en contacto con nosotros hoy mismo para conocer nuestros excepcionales productos.<\/p>\n<h3>La importancia de reparar las grietas<\/h3>\n<p>Cuando se forman grietas en el asfalto, \u00e9stas son algunas de las primeras se\u00f1ales de que el pavimento est\u00e1 bajo presi\u00f3n. Por desgracia, no hay forma de escapar a la degradaci\u00f3n final del asfalto bajo temperaturas extremas, tr\u00e1fico intenso y el paso del tiempo. Sin embargo, mediante la <a href=\"https:\/\/etnyre.com\/es\/reparacion-de-grietas-en-el-asfalto\/\">reparaci\u00f3n de grietas<\/a> y los selladores de grietas Etnyre de m\u00e1xima calidad, puedes ralentizar el deterioro del asfalto y prolongar la vida de tu pavimento, entre otras ventajas:<\/p>\n<ul>\n<li><strong>Prolonga la vida del pav<\/strong> imento &#8211; Al rellenar las grietas, evitas que el agua se filtre en el asfalto, impidiendo un mayor deterioro y prolongando la vida \u00fatil del pavimento.<\/li>\n<li><strong>Evita costosas sustituciones<\/strong> &#8211; Un mantenimiento regular, como el sellado de grietas, puede evitar la necesidad de sustituciones m\u00e1s costosas del asfalto.<\/li>\n<li><strong>Mejora la seguridad<\/strong> &#8211; Las grietas selladas significan superficies m\u00e1s lisas, lo que reduce el riesgo de accidentes de peatones y veh\u00edculos.<\/li>\n<li><strong>Mejora el aspecto<\/strong> &#8211; Mantener tu asfalto con reparaciones peri\u00f3dicas de grietas puede mejorar el aspecto de tu calzada o pavimento, contribuyendo a una imagen m\u00e1s profesional o atractiva.<\/li>\n<li><strong>Aumenta el valor de la propiedad<\/strong> &#8211; Un pavimento bien mantenido puede aumentar el valor de la propiedad, por lo que es una inversi\u00f3n inteligente para los propietarios.<\/li>\n<\/ul>\n<h3>El poder de los selladores de grietas Etnyre<\/h3>\n<p>Los mejores selladores de grietas de Etnyre son la elecci\u00f3n n\u00famero uno de los contratistas de asfalto por ofrecer el mejor servicio. Gracias a la excepcional capacidad de calentamiento y a los sistemas de circulaci\u00f3n de nuestras <a href=\"https:\/\/etnyre.com\/es\/los-mejores-selladores-de-grietas-de-illinois\/\">selladoras de grietas<\/a>, los operarios experimentan una mayor velocidad de producci\u00f3n y un menor coste de mano de obra por turno, \u00a1ahorrando dinero tanto a los clientes como a las empresas! Algunas de las otras incre\u00edbles caracter\u00edsticas de las Selladoras de Grietas Etnyre son:<\/p>\n<ul class=\"col-2\">\n<li>Controles vers\u00e1tiles que permiten el funcionamiento autom\u00e1tico o manual de la m\u00e1quina<\/li>\n<li>Un quemador cerrado de gas\u00f3leo-aceite de alta presi\u00f3n con encendido autom\u00e1tico<\/li>\n<li>Un sistema sin cisternas respetuoso con el medio ambiente<\/li>\n<li>Dos puertas de carga selladas, dise\u00f1adas para ser f\u00e1cilmente accesibles<\/li>\n<li>Sistema de calefacci\u00f3n de aceite caliente de circuito cerrado y caudal controlado<\/li>\n<li>Un dep\u00f3sito de sellante de 250 \u00f3 400 galones de capacidad<\/li>\n<\/ul>\n<div class=\"left-img\"><img loading=\"lazy\" decoding=\"async\" class=\"alignnone\" src=\"https:\/\/etnyre.com\/wp-content\/uploads\/2024\/01\/sealing-joint-crack-in-asphalt.jpg\" alt=\"Un hombre rellenando grietas en el asfalto, utilizando selladores de grietas Top-Rated fabricados por Etnyre\" width=\"500\" height=\"350\" title=\"\"><\/div>\n<h3>Encuentra la mejor maquinaria para asfalto con Etnyre<\/h3>\n<p>Adem\u00e1s de los mejores selladores de grietas, Etnyre fabrica los mejores remolques de fondo vivo, distribuidores de asfalto y esparcidores de gravilla del sector. Tanto si tu empresa necesita equipos para reparar el asfalto como si quiere ampliar sus capacidades de mantenimiento y restauraci\u00f3n de pavimentos, Etnyre tiene la maquinaria de alta calidad que necesitas para ir m\u00e1s all\u00e1 para tus clientes. Si est\u00e1s interesado en otros productos asf\u00e1lticos, equipos usados, piezas y servicios y recursos adicionales de Etnyre, llama <a href=\"tel:8157322166\">al 815-732-2166<\/a>. Nuestra oficina principal se encuentra en 1333 Daysville Rd, Oregon, IL 61061, y atiende a clientes de todo <a href=\"https:\/\/etnyre.com\/es\/el-mejor-equipo-de-asfaltado-de-illinois\/\">Illinois<\/a>, <a href=\"https:\/\/etnyre.com\/es\/el-mejor-equipo-de-asfaltado-de-arizona\/\">Arizona<\/a>, <a href=\"https:\/\/etnyre.com\/es\/mejor-equipo-de-asfaltado-de-tennessee\/\">Tennessee<\/a>, <a href=\"https:\/\/etnyre.com\/es\/mejor-equipo-de-asfalto-de-texas\/\">Texas<\/a> y Estados Unidos.<\/p>\n","protected":false},"excerpt":{"rendered":"<p>Mejora tus carreteras con los mejores selladores de grietas de Etnyre Como contratista de asfalto, \u00bfte resulta dif\u00edcil seguir el ritmo de la demanda de mantenimiento y cuidado de pavimentos y calzadas? \u00a1No est\u00e1s solo! Innumerables contratistas de todo EE.UU. buscan medios mejores y m\u00e1s eficaces para reparar, proteger y restaurar el pavimento, proporcionando al &hellip; <a href=\"https:\/\/etnyre.com\/es\/selladores-de-grietas-mejor-valorados\/\" class=\"more-link\">Continue reading <span class=\"screen-reader-text\">Selladores de grietas mejor valorados<\/span><\/a><\/p>\n","protected":false},"author":1,"featured_media":10083,"parent":0,"menu_order":0,"comment_status":"closed","ping_status":"closed","template":"","meta":{"_acf_changed":false,"footnotes":""},"class_list":["post-11377","page","type-page","status-publish","has-post-thumbnail","hentry"],"acf":[],"_links":{"self":[{"href":"https:\/\/etnyre.com\/es\/wp-json\/wp\/v2\/pages\/11377","targetHints":{"allow":["GET"]}}],"collection":[{"href":"https:\/\/etnyre.com\/es\/wp-json\/wp\/v2\/pages"}],"about":[{"href":"https:\/\/etnyre.com\/es\/wp-json\/wp\/v2\/types\/page"}],"author":[{"embeddable":true,"href":"https:\/\/etnyre.com\/es\/wp-json\/wp\/v2\/users\/1"}],"replies":[{"embeddable":true,"href":"https:\/\/etnyre.com\/es\/wp-json\/wp\/v2\/comments?post=11377"}],"version-history":[{"count":1,"href":"https:\/\/etnyre.com\/es\/wp-json\/wp\/v2\/pages\/11377\/revisions"}],"predecessor-version":[{"id":12178,"href":"https:\/\/etnyre.com\/es\/wp-json\/wp\/v2\/pages\/11377\/revisions\/12178"}],"wp:featuredmedia":[{"embeddable":true,"href":"https:\/\/etnyre.com\/es\/wp-json\/wp\/v2\/media\/10083"}],"wp:attachment":[{"href":"https:\/\/etnyre.com\/es\/wp-json\/wp\/v2\/media?parent=11377"}],"curies":[{"name":"wp","href":"https:\/\/api.w.org\/{rel}","templated":true}]}}