{"id":11378,"date":"2024-04-04T08:52:00","date_gmt":"2024-04-04T08:52:00","guid":{"rendered":"https:\/\/etnyre.com\/roadsaver-iiig\/"},"modified":"2025-05-28T06:11:12","modified_gmt":"2025-05-28T06:11:12","slug":"roadsaver-iiig","status":"publish","type":"page","link":"https:\/\/etnyre.com\/es\/roadsaver-iiig\/","title":{"rendered":"RoadSaver IIIG"},"content":{"rendered":"<h3>RoadSaver IIIG<\/h3>\n<div class=\"center_img\"><img loading=\"lazy\" decoding=\"async\" class=\"alignnone\" src=\"https:\/\/etnyre.com\/wp-content\/uploads\/2024\/02\/Feature-graphic-RSIIIG-scaled-1.jpg\" alt=\"Foto del RoadSaver IIIG con c\u00edrculos amarillos numerados que se\u00f1alan las distintas piezas.\" width=\"2560\" height=\"1502\" title=\"\"><\/div>\n<p>La nueva generaci\u00f3n de RoadSaver presenta un dise\u00f1o ecol\u00f3gico sin motor lateral, una primicia en el sector. Reduce las emisiones, el mantenimiento y los costes administrativos con el RoadSaver IIIG. Consulta nuestro <a href=\"https:\/\/etnyre.com\/wp-content\/uploads\/2024\/06\/L-RS3G-24.pdf\" target=\"_blank\" rel=\"noopener\">folleto RoadSaver IIIG<\/a> para obtener m\u00e1s informaci\u00f3n.<\/p>\n<h4>Especificaciones RoadSaver IIIG<\/h4>\n<div class=\"menu_tab_table cotent_w_table\">\n<table style=\"width: 100%;\">\n<tbody>\n<tr class=\"header_row\">\n<th><\/th>\n<th style=\"text-align: left;\">US<\/th>\n<th style=\"text-align: left;\">M\u00e9trico<\/th>\n<\/tr>\n<tr>\n<th style=\"text-align: left;\">Dimensiones<\/th>\n<td><\/td>\n<td><\/td>\n<\/tr>\n<tr>\n<td>Longitud<\/td>\n<td>7,8 m<\/td>\n<td>7.8 M<\/td>\n<\/tr>\n<tr>\n<td>Anchura<\/td>\n<td>2,4 m<\/td>\n<td>2.4 M<\/td>\n<\/tr>\n<tr>\n<td>Altura sobre el bastidor<\/td>\n<td>2,1 m<\/td>\n<td>2.1 M<\/td>\n<\/tr>\n<tr>\n<th style=\"text-align: left;\">Capacidades<\/th>\n<td><\/td>\n<td><\/td>\n<\/tr>\n<tr>\n<td>Contenedor de \u00e1ridos<\/td>\n<td>12 Cu. Yds.<\/td>\n<td>9.2 M3<\/td>\n<\/tr>\n<tr>\n<td>Dep\u00f3sito de agua<\/td>\n<td>800 galones<\/td>\n<td>3040 L<\/td>\n<\/tr>\n<tr>\n<td>Dep\u00f3sito de emulsi\u00f3n<\/td>\n<td>800 Galones<\/td>\n<td>3040 L<\/td>\n<\/tr>\n<tr>\n<td>Dep\u00f3sito de aditivos<\/td>\n<td>90 Galones<\/td>\n<td>304 L<\/td>\n<\/tr>\n<tr>\n<td>Alimentador de finos<\/td>\n<td>16 Cu. Ft.<\/td>\n<td>9.2 M3<\/td>\n<\/tr>\n<\/tbody>\n<\/table>\n<\/div>\n<div class=\"clr loop_sec\">\n<h4><\/h4>\n<h4>Construcci\u00f3n<\/h4>\n<p>Tanques:<\/p>\n<p>Construcci\u00f3n de chapa conformada de acero de alta resistencia ASTM A572 de \u00bc\u00bb (.635 cm): Secciones frontal, laterales e inferior. La secci\u00f3n de placa superior-trasera unida a la tolva de \u00e1ridos est\u00e1 formada por acero de alta resistencia ASTM A572 de 3\/16&#8243; (,47625 cm). Todas las costuras de las esquinas est\u00e1n solapadas y soldadas por dentro y por fuera. Tambi\u00e9n se instalan refuerzos estructurales de canal para reforzar las soldaduras interiores y exteriores del dep\u00f3sito.<\/p>\n<p>Tolva:<\/p>\n<p>Acero de alta resistencia ASTM A572 de 3\/16&#8243; (,47625 cm), con el chapado de la tolva formado con el grano de acero alineado con el flujo de \u00e1ridos hacia el transportador para reducir el desgaste.<\/p>\n<\/div>\n<div class=\"clr loop_sec\">\n<div class=\"right-img\"><img loading=\"lazy\" decoding=\"async\" class=\"alignnone\" src=\"https:\/\/etnyre.com\/wp-content\/uploads\/2024\/02\/RES-38-paccar-mx.png\" alt=\"Motor PACCAR MX\" width=\"300\" height=\"758\" title=\"\"><\/div>\n<p><strong>1. Motor PACCAR MX<\/strong><\/p>\n<p>Este nuevo motor de cami\u00f3n PACCAR tiene un mayor par a bajas revoluciones, lo que permite eliminar el motor lateral. La potencia tradicional del RoadSaver sigue estando disponible desde el motor al ralent\u00ed hasta toda la gama de revoluciones de funcionamiento. La m\u00e1quina de nuevo dise\u00f1o funciona de forma m\u00e1s silenciosa y reduce los problemas de calidad del aire inherentes a los equipos antiguos. \u00a1Se eliminan los requisitos de informaci\u00f3n sobre el motor lateral! El RoadSaver IIIG preparar\u00e1 a tu organizaci\u00f3n para las cada vez m\u00e1s estrictas normativas medioambientales de todo el mundo. Este sistema incluye un dise\u00f1o REPTO con funci\u00f3n de cambio en caliente que incluye elementos de seguridad espec\u00edficos para protegerte a ti y a tu tripulaci\u00f3n.<\/p>\n<\/div>\n<div class=\"clr loop_sec\">\n<div class=\"right-img\"><img loading=\"lazy\" decoding=\"async\" class=\"alignnone\" src=\"https:\/\/etnyre.com\/wp-content\/uploads\/2024\/02\/RES-40-electric-over-hydraulic-control-system-300x200-1.jpg\" alt=\"El sistema de control el\u00e9ctrico del RoadSaver\" width=\"300\" height=\"200\" title=\"\"><\/div>\n<p><strong>2. Sistema de control el\u00e9ctrico sobre hidr\u00e1ulico<\/strong><\/p>\n<p>Esta unidad de ingenier\u00eda de precisi\u00f3n, inspirada en el dise\u00f1o de los sistemas de control aeroespacial, realiza m\u00faltiples funciones hidr\u00e1ulicas en funci\u00f3n de la entrada el\u00e9ctrica y la demanda del sistema. La redundancia completa del sistema se consigue mediante un sistema de anulaci\u00f3n a prueba de fallos, que asegura la capacidad de \u00abterminar el trabajo\u00bb. Esta redundancia permite a RoadSavers hacer honor a su lema: Fiable sin descanso.<\/p>\n<\/div>\n<div class=\"clr loop_sec\">\n<div class=\"right-img\"><img loading=\"lazy\" decoding=\"async\" class=\"alignnone\" src=\"https:\/\/etnyre.com\/wp-content\/uploads\/2024\/02\/RoadSaver-smart-ops-and-computer-controls-scaled-1.jpg\" alt=\"Sistema de control de calidad\/Pantalla informatizada\" width=\"300\" height=\"1775\" title=\"\"><\/div>\n<p><strong>3. Sistema de control de calidad\/pantallas informatizadas<\/strong><\/p>\n<p>Los sensores electr\u00f3nicos y las pantallas de ordenador de \u00faltima generaci\u00f3n proporcionan informaci\u00f3n del sistema en tiempo real sobre:<\/p>\n<ul>\n<li>Diagn\u00f3stico del motor<\/li>\n<li>\u00cdndices de entrega del alimentador de \u00e1ridos y finos en RPM<\/li>\n<li>Tasas de agua y aditivos en RPM<\/li>\n<li>Alarmas de falta de material<\/li>\n<li>Funci\u00f3n de autocalibrado<\/li>\n<li>Porcentajes de mezcla en tiempo real para un m\u00e1ximo control del operador<\/li>\n<\/ul>\n<p>* Unidades SAE y m\u00e9tricas<\/p>\n<p>*3 idiomas: Ingl\u00e9s, espa\u00f1ol, ruso (otros idiomas disponibles por un coste adicional)<\/p>\n<p>El sistema supervisa continuamente el funcionamiento del RoadSaver. Si los sensores electr\u00f3nicos detectan cualquier desviaci\u00f3n de las tolerancias preestablecidas en f\u00e1brica, una se\u00f1al instant\u00e1nea indicar\u00e1 a la m\u00e1quina que inicie una parada o, si se ha seleccionado, alertar\u00e1 al operario.<\/p>\n<\/div>\n<div class=\"clr loop_sec\">\n<div class=\"right-img\"><img loading=\"lazy\" decoding=\"async\" class=\"alignnone\" src=\"https:\/\/etnyre.com\/wp-content\/uploads\/2024\/02\/RES-42-dry-additive-system.jpg\" alt=\"El sistema de aditivos secos del RoadSaver\" width=\"300\" height=\"1536\" title=\"\"><\/div>\n<p><strong>4. Sistema de aditivos secos<\/strong><\/p>\n<p>Alimentador de finos extra\u00edble, de accionamiento hidr\u00e1ulico e infinitamente variable, con medidor digital de relaci\u00f3n que permite un ajuste preciso desde el centro de control del operador.<\/p>\n<\/div>\n<div class=\"clr loop_sec\">\n<div class=\"right-img\"><img loading=\"lazy\" decoding=\"async\" class=\"alignnone\" src=\"https:\/\/etnyre.com\/wp-content\/uploads\/2024\/02\/Joystick-control-panel-on-RoadSaver-slurry-machine-scaled-1.jpg\" alt=\"Sistema de control del operador del RoadSaver\" width=\"300\" height=\"1700\" title=\"\"><\/div>\n<p><strong>5. Centro de Control del Operador<\/strong><\/p>\n<p>Este dise\u00f1o \u00fanico, una primicia en la industria y el \u00abcoraz\u00f3n\u00bb de todas las RoadSavers, emplea dos joysticks gemelos para controlar las siguientes funciones: arranque\/parada secuencial con un bot\u00f3n, control del acelerador del motor, elevaci\u00f3n de la caja del esparcidor, desplazamiento lateral de la caja y control del sinf\u00edn, control de la compuerta de la trituradora, control del desviador a izquierda\/derecha y control del vibrador.<\/p>\n<\/div>\n<div class=\"clr loop_sec\">\n<div class=\"right-img\"><img loading=\"lazy\" decoding=\"async\" class=\"alignnone\" src=\"https:\/\/etnyre.com\/wp-content\/uploads\/2024\/02\/RES-44-twin-drive-twin-shaft-pugmill.jpg\" alt=\"La apisonadora RoadSaver de doble tracci\u00f3n y doble eje\" width=\"300\" height=\"503\" title=\"\"><\/div>\n<p><strong>6. Machacadora de doble tracci\u00f3n\/doble eje<\/strong><\/p>\n<p>Totalmente de acero T-1, cada mezcladora est\u00e1 construida con accionamientos hidr\u00e1ulicos dobles que permiten el doble de par a las palas mezcladoras. Este sistema reduce la tensi\u00f3n en los engranajes y el gran desgaste que se produce en los sistemas en los que un eje \u00absigue\u00bb al otro mediante una carga lateral. El dise\u00f1o preciso y las pruebas de campo exhaustivas garantizan una alta productividad y uniformidad del producto. El desviador hidr\u00e1ulico y la compuerta pugmill proporcionan una distribuci\u00f3n uniforme y el control del operador del material suministrado a la caja. Los motores de accionamiento se montan en una zona remota y protegida, sin cojinetes que haya que engrasar o sustituir.<\/p>\n<ul class=\"features\">\n<li>Mezcladora reversible de doble eje y doble transmisi\u00f3n, con compuerta y desviador hidr\u00e1ulicos<\/li>\n<li>Un rango de RPM infinitamente variable para todas las condiciones de trabajo<\/li>\n<li>Todos los cojinetes son externos para un mantenimiento m\u00ednimo<\/li>\n<li>Pantalla digital de RPM en el Centro de Control del Operador<\/li>\n<li>Puntas y placas de desgaste de carburo sustituibles<\/li>\n<li>Las barras de pulverizaci\u00f3n de agua y aditivos ajustables garantizan la uniformidad y previsibilidad de la mezcla<\/li>\n<li>Astilladora deslizante de f\u00e1cil acceso<\/li>\n<\/ul>\n<\/div>\n","protected":false},"excerpt":{"rendered":"<p>RoadSaver IIIG La nueva generaci\u00f3n de RoadSaver presenta un dise\u00f1o ecol\u00f3gico sin motor lateral, una primicia en el sector. Reduce las emisiones, el mantenimiento y los costes administrativos con el RoadSaver IIIG. Consulta nuestro folleto RoadSaver IIIG para obtener m\u00e1s informaci\u00f3n. Especificaciones RoadSaver IIIG US M\u00e9trico Dimensiones Longitud 7,8 m 7.8 M Anchura 2,4 m &hellip; <a href=\"https:\/\/etnyre.com\/es\/roadsaver-iiig\/\" class=\"more-link\">Continue reading <span class=\"screen-reader-text\">RoadSaver IIIG<\/span><\/a><\/p>\n","protected":false},"author":1,"featured_media":0,"parent":0,"menu_order":0,"comment_status":"closed","ping_status":"closed","template":"template\/product-sub-page.php","meta":{"_acf_changed":false,"footnotes":""},"class_list":["post-11378","page","type-page","status-publish","hentry"],"acf":[],"_links":{"self":[{"href":"https:\/\/etnyre.com\/es\/wp-json\/wp\/v2\/pages\/11378","targetHints":{"allow":["GET"]}}],"collection":[{"href":"https:\/\/etnyre.com\/es\/wp-json\/wp\/v2\/pages"}],"about":[{"href":"https:\/\/etnyre.com\/es\/wp-json\/wp\/v2\/types\/page"}],"author":[{"embeddable":true,"href":"https:\/\/etnyre.com\/es\/wp-json\/wp\/v2\/users\/1"}],"replies":[{"embeddable":true,"href":"https:\/\/etnyre.com\/es\/wp-json\/wp\/v2\/comments?post=11378"}],"version-history":[{"count":4,"href":"https:\/\/etnyre.com\/es\/wp-json\/wp\/v2\/pages\/11378\/revisions"}],"predecessor-version":[{"id":13741,"href":"https:\/\/etnyre.com\/es\/wp-json\/wp\/v2\/pages\/11378\/revisions\/13741"}],"wp:attachment":[{"href":"https:\/\/etnyre.com\/es\/wp-json\/wp\/v2\/media?parent=11378"}],"curies":[{"name":"wp","href":"https:\/\/api.w.org\/{rel}","templated":true}]}}