{"id":11379,"date":"2024-04-04T08:52:01","date_gmt":"2024-04-04T08:52:01","guid":{"rendered":"https:\/\/etnyre.com\/los-mejores-equipos-de-asfalto\/"},"modified":"2025-05-28T06:10:47","modified_gmt":"2025-05-28T06:10:47","slug":"los-mejores-equipos-de-asfalto","status":"publish","type":"page","link":"https:\/\/etnyre.com\/es\/los-mejores-equipos-de-asfalto\/","title":{"rendered":"Los mejores equipos de asfalto"},"content":{"rendered":"<h3>Encuentra la mejor maquinaria para asfalto que se adapte a las necesidades de tu empresa<\/h3>\n<p>A medida que nuestro pa\u00eds se expande, \u00a1nuestra infraestructura viaria tiene dificultades para seguir el ritmo! Los contratistas de asfalto se desplazan constantemente de un trabajo a otro, por no hablar del <a href=\"https:\/\/etnyre.com\/es\/mantenimiento-del-asfalto\/\">mantenimiento y conservaci\u00f3n que requieren las carreteras existentes<\/a>. Por esta raz\u00f3n, los contratistas de todo Estados Unidos cuentan con Etnyre para sus equipos de asfalto de primera categor\u00eda. Independientemente de d\u00f3nde est\u00e9 tu empresa y del alcance de tus servicios de asfaltado, puedes contar con la calidad y la capacidad de la maquinaria de Etnyre.<\/p>\n<h3>\u00c1reas de servicio cubiertas con Etnyre<\/h3>\n<p>Aunque decenas de fabricantes ofrecen distintos camiones y equipos para asfalto, nadie tiene maquinaria de mayor calidad y fiabilidad que Etnyre. Nuestros equipos de asfalto de primera categor\u00eda son algunos de los que m\u00e1s necesitan los contratistas de asfalto de <a href=\"https:\/\/etnyre.com\/es\/el-mejor-equipo-de-asfaltado-de-arizona\/\">Arizona<\/a>, <a href=\"https:\/\/etnyre.com\/es\/top-rated-chip-seal-equipo-de-texas\/\">Texas<\/a>, <a href=\"https:\/\/etnyre.com\/asphalt-equipment-illinois\/\">Illinois<\/a>, <a href=\"https:\/\/etnyre.com\/es\/los-mejores-equipos-de-asfaltado-de-tennessee\/\">Tennessee<\/a> y de todo EE.UU. Por ejemplo, nuestros productos ayudan a los contratistas de asfalto a conseguir una reparaci\u00f3n, mantenimiento y restauraci\u00f3n excepcionales de solares y calzadas. Adem\u00e1s, con los camiones y remolques adecuados, \u00a1hacemos que la entrega y el traslado de asfalto y materiales sea m\u00e1s f\u00e1cil que nunca!<\/p>\n<div class=\"left-img\"><img loading=\"lazy\" decoding=\"async\" class=\"alignnone\" src=\"https:\/\/etnyre.com\/wp-content\/uploads\/2024\/01\/Top-Rated-Asphalt-Equipment-2.jpg\" alt=\"Un sellador de grietas, parte de la l\u00ednea Etnyre de equipos de asfalto de primera categor\u00eda\" width=\"300\" height=\"350\" title=\"\"><\/div>\n<h4>Equipo para reparar<\/h4>\n<p>Mantener el cuidado de tus carreteras asfaltadas puede parecer imposible sin el equipo adecuado. Por suerte, Etnyre puede ayudarte. Nuestras selladoras de grietas de alta resistencia permiten a los equipos de carreteras seguir f\u00e1cilmente el ritmo de las demandas de reparaci\u00f3n de calles y carreteras locales.<\/p>\n<ul class=\"clr\">\n<li><a href=\"https:\/\/etnyre.com\/es\/los-mejores-selladores-de-grietas\/\"><br \/>\n  <strong>Selladores de grietas<\/strong><br \/>\n<\/a> &#8211; Nuestros selladores de grietas son vers\u00e1tiles y de calentamiento r\u00e1pido, capaces de sellar grietas en cuesti\u00f3n de minutos. De este modo, los operarios pueden aplicar las reparaciones de grietas con rapidez y precisi\u00f3n, garantizando que los clientes queden siempre satisfechos y se prolongue la vida \u00fatil de tu calzada. Con dos puertas de carga de sellador, una capacidad de dep\u00f3sito de 250 \u00f3 400 galones y un sistema de descarga ecol\u00f3gica, no puedes equivocarte con un Sellador de Grietas Etnyre.<\/li>\n<\/ul>\n<div class=\"right-img\"><img loading=\"lazy\" decoding=\"async\" class=\"alignnone\" src=\"https:\/\/etnyre.com\/wp-content\/uploads\/2024\/01\/Top-Rated-Asphalt-Equipment-3.jpg\" alt=\"Un distribuidor de asfalto y esparcidor de gravilla, parte de la l\u00ednea Etnyre de Equipos de Asfalto de M\u00e1xima Calidad\" width=\"300\" height=\"350\" title=\"\"><\/div>\n<h4>Equipo de repavimentaci\u00f3n<\/h4>\n<p>Si tus superficies de asfalto han superado el punto en el que la reparaci\u00f3n de grietas puede servir de ayuda, Etnyre te proporciona todo lo que necesitas para llevar a cabo una repavimentaci\u00f3n eficaz y duradera. Los contratistas pueden utilizar nuestros distribuidores de asfalto y esparcidores de gravilla para prestar servicios de sellado de gravilla en carreteras en mal estado. El asfaltado es uno de los m\u00e9todos de repavimentaci\u00f3n de firmes m\u00e1s populares y un servicio que puede beneficiarse considerablemente del equipo adecuado:<\/p>\n<ul>\n<li><a href=\"https:\/\/etnyre.com\/es\/los-mejores-distribuidores-de-asfalto\/\"><br \/>\n  <strong>Distribuidores de asfalto<\/strong><br \/>\n<\/a> &#8211; El primer paso para repavimentar el firme es aplicar una capa de asfalto l\u00edquido a la superficie de la calzada. Esto rellena las grietas y crea un adhesivo al que se unen las virutas de asfalto. Con los distribuidores de asfalto Etnyre, este proceso es muy f\u00e1cil. Nuestros camiones distribuidores permiten a los operarios rociar una capa uniforme de asfalto sobre una superficie de cualquier tama\u00f1o y hacerlo r\u00e1pidamente para preparar los pasos siguientes.<\/li>\n<li><a href=\"https:\/\/etnyre.com\/es\/los-mejores-esparcidores-de-virutas\/\"><br \/>\n  <strong>Esparcidores de Chispas<\/strong><br \/>\n<\/a> &#8211; Una vez fraguado el asfalto l\u00edquido, se extienden virutas de asfalto \u00e1rido sobre el pavimento y se presionan, creando una superficie impermeable que reafirma y protege el pavimento. Para garantizar un esparcimiento uniforme de las virutas de \u00e1ridos, los contratistas utilizan equipos como el esparcidor de virutas Etnyre. Nuestros camiones esparcidores de gravilla son asequibles y duraderos, con una tolva de esparcido frontal de 12 a 24 pies y cintas transportadoras de accionamiento hidrost\u00e1tico, que garantizan el mayor y m\u00e1s r\u00e1pido esparcido.<\/li>\n<\/ul>\n<div class=\"left-img\"><img loading=\"lazy\" decoding=\"async\" class=\"alignnone\" src=\"https:\/\/etnyre.com\/wp-content\/uploads\/2024\/01\/Top-Rated-Asphalt-Equipment-4.jpg\" alt=\"Remolques de fondo m\u00f3vil, parte de la l\u00ednea Etnyre de equipos de asfalto de primera categor\u00eda\" width=\"300\" height=\"350\" title=\"\"><\/div>\n<h4>Equipamiento para el transporte<\/h4>\n<p>Para los contratistas de asfalto, transportar asfalto, materiales y equipos de un lugar a otro es la mitad de cada proyecto. Afortunadamente, el transporte de asfalto l\u00edquido, grava, tierra, virutas de asfalto y maquinaria resulta f\u00e1cil con la selecci\u00f3n de camiones y remolques de Etnyre.<\/p>\n<ul class=\"clr\">\n<li><a href=\"https:\/\/etnyre.com\/es\/transportes-de-asfalto\/\"><br \/>\n  <strong>Transportes de asfalto<\/strong><br \/>\n<\/a> &#8211; Preparar el asfalto l\u00edquido in situ es m\u00e1s dif\u00edcil y lleva m\u00e1s tiempo de lo que cabr\u00eda esperar. Por eso los contratistas prefieren transportar el asfalto listo para usar directamente al lugar donde se necesita. Y si necesitas m\u00e1s de lo que puede transportar tu cami\u00f3n distribuidor, nuestros transportes de asfalto hacen el trabajo.<\/li>\n<li><a href=\"https:\/\/etnyre.com\/lowboy-trailers\/\"><br \/>\n  <strong>Remolques bajos<\/strong><br \/>\n<\/a> &#8211; Por muy grandes y voluminosos que sean algunos equipos, no los llevar\u00e1s a todas las obras. En cambio, \u00a1para eso est\u00e1n los remolques bajos! Las lowboys de Etnyre permiten a los contratistas transportar una o varias piezas de equipo con un cami\u00f3n y un remolque, garantizando que tu maquinaria pueda utilizarse en cualquier lugar.<\/li>\n<li><a href=\"https:\/\/etnyre.com\/es\/remolques-de-fondo-vivo-mejor-valorados\/\"><br \/>\n  <strong>Remolques de fondo m\u00f3vil<\/strong><br \/>\n<\/a> &#8211; Olv\u00eddate de los volquetes pesados e imprecisos, e invierte en los remolques de fondo m\u00f3vil Etnyre. Con un sistema de cinta transportadora en la caja del cami\u00f3n, se puede transportar y depositar grava, arena, asfalto y tierra en cualquier obra con incre\u00edble rapidez y precisi\u00f3n.<\/li>\n<\/ul>\n<h3>Habla con expertos en equipos de asfalto<\/h3>\n<p>No pierdas el tiempo con maquinaria m\u00e1s cara, menos fiable y menos duradera; en su lugar, invierte en equipos de asfalto de primera categor\u00eda con Etnyre, \u00a1el mejor fabricante de equipos de asfalto de Estados Unidos! Para obtener m\u00e1s informaci\u00f3n sobre nuestros productos, financiaci\u00f3n, piezas y servicios, y recursos adicionales, ponte en contacto con nosotros hoy mismo en el <a href=\"tel:8157322166\">815-732-2166<\/a>. La oficina principal de Etnyre se encuentra en 1333 Daysville Rd, Oregon, IL 61061, y atiende a clientes de <a href=\"https:\/\/etnyre.com\/es\/equipos-de-mantenimiento-de-carreteras-illinois\/\">Illinois<\/a>, <a href=\"https:\/\/etnyre.com\/es\/mejor-equipo-de-asfalto-arizona\/\">Arizona<\/a>, <a href=\"https:\/\/etnyre.com\/es\/mejor-equipo-de-asfaltado-de-tennessee\/\">Tennessee<\/a>, <a href=\"https:\/\/etnyre.com\/es\/mejor-equipo-de-asfalto-de-texas\/\">Texas<\/a> y Estados Unidos.<\/p>\n","protected":false},"excerpt":{"rendered":"<p>Encuentra la mejor maquinaria para asfalto que se adapte a las necesidades de tu empresa A medida que nuestro pa\u00eds se expande, \u00a1nuestra infraestructura viaria tiene dificultades para seguir el ritmo! Los contratistas de asfalto se desplazan constantemente de un trabajo a otro, por no hablar del mantenimiento y conservaci\u00f3n que requieren las carreteras existentes. &hellip; <a href=\"https:\/\/etnyre.com\/es\/los-mejores-equipos-de-asfalto\/\" class=\"more-link\">Continue reading <span class=\"screen-reader-text\">Los mejores equipos de asfalto<\/span><\/a><\/p>\n","protected":false},"author":1,"featured_media":10068,"parent":0,"menu_order":0,"comment_status":"closed","ping_status":"closed","template":"","meta":{"_acf_changed":false,"footnotes":""},"class_list":["post-11379","page","type-page","status-publish","has-post-thumbnail","hentry"],"acf":[],"_links":{"self":[{"href":"https:\/\/etnyre.com\/es\/wp-json\/wp\/v2\/pages\/11379","targetHints":{"allow":["GET"]}}],"collection":[{"href":"https:\/\/etnyre.com\/es\/wp-json\/wp\/v2\/pages"}],"about":[{"href":"https:\/\/etnyre.com\/es\/wp-json\/wp\/v2\/types\/page"}],"author":[{"embeddable":true,"href":"https:\/\/etnyre.com\/es\/wp-json\/wp\/v2\/users\/1"}],"replies":[{"embeddable":true,"href":"https:\/\/etnyre.com\/es\/wp-json\/wp\/v2\/comments?post=11379"}],"version-history":[{"count":1,"href":"https:\/\/etnyre.com\/es\/wp-json\/wp\/v2\/pages\/11379\/revisions"}],"predecessor-version":[{"id":12183,"href":"https:\/\/etnyre.com\/es\/wp-json\/wp\/v2\/pages\/11379\/revisions\/12183"}],"wp:featuredmedia":[{"embeddable":true,"href":"https:\/\/etnyre.com\/es\/wp-json\/wp\/v2\/media\/10068"}],"wp:attachment":[{"href":"https:\/\/etnyre.com\/es\/wp-json\/wp\/v2\/media?parent=11379"}],"curies":[{"name":"wp","href":"https:\/\/api.w.org\/{rel}","templated":true}]}}