{"id":11380,"date":"2024-04-04T08:52:01","date_gmt":"2024-04-04T08:52:01","guid":{"rendered":"https:\/\/etnyre.com\/roadsaver-ii\/"},"modified":"2025-05-28T06:11:14","modified_gmt":"2025-05-28T06:11:14","slug":"roadsaver-ii","status":"publish","type":"page","link":"https:\/\/etnyre.com\/es\/roadsaver-ii\/","title":{"rendered":"RoadSaver II"},"content":{"rendered":"<h3>RoadSaver II<\/h3>\n<div class=\"center_img\"><img loading=\"lazy\" decoding=\"async\" class=\"alignnone\" src=\"https:\/\/etnyre.com\/wp-content\/uploads\/2024\/02\/Feature-graphic-RSII1-scaled-1.jpg\" alt=\"Vista lateral del RoadSaver II con 6 c\u00edrculos amarillos numerados que se\u00f1alan partes de la m\u00e1quina\" width=\"2560\" height=\"932\" title=\"\"><\/div>\n<p>El modelo insignia es conocido en todo el mundo por su Fiabilidad implacable. El RoadSaver II es tu \u00abCamino hacia la Oportunidad\u00bb. M\u00e1s informaci\u00f3n en nuestro <a href=\"https:\/\/etnyre.com\/wp-content\/uploads\/2024\/06\/L-RS2-24.pdf\" target=\"_blank\" rel=\"noopener\">folleto RoadSaver II.<\/a><\/p>\n<h4>Especificaciones RoadSaver II<\/h4>\n<div class=\"menu_tab_table cotent_w_table\">\n<table border=\"1\" cellspacing=\"0\" cellpadding=\"0\">\n<tbody>\n<tr>\n<th colspan=\"3\" valign=\"top\" width=\"479\">Especificaciones RoadSaver II<\/th>\n<\/tr>\n<tr>\n<th valign=\"top\" width=\"160\"><\/th>\n<th valign=\"top\" width=\"160\">US<\/th>\n<th valign=\"top\" width=\"160\">M\u00e9trico<\/th>\n<\/tr>\n<tr>\n<th valign=\"top\" width=\"160\">Dimensiones<\/th>\n<td valign=\"top\" width=\"160\"><\/td>\n<td valign=\"top\" width=\"160\"><\/td>\n<\/tr>\n<tr>\n<td valign=\"top\" width=\"160\">Longitud<\/td>\n<td valign=\"top\" width=\"160\">22,5 pies<\/td>\n<td valign=\"top\" width=\"160\">6.8 M<\/td>\n<\/tr>\n<tr>\n<td valign=\"top\" width=\"160\">Anchura<\/td>\n<td valign=\"top\" width=\"160\">2,4 m<\/td>\n<td valign=\"top\" width=\"160\">2.4 M<\/td>\n<\/tr>\n<tr>\n<td valign=\"top\" width=\"160\">Altura sobre el bastidor<\/td>\n<td valign=\"top\" width=\"160\">2,1 m<\/td>\n<td valign=\"top\" width=\"160\">2.1 M<\/td>\n<\/tr>\n<tr>\n<th valign=\"top\" width=\"160\">Capacidades<\/th>\n<td valign=\"top\" width=\"160\"><\/td>\n<td valign=\"top\" width=\"160\"><\/td>\n<\/tr>\n<tr>\n<td valign=\"top\" width=\"160\">Contenedor de \u00e1ridos<\/td>\n<td valign=\"top\" width=\"160\">12 Cu. Yds.<\/td>\n<td valign=\"top\" width=\"160\">9.2 M3<\/td>\n<\/tr>\n<tr>\n<td valign=\"top\" width=\"160\">Dep\u00f3sito de agua<\/td>\n<td valign=\"top\" width=\"160\">750 Galones<\/td>\n<td valign=\"top\" width=\"160\">2838 L<\/td>\n<\/tr>\n<tr>\n<td valign=\"top\" width=\"160\">Tanque de emulsi\u00f3n<\/td>\n<td valign=\"top\" width=\"160\">600 Galones<\/td>\n<td valign=\"top\" width=\"160\">2270 L<\/td>\n<\/tr>\n<tr>\n<td valign=\"top\" width=\"160\">Dep\u00f3sito de aditivos<\/td>\n<td valign=\"top\" width=\"160\">90 Galones<\/td>\n<td valign=\"top\" width=\"160\">340 L<\/td>\n<\/tr>\n<tr>\n<td valign=\"top\" width=\"160\">Alimentador de finos<\/td>\n<td valign=\"top\" width=\"160\">16 Cu. Ft.<\/td>\n<td valign=\"top\" width=\"160\">.45 M3<\/td>\n<\/tr>\n<\/tbody>\n<\/table>\n<\/div>\n<p>&nbsp;<\/p>\n<div class=\"clr loop_sec\">\n<h4>Construcci\u00f3n<\/h4>\n<p>Tanques:<\/p>\n<p>Construcci\u00f3n de chapa conformada de acero de alta resistencia ASTM A572 de \u00bc\u00bb (.635 cm): Secciones frontal, laterales e inferior. La secci\u00f3n de placa superior-trasera unida a la tolva de \u00e1ridos est\u00e1 formada por acero de alta resistencia ASTM A572 de 3\/16&#8243; (,47625 cm). Todas las costuras de las esquinas est\u00e1n solapadas y soldadas por dentro y por fuera. Tambi\u00e9n se instalan refuerzos estructurales de canal para reforzar las soldaduras interiores y exteriores del dep\u00f3sito.<\/p>\n<p>Tolva:<\/p>\n<p>Acero de alta resistencia ASTM A572 de 3\/16&#8243; (,47625 cm), con el chapado de la tolva formado con el grano de acero alineado con el flujo de \u00e1ridos hacia el transportador para reducir el desgaste.<\/p>\n<\/div>\n<div class=\"clr loop_sec\">\n<div class=\"right-img\"><img loading=\"lazy\" decoding=\"async\" class=\"alignnone\" src=\"https:\/\/etnyre.com\/wp-content\/uploads\/2024\/02\/RES-39-cummins-turbo-charged-diesel-engine-scaled-1.jpg\" alt=\"Motor diesel turboalimentado Cummins\" width=\"300\" height=\"1707\" title=\"\"><\/div>\n<p><strong>1. Motor diesel turboalimentado Cummins<\/strong><\/p>\n<p>Este silencioso motor de 110 CV refrigerado por agua hace el trabajo con potencia de sobra. Duradero, fiable y respaldado por una red de servicio mundial, este motor Cummins es la elecci\u00f3n ideal.<\/p>\n<\/div>\n<div class=\"clr loop_sec\">\n<div class=\"right-img\"><img loading=\"lazy\" decoding=\"async\" class=\"alignnone\" src=\"https:\/\/etnyre.com\/wp-content\/uploads\/2024\/02\/RES-40-electric-over-hydraulic-control-system-300x200-1.jpg\" alt=\"El sistema de control el\u00e9ctrico del RoadSaver II\" width=\"300\" height=\"200\" title=\"\"><\/div>\n<p><strong>2. Sistema de control el\u00e9ctrico sobre hidr\u00e1ulico<\/strong><\/p>\n<p>Esta unidad de ingenier\u00eda de precisi\u00f3n, inspirada en el dise\u00f1o de los sistemas de control aeroespacial, realiza m\u00faltiples funciones hidr\u00e1ulicas en funci\u00f3n de la entrada el\u00e9ctrica y la demanda del sistema. La redundancia completa del sistema se consigue mediante un sistema de anulaci\u00f3n a prueba de fallos, que garantiza la capacidad de \u00abterminar el trabajo\u00bb. Esta redundancia permite a RoadSavers hacer honor a su lema: Fiable sin descanso.<\/p>\n<\/div>\n<div class=\"clr loop_sec\">\n<div class=\"right-img\"><img loading=\"lazy\" decoding=\"async\" class=\"alignnone\" src=\"https:\/\/etnyre.com\/wp-content\/uploads\/2024\/02\/RoadSaver-smart-ops-and-computer-controls-scaled-1.jpg\" alt=\"Sistema de control de calidad\/pantalla informatizada del RoadSaver II\" width=\"300\" height=\"1775\" title=\"\"><\/div>\n<p><strong>3. Sistema de control de calidad\/pantallas informatizadas<\/strong><\/p>\n<p>Los sensores electr\u00f3nicos y las pantallas de ordenador de \u00faltima generaci\u00f3n proporcionan informaci\u00f3n del sistema en tiempo real sobre:<\/p>\n<ul>\n<li>Diagn\u00f3stico del motor<\/li>\n<li>\u00cdndices de entrega del alimentador de \u00e1ridos y finos en RPM<\/li>\n<li>Tasas de agua y aditivos en RPM<\/li>\n<li>Alarmas de falta de material<\/li>\n<li>Funci\u00f3n de autocalibrado<\/li>\n<li>Porcentajes de mezcla en tiempo real para un m\u00e1ximo control del operador<\/li>\n<\/ul>\n<p>* Unidades SAE y m\u00e9tricas<\/p>\n<p>*3 idiomas: Ingl\u00e9s, espa\u00f1ol, ruso (otros idiomas disponibles por un coste adicional)<\/p>\n<p>El sistema supervisa continuamente el funcionamiento del RoadSaver. Si los sensores electr\u00f3nicos detectan cualquier desviaci\u00f3n de las tolerancias preestablecidas en f\u00e1brica, una se\u00f1al instant\u00e1nea indicar\u00e1 a la m\u00e1quina que inicie una parada o, si se ha seleccionado, alertar\u00e1 al operario.<\/p>\n<\/div>\n<div class=\"clr loop_sec\">\n<div class=\"right-img\"><img loading=\"lazy\" decoding=\"async\" class=\"alignnone\" src=\"https:\/\/etnyre.com\/wp-content\/uploads\/2024\/02\/RES-42-dry-additive-system.jpg\" alt=\"Sistema de aditivos secos del RoadSaver II\" width=\"300\" height=\"1536\" title=\"\"><\/div>\n<p><strong>4. Sistema de aditivos secos<\/strong><\/p>\n<p>Alimentador de finos extra\u00edble, de accionamiento hidr\u00e1ulico e infinitamente variable, con medidor digital de relaci\u00f3n que permite un ajuste preciso desde el centro de control del operador.<\/p>\n<\/div>\n<div class=\"clr loop_sec\">\n<div class=\"right-img\"><img loading=\"lazy\" decoding=\"async\" class=\"alignnone\" src=\"https:\/\/etnyre.com\/wp-content\/uploads\/2024\/02\/Joystick-control-panel-on-RoadSaver-slurry-machine-scaled-1.jpg\" alt=\"El Centro de Control del Operador del Road Saver II\" width=\"300\" height=\"1700\" title=\"\"><\/div>\n<p><strong>5. Centro de Control del Operador<\/strong><\/p>\n<p>Este dise\u00f1o exclusivo, pionero en la industria y el \u00abcoraz\u00f3n\u00bb de todas las RoadSavers, emplea dos joysticks gemelos para controlar las siguientes funciones: arranque\/parada secuencial con un bot\u00f3n, control del acelerador del motor, elevaci\u00f3n de la caja esparcidora, desplazamiento lateral de la caja y control del sinf\u00edn, control de la compuerta de la trituradora, control del desviador a izquierda\/derecha y control del vibrador.<\/p>\n<\/div>\n<div class=\"clr loop_sec\">\n<div class=\"right-img\"><img loading=\"lazy\" decoding=\"async\" class=\"alignnone\" src=\"https:\/\/etnyre.com\/wp-content\/uploads\/2024\/02\/RES-44-twin-drive-twin-shaft-pugmill.jpg\" alt=\"La apisonadora RoadSaver II de doble tracci\u00f3n y doble eje\" width=\"300\" height=\"503\" title=\"\"><\/div>\n<p><strong>6. Machacadora de doble tracci\u00f3n\/doble eje<\/strong><\/p>\n<p>Totalmente de acero T-1, cada mezcladora est\u00e1 construida con accionamientos hidr\u00e1ulicos dobles que permiten el doble de par a las palas mezcladoras. Este sistema reduce la tensi\u00f3n en los engranajes y el gran desgaste que se produce en los sistemas en los que un eje \u00absigue\u00bb al otro mediante una carga lateral. El dise\u00f1o preciso y las pruebas de campo exhaustivas garantizan una alta productividad y uniformidad del producto. El desviador hidr\u00e1ulico y la compuerta pugmill proporcionan una distribuci\u00f3n uniforme y el control del operador del material suministrado a la caja. Los motores de accionamiento se montan en una zona remota y protegida, sin cojinetes que haya que engrasar o sustituir.<\/p>\n<ul class=\"features\">\n<li>Mezcladora reversible de doble eje y doble transmisi\u00f3n, con compuerta y desviador hidr\u00e1ulicos<\/li>\n<li>Un rango de RPM infinitamente variable para todas las condiciones de trabajo<\/li>\n<li>Todos los cojinetes son externos para un mantenimiento m\u00ednimo<\/li>\n<li>Pantalla digital de RPM en el Centro de Control del Operador<\/li>\n<li>Puntas y placas de desgaste de carburo sustituibles<\/li>\n<li>Las barras de pulverizaci\u00f3n de agua y aditivos ajustables garantizan la uniformidad y previsibilidad de la mezcla<\/li>\n<li>Astilladora deslizante de f\u00e1cil acceso<\/li>\n<\/ul>\n<\/div>\n","protected":false},"excerpt":{"rendered":"<p>RoadSaver II El modelo insignia es conocido en todo el mundo por su Fiabilidad implacable. El RoadSaver II es tu \u00abCamino hacia la Oportunidad\u00bb. M\u00e1s informaci\u00f3n en nuestro folleto RoadSaver II. Especificaciones RoadSaver II Especificaciones RoadSaver II US M\u00e9trico Dimensiones Longitud 22,5 pies 6.8 M Anchura 2,4 m 2.4 M Altura sobre el bastidor 2,1 &hellip; <a href=\"https:\/\/etnyre.com\/es\/roadsaver-ii\/\" class=\"more-link\">Continue reading <span class=\"screen-reader-text\">RoadSaver II<\/span><\/a><\/p>\n","protected":false},"author":1,"featured_media":0,"parent":0,"menu_order":0,"comment_status":"closed","ping_status":"closed","template":"template\/product-sub-page.php","meta":{"_acf_changed":false,"footnotes":""},"class_list":["post-11380","page","type-page","status-publish","hentry"],"acf":[],"_links":{"self":[{"href":"https:\/\/etnyre.com\/es\/wp-json\/wp\/v2\/pages\/11380","targetHints":{"allow":["GET"]}}],"collection":[{"href":"https:\/\/etnyre.com\/es\/wp-json\/wp\/v2\/pages"}],"about":[{"href":"https:\/\/etnyre.com\/es\/wp-json\/wp\/v2\/types\/page"}],"author":[{"embeddable":true,"href":"https:\/\/etnyre.com\/es\/wp-json\/wp\/v2\/users\/1"}],"replies":[{"embeddable":true,"href":"https:\/\/etnyre.com\/es\/wp-json\/wp\/v2\/comments?post=11380"}],"version-history":[{"count":4,"href":"https:\/\/etnyre.com\/es\/wp-json\/wp\/v2\/pages\/11380\/revisions"}],"predecessor-version":[{"id":13759,"href":"https:\/\/etnyre.com\/es\/wp-json\/wp\/v2\/pages\/11380\/revisions\/13759"}],"wp:attachment":[{"href":"https:\/\/etnyre.com\/es\/wp-json\/wp\/v2\/media?parent=11380"}],"curies":[{"name":"wp","href":"https:\/\/api.w.org\/{rel}","templated":true}]}}