{"id":11381,"date":"2024-04-04T08:52:02","date_gmt":"2024-04-04T08:52:02","guid":{"rendered":"https:\/\/etnyre.com\/cisternas-y-camiones-cisterna\/"},"modified":"2025-07-16T12:34:54","modified_gmt":"2025-07-16T12:34:54","slug":"cisternas-y-camiones-cisterna","status":"publish","type":"page","link":"https:\/\/etnyre.com\/es\/cisternas-y-camiones-cisterna\/","title":{"rendered":"Cisternas y camiones cisterna"},"content":{"rendered":"<h3>Cisternas y camiones cisterna<\/h3>\n<p>E.D. Etnyre &amp; Co. ofrece diversas opciones de transporte y almacenamiento de capas de sellado que se adaptan a tus necesidades. Utilizamos acero T1 para garantizar resistencia, calidad y longevidad.<\/p>\n<h4>Caracter\u00edsticas del dep\u00f3sito de grado industrial<\/h4>\n<ul>\n<li>De 200 a 12.000 galones<\/li>\n<li>Montaje en cami\u00f3n, montaje en remolque, montaje en pat\u00edn, montaje a\u00e9reo<\/li>\n<li>Mezcladoras helicoidales y mezcladoras de paletas<\/li>\n<li>Potencia: se puede montar una variedad de unidades de potencia hidr\u00e1ulica disponibles en el lugar de m\u00e1s f\u00e1cil acceso para el operario<\/li>\n<li>Sistemas de bombeo: las funciones de control remoto est\u00e1n disponibles para la mayor\u00eda de los sistemas de bombeo<\/li>\n<\/ul>\n<h4>Tipos de dep\u00f3sitos<\/h4>\n<p>Cisternas de impermeabilizaci\u00f3n montadas en <strong>cami\u00f3n<\/strong> &#8211; Toda tu operaci\u00f3n de impermeabilizaci\u00f3n puede realizarse mediante el uso de las cisternas de impermeabilizaci\u00f3n montadas en cami\u00f3n de Etnyre. Estos dep\u00f3sitos de alta calidad incorporan un avanzado sistema de mezcla y bombeo para garantizar que tu capa de sellado pueda aplicarse f\u00e1cilmente a cualquier superficie de la calzada. Otras piezas de nuestros camiones cisterna de pintura de sellado son las barras de pulverizaci\u00f3n, los controles de temperatura informatizados, las v\u00e1lvulas de control hidr\u00e1ulico, etc.<\/p>\n<p><strong>Dep\u00f3sitos de almacenamiento port\u00e1tiles &#8211; <\/strong>Transportar productos l\u00edquidos puede ser un reto suficiente sin el equipo adecuado. Afortunadamente, Etnyre ofrece cisternas de almacenamiento port\u00e1tiles vers\u00e1tiles para ayudarte con tus necesidades de transporte de l\u00edquidos. Nuestras cisternas est\u00e1n construidas para manipular todo tipo de l\u00edquidos. Ya sea para transportar agua, productos qu\u00edmicos, combustible, etc., puedes confiar en la resistencia y portabilidad de nuestros dep\u00f3sitos de almacenamiento.<\/p>\n<p><strong>Dep\u00f3sitos fijos<\/strong> &#8211; Nuestros dep\u00f3sitos fijos son iguales que los port\u00e1tiles, con la gran diferencia de que est\u00e1n pensados para permanecer en el mismo sitio. Cada dep\u00f3sito permite un f\u00e1cil acceso para llenarlo o descargarlo, y puede transportar los mismos tipos y cantidades de l\u00edquidos que nuestras otras opciones de dep\u00f3sitos.<\/p>\n<p><strong>Conversiones de cisternas de transporte de pintura <\/strong>de sellado &#8211; No todos los camiones cisterna est\u00e1n equipados para mezclar y bombear el l\u00edquido est\u00e1ndar de pintura de sellado. Sin embargo, si ya tienes un cami\u00f3n y una cisterna, Etnyre puede ayudarte a convertir tu unidad en una cisterna de transporte de sealcoat plenamente operativa. \u00a1Habla hoy con nuestro equipo para saber c\u00f3mo!<\/p>\n<div class=\"tankimg_sec_otr\">\n<div class=\"tankimg_sec_inr\">\n<div class=\"tankimg_box\">\n<p><img loading=\"lazy\" decoding=\"async\" class=\"alignnone\" src=\"https:\/\/etnyre.com\/wp-content\/uploads\/2024\/02\/RES-27-truck-mounted-sealcoat-tanker-300x225-1.jpg\" alt=\"Camiones cisterna de revestimiento sellador\" width=\"300\" height=\"225\" title=\"\"><\/p>\n<h5>Camiones cisterna de revestimiento sellador<\/h5>\n<\/div>\n<\/div>\n<div class=\"tankimg_sec_inr\">\n<div class=\"tankimg_box\">\n<p><img loading=\"lazy\" decoding=\"async\" class=\"alignnone\" src=\"https:\/\/etnyre.com\/wp-content\/uploads\/2024\/02\/RES-28-portable-storage-tanks-300x225-1.jpg\" alt=\"Dep\u00f3sitos port\u00e1tiles\" width=\"300\" height=\"225\" title=\"\"><\/p>\n<h5>Dep\u00f3sitos port\u00e1tiles<\/h5>\n<\/div>\n<\/div>\n<div class=\"tankimg_sec_inr\">\n<div class=\"tankimg_box\">\n<p><img loading=\"lazy\" decoding=\"async\" class=\"alignnone\" src=\"https:\/\/etnyre.com\/wp-content\/uploads\/2024\/02\/RES-29-stationary-storage-tank-300x225-1.jpg\" alt=\"Dep\u00f3sitos estacionarios\" width=\"300\" height=\"225\" title=\"\"><\/p>\n<h5>Dep\u00f3sitos estacionarios<\/h5>\n<\/div>\n<\/div>\n<div class=\"tankimg_sec_inr\">\n<div class=\"tankimg_box\">\n<p><img loading=\"lazy\" decoding=\"async\" class=\"alignnone\" src=\"https:\/\/etnyre.com\/wp-content\/uploads\/2024\/02\/RES-30-sealcoat-transport-tanker-conversions-300x225-1.jpg\" alt=\"Sealcoat Transporte Conversiones de camiones cisterna\" width=\"300\" height=\"225\" title=\"\"><\/p>\n<h5>Sealcoat Transporte Conversiones de camiones cisterna<\/h5>\n<\/div>\n<\/div>\n<\/div>\n","protected":false},"excerpt":{"rendered":"<p>Cisternas y camiones cisterna E.D. Etnyre &amp; Co. ofrece diversas opciones de transporte y almacenamiento de capas de sellado que se adaptan a tus necesidades. Utilizamos acero T1 para garantizar resistencia, calidad y longevidad. Caracter\u00edsticas del dep\u00f3sito de grado industrial De 200 a 12.000 galones Montaje en cami\u00f3n, montaje en remolque, montaje en pat\u00edn, montaje &hellip; <a href=\"https:\/\/etnyre.com\/es\/cisternas-y-camiones-cisterna\/\" class=\"more-link\">Continue reading <span class=\"screen-reader-text\">Cisternas y camiones cisterna<\/span><\/a><\/p>\n","protected":false},"author":1,"featured_media":10461,"parent":0,"menu_order":0,"comment_status":"closed","ping_status":"closed","template":"template\/product-sub-page.php","meta":{"_acf_changed":false,"footnotes":""},"class_list":["post-11381","page","type-page","status-publish","has-post-thumbnail","hentry"],"acf":[],"_links":{"self":[{"href":"https:\/\/etnyre.com\/es\/wp-json\/wp\/v2\/pages\/11381","targetHints":{"allow":["GET"]}}],"collection":[{"href":"https:\/\/etnyre.com\/es\/wp-json\/wp\/v2\/pages"}],"about":[{"href":"https:\/\/etnyre.com\/es\/wp-json\/wp\/v2\/types\/page"}],"author":[{"embeddable":true,"href":"https:\/\/etnyre.com\/es\/wp-json\/wp\/v2\/users\/1"}],"replies":[{"embeddable":true,"href":"https:\/\/etnyre.com\/es\/wp-json\/wp\/v2\/comments?post=11381"}],"version-history":[{"count":2,"href":"https:\/\/etnyre.com\/es\/wp-json\/wp\/v2\/pages\/11381\/revisions"}],"predecessor-version":[{"id":12182,"href":"https:\/\/etnyre.com\/es\/wp-json\/wp\/v2\/pages\/11381\/revisions\/12182"}],"wp:featuredmedia":[{"embeddable":true,"href":"https:\/\/etnyre.com\/es\/wp-json\/wp\/v2\/media\/10461"}],"wp:attachment":[{"href":"https:\/\/etnyre.com\/es\/wp-json\/wp\/v2\/media?parent=11381"}],"curies":[{"name":"wp","href":"https:\/\/api.w.org\/{rel}","templated":true}]}}