{"id":11382,"date":"2024-04-04T08:52:02","date_gmt":"2024-04-04T08:52:02","guid":{"rendered":"https:\/\/etnyre.com\/equipos-de-asfalto-illinois\/"},"modified":"2025-05-28T06:10:48","modified_gmt":"2025-05-28T06:10:48","slug":"equipos-de-asfalto-illinois","status":"publish","type":"page","link":"https:\/\/etnyre.com\/es\/equipos-de-asfalto-illinois\/","title":{"rendered":"Equipos de asfalto Illinois"},"content":{"rendered":"<h3>Comprueba por qu\u00e9 ED Etnyre &amp; Co. es conocida como la mejor empresa de equipos de asfalto de Illinois<\/h3>\n<p>El mantenimiento de las carreteras es una tarea esencial para los contratistas de mantenimiento de carreteras de todo el pa\u00eds. El uso habitual de las carreteras de asfalto puede provocar grietas y baches, lo que convierte el <a href=\"https:\/\/etnyre.com\/es\/equipos-de-mantenimiento-de-carreteras-illinois\/\">mantenimiento de las carreteras<\/a> en un reto nacional. ED Etnyre &amp; Co. se especializa en proporcionar el mejor equipo de asfaltado de Illinois para garantizar una conducci\u00f3n segura y suave para todos. Independientemente del equipo que busques, <a href=\"https:\/\/etnyre.com\/es\/sobre-nosotros\/\">ED Etnyre &amp; Co.<\/a> te ofrece una l\u00ednea completa de productos para ayudar a tu cuadrilla a mantener eficazmente las carreteras de Illinois.<\/p>\n<h3>El material que ofrecemos<\/h3>\n<p>ED Etnyre &amp; Co. puede ayudarte en todas las fases del proceso de mantenimiento de carreteras. Con los mejores equipos de asfaltado de Illinois, ED Etnyre &amp; Co. ofrece soluciones eficaces de equipos de reparaci\u00f3n de asfalto que evitan que el pavimento se rompa, haciendo en \u00faltima instancia que las carreteras sean m\u00e1s seguras para todos. El mantenimiento regular de las carreteras es esencial para prolongar la vida \u00fatil del pavimento. El tr\u00e1fico intenso, el clima, los productos qu\u00edmicos y las temperaturas extremas pueden pasar factura a las carreteras. Los equipos de asfalto de ED Etnyre &amp; Co. ofrecen un mantenimiento asequible y regular para evitar costosas sustituciones de las carreteras.<\/p>\n<p>Puedes garantizar una conducci\u00f3n segura y suave con el mejor equipo de asfaltado disponible en Illinois. ED Etnyre &amp; Co. puede ayudarte a transportar cargas de asfalto con nuestros <a href=\"https:\/\/etnyre.com\/es\/remolques-de-fondo-vivo-illinois\/\">remolques<\/a> de <a href=\"https:\/\/etnyre.com\/es\/remolques-bajos-illinois\/\">plataforma baja<\/a> y fondo m\u00f3vil. Una vez que tenemos los materiales, disponemos de los mejores <a href=\"https:\/\/etnyre.com\/es\/los-mejores-esparcidores-de-virutas-de-illinois\/\">esparcidores de gravilla<\/a>, <a href=\"https:\/\/etnyre.com\/es\/distribuidores-de-asfalto-illinois\/\">distribuidores de asfalto<\/a> y <a href=\"https:\/\/etnyre.com\/es\/los-mejores-selladores-de-grietas-de-illinois\/\">selladores de grietas<\/a>. Vienen con funciones personalizables, lo que te permite hacerlos m\u00e1s eficaces para las necesidades de tu equipo. Y como los equipos llevan el nombre Etnyre, puedes confiar en que durar\u00e1n la prueba del tiempo. Te tenemos cubierto.<\/p>\n<h3>Sobre Etnyre<\/h3>\n<p>Durante m\u00e1s de un siglo, <a href=\"https:\/\/etnyre.com\/es\/sobre-nosotros\/\">ED Etnyre &amp; Co.<\/a> ha construido un legado como empresa innovadora para la industria viaria. La gente sabe que fabricamos los mejores equipos de asfalto del mercado. De hecho, nuestra promesa es que siempre dispondr\u00e1s del equipo m\u00e1s fiable y digno de confianza que necesites para hacer tu trabajo. Cuando nos tengas de tu lado, sabr\u00e1s que el trabajo se har\u00e1 bien.<\/p>\n<div class=\"left-img\"><img loading=\"lazy\" decoding=\"async\" class=\"alignnone\" src=\"https:\/\/etnyre.com\/wp-content\/uploads\/2024\/01\/a-road-worker-is-leveling-fresh-asphalt-on-a-road-section-against-a-background-of-road.jpg\" alt=\"Las cuadrillas de asfalto deben poder confiar en la mejor maquinaria de asfalto de Illinois. Eso es Etnyre.\" width=\"500\" height=\"350\" title=\"\"><\/div>\n<h3>Contacta con ED Etnyre &amp; Co. Hoy <\/h3>\n<p>Consigue los mejores equipos de asfalto de Illinois con ED Etnyre &amp; Co. Nuestros equipos de mantenimiento de carreteras satisfar\u00e1n con creces tus necesidades de reparaci\u00f3n de asfalto en Illinois. <a href=\"https:\/\/etnyre.com\/es\/contactenos\/\">Ponte en contacto con nosotros hoy mismo<\/a> en el <a href=\"tel:8157322116\">815-732-2116<\/a> para obtener m\u00e1s informaci\u00f3n sobre todos los equipos que ofrecemos. Esperamos poder ayudarte a proporcionar el \u00abcamino Etnyre\u00bb durante muchos a\u00f1os.<\/p>\n","protected":false},"excerpt":{"rendered":"<p>Comprueba por qu\u00e9 ED Etnyre &amp; Co. es conocida como la mejor empresa de equipos de asfalto de Illinois El mantenimiento de las carreteras es una tarea esencial para los contratistas de mantenimiento de carreteras de todo el pa\u00eds. El uso habitual de las carreteras de asfalto puede provocar grietas y baches, lo que convierte &hellip; <a href=\"https:\/\/etnyre.com\/es\/equipos-de-asfalto-illinois\/\" class=\"more-link\">Continue reading <span class=\"screen-reader-text\">Equipos de asfalto Illinois<\/span><\/a><\/p>\n","protected":false},"author":1,"featured_media":10029,"parent":0,"menu_order":0,"comment_status":"closed","ping_status":"closed","template":"","meta":{"_acf_changed":false,"footnotes":""},"class_list":["post-11382","page","type-page","status-publish","has-post-thumbnail","hentry"],"acf":[],"_links":{"self":[{"href":"https:\/\/etnyre.com\/es\/wp-json\/wp\/v2\/pages\/11382","targetHints":{"allow":["GET"]}}],"collection":[{"href":"https:\/\/etnyre.com\/es\/wp-json\/wp\/v2\/pages"}],"about":[{"href":"https:\/\/etnyre.com\/es\/wp-json\/wp\/v2\/types\/page"}],"author":[{"embeddable":true,"href":"https:\/\/etnyre.com\/es\/wp-json\/wp\/v2\/users\/1"}],"replies":[{"embeddable":true,"href":"https:\/\/etnyre.com\/es\/wp-json\/wp\/v2\/comments?post=11382"}],"version-history":[{"count":2,"href":"https:\/\/etnyre.com\/es\/wp-json\/wp\/v2\/pages\/11382\/revisions"}],"predecessor-version":[{"id":14276,"href":"https:\/\/etnyre.com\/es\/wp-json\/wp\/v2\/pages\/11382\/revisions\/14276"}],"wp:featuredmedia":[{"embeddable":true,"href":"https:\/\/etnyre.com\/es\/wp-json\/wp\/v2\/media\/10029"}],"wp:attachment":[{"href":"https:\/\/etnyre.com\/es\/wp-json\/wp\/v2\/media?parent=11382"}],"curies":[{"name":"wp","href":"https:\/\/api.w.org\/{rel}","templated":true}]}}