{"id":11384,"date":"2024-04-04T08:52:02","date_gmt":"2024-04-04T08:52:02","guid":{"rendered":"https:\/\/etnyre.com\/los-mejores-selladores-de-grietas-de-texas\/"},"modified":"2025-05-28T06:10:50","modified_gmt":"2025-05-28T06:10:50","slug":"los-mejores-selladores-de-grietas-de-texas","status":"publish","type":"page","link":"https:\/\/etnyre.com\/es\/los-mejores-selladores-de-grietas-de-texas\/","title":{"rendered":"Los mejores selladores de grietas de Texas"},"content":{"rendered":"<h3>ED Etnyre &amp; Co. Ofrece los mejores selladores de grietas que Texas puede ofrecer<\/h3>\n<p>\u00bfBuscas los mejores <a href=\"https:\/\/etnyre.com\/es\/equipos-de-mantenimiento-de-carreteras\/\">equipos de mantenimiento de carreteras<\/a> y las mejores <a href=\"https:\/\/etnyre.com\/es\/selladores-de-grietas-texas\/\">selladoras de grietas<\/a> de Texas? <a href=\"https:\/\/etnyre.com\/es\/sobre-nosotros\/\">ED Etnyre &amp; Co.<\/a> te tiene cubierto. Como sabes, el uso frecuente de las carreteras asfaltadas puede provocar grietas y baches, que pueden ser peligrosos y causar problemas importantes a conductores y peatones. Los selladores de grietas de ED Etnyre &amp; Co. son la mejor opci\u00f3n para las carreteras de Texas. Como los mejores selladores de grietas disponibles, pueden ayudar a prevenir el deterioro del pavimento, haciendo que las carreteras sean m\u00e1s seguras.<\/p>\n<h3>Consigue equipos de mantenimiento de carreteras seguros y fiables<\/h3>\n<p>ED Etnyre &amp; Co. se enorgullece de ofrecer su <a href=\"https:\/\/etnyre.com\/es\/selladores-de-grietas\/\">sellador de grietas<\/a> superior, que es la mejor opci\u00f3n para el mantenimiento de carreteras. Sus controles vers\u00e1tiles, su encendido autom\u00e1tico, su sistema de calefacci\u00f3n de caudal controlado y su capacidad de 250 \u00f3 400 galones lo convierten en el mejor sistema de sellado de grietas disponible en Arizona. Esto garantiza un firme liso y seguro, proporcionando a los conductores la mejor experiencia de conducci\u00f3n.<\/p>\n<p>Las carreteras de todo el pa\u00eds se enfrentan a diversos retos, como el tr\u00e1fico intenso, el clima, los productos qu\u00edmicos y las temperaturas extremas, que pueden causar da\u00f1os con el tiempo. El mantenimiento regular de las carreteras es crucial para mantener el pavimento en buen estado y prolongar su vida \u00fatil. Las m\u00e1quinas de <a href=\"https:\/\/etnyre.com\/es\/reparacion-de-grietas\/\">reparaci\u00f3n y sellado de grietas<\/a> de ED Etnyre &amp; Co. son asequibles y eficaces, y ayudan a evitar costosas sustituciones de las calzadas. Con nuestros selladores de grietas, puedes garantizar una conducci\u00f3n segura y suave en las carreteras de Texas.<\/p>\n<h3>Por qu\u00e9 Etnyre<\/h3>\n<p>Desde nuestra fundaci\u00f3n en 1898, el objetivo de ED Etnyre &amp; Co. siempre ha sido fabricar productos asf\u00e1lticos de la m\u00e1xima calidad para los equipos de <a href=\"https:\/\/etnyre.com\/es\/equipos-de-mantenimiento-de-carreteras-texas\/\">mantenimiento de carreteras<\/a>. Hoy en d\u00eda, la industria del asfalto sabe que tenemos los equipos de asfalto m\u00e1s fiables de EE.UU. Cuando busques las mejores herramientas para tus necesidades de construcci\u00f3n de carreteras de asfalto, puedes confiar en el nombre Etnyre.<\/p>\n<div class=\"left-img\"><img loading=\"lazy\" decoding=\"async\" class=\"alignnone\" src=\"https:\/\/etnyre.com\/wp-content\/uploads\/2024\/01\/the-workers-on-the-construction-site.jpg\" alt=\"Un equipo de asfalto hizo reparaciones en la carretera. Necesitan los mejores selladores de grietas que Texas puede ofrecer.\" width=\"500\" height=\"350\" title=\"\"><\/div>\n<h3>Contacta con ED Etnyre &amp; Co. Hoy <\/h3>\n<p>ED Etnyre &amp; Co. es tu fuente de los mejores equipos de mantenimiento de carreteras y las mejores selladoras de grietas de <a href=\"https:\/\/etnyre.com\/es\/camiones-de-revestimiento-de-juntas-texas\/\">Texas<\/a>. Si quieres saber <a href=\"https:\/\/etnyre.com\/es\/contactenos\/\">m\u00e1s<\/a> sobre por qu\u00e9 el Sellador de Grietas Etnyre es la mejor opci\u00f3n, ll\u00e1manos hoy mismo. Puedes ponerte en contacto con nosotros en <a href=\"tel:8157322116\">el 815-732-2116<\/a>.<\/p>\n","protected":false},"excerpt":{"rendered":"<p>ED Etnyre &amp; Co. Ofrece los mejores selladores de grietas que Texas puede ofrecer \u00bfBuscas los mejores equipos de mantenimiento de carreteras y las mejores selladoras de grietas de Texas? ED Etnyre &amp; Co. te tiene cubierto. Como sabes, el uso frecuente de las carreteras asfaltadas puede provocar grietas y baches, que pueden ser peligrosos &hellip; <a href=\"https:\/\/etnyre.com\/es\/los-mejores-selladores-de-grietas-de-texas\/\" class=\"more-link\">Continue reading <span class=\"screen-reader-text\">Los mejores selladores de grietas de Texas<\/span><\/a><\/p>\n","protected":false},"author":1,"featured_media":10025,"parent":0,"menu_order":0,"comment_status":"closed","ping_status":"closed","template":"","meta":{"_acf_changed":false,"footnotes":""},"class_list":["post-11384","page","type-page","status-publish","has-post-thumbnail","hentry"],"acf":[],"_links":{"self":[{"href":"https:\/\/etnyre.com\/es\/wp-json\/wp\/v2\/pages\/11384","targetHints":{"allow":["GET"]}}],"collection":[{"href":"https:\/\/etnyre.com\/es\/wp-json\/wp\/v2\/pages"}],"about":[{"href":"https:\/\/etnyre.com\/es\/wp-json\/wp\/v2\/types\/page"}],"author":[{"embeddable":true,"href":"https:\/\/etnyre.com\/es\/wp-json\/wp\/v2\/users\/1"}],"replies":[{"embeddable":true,"href":"https:\/\/etnyre.com\/es\/wp-json\/wp\/v2\/comments?post=11384"}],"version-history":[{"count":3,"href":"https:\/\/etnyre.com\/es\/wp-json\/wp\/v2\/pages\/11384\/revisions"}],"predecessor-version":[{"id":14277,"href":"https:\/\/etnyre.com\/es\/wp-json\/wp\/v2\/pages\/11384\/revisions\/14277"}],"wp:featuredmedia":[{"embeddable":true,"href":"https:\/\/etnyre.com\/es\/wp-json\/wp\/v2\/media\/10025"}],"wp:attachment":[{"href":"https:\/\/etnyre.com\/es\/wp-json\/wp\/v2\/media?parent=11384"}],"curies":[{"name":"wp","href":"https:\/\/api.w.org\/{rel}","templated":true}]}}