{"id":11385,"date":"2024-04-04T08:52:03","date_gmt":"2024-04-04T08:52:03","guid":{"rendered":"https:\/\/etnyre.com\/remolques-de-fondo-vivo-mejor-valorados\/"},"modified":"2025-05-28T06:10:49","modified_gmt":"2025-05-28T06:10:49","slug":"remolques-de-fondo-vivo-mejor-valorados","status":"publish","type":"page","link":"https:\/\/etnyre.com\/es\/remolques-de-fondo-vivo-mejor-valorados\/","title":{"rendered":"Remolques de fondo vivo mejor valorados"},"content":{"rendered":"<h3>Adopta el futuro de la descarga con los mejores remolques de fondo m\u00f3vil de Etnyre<\/h3>\n<p>Si has sido contratista de asfalto durante alg\u00fan tiempo, probablemente est\u00e9s familiarizado con los remolques de fondo vivo. Estas piezas \u00fanicas de equipo est\u00e1n <a href=\"https:\/\/etnyre.com\/es\/remolques-de-fondo-vivo-frente-a-volquetes\/\">un paso por encima del cami\u00f3n volquete o remolque est\u00e1ndar<\/a>, permitiendo a los operarios soltar cargas con rapidez y precisi\u00f3n donde sea necesario. Tan populares como han llegado a ser los fondos vivos en el sector de la pavimentaci\u00f3n asf\u00e1ltica, se est\u00e1n convirtiendo en la opci\u00f3n preferida de los contratistas de todos los sectores de la construcci\u00f3n. Y con los <a href=\"https:\/\/etnyre.com\/es\/venta-de-remolques-de-fondo-vivo\/\">remolques de fondo vivo<\/a> y otros productos de asfalto de Etnyre, de m\u00e1xima calidad, puedes estar seguro de que est\u00e1s adquiriendo el mejor equipo al precio adecuado. \u00a1Llama hoy para saber m\u00e1s!<\/p>\n<h3>\u00bfC\u00f3mo funcionan los remolques de fondo m\u00f3vil?<\/h3>\n<p>De Illinois a Texas, los remolques de fondo vivo est\u00e1n cambiando la forma en que las empresas transportan y descargan materias primas. Gracias a la facilidad de manejo y la versatilidad de los fondos vivos, los contratistas pueden maximizar su carga \u00fatil y garantizar una descarga r\u00e1pida y precisa. Un <a href=\"https:\/\/etnyre.com\/es\/remolques-de-fondo-vivo-arizona-2\/\">remolque de fondo<\/a> vivo utiliza un sistema de cinta transportadora en la parte inferior de su plataforma para empujar el material hacia fuera al ritmo que prefiera el operador. Debido a su dise\u00f1o y funcionamiento, los remolques de fondo vivo se benefician de:<\/p>\n<ul>\n<li><strong>Centro de gravedad bajo<\/strong> &#8211; Los remolques de fondo m\u00f3vil colocan el peso de la carga m\u00e1s bajo respecto al suelo en comparaci\u00f3n con los volquetes y remolques tradicionales. Este bajo centro de gravedad proporciona mayor estabilidad y control durante la conducci\u00f3n, reduciendo el riesgo de vuelco, especialmente al maniobrar en curvas o terrenos irregulares. Esta caracter\u00edstica tambi\u00e9n permite a los operadores maximizar el tama\u00f1o de la carga sin comprometer la estabilidad del remolque.<\/li>\n<li><strong>Descarga limpia<\/strong> &#8211; Utilizando un mecanismo de cinta transportadora continua en la parte inferior, los remolques de fondo vivo pueden realizar una descarga suave y uniforme de los materiales, dejando el lecho limpio, sin que quede nada. Esta descarga limpia reduce la necesidad de limpieza manual adicional tras la descarga, ahorrando tiempo y costes de mano de obra. En segundo lugar, la descarga limpia minimiza el riesgo de contaminaci\u00f3n cruzada al transportar sucesivamente distintos tipos de materiales.<\/li>\n<li><strong>Vertido controlado<\/strong> &#8211; Con los volquetes tradicionales, la acci\u00f3n de vertido es una situaci\u00f3n de todo o nada. A la inversa, los remolques de fondo vivo permiten a los operarios controlar la velocidad y la direcci\u00f3n de descarga del material. Al hacerlo, los remolques permiten una colocaci\u00f3n precisa de los materiales, especialmente \u00fatil en operaciones que requieren una distribuci\u00f3n exacta, como la pavimentaci\u00f3n de carreteras o los proyectos de construcci\u00f3n. Adem\u00e1s, el vertido controlado reduce la posibilidad de derrames y residuos de material.<\/li>\n<\/ul>\n<h3>Caracter\u00edsticas del fondo vivo de Etnyre<\/h3>\n<p>Cuando se trata de los mejores remolques de fondo vivo de Estados Unidos, Etnyre no tiene rival. Nuestros <a href=\"https:\/\/etnyre.com\/live-bottom-trailers\/\">remolques Falcon\u00ae Live Bottom<\/a> son de los mejores, m\u00e1s r\u00e1pidos y m\u00e1s ligeros del mercado. No s\u00f3lo suministramos remolques de fondo vivo para contratistas, sino que tambi\u00e9n ofrecemos fondos vivos montados en camiones. Algunas de las mejores caracter\u00edsticas de nuestros remolques de fondo vivo son:<\/p>\n<ul>\n<li>Un sistema de transporte patentado que minimiza el mantenimiento y el tiempo de inactividad<\/li>\n<li>Una cinta de 42 pulgadas de ancho que elimina los listones y minimiza los puentes de material<\/li>\n<li>Excepcional consumo de combustible y capacidad para transportar cargas \u00fatiles m\u00e1ximas<\/li>\n<li>Varias puertas traseras, incluidas las dobles, de hormig\u00f3n, abatibles de gran altura y abatibles de gran altura, para una descarga y un acceso r\u00e1pidos y eficaces<\/li>\n<li>Paredes laterales empinadas para evitar la formaci\u00f3n de puentes y facilitar la descarga de materiales<\/li>\n<\/ul>\n<div class=\"left-img\"><img loading=\"lazy\" decoding=\"async\" class=\"alignnone\" src=\"https:\/\/etnyre.com\/wp-content\/uploads\/2024\/01\/Top-Rated-Live-Bottom-Trailers-2.jpg\" alt=\"Una hilera de remolques de fondo vivo de primera categor\u00eda, fabricados por Etnyre\" width=\"500\" height=\"350\" title=\"\"><\/div>\n<h3>Habla con el equipo Etnyre<\/h3>\n<p>Si los remolques de fondo vivo de primera clase no son el \u00fanico producto que necesitas, Etnyre tiene cubiertos a los contratistas a la hora de seleccionar diversos <a href=\"https:\/\/etnyre.com\/es\/los-mejores-equipos-de-asfalto\/\">equipos de asfalto<\/a>. Desde <a href=\"https:\/\/etnyre.com\/es\/selladores-de-grietas-mejor-valorados\/\">selladoras de grietas<\/a> hasta <a href=\"https:\/\/etnyre.com\/es\/los-mejores-distribuidores-de-asfalto\/\">distribuidores de asfalto<\/a>, proporcionamos la maquinaria que necesitan los contratistas para mantenerse por delante de la competencia. Para invertir en alguna de las excepcionales ofertas de equipos de Etnyre o para saber m\u00e1s sobre nuestros productos, piezas y servicios, equipos usados, financiaci\u00f3n y recursos adicionales, llama <a href=\"tel:8157322166\">al 815-732-2166<\/a>. La oficina principal de Etnyre se encuentra en 1333 Daysville Rd, Oregon, IL 61061, y atiende a clientes de <a href=\"https:\/\/etnyre.com\/asphalt-equipment-illinois\/\">Illinois<\/a>, <a href=\"https:\/\/etnyre.com\/es\/los-mejores-remolques-de-fondo-vivo-arizona\/\">Arizona<\/a>, <a href=\"https:\/\/etnyre.com\/es\/mejor-equipo-de-asfalto-de-tennessee\/\">Tennessee<\/a>, <a href=\"https:\/\/etnyre.com\/es\/equipos-de-mantenimiento-de-carreteras-texas\/\">Texas<\/a> y Estados Unidos.<\/p>\n","protected":false},"excerpt":{"rendered":"<p>Adopta el futuro de la descarga con los mejores remolques de fondo m\u00f3vil de Etnyre Si has sido contratista de asfalto durante alg\u00fan tiempo, probablemente est\u00e9s familiarizado con los remolques de fondo vivo. Estas piezas \u00fanicas de equipo est\u00e1n un paso por encima del cami\u00f3n volquete o remolque est\u00e1ndar, permitiendo a los operarios soltar cargas &hellip; <a href=\"https:\/\/etnyre.com\/es\/remolques-de-fondo-vivo-mejor-valorados\/\" class=\"more-link\">Continue reading <span class=\"screen-reader-text\">Remolques de fondo vivo mejor valorados<\/span><\/a><\/p>\n","protected":false},"author":1,"featured_media":10090,"parent":0,"menu_order":0,"comment_status":"closed","ping_status":"closed","template":"","meta":{"_acf_changed":false,"footnotes":""},"class_list":["post-11385","page","type-page","status-publish","has-post-thumbnail","hentry"],"acf":[],"_links":{"self":[{"href":"https:\/\/etnyre.com\/es\/wp-json\/wp\/v2\/pages\/11385","targetHints":{"allow":["GET"]}}],"collection":[{"href":"https:\/\/etnyre.com\/es\/wp-json\/wp\/v2\/pages"}],"about":[{"href":"https:\/\/etnyre.com\/es\/wp-json\/wp\/v2\/types\/page"}],"author":[{"embeddable":true,"href":"https:\/\/etnyre.com\/es\/wp-json\/wp\/v2\/users\/1"}],"replies":[{"embeddable":true,"href":"https:\/\/etnyre.com\/es\/wp-json\/wp\/v2\/comments?post=11385"}],"version-history":[{"count":1,"href":"https:\/\/etnyre.com\/es\/wp-json\/wp\/v2\/pages\/11385\/revisions"}],"predecessor-version":[{"id":12189,"href":"https:\/\/etnyre.com\/es\/wp-json\/wp\/v2\/pages\/11385\/revisions\/12189"}],"wp:featuredmedia":[{"embeddable":true,"href":"https:\/\/etnyre.com\/es\/wp-json\/wp\/v2\/media\/10090"}],"wp:attachment":[{"href":"https:\/\/etnyre.com\/es\/wp-json\/wp\/v2\/media?parent=11385"}],"curies":[{"name":"wp","href":"https:\/\/api.w.org\/{rel}","templated":true}]}}