{"id":11386,"date":"2024-04-04T08:52:03","date_gmt":"2024-04-04T08:52:03","guid":{"rendered":"https:\/\/etnyre.com\/los-mejores-selladores-de-grietas-de-tennessee\/"},"modified":"2025-05-28T06:10:52","modified_gmt":"2025-05-28T06:10:52","slug":"los-mejores-selladores-de-grietas-de-tennessee","status":"publish","type":"page","link":"https:\/\/etnyre.com\/es\/los-mejores-selladores-de-grietas-de-tennessee\/","title":{"rendered":"Los mejores selladores de grietas de Tennessee"},"content":{"rendered":"<h3>Elige el mejor equipo de mantenimiento de carreteras en Tennessee<\/h3>\n<p>Si buscas equipos de mantenimiento de carreteras y las mejores <a href=\"https:\/\/etnyre.com\/es\/selladores-de-grietas-tennessee\/\">selladoras de grietas<\/a> de Tennessee, <a href=\"https:\/\/etnyre.com\/es\/sobre-nosotros\/\">ED Etnyre &amp; Co.<\/a> es tu respuesta. El uso habitual de las carreteras asfaltadas puede causar grietas y baches, lo que provoca graves problemas viales que suponen un riesgo para conductores y peatones. Con las selladoras de grietas Etnyre, puedes confiar en que obtendr\u00e1s un equipo consistente, fiable y eficaz que evitar\u00e1 que el pavimento se rompa y evitar\u00e1 problemas de corrosi\u00f3n, haciendo que, en \u00faltima instancia, las carreteras sean m\u00e1s seguras.<\/p>\n<h3>Consigue un mantenimiento de carreteras seguro y fiable<\/h3>\n<p>El Sellador de Grietas Etnyre&#8217;s es la mejor opci\u00f3n para el <a href=\"https:\/\/etnyre.com\/es\/equipos-de-mantenimiento-de-carreteras-tennessee\/\">mantenimiento de carreteras<\/a> en Tennessee. Es la mejor m\u00e1quina selladora de grietas disponible hoy en d\u00eda. Tiene controles vers\u00e1tiles, encendido autom\u00e1tico, un sistema de calefacci\u00f3n de caudal controlado y capacidad para 250 \u00f3 400 galones. Esto garantiza una carretera suave y segura en todo momento.<\/p>\n<p>Los servicios de reparaci\u00f3n y sellado de grietas que ofrece ED Etnyre &amp; Co. est\u00e1n dise\u00f1ados para mantener las carreteras de todo el pa\u00eds. El tr\u00e1fico intenso, el clima, los productos qu\u00edmicos y las temperaturas extremas pueden pasar factura a las carreteras. De ah\u00ed que el mantenimiento regular de las carreteras sea esencial para prolongar la vida \u00fatil del pavimento. Los selladores de grietas de ED Etnyre &amp; Co. pueden ayudarte a evitar las costosas sustituciones de la calzada mediante una <a href=\"https:\/\/etnyre.com\/es\/reparacion-de-grietas-en-el-asfalto\/\">reparaci\u00f3n de grietas<\/a> asequible y peri\u00f3dica. Puedes asegurarte una conducci\u00f3n segura y suave con el mejor sellador de grietas de Tennessee.<\/p>\n<h3>Fiable desde el principio<\/h3>\n<p>Fundada en 1898, la maquinaria de ED Etnyre &amp; Co. est\u00e1 hecha para durar. Desde nuestra fundaci\u00f3n, hemos fabricado una variedad de equipos de asfalto de primera calidad que marcan la pauta en fiabilidad y eficacia. Como nombre l\u00edder en el sector de la construcci\u00f3n de carreteras de asfalto, hemos construido un legado desde nuestros comienzos. Puedes confiar en que tenemos el mejor equipo de Tennessee, y de todo Estados Unidos.<\/p>\n<div class=\"left-img\"><img loading=\"lazy\" decoding=\"async\" class=\"alignnone\" src=\"https:\/\/etnyre.com\/wp-content\/uploads\/2024\/01\/the-road-workers-working-group-updates-part-of-the-road-with-fresh-hot-asphalt-and-smoothes.jpg\" alt=\"Un equipo de mantenimiento de asfalto trabaja en la reparaci\u00f3n del asfalto. Conf\u00edan en los mejores selladores de grietas que ofrece Tennessee.\" width=\"500\" height=\"350\" title=\"\"><\/div>\n<h3>Contacta con ED Etnyre &amp; Co. Hoy <\/h3>\n<p><a href=\"https:\/\/etnyre.com\/es\/contactenos\/\">Ponte en contacto hoy mismo con ED Etnyre &amp; Co.<\/a> para obtener los mejores <a href=\"https:\/\/etnyre.com\/es\/equipos-de-mantenimiento-de-carreteras-tennessee\/\">equipos de mantenimiento de carreteras<\/a> y las mejores <a href=\"https:\/\/etnyre.com\/es\/selladores-de-grietas\/\">selladoras de grietas<\/a> de <a href=\"https:\/\/etnyre.com\/es\/sellado-de-buggies-tennessee\/\">Tennessee<\/a>. Con nosotros de tu lado, cumplir\u00e1s f\u00e1cilmente tus requisitos de reparaci\u00f3n de grietas en el asfalto. \u00a1Llama hoy al <a href=\"tel:8157322116\">815-732-2116<\/a> para obtener m\u00e1s informaci\u00f3n sobre c\u00f3mo el Sellador de Grietas Etnyre es el mejor de Tennessee!<\/p>\n","protected":false},"excerpt":{"rendered":"<p>Elige el mejor equipo de mantenimiento de carreteras en Tennessee Si buscas equipos de mantenimiento de carreteras y las mejores selladoras de grietas de Tennessee, ED Etnyre &amp; Co. es tu respuesta. El uso habitual de las carreteras asfaltadas puede causar grietas y baches, lo que provoca graves problemas viales que suponen un riesgo para &hellip; <a href=\"https:\/\/etnyre.com\/es\/los-mejores-selladores-de-grietas-de-tennessee\/\" class=\"more-link\">Continue reading <span class=\"screen-reader-text\">Los mejores selladores de grietas de Tennessee<\/span><\/a><\/p>\n","protected":false},"author":1,"featured_media":10011,"parent":0,"menu_order":0,"comment_status":"closed","ping_status":"closed","template":"","meta":{"_acf_changed":false,"footnotes":""},"class_list":["post-11386","page","type-page","status-publish","has-post-thumbnail","hentry"],"acf":[],"_links":{"self":[{"href":"https:\/\/etnyre.com\/es\/wp-json\/wp\/v2\/pages\/11386","targetHints":{"allow":["GET"]}}],"collection":[{"href":"https:\/\/etnyre.com\/es\/wp-json\/wp\/v2\/pages"}],"about":[{"href":"https:\/\/etnyre.com\/es\/wp-json\/wp\/v2\/types\/page"}],"author":[{"embeddable":true,"href":"https:\/\/etnyre.com\/es\/wp-json\/wp\/v2\/users\/1"}],"replies":[{"embeddable":true,"href":"https:\/\/etnyre.com\/es\/wp-json\/wp\/v2\/comments?post=11386"}],"version-history":[{"count":3,"href":"https:\/\/etnyre.com\/es\/wp-json\/wp\/v2\/pages\/11386\/revisions"}],"predecessor-version":[{"id":14278,"href":"https:\/\/etnyre.com\/es\/wp-json\/wp\/v2\/pages\/11386\/revisions\/14278"}],"wp:featuredmedia":[{"embeddable":true,"href":"https:\/\/etnyre.com\/es\/wp-json\/wp\/v2\/media\/10011"}],"wp:attachment":[{"href":"https:\/\/etnyre.com\/es\/wp-json\/wp\/v2\/media?parent=11386"}],"curies":[{"name":"wp","href":"https:\/\/api.w.org\/{rel}","templated":true}]}}