{"id":11388,"date":"2024-04-04T08:55:24","date_gmt":"2024-04-04T08:55:24","guid":{"rendered":"https:\/\/etnyre.com\/los-mejores-equipos-de-asfaltado-en-venta\/"},"modified":"2024-05-31T11:27:46","modified_gmt":"2024-05-31T11:27:46","slug":"los-mejores-equipos-de-asfaltado-en-venta","status":"publish","type":"page","link":"https:\/\/etnyre.com\/es\/los-mejores-equipos-de-asfaltado-en-venta\/","title":{"rendered":"Se vende la mejor maquinaria de asfaltado"},"content":{"rendered":"<h3>\u00bfD\u00f3nde puedes encontrar la mejor maquinaria de asfaltado en venta?<\/h3>\n<p>Innumerables contratistas de pavimentaci\u00f3n de todo Estados Unidos buscan maquinaria nueva, avanzada y c\u00f3moda para gestionar los trabajos m\u00e1s duros de su profesi\u00f3n. En realidad, puede ser un reto equipar de forma asequible tus instalaciones con la maquinaria adecuada para llevar a cabo proyectos esenciales de asfaltado. Por eso E.D. Etnyre &amp; Co. est\u00e1 cambiando las reglas del juego con nuestra gama de los mejores equipos de asfaltado en venta. No importa qu\u00e9 maquinaria necesite tu empresa para triunfar, Etnyre puede complacerte.<\/p>\n<h3>Lo que necesitas para el sellado de virutas<\/h3>\n<p>El servicio de asfaltado y sellado es un m\u00e9todo de pavimentaci\u00f3n vital que ofrecen la mayor\u00eda de los contratistas, y muchos clientes lo solicitan. Por un lado, la <a href=\"https:\/\/etnyre.com\/chip-seal-paving\/\">pavimentaci\u00f3n con sellado de virutas<\/a> es incre\u00edblemente eficaz para repavimentar calzadas da\u00f1adas o deterioradas. Adem\u00e1s, el proceso utiliza asfalto reciclado y lo vuelve a aplicar a las carreteras, lo que ayuda a mantener el precio de los materiales m\u00e1s bajo que en otros proyectos de pavimentaci\u00f3n. Y para garantizar que la pavimentaci\u00f3n con sellado de virutas se realiza sin problemas, los contratistas de asfalto recurren a Etnyre&#8217;s:<\/p>\n<ul>\n<li><strong>Distribuidores de asfalto<\/strong>\n<ul>\n<li>Sin un <a href=\"https:\/\/etnyre.com\/asphalt-distributors\/\">distribuidor de asfalto<\/a>, la mayor\u00eda de los proyectos de pavimentaci\u00f3n son mucho m\u00e1s dif\u00edciles. Un distribuidor de asfalto desempe\u00f1a la funci\u00f3n esencial de aplicar uniformemente asfalto l\u00edquido caliente al pavimento. Aunque este trabajo puede realizarse manualmente, requerir\u00eda m\u00e1s tiempo y probablemente ser\u00eda m\u00e1s inconsistente que lo que se consigue con un pulverizador de distribuidor.<\/li>\n<\/ul>\n<\/li>\n<li><strong>Esparcidores de virutas<\/strong>\n<ul>\n<li>Una vez esparcido el asfalto l\u00edquido por la calzada, la siguiente parte del proceso de sellado con virutas consiste en esparcir y prensar virutas de \u00e1rido asf\u00e1ltico en la superficie de la acera. Sin embargo, \u00a1sin <a href=\"https:\/\/etnyre.com\/chip-spreaders\/\">los esparcidores de gravilla<\/a> de Etnyre, esta parte del proceso de sellado de gravilla no ser\u00eda posible! Nuestros esparcidores de gravilla circulan detr\u00e1s de los distribuidores, distribuyendo uniformemente las virutas de \u00e1ridos mientras las presionan, creando una capa de asfalto uniforme que protege y restaura el pavimento subyacente.<\/li>\n<\/ul>\n<\/li>\n<li><strong>Remolques y transportes<\/strong>\n<ul>\n<li>Etnyre tambi\u00e9n proporciona a nuestros clientes los medios para un transporte seguro, r\u00e1pido y eficaz. Nuestros <a href=\"https:\/\/etnyre.com\/asphalt-trailers\/\">remolques<\/a> y <a href=\"https:\/\/etnyre.com\/asphalt-transport\/\">transportes<\/a> son perfectos para trasladar los materiales que utilizas y el equipo que necesitas. Los remolques <a href=\"https:\/\/etnyre.com\/lowboy-trailers\/\">Lowboy<\/a> trasladan f\u00e1cilmente equipos industriales de una obra a otra, mientras que nuestros transportes de asfalto mantienen tu asfalto l\u00edquido seguro y conservado. Lo mejor de todo es que <a href=\"https:\/\/etnyre.com\/sales\/live-bottom-trailers\/\">los remolques de fondo<\/a> vivo garantizan un vertido r\u00e1pido y f\u00e1cil de las virutas de \u00e1ridos y otras materias primas.<\/li>\n<\/ul>\n<\/li>\n<\/ul>\n<h3>Lo \u00faltimo y lo mejor<\/h3>\n<p>Aunque hay muchos fabricantes de equipos industriales entre los que elegir, pocos est\u00e1n tan comprometidos con la durabilidad, comodidad y calidad de sus m\u00e1quinas como Etnyre. Durante a\u00f1os, hemos impulsado la innovaci\u00f3n en el mantenimiento de carreteras, dise\u00f1ando y fabricando maquinaria que agiliza partes del proceso de pavimentaci\u00f3n con asfalto. Adem\u00e1s de los mejores equipos de sellado de virutas en venta, fabricamos <a href=\"https:\/\/etnyre.com\/best-crack-sealers\/\">selladoras de grietas de alta calidad<\/a> y <a href=\"https:\/\/etnyre.com\/best-chip-seal-equipment-for-sale\/\">equipos de sellado de virutas personalizados<\/a>. Lo mejor de todo es que siempre puedes confiar en Etnyre para obtener equipos usados m\u00e1s asequibles o piezas y componentes para reparar tu maquinaria Etnyre existente.<\/p>\n<div class=\"left-img\"><img loading=\"lazy\" decoding=\"async\" class=\"alignnone\" src=\"https:\/\/etnyre.com\/wp-content\/uploads\/2023\/10\/Best-Chip-Seal-Equipment-for-Sale-2.jpg\" alt=\"Distribuidor de Etnyre, algunos de los mejores equipos de asfaltado a la venta en Estados Unidos\" width=\"500\" height=\"350\" title=\"\"><\/div>\n<h3>Llama hoy<\/h3>\n<p>Impulsa el \u00e9xito de tu empresa de pavimentaci\u00f3n con la ventaja de utilizar los mejores equipos de asfaltado a la venta en Estados Unidos. Ponte en contacto hoy mismo con los expertos en mantenimiento de carreteras de E.D. Etnyre &amp; Co. Para obtener m\u00e1s informaci\u00f3n sobre nuestra maquinaria o solicitar un presupuesto, ponte en contacto con nosotros en el <a href=\"tel:8157322166\">815-732-2166<\/a>. Estamos en 1333 Daysville Rd, Oregon, IL 61061, y atendemos a clientes de todo Illinois, Arizona, Tennessee, Texas y EE.UU.<\/p>\n","protected":false},"excerpt":{"rendered":"<p>\u00bfD\u00f3nde puedes encontrar la mejor maquinaria de asfaltado en venta? Innumerables contratistas de pavimentaci\u00f3n de todo Estados Unidos buscan maquinaria nueva, avanzada y c\u00f3moda para gestionar los trabajos m\u00e1s duros de su profesi\u00f3n. En realidad, puede ser un reto equipar de forma asequible tus instalaciones con la maquinaria adecuada para llevar a cabo proyectos esenciales &hellip; <a href=\"https:\/\/etnyre.com\/es\/los-mejores-equipos-de-asfaltado-en-venta\/\" class=\"more-link\">Continue reading <span class=\"screen-reader-text\">Se vende la mejor maquinaria de asfaltado<\/span><\/a><\/p>\n","protected":false},"author":1,"featured_media":9600,"parent":0,"menu_order":0,"comment_status":"closed","ping_status":"closed","template":"","meta":{"_acf_changed":false,"footnotes":""},"class_list":["post-11388","page","type-page","status-publish","has-post-thumbnail","hentry"],"acf":[],"_links":{"self":[{"href":"https:\/\/etnyre.com\/es\/wp-json\/wp\/v2\/pages\/11388","targetHints":{"allow":["GET"]}}],"collection":[{"href":"https:\/\/etnyre.com\/es\/wp-json\/wp\/v2\/pages"}],"about":[{"href":"https:\/\/etnyre.com\/es\/wp-json\/wp\/v2\/types\/page"}],"author":[{"embeddable":true,"href":"https:\/\/etnyre.com\/es\/wp-json\/wp\/v2\/users\/1"}],"replies":[{"embeddable":true,"href":"https:\/\/etnyre.com\/es\/wp-json\/wp\/v2\/comments?post=11388"}],"version-history":[{"count":1,"href":"https:\/\/etnyre.com\/es\/wp-json\/wp\/v2\/pages\/11388\/revisions"}],"predecessor-version":[{"id":12197,"href":"https:\/\/etnyre.com\/es\/wp-json\/wp\/v2\/pages\/11388\/revisions\/12197"}],"wp:featuredmedia":[{"embeddable":true,"href":"https:\/\/etnyre.com\/es\/wp-json\/wp\/v2\/media\/9600"}],"wp:attachment":[{"href":"https:\/\/etnyre.com\/es\/wp-json\/wp\/v2\/media?parent=11388"}],"curies":[{"name":"wp","href":"https:\/\/api.w.org\/{rel}","templated":true}]}}