{"id":11389,"date":"2024-04-04T08:55:24","date_gmt":"2024-04-04T08:55:24","guid":{"rendered":"https:\/\/etnyre.com\/los-mejores-selladores-de-grietas-de-illinois\/"},"modified":"2025-05-28T06:10:54","modified_gmt":"2025-05-28T06:10:54","slug":"los-mejores-selladores-de-grietas-de-illinois","status":"publish","type":"page","link":"https:\/\/etnyre.com\/es\/los-mejores-selladores-de-grietas-de-illinois\/","title":{"rendered":"Los mejores selladores de grietas Illinois"},"content":{"rendered":"<h3>Encuentra los mejores selladores de grietas de Illinois con Etnyre<\/h3>\n<p>Las carreteras de asfalto pueden desarrollar grietas y baches debido al uso regular. Este hecho crea un reto nacional para los contratistas de mantenimiento de carreteras. Afortunadamente, ED Etnyre &amp; Co. ofrece los mejores <a href=\"https:\/\/etnyre.com\/es\/selladores-de-grietas-illinois\/\">selladores de grietas<\/a> de Illinois. Adem\u00e1s, ofrecemos todo el <a href=\"https:\/\/etnyre.com\/es\/equipos-de-mantenimiento-de-carreteras-illinois\/\">equipo de mantenimiento de<\/a> carreteras que garantiza una conducci\u00f3n segura y sin problemas para los que circulan por la carretera. Nuestra innovaci\u00f3n no tiene rival en el sector, y ayuda a tus operarios a hacer bien el trabajo, siempre.<\/p>\n<h3>Mantenimiento seguro y fiable de las carreteras<\/h3>\n<p>La reparaci\u00f3n y el sellado de grietas son cruciales para el mantenimiento de las carreteras de todo el pa\u00eds. Las grietas pueden provocar problemas m\u00e1s graves en la carretera y suponer un riesgo para conductores y peatones. ED Etnyre &amp; Co. suministra los mejores <a href=\"https:\/\/etnyre.com\/es\/sellado-de-grietas-en-el-asfalto\/\">selladores de grietas<\/a> de Illinois, que impiden eficazmente que el pavimento se rompa y evitan problemas de corrosi\u00f3n, haciendo en \u00faltima instancia que las carreteras sean m\u00e1s seguras.<\/p>\n<p>El mantenimiento regular de las carreteras es esencial para prolongar la vida \u00fatil del pavimento. El tr\u00e1fico intenso, el clima, los productos qu\u00edmicos y las temperaturas extremas pueden pasar factura a las carreteras. Los selladores de grietas de ED Etnyre &amp; Co. est\u00e1n dise\u00f1ados para ayudar a evitar las costosas sustituciones de las calzadas, proporcionando una reparaci\u00f3n de grietas asequible y regular. Puedes garantizar una conducci\u00f3n segura y suave con los selladores de grietas Etnyre. El sellador de grietas de Etnyre es la mejor opci\u00f3n para el <a href=\"https:\/\/etnyre.com\/es\/mantenimiento-del-asfalto\/\">mantenimiento de carreteras<\/a> en Illinois. Es la mejor m\u00e1quina selladora de grietas disponible hoy en d\u00eda, tiene controles vers\u00e1tiles, encendido autom\u00e1tico, un sistema de calentamiento controlado por flujo y una capacidad de 250 \u00f3 400 galones. Esto garantiza una carretera lisa y segura.<\/p>\n<h3>Sobre Etnyre<\/h3>\n<p>Desde 1898, <a href=\"https:\/\/etnyre.com\/es\/sobre-nosotros\/\">ED Etnyre &amp; Co<\/a>. es l\u00edder en la industria de pavimentos de Estados Unidos. Desde nuestros inicios, hemos desarrollado equipos de fabricaci\u00f3n de la m\u00e1s alta calidad para la construcci\u00f3n de carreteras de asfalto. Hoy en d\u00eda, se nos conoce por crear equipos de alta calidad, fiables y que ofrecen un rendimiento m\u00e1ximo. Adem\u00e1s, ofrecemos una asistencia excepcional, soluciones personalizadas y los mejores equipos de asfalto del mercado. ED Etnyre &amp; Co. es el nombre en el que debes confiar.<\/p>\n<div class=\"left-img\"><img loading=\"lazy\" decoding=\"async\" class=\"alignnone\" src=\"https:\/\/etnyre.com\/wp-content\/uploads\/2024\/01\/the-working-team-smoothes-hot-asphalt-with-shovels-by-hand-when-repairing-the-road.jpg\" alt=\"Un equipo de trabajadores se ocupa de la reparaci\u00f3n del asfalto. Cuando necesites los mejores selladores de grietas de Illinois, ponte en contacto con Etnyre.\" width=\"500\" height=\"350\" title=\"\"><\/div>\n<h3>Contacta con ED Etnyre &amp; Co. Hoy <\/h3>\n<p>Consigue las mejores selladoras de grietas de <a href=\"https:\/\/etnyre.com\/es\/sealcoating-trucks-illinois\/\">Illinois<\/a> y todo el equipo de mantenimiento de carreteras que necesites en ED Etnyre &amp; Co. Con nuestro equipo, cumplir\u00e1s f\u00e1cilmente tus requisitos de reparaci\u00f3n de grietas en el asfalto. Ll\u00e1manos hoy al <a href=\"tel:8157322116\">815-732-2116<\/a> para <a href=\"https:\/\/etnyre.com\/es\/contactenos\/\">m\u00e1s informaci\u00f3n<\/a>.<\/p>\n","protected":false},"excerpt":{"rendered":"<p>Encuentra los mejores selladores de grietas de Illinois con Etnyre Las carreteras de asfalto pueden desarrollar grietas y baches debido al uso regular. Este hecho crea un reto nacional para los contratistas de mantenimiento de carreteras. Afortunadamente, ED Etnyre &amp; Co. ofrece los mejores selladores de grietas de Illinois. Adem\u00e1s, ofrecemos todo el equipo de &hellip; <a href=\"https:\/\/etnyre.com\/es\/los-mejores-selladores-de-grietas-de-illinois\/\" class=\"more-link\">Continue reading <span class=\"screen-reader-text\">Los mejores selladores de grietas Illinois<\/span><\/a><\/p>\n","protected":false},"author":1,"featured_media":8529,"parent":0,"menu_order":0,"comment_status":"closed","ping_status":"closed","template":"","meta":{"_acf_changed":false,"footnotes":""},"class_list":["post-11389","page","type-page","status-publish","has-post-thumbnail","hentry"],"acf":[],"_links":{"self":[{"href":"https:\/\/etnyre.com\/es\/wp-json\/wp\/v2\/pages\/11389","targetHints":{"allow":["GET"]}}],"collection":[{"href":"https:\/\/etnyre.com\/es\/wp-json\/wp\/v2\/pages"}],"about":[{"href":"https:\/\/etnyre.com\/es\/wp-json\/wp\/v2\/types\/page"}],"author":[{"embeddable":true,"href":"https:\/\/etnyre.com\/es\/wp-json\/wp\/v2\/users\/1"}],"replies":[{"embeddable":true,"href":"https:\/\/etnyre.com\/es\/wp-json\/wp\/v2\/comments?post=11389"}],"version-history":[{"count":3,"href":"https:\/\/etnyre.com\/es\/wp-json\/wp\/v2\/pages\/11389\/revisions"}],"predecessor-version":[{"id":14192,"href":"https:\/\/etnyre.com\/es\/wp-json\/wp\/v2\/pages\/11389\/revisions\/14192"}],"wp:featuredmedia":[{"embeddable":true,"href":"https:\/\/etnyre.com\/es\/wp-json\/wp\/v2\/media\/8529"}],"wp:attachment":[{"href":"https:\/\/etnyre.com\/es\/wp-json\/wp\/v2\/media?parent=11389"}],"curies":[{"name":"wp","href":"https:\/\/api.w.org\/{rel}","templated":true}]}}