{"id":11390,"date":"2024-04-04T08:55:25","date_gmt":"2024-04-04T08:55:25","guid":{"rendered":"https:\/\/etnyre.com\/los-mejores-remolques-de-fondo-vivo-illinois\/"},"modified":"2024-05-31T11:27:55","modified_gmt":"2024-05-31T11:27:55","slug":"los-mejores-remolques-de-fondo-vivo-illinois","status":"publish","type":"page","link":"https:\/\/etnyre.com\/es\/los-mejores-remolques-de-fondo-vivo-illinois\/","title":{"rendered":"Los mejores remolques de fondo vivo Illinois"},"content":{"rendered":"<h3>Transporte y descarga excepcionales con los mejores remolques de fondo vivo de Illinois<\/h3>\n<p>\u00bfNecesitas transportar grandes cargas de \u00e1ridos asf\u00e1lticos desde tus instalaciones a una obra? \u00bfEst\u00e1s equipado para transportar tu grano y tu producto al mercado? Si lo que te preocupa es transportar mercanc\u00edas sueltas y en bruto, invertir en los mejores remolques de fondo vivo de Illinois es tu soluci\u00f3n. Los fondos <a href=\"https:\/\/etnyre.com\/live-bottom-trailers-for-sale\/\">vivos son el equipo perfecto para descargar y transportar diversos materiales<\/a>, excelentes para empresas industriales, comerciales y agr\u00edcolas. Si est\u00e1s interesado en fondos vivos para tu industria, habla hoy mismo con los profesionales de E.D. Etnyre &amp; Co.<\/p>\n<h3>Por qu\u00e9 a los contratistas les encantan los Fondos Vivos<\/h3>\n<p>Hay <a href=\"https:\/\/etnyre.com\/best-live-bottom-trailers\/\">mucho que adorar de los remolques de fondo vivo<\/a>. Los fondos vivos son la primera alternativa genuina a la entrega y descarga est\u00e1ndar de los camiones volquete. El dise\u00f1o y los sistemas de un fondo vivo le confieren claras ventajas que los volquetes no pueden igualar. As\u00ed, con un nuevo remolque de fondo vivo de Etnyre, los contratistas pueden esperar:<\/p>\n<ul>\n<li><strong>Remolques seguros<\/strong>\n<ul>\n<li>El \u00fanico temor constante cuando se conduce un <a href=\"https:\/\/etnyre.com\/live-bottom-trailers-versus-dump-trucks\/\">d\u00famper<\/a> es el vuelco del remolque. Desgraciadamente, el alto centro de gravedad de los d\u00famperes los ha hecho m\u00e1s f\u00e1ciles de volcar o volcar cuando est\u00e1n completamente cargados. Por esta raz\u00f3n, los fondos vivos se dise\u00f1aron con centros de gravedad m\u00e1s bajos. Adem\u00e1s, el peso se distribuye m\u00e1s uniformemente en los remolques de fondo vivo. Ambas caracter\u00edsticas reducen la posibilidad de vuelco y ayudan a mejorar las maniobras y el manejo en tr\u00e1nsito.<\/li>\n<\/ul>\n<\/li>\n<li><strong>Para m\u00e1s de una empresa<\/strong>\n<ul>\n<li>Desde agricultores a contratistas de asfalto, los fondos vivos pueden utilizarse en diversas industrias. La capacidad de descarga delicada y segura de los fondos vivos los convierte en la mejor opci\u00f3n para trasladar materias primas y mercanc\u00edas sueltas. Algunos ejemplos de productos que hemos visto transportar a nuestros remolques de fondo vivo son arena, grava, asfalto, grano, productos agr\u00edcolas y mucho m\u00e1s.<\/li>\n<\/ul>\n<\/li>\n<li><strong>Control preciso de la descarga<\/strong>\n<ul>\n<li>Mientras que los volquetes se basan en la gravedad para la descarga, los fondos vivos utilizan un sistema de cinta transportadora. Las correas montadas en el suelo del remolque mueven los materiales desde la parte delantera del cami\u00f3n hasta la parte trasera y hacia fuera. Esto difiere de los volquetes, en los que las cargas deben vaciarse en un solo punto. Los fondos vivos permiten a los contratistas ser m\u00e1s precisos en d\u00f3nde y cu\u00e1nto descargan. Lo mejor de todo es que el sistema de cinta transportadora ayuda a que los fondos vivos se vac\u00eden limpiamente, garantizando que no queden residuos.<\/li>\n<\/ul>\n<\/li>\n<\/ul>\n<h3>\u00bfQu\u00e9 puedes esperar de los Fondos Vivos Etnyre?<\/h3>\n<p>No hay duda: los contratistas cuentan con Etnyre para los mejores remolques de fondo vivo de Illinois y de todo EEUU. Fabricamos equipos de alta calidad y excepcionalmente duraderos, construidos para durar toda la vida. Adem\u00e1s, nuestros equipos eliminan gran parte del estr\u00e9s y las complicaciones del transporte de materias primas y pueden utilizarse junto con la maquinaria industrial y de asfalto adicional que produce Etnyre. Entre las <a href=\"https:\/\/etnyre.com\/live-bottom-trailers\/\">mejores caracter\u00edsticas del remolque Falcon\u00ae de fondo m\u00f3vil se incluyen<\/a>:<\/p>\n<ul>\n<li>El fiable sistema de transporte patentado minimiza el mantenimiento y el tiempo de inactividad para ahorrar dinero<\/li>\n<li>La cinta de 106 cm (42 pulgadas) de ancho elimina los listones y minimiza los puentes de material<\/li>\n<li>Entre los m\u00e1s ligeros del sector para un consumo m\u00ednimo de combustible y una mayor carga \u00fatil<\/li>\n<li>Variedad de puertas traseras, incluidas las dobles, de hormig\u00f3n, de gran elevaci\u00f3n y abatibles de gran elevaci\u00f3n, para proporcionar una descarga eficaz para cualquier material y aplicaci\u00f3n<\/li>\n<li>Las paredes laterales empinadas evitan la formaci\u00f3n de puentes y descargan f\u00e1cilmente una amplia gama de materiales, como mezclas bituminosas en caliente, \u00e1ridos peque\u00f1os y grandes, arena, grava, materiales de reciclaje y hormig\u00f3n de bajo asentamiento<\/li>\n<li>Media revoluci\u00f3n de la cinta descarga el material de forma r\u00e1pida y eficaz<\/li>\n<\/ul>\n<div class=\"left-img\"><img loading=\"lazy\" decoding=\"async\" class=\"alignnone\" src=\"https:\/\/etnyre.com\/wp-content\/uploads\/2023\/09\/Best-Live-Bottom-Trailers-Illinois-2.jpg\" alt=\"La parte trasera de uno de los remolques de fondo vivo mejor dise\u00f1ados de Illinois\" width=\"500\" height=\"350\" title=\"\"><\/div>\n<h3>Habla con nuestro equipo<\/h3>\n<p>Si trasladar grandes cantidades de materiales es crucial para el funcionamiento de tu empresa, es hora de que consideres la posibilidad de invertir en los mejores remolques de fondo vivo de Illinois. Los contratistas locales cuentan con la calidad y el prestigio de los equipos fabricados por E.D. Etnyre &amp; Co. Para obtener m\u00e1s informaci\u00f3n sobre nuestros productos o solicitar un presupuesto, llama <a href=\"tel:8157322116\">al 815-732-2116<\/a>. Nuestra oficina principal se encuentra en 1333 Daysville Rd, Oregon, IL 61061. Etnyre tiene su sede en <a href=\"https:\/\/etnyre.com\/live-bottom-trailers-illinois\/\">Illinois<\/a> y atiende a clientes de <a href=\"https:\/\/etnyre.com\/best-live-bottom-trailers-arizona\/\">Arizona<\/a>, <a href=\"https:\/\/etnyre.com\/best-live-bottom-trailers-texas\/\">Texas<\/a>, <a href=\"https:\/\/etnyre.com\/best-live-bottom-trailers-tennessee\/\">Tennessee<\/a> y de todo Estados Unidos.<\/p>\n","protected":false},"excerpt":{"rendered":"<p>Transporte y descarga excepcionales con los mejores remolques de fondo vivo de Illinois \u00bfNecesitas transportar grandes cargas de \u00e1ridos asf\u00e1lticos desde tus instalaciones a una obra? \u00bfEst\u00e1s equipado para transportar tu grano y tu producto al mercado? Si lo que te preocupa es transportar mercanc\u00edas sueltas y en bruto, invertir en los mejores remolques de &hellip; <a href=\"https:\/\/etnyre.com\/es\/los-mejores-remolques-de-fondo-vivo-illinois\/\" class=\"more-link\">Continue reading <span class=\"screen-reader-text\">Los mejores remolques de fondo vivo Illinois<\/span><\/a><\/p>\n","protected":false},"author":1,"featured_media":9500,"parent":0,"menu_order":0,"comment_status":"closed","ping_status":"closed","template":"","meta":{"_acf_changed":false,"footnotes":""},"class_list":["post-11390","page","type-page","status-publish","has-post-thumbnail","hentry"],"acf":[],"_links":{"self":[{"href":"https:\/\/etnyre.com\/es\/wp-json\/wp\/v2\/pages\/11390","targetHints":{"allow":["GET"]}}],"collection":[{"href":"https:\/\/etnyre.com\/es\/wp-json\/wp\/v2\/pages"}],"about":[{"href":"https:\/\/etnyre.com\/es\/wp-json\/wp\/v2\/types\/page"}],"author":[{"embeddable":true,"href":"https:\/\/etnyre.com\/es\/wp-json\/wp\/v2\/users\/1"}],"replies":[{"embeddable":true,"href":"https:\/\/etnyre.com\/es\/wp-json\/wp\/v2\/comments?post=11390"}],"version-history":[{"count":1,"href":"https:\/\/etnyre.com\/es\/wp-json\/wp\/v2\/pages\/11390\/revisions"}],"predecessor-version":[{"id":12199,"href":"https:\/\/etnyre.com\/es\/wp-json\/wp\/v2\/pages\/11390\/revisions\/12199"}],"wp:featuredmedia":[{"embeddable":true,"href":"https:\/\/etnyre.com\/es\/wp-json\/wp\/v2\/media\/9500"}],"wp:attachment":[{"href":"https:\/\/etnyre.com\/es\/wp-json\/wp\/v2\/media?parent=11390"}],"curies":[{"name":"wp","href":"https:\/\/api.w.org\/{rel}","templated":true}]}}