{"id":11391,"date":"2024-04-04T08:55:25","date_gmt":"2024-04-04T08:55:25","guid":{"rendered":"https:\/\/etnyre.com\/el-mejor-equipo-de-asfaltado-de-illinois\/"},"modified":"2024-05-31T11:27:46","modified_gmt":"2024-05-31T11:27:46","slug":"el-mejor-equipo-de-asfaltado-de-illinois","status":"publish","type":"page","link":"https:\/\/etnyre.com\/es\/el-mejor-equipo-de-asfaltado-de-illinois\/","title":{"rendered":"Mejor equipo de asfaltado Illinois"},"content":{"rendered":"<h3>Lleva tu empresa al siguiente nivel con el mejor equipo de asfaltado de Illinois<\/h3>\n<p>\u00a1Los contratistas de asfalto abundan en todo el Estado de las Praderas! Desde residencias privadas a propiedades comerciales, siempre hay una gran necesidad de trabajos de asfaltado en el Medio Oeste. Sin embargo, muchos contratistas de asfalto no disponen del equipo adecuado para realizar trabajos de mayor envergadura que un peque\u00f1o solar o una entrada de veh\u00edculos. Ah\u00ed es donde E.D. Etnyre &amp; Co. est\u00e1 cambiando las reglas del juego para los contratistas. Fabricamos el <a href=\"https:\/\/etnyre.com\/best-chip-seal-equipment\/\">mejor equipo de asfaltado<\/a> de Illinois, lo que permite a los contratistas ofrecer servicios de repavimentaci\u00f3n a mayor escala. \u00a1Llama a Etnyre hoy mismo para saber m\u00e1s!<\/p>\n<h3>\u00bfQu\u00e9 necesitas para un sellado de virutas de alta calidad?<\/h3>\n<p>Si tu empresa a\u00fan no ofrece <a href=\"https:\/\/etnyre.com\/chip-seal-paving\/\">pavimentaci\u00f3n con aglomerado<\/a>, es un servicio en el que merece la pena invertir. Chip &amp; Seal no s\u00f3lo es muy eficaz para repavimentar el asfalto, sino que adem\u00e1s es asequible tanto para los contratistas como para los clientes. Sin embargo, sin el equipo esencial que proporciona Etnyre, los servicios de asfaltado se vuelven m\u00e1s dif\u00edciles. Como tal, Etnyre suministra maquinaria esencial como:<\/p>\n<ul>\n<li><strong>Distribuidores de asfalto<\/strong>\n<ul>\n<li>Como parte del primer paso del proceso de asfaltado y sellado, debe aplicarse asfalto l\u00edquido caliente sobre la superficie del pavimento a tratar. En el caso de obras peque\u00f1as, puede realizarse con unos pocos obreros y herramientas especializadas para esparcir asfalto l\u00edquido. Sin embargo, un <a href=\"https:\/\/etnyre.com\/asphalt-distributors-illinois\/\">distribuidor de asfalto<\/a> es el \u00fanico medio razonable para pulverizar asfalto l\u00edquido de forma r\u00e1pida y uniforme en calles o carreteras m\u00e1s grandes.<\/li>\n<\/ul>\n<\/li>\n<li><strong>Esparcidores de virutas<\/strong>\n<ul>\n<li>Una vez colocado el asfalto l\u00edquido, los contratistas esparcen uniformemente virutas de asfalto sobre el pavimento y las presionan para que se adhieran a la superficie. La fusi\u00f3n del asfalto l\u00edquido y el \u00e1rido crea una capa impermeable que protege el asfalto y restaura el pavimento agrietado o despegado. Con <a href=\"https:\/\/etnyre.com\/chip-spreaders-illinois\/\">los esparcidores de gravilla de Etnyre<\/a>, los contratistas pueden garantizar un esparcimiento r\u00e1pido y preciso de la gravilla, asegurando la mejor finalizaci\u00f3n posible del proyecto.<\/li>\n<\/ul>\n<\/li>\n<li><strong>Equipamiento adicional<\/strong>\n<ul>\n<li>Adem\u00e1s de la maquinaria industrial principal utilizada para el sellado de virutas, se necesita equipo adicional para gestionar el transporte. Con cisternas y remolques duraderos, \u00a1los contratistas pueden transportar materias primas y equipos a cualquier distancia! Nuestras <a href=\"https:\/\/etnyre.com\/lowboy-trailers-illinois\/\">plataformas bajas<\/a> est\u00e1n dise\u00f1adas para transportar f\u00e1cilmente <a href=\"https:\/\/etnyre.com\/top-rated-chip-spreaders-illinois\/\">esparcidoras de gravilla<\/a>, <a href=\"https:\/\/etnyre.com\/crack-sealers-illinois\/\">selladoras de grietas<\/a> y otras <a href=\"https:\/\/etnyre.com\/best-asphalt-machines\/\">m\u00e1quinas de asfalto<\/a>. En cuanto a los <a href=\"https:\/\/etnyre.com\/best-live-bottom-trailers-illinois\/\">fondos vivos<\/a> y los <a href=\"https:\/\/etnyre.com\/sourcewell\/transports\">transportes de asfalto<\/a>, estos remolques y camiones cisterna son perfectos para mover grandes cargas de asfalto l\u00edquido, virutas de \u00e1ridos asf\u00e1lticos, grava, tierra y mucho m\u00e1s.<\/li>\n<\/ul>\n<\/li>\n<\/ul>\n<h3>\u00bfEn qu\u00e9 destaca Etnyre?<\/h3>\n<p>Pocas empresas llevan tanto tiempo en el negocio de la fabricaci\u00f3n de equipos industriales como E.D. Etnyre &amp; Co. De hecho, \u00a1nuestra empresa tiene m\u00e1s de un siglo de experiencia fabricando los mejores equipos de asfaltado para Illinois y el resto del pa\u00eds! Nuestros a\u00f1os en el negocio han dado lugar a algunos avances incre\u00edbles en la tecnolog\u00eda esencial utilizada para el mantenimiento de carreteras y la pavimentaci\u00f3n de asfalto. Los distribuidores de asfalto, esparcidores de gravilla y selladores de grietas de Etnyre han establecido continuamente el est\u00e1ndar de rendimiento y fiabilidad en el sector de la contrataci\u00f3n de asfalto. Nuestra maquinaria incorpora piezas y tecnolog\u00eda que mejoran la longevidad, dan a los operarios un mayor control y agilizan los pasos del proceso de pavimentaci\u00f3n.<\/p>\n<div class=\"left-img\"><img loading=\"lazy\" decoding=\"async\" class=\"alignnone\" src=\"https:\/\/etnyre.com\/wp-content\/uploads\/2023\/10\/Best-Chip-Seal-Equipment-Illinois-2.jpg\" alt=\"Un esparcidor de virutas de Etnyre, parte del Mejor Equipo de Asfaltado de Illinois\" width=\"500\" height=\"350\" title=\"\"><\/div>\n<h3>Habla con nuestro equipo<\/h3>\n<p>\u00bfEst\u00e1 preparada tu empresa para pasar al siguiente nivel? Todo lo que hace falta es invertir en el mejor equipo de asfaltado de Illinois. Haz un cambio a mejor y elige entre la excepcional maquinaria de asfalto dise\u00f1ada y fabricada por E.D. Etnyre &amp; Co. Para saber m\u00e1s sobre nuestra empresa y nuestros productos o solicitar un presupuesto, llama <a href=\"tel:8157322166\">al 815-732-2166<\/a>. Etnyre tiene su sede en 1333 Daysville Rd, Oregon, IL 61061, y atiende a clientes de Illinois, Arizona, Tennessee, Texas y Estados Unidos.<\/p>\n","protected":false},"excerpt":{"rendered":"<p>Lleva tu empresa al siguiente nivel con el mejor equipo de asfaltado de Illinois \u00a1Los contratistas de asfalto abundan en todo el Estado de las Praderas! Desde residencias privadas a propiedades comerciales, siempre hay una gran necesidad de trabajos de asfaltado en el Medio Oeste. Sin embargo, muchos contratistas de asfalto no disponen del equipo &hellip; <a href=\"https:\/\/etnyre.com\/es\/el-mejor-equipo-de-asfaltado-de-illinois\/\" class=\"more-link\">Continue reading <span class=\"screen-reader-text\">Mejor equipo de asfaltado Illinois<\/span><\/a><\/p>\n","protected":false},"author":1,"featured_media":9626,"parent":0,"menu_order":0,"comment_status":"closed","ping_status":"closed","template":"","meta":{"_acf_changed":false,"footnotes":""},"class_list":["post-11391","page","type-page","status-publish","has-post-thumbnail","hentry"],"acf":[],"_links":{"self":[{"href":"https:\/\/etnyre.com\/es\/wp-json\/wp\/v2\/pages\/11391","targetHints":{"allow":["GET"]}}],"collection":[{"href":"https:\/\/etnyre.com\/es\/wp-json\/wp\/v2\/pages"}],"about":[{"href":"https:\/\/etnyre.com\/es\/wp-json\/wp\/v2\/types\/page"}],"author":[{"embeddable":true,"href":"https:\/\/etnyre.com\/es\/wp-json\/wp\/v2\/users\/1"}],"replies":[{"embeddable":true,"href":"https:\/\/etnyre.com\/es\/wp-json\/wp\/v2\/comments?post=11391"}],"version-history":[{"count":1,"href":"https:\/\/etnyre.com\/es\/wp-json\/wp\/v2\/pages\/11391\/revisions"}],"predecessor-version":[{"id":12196,"href":"https:\/\/etnyre.com\/es\/wp-json\/wp\/v2\/pages\/11391\/revisions\/12196"}],"wp:featuredmedia":[{"embeddable":true,"href":"https:\/\/etnyre.com\/es\/wp-json\/wp\/v2\/media\/9626"}],"wp:attachment":[{"href":"https:\/\/etnyre.com\/es\/wp-json\/wp\/v2\/media?parent=11391"}],"curies":[{"name":"wp","href":"https:\/\/api.w.org\/{rel}","templated":true}]}}