{"id":11392,"date":"2024-04-04T08:55:25","date_gmt":"2024-04-04T08:55:25","guid":{"rendered":"https:\/\/etnyre.com\/los-mejores-remolques-de-fondo-vivo-de-tennessee\/"},"modified":"2024-05-31T11:27:47","modified_gmt":"2024-05-31T11:27:47","slug":"los-mejores-remolques-de-fondo-vivo-de-tennessee","status":"publish","type":"page","link":"https:\/\/etnyre.com\/es\/los-mejores-remolques-de-fondo-vivo-de-tennessee\/","title":{"rendered":"Los mejores remolques de fondo vivo de Tennessee"},"content":{"rendered":"<h3>Otros remolques no pueden compararse con los mejores remolques de fondo vivo para Tennessee<\/h3>\n<p>\u00bfTu empresa necesita trasladar grandes cantidades de materias primas y materiales a determinadas distancias? Es una preocupaci\u00f3n com\u00fan a muchas empresas comerciales, industriales y agr\u00edcolas. Sin embargo, puede ser dif\u00edcil encontrar un transporte fiable fuera de las empresas de transporte de mercanc\u00edas. Y sin el equipo adecuado, mover f\u00e1cilmente grandes cargas de materias primas no es posible. Afortunadamente, todo lo que tu empresa necesita son <a href=\"https:\/\/etnyre.com\/live-bottom-trailers-for-sale\/\">los mejores remolques de fondo vivo de Tennessee para satisfacer tus necesidades de transporte<\/a>. Llama a E.D. Etnyre &amp; Co. hoy mismo para saber m\u00e1s.<\/p>\n<h3>Los fondos vivos reinan<\/h3>\n<p>Los remolques con fondo m\u00f3vil han empezado a adue\u00f1arse del mundo industrial, convirti\u00e9ndose en el equipo elegido para cargar y descargar grandes cantidades de materias primas. En lugar de confiar en remolques y veh\u00edculos menos seguros, como los volquetes, los contratistas han adoptado cada vez m\u00e1s las ventajas de los remolques de fondo vivo. Dichas prestaciones incluyen:<\/p>\n<ul>\n<li><strong>Transporte seguro<\/strong>\n<ul>\n<li>Aunque equipos como los camiones volquete pueden ayudar a los contratistas a conseguir la entrega de material, estos camiones son m\u00e1s dif\u00edciles de manejar y conducir con cargas completas. Adem\u00e1s, debido <a href=\"https:\/\/etnyre.com\/live-bottom-trailers-versus-dump-trucks\/\">al elevado centro de masa de<\/a> un <a href=\"https:\/\/etnyre.com\/live-bottom-trailers-versus-dump-trucks\/\">d\u00famper<\/a>, sus posibilidades de vuelco accidental aumentan significativamente. Por otra parte, los remolques de fondo vivo tienen un peso m\u00e1s bajo y m\u00e1s uniformemente distribuido, lo que garantiza una conducci\u00f3n m\u00e1s suave y segura.<\/li>\n<\/ul>\n<\/li>\n<li><strong>Descarga eficaz<\/strong>\n<ul>\n<li>Los remolques con fondo m\u00f3vil utilizan sistemas de cintas transportadoras para facilitar la carga y descarga de materiales. Utilizar cintas transportadoras para empujar los materiales hacia fuera garantiza que tus remolques queden vac\u00edos y limpios, con un m\u00ednimo de residuos. Adem\u00e1s, los fondos vivos permiten una descarga precisa. En lugar de que un cami\u00f3n volquete vac\u00ede toda la caja en un punto, los fondos vivos pueden controlar el ritmo y la velocidad de descarga.<\/li>\n<\/ul>\n<\/li>\n<li><strong>Incre\u00edble versatilidad<\/strong>\n<ul>\n<li>Etnyre produce una serie de equipos de asfalto para contratistas de todo Estados Unidos. Por ello, nuestros remolques de fondo vivo resultan excepcionalmente \u00fatiles para los contratistas de asfalto. Sin embargo, los fondos vivos pueden transportar algo m\u00e1s que \u00e1ridos asf\u00e1lticos, grava y tierra. El control preciso y la descarga suave de los productos hacen que los fondos vivos sean perfectos para transportar arena, sal, grano, productos agr\u00edcolas y mucho m\u00e1s.<\/li>\n<\/ul>\n<\/li>\n<\/ul>\n<h3>\u00bfQu\u00e9 pueden hacer los Fondos Vivos Etnyre?<\/h3>\n<p>Etnyre es conocida por fabricar los <a href=\"https:\/\/etnyre.com\/best-live-bottom-trailers\/\">mejores remolques de fondo<\/a> vivo para Tennessee y para todo EE.UU. Construidos con materiales de alta calidad de origen local, nuestros remolques se inspeccionan y prueban minuciosamente antes de su uso. Cuando compras un remolque Falcon\u00ae Live Bottom de Etnyre, puedes estar tranquilo, sabiendo que tu remolque puede soportar cualquier carga y est\u00e1 construido para durar toda la vida. Algunas de las caracter\u00edsticas de nuestros remolques de fondo vivo son:<\/p>\n<ul>\n<li>El fiable sistema de transporte patentado minimiza el mantenimiento y el tiempo de inactividad para ahorrar dinero<\/li>\n<li>La cinta de 106 cm (42 pulgadas) de ancho elimina los listones y minimiza los puentes de material<\/li>\n<li>Entre los m\u00e1s ligeros del sector para un consumo m\u00ednimo de combustible y una mayor carga \u00fatil<\/li>\n<li>Variedad de puertas traseras, incluidas las dobles, de hormig\u00f3n, de gran elevaci\u00f3n y abatibles de gran elevaci\u00f3n, para proporcionar una descarga eficaz para cualquier material y aplicaci\u00f3n<\/li>\n<li>Las paredes laterales empinadas evitan la formaci\u00f3n de puentes y descargan f\u00e1cilmente una amplia gama de materiales, como mezclas bituminosas en caliente, \u00e1ridos peque\u00f1os y grandes, arena, grava, materiales de reciclaje y hormig\u00f3n de bajo asentamiento<\/li>\n<li>Media revoluci\u00f3n de la cinta descarga el material de forma r\u00e1pida y eficaz<\/li>\n<\/ul>\n<div class=\"left-img\"><img loading=\"lazy\" decoding=\"async\" class=\"alignnone\" src=\"https:\/\/etnyre.com\/wp-content\/uploads\/2023\/09\/Best-Live-Bottom-Trailers-Tennessee-2.jpg\" alt=\"El interior de los Mejores Remolques de Fondo Vivo para contratistas de Tennessee\" width=\"500\" height=\"350\" title=\"\"><\/div>\n<h3>Descubre lo mejor de Etnyre<\/h3>\n<p>No te conformes con volquetes o fondos vivos poco duraderos para tu negocio. En su lugar, encuentra los mejores remolques de fondo vivo de Tennessee, dise\u00f1ados y construidos por los expertos en equipamiento industrial de E.D. Etnyre &amp; Co. Para obtener m\u00e1s informaci\u00f3n sobre nuestros productos o solicitar un presupuesto, llama <a href=\"tel:8157322116\">al 815-732-2116<\/a>. Nuestra oficina principal se encuentra en 1333 Daysville Rd, Oregon, IL 61061. Etnyre tiene su sede en <a href=\"https:\/\/etnyre.com\/best-live-bottom-trailers-illinois\/\">Illinois<\/a> y atiende a clientes de <a href=\"https:\/\/etnyre.com\/best-live-bottom-trailers-arizona\/\">Arizona<\/a>, <a href=\"https:\/\/etnyre.com\/best-live-bottom-trailers-texas\/\">Texas<\/a>, <a href=\"https:\/\/etnyre.com\/live-bottom-trailers-tennessee\/\">Tennessee<\/a> y de todo Estados Unidos.<\/p>\n","protected":false},"excerpt":{"rendered":"<p>Otros remolques no pueden compararse con los mejores remolques de fondo vivo para Tennessee \u00bfTu empresa necesita trasladar grandes cantidades de materias primas y materiales a determinadas distancias? Es una preocupaci\u00f3n com\u00fan a muchas empresas comerciales, industriales y agr\u00edcolas. Sin embargo, puede ser dif\u00edcil encontrar un transporte fiable fuera de las empresas de transporte de &hellip; <a href=\"https:\/\/etnyre.com\/es\/los-mejores-remolques-de-fondo-vivo-de-tennessee\/\" class=\"more-link\">Continue reading <span class=\"screen-reader-text\">Los mejores remolques de fondo vivo de Tennessee<\/span><\/a><\/p>\n","protected":false},"author":1,"featured_media":9487,"parent":0,"menu_order":0,"comment_status":"closed","ping_status":"closed","template":"","meta":{"_acf_changed":false,"footnotes":""},"class_list":["post-11392","page","type-page","status-publish","has-post-thumbnail","hentry"],"acf":[],"_links":{"self":[{"href":"https:\/\/etnyre.com\/es\/wp-json\/wp\/v2\/pages\/11392","targetHints":{"allow":["GET"]}}],"collection":[{"href":"https:\/\/etnyre.com\/es\/wp-json\/wp\/v2\/pages"}],"about":[{"href":"https:\/\/etnyre.com\/es\/wp-json\/wp\/v2\/types\/page"}],"author":[{"embeddable":true,"href":"https:\/\/etnyre.com\/es\/wp-json\/wp\/v2\/users\/1"}],"replies":[{"embeddable":true,"href":"https:\/\/etnyre.com\/es\/wp-json\/wp\/v2\/comments?post=11392"}],"version-history":[{"count":1,"href":"https:\/\/etnyre.com\/es\/wp-json\/wp\/v2\/pages\/11392\/revisions"}],"predecessor-version":[{"id":12198,"href":"https:\/\/etnyre.com\/es\/wp-json\/wp\/v2\/pages\/11392\/revisions\/12198"}],"wp:featuredmedia":[{"embeddable":true,"href":"https:\/\/etnyre.com\/es\/wp-json\/wp\/v2\/media\/9487"}],"wp:attachment":[{"href":"https:\/\/etnyre.com\/es\/wp-json\/wp\/v2\/media?parent=11392"}],"curies":[{"name":"wp","href":"https:\/\/api.w.org\/{rel}","templated":true}]}}