{"id":11393,"date":"2024-04-04T08:55:26","date_gmt":"2024-04-04T08:55:26","guid":{"rendered":"https:\/\/etnyre.com\/el-mejor-equipo-de-asfaltado-de-arizona\/"},"modified":"2024-05-31T11:27:42","modified_gmt":"2024-05-31T11:27:42","slug":"el-mejor-equipo-de-asfaltado-de-arizona","status":"publish","type":"page","link":"https:\/\/etnyre.com\/es\/el-mejor-equipo-de-asfaltado-de-arizona\/","title":{"rendered":"El mejor equipo de asfaltado de Arizona"},"content":{"rendered":"<h3>Cuenta con el mejor equipo de asfaltado de Arizona para tu pr\u00f3ximo proyecto de pavimentaci\u00f3n<\/h3>\n<p>\u00bfEst\u00e1s buscando nuevas formas de mejorar el funcionamiento de tu empresa de asfalto? \u00bfTe falta el equipo adecuado para ofrecer servicios de pavimentaci\u00f3n racionalizados? \u00a1Est\u00e1s de suerte! La repavimentaci\u00f3n en el Estado del Gran Ca\u00f1\u00f3n es uno de los servicios de pavimentaci\u00f3n m\u00e1s solicitados y uno que tu empresa puede ofrecer f\u00e1cilmente con el equipo adecuado. Afortunadamente, a la hora de encontrar el <a href=\"https:\/\/etnyre.com\/best-chip-seal-equipment\/\">mejor equipo de asfaltado<\/a> de Arizona, los contratistas cuentan con la incre\u00edble selecci\u00f3n de maquinaria de asfalto de E.D. Etnyre &amp; Co.<\/p>\n<h3>Todo lo que necesitas<\/h3>\n<p>Como ya hemos dicho, la <a href=\"https:\/\/etnyre.com\/chip-seal-paving\/\">pavimentaci\u00f3n con aglomerado<\/a> es una t\u00e9cnica de repavimentaci\u00f3n incre\u00edblemente popular. No s\u00f3lo es asequible (para contratistas y propietarios), sino que no es tan dif\u00edcil de aplicar. Sin embargo, esto s\u00f3lo es as\u00ed con el equipo adecuado. Etnyre fabrica maquinaria de gama alta, la mejor para agilizar los pasos m\u00e1s cruciales del proceso de sellado de virutas.<\/p>\n<ul>\n<li><strong>Camiones distribuidores de asfalto<\/strong> &#8211; El servicio de asfaltado comienza con la aplicaci\u00f3n de asfalto l\u00edquido a la superficie del pavimento. El asfalto l\u00edquido act\u00faa como aglutinante de las virutas de \u00e1rido asf\u00e1ltico que se van a colocar y ayuda a rellenar las grietas del pavimento. Con un <a href=\"https:\/\/etnyre.com\/asphalt-distributors-arizona\/\">distribuidor de asfalto<\/a>, el asfalto l\u00edquido se roc\u00eda uniformemente sobre las calzadas, lo que requiere poco tiempo y mano de obra adicionales.<\/li>\n<li><strong>Esparcidores<\/strong> de virutas &#8211; Una vez colocado el asfalto l\u00edquido, es hora de esparcir virutas de aglomerado asf\u00e1ltico por encima. Cuando el asfalto l\u00edquido y las virutas de \u00e1ridos se combinan, se crea un recubrimiento duradero y resistente que protege y reafirma el pavimento. Gracias a <a href=\"https:\/\/etnyre.com\/chip-spreaders-arizona\/\">los esparcidores<\/a> de virutas, la estratificaci\u00f3n de las virutas de asfalto puede controlarse en t\u00e9rminos de dosis de aplicaci\u00f3n y tama\u00f1o de las virutas. Esto se hace para garantizar un recubrimiento de sello de virutas de la m\u00e1xima calidad.<\/li>\n<li><strong>Transportes de asfalto<\/strong> &#8211; Aunque tus distribuidores hacen un gran trabajo llevando asfalto caliente al lugar de trabajo, algunos trabajos requieren m\u00e1s de una carga de cami\u00f3n. Como tal, Etnyre suministra a los contratistas los medios para un transporte eficaz del asfalto. Nuestros <a href=\"https:\/\/etnyre.com\/sourcewell\/transports\">camiones cisterna para asfalto<\/a> son perfectos para mantener el asfalto l\u00edquido caliente y fresco de camino a cualquier proyecto.<\/li>\n<li><strong>Remolques<\/strong> &#8211; No podr\u00e1s transportar el mejor equipo de asfaltado de Arizona sin los remolques adecuados. Etnyre proporciona a los contratistas los medios para un transporte eficaz con nuestros <a href=\"https:\/\/etnyre.com\/live-bottom-trailers-arizona\/\">remolques<\/a> de <a href=\"https:\/\/etnyre.com\/lowboy-trailers-arizona\/\">plataforma baja<\/a> y <a href=\"https:\/\/etnyre.com\/live-bottom-trailers-arizona\/\">fondo m\u00f3vil<\/a>. Las g\u00f3ndolas bajas son las mejores para transportar tu equipo, y nuestros fondos vivos proporcionan un transporte y descarga excepcionales para grava, virutas de \u00e1ridos y mucho m\u00e1s.<\/li>\n<\/ul>\n<h3>La ventaja Etnyre<\/h3>\n<p>Pocos fabricantes de equipos industriales tienen tanta experiencia como E.D. Etnyre &amp; Co. Llevamos m\u00e1s de un siglo apoyando a los contratistas de asfalto con maquinaria duradera y de alto rendimiento. Desde 1898, nuestra maquinaria ha marcado la pauta, garantizando a los contratistas de asfalto una mayor facilidad y comodidad a la hora de realizar tareas cruciales de pavimentaci\u00f3n. Adem\u00e1s, nuestro equipo ayuda a los contratistas a no arruinarse comprando equipos nuevos, suministrando equipos usados y piezas nuevas a quienes los necesitan.<\/p>\n<div class=\"left-img\"><img loading=\"lazy\" decoding=\"async\" class=\"alignnone\" src=\"https:\/\/etnyre.com\/wp-content\/uploads\/2023\/10\/Best-Chip-Seal-Equipment-Arizona-2.jpg\" alt=\"Un distribuidor de asfalto, vendido por Etnyre, que produce el Mejor Equipo de Asfaltado de Arizona\" width=\"500\" height=\"350\" title=\"\"><\/div>\n<h3>Contacta con Etnyre<\/h3>\n<p>La clave del \u00e9xito de tu empresa de pavimentaci\u00f3n asf\u00e1ltica es invertir en el mejor equipo de asfaltado de Arizona. Ponte en contacto con E.D. Etnyre &amp; Co. hoy mismo para ver nuestra maquinaria industrial disponible. Obt\u00e9n m\u00e1s informaci\u00f3n sobre nuestra empresa o solicita un presupuesto llamando al <a href=\"tel:8157322166\">815-732-2166<\/a>. Etnyre tiene su sede en 1333 Daysville Rd, Oregon, IL 61061, y atiende a clientes de Illinois, Arizona, Tennessee, Texas y Estados Unidos.<\/p>\n","protected":false},"excerpt":{"rendered":"<p>Cuenta con el mejor equipo de asfaltado de Arizona para tu pr\u00f3ximo proyecto de pavimentaci\u00f3n \u00bfEst\u00e1s buscando nuevas formas de mejorar el funcionamiento de tu empresa de asfalto? \u00bfTe falta el equipo adecuado para ofrecer servicios de pavimentaci\u00f3n racionalizados? \u00a1Est\u00e1s de suerte! La repavimentaci\u00f3n en el Estado del Gran Ca\u00f1\u00f3n es uno de los servicios &hellip; <a href=\"https:\/\/etnyre.com\/es\/el-mejor-equipo-de-asfaltado-de-arizona\/\" class=\"more-link\">Continue reading <span class=\"screen-reader-text\">El mejor equipo de asfaltado de Arizona<\/span><\/a><\/p>\n","protected":false},"author":1,"featured_media":9619,"parent":0,"menu_order":0,"comment_status":"closed","ping_status":"closed","template":"","meta":{"_acf_changed":false,"footnotes":""},"class_list":["post-11393","page","type-page","status-publish","has-post-thumbnail","hentry"],"acf":[],"_links":{"self":[{"href":"https:\/\/etnyre.com\/es\/wp-json\/wp\/v2\/pages\/11393","targetHints":{"allow":["GET"]}}],"collection":[{"href":"https:\/\/etnyre.com\/es\/wp-json\/wp\/v2\/pages"}],"about":[{"href":"https:\/\/etnyre.com\/es\/wp-json\/wp\/v2\/types\/page"}],"author":[{"embeddable":true,"href":"https:\/\/etnyre.com\/es\/wp-json\/wp\/v2\/users\/1"}],"replies":[{"embeddable":true,"href":"https:\/\/etnyre.com\/es\/wp-json\/wp\/v2\/comments?post=11393"}],"version-history":[{"count":1,"href":"https:\/\/etnyre.com\/es\/wp-json\/wp\/v2\/pages\/11393\/revisions"}],"predecessor-version":[{"id":12190,"href":"https:\/\/etnyre.com\/es\/wp-json\/wp\/v2\/pages\/11393\/revisions\/12190"}],"wp:featuredmedia":[{"embeddable":true,"href":"https:\/\/etnyre.com\/es\/wp-json\/wp\/v2\/media\/9619"}],"wp:attachment":[{"href":"https:\/\/etnyre.com\/es\/wp-json\/wp\/v2\/media?parent=11393"}],"curies":[{"name":"wp","href":"https:\/\/api.w.org\/{rel}","templated":true}]}}