{"id":11394,"date":"2024-04-04T08:55:26","date_gmt":"2024-04-04T08:55:26","guid":{"rendered":"https:\/\/etnyre.com\/los-mejores-esparcidores-de-virutas-de-tennessee\/"},"modified":"2024-05-31T11:27:59","modified_gmt":"2024-05-31T11:27:59","slug":"los-mejores-esparcidores-de-virutas-de-tennessee","status":"publish","type":"page","link":"https:\/\/etnyre.com\/es\/los-mejores-esparcidores-de-virutas-de-tennessee\/","title":{"rendered":"Los mejores esparcidores de virutas de Tennessee"},"content":{"rendered":"<h3>Consigue un sellado de virutas superior con los mejores esparcidores de virutas de Tennessee<\/h3>\n<p>E.D. Etnyre &amp; Co. tiene una misi\u00f3n: nuestro objetivo es proporcionar a los contratistas de asfalto de todo Tennessee y Estados Unidos los <a href=\"https:\/\/etnyre.com\/asphalt-equipment\">mejores<\/a> <a href=\"https:\/\/etnyre.com\/top-rated-chip-seal-equipment\/\">equipos de<\/a> <a href=\"https:\/\/etnyre.com\/asphalt-equipment\">pavimentaci\u00f3n de asfalto<\/a> y <a href=\"https:\/\/etnyre.com\/top-rated-chip-seal-equipment\/\">asfaltado<\/a>. Para lograr este objetivo, avanzamos continuamente en la tecnolog\u00eda que hay detr\u00e1s de nuestra maquinaria industrial, creando equipos m\u00e1s eficientes y duraderos que los que pueden ofrecer nuestros competidores. Prueba nuestros mejores esparcidores de gravilla para <a href=\"https:\/\/etnyre.com\/road-maintenance-equipment-tennessee\/\">Tennessee<\/a>, y no sabr\u00e1s c\u00f3mo has podido funcionar tanto tiempo sin equipos dise\u00f1ados y fabricados por Etnyre.<\/p>\n<h3>Por qu\u00e9 elegir los esparcidores de virutas de Etnyre<\/h3>\n<p>\u00a1El ChipSpreader de Etnyre es el mejor de su clase! Nuestras esparcidoras de gravilla simplifican el proceso de asfaltado y sellado, agilizando algunos de los aspectos m\u00e1s dif\u00edciles del trabajo. No s\u00f3lo por comodidad, sino porque nuestras esparcidoras de gravilla ayudan a los contratistas de asfalto a terminar los trabajos con rapidez y garantizan siempre un nivel de alta calidad.<\/p>\n<ul>\n<li><strong>Simplifica Chip &amp; Seal<\/strong>\n<ul>\n<li>El asfaltado y sellado es un m\u00e9todo de tratamiento del pavimento incre\u00edblemente popular. Las viejas superficies de asfalto se restauran y refuerzan utilizando asfalto l\u00edquido y virutas de \u00e1ridos, aumentando su resistencia y longevidad. Sin embargo, sin equipos industriales como esparcidores de gravilla, algunas partes del proceso de sellado de gravilla son m\u00e1s dif\u00edciles de llevar a cabo utilizando mano de obra. Por eso, cualquier contratista que ofrezca sellado de virutas puede beneficiarse enormemente de los esparcidores de virutas.<\/li>\n<\/ul>\n<\/li>\n<li><strong>Garantizar un revestimiento de alta calidad<\/strong>\n<ul>\n<li>Por muy impactante que pueda ser un recubrimiento de sellado de virutas para tu pavimento, una aplicaci\u00f3n deficiente o inadecuada puede reducir gravemente la calidad y longevidad de tus calzadas. Por esta raz\u00f3n, los contratistas de asfalto cuentan con los esparcidores de gravilla de Etnyre para realizar un trabajo de calidad excepcional. Con controles digitales y tolvas de esparcimiento de anchura variable, la aplicaci\u00f3n de virutas puede ajustarse con precisi\u00f3n para lograr un esparcimiento uniforme y consistente en cualquier superficie asfaltada.<\/li>\n<\/ul>\n<\/li>\n<li><strong>Aumentar la capacidad del proyecto<\/strong>\n<ul>\n<li>Por desgracia, los proyectos tardan m\u00e1s en completarse si tu empresa carece del equipo industrial adecuado para el sellado de virutas. Por no mencionar que el trabajo manual necesario sin maquinaria puede ser considerable. Con los esparcidores de gravilla, puedes reducir el tiempo y la mano de obra necesarios para uno de los pasos m\u00e1s complicados del proceso de sellado de gravilla. As\u00ed liberar\u00e1s a tus equipos para que terminen los proyectos m\u00e1s r\u00e1pido y ajusten m\u00e1s trabajos a su calendario.<\/li>\n<\/ul>\n<\/li>\n<\/ul>\n<h3>\u00bfC\u00f3mo destacan los ChipSpreaders de Etnyre?<\/h3>\n<p>Los mejores esparcidores de virutas de Etnyre para Tennessee son mucho m\u00e1s de lo que parece. Nuestro equipo est\u00e1 especialmente dise\u00f1ado para alcanzar y superar la velocidad, el volumen y la precisi\u00f3n necesarios para el <a href=\"https:\/\/etnyre.com\/chip-seal-paving\/\">extendido de aglomerado<\/a>. Al implementar caracter\u00edsticas como sistemas de transmisi\u00f3n hidrost\u00e1tica y tolvas esparcidoras, nuestra maquinaria puede <a href=\"https:\/\/etnyre.com\/best-chip-spreaders\/\">superar a todas las dem\u00e1s esparcidoras de virutas del mercado<\/a>. Algunas de las mejores caracter\u00edsticas de nuestros esparcidores de virutas son:<\/p>\n<ul class=\"col-2\">\n<li>Tracci\u00f3n delantera o a las cuatro ruedas<\/li>\n<li>Motor diesel turboalimentado de 260 CV<\/li>\n<li>Control de velocidad y tasa de aplicaci\u00f3n por ordenador<\/li>\n<li>Cintas transportadoras de accionamiento hidrost\u00e1tico de 24 pulgadas de ancho<\/li>\n<li>Tolva de esparcido frontal de 12 a 24 pies con rodillo de esparcido de accionamiento hidrost\u00e1tico<\/li>\n<li>Tolva fija o variable<\/li>\n<li>Compuertas individuales para esquinas de radio sin esfuerzo<\/li>\n<li>Aletas plegables para un mejor uso del material<\/li>\n<li>Conjunto consola\/asiento deslizante manual<\/li>\n<\/ul>\n<div class=\"left-img\"><img loading=\"lazy\" decoding=\"async\" class=\"alignnone\" src=\"https:\/\/etnyre.com\/wp-content\/uploads\/2023\/09\/Top-Rated-Chip-Spreaders-Tennessee-2.jpg\" alt=\"Las esparcidoras de gravilla mejor valoradas de Tennessee en funcionamiento, ayudando a sellar con gravilla una carretera\" width=\"500\" height=\"350\" title=\"\"><\/div>\n<h3>Habla con nuestro equipo<\/h3>\n<p>Para seguir siendo competitivos y continuar haciendo crecer tu negocio, los contratistas de asfalto necesitan equipos industriales dise\u00f1ados y fabricados por los mejores. Empieza invirtiendo en los mejores esparcidores de virutas de Tennessee, fabricados por E.D. Etnyre &amp; Co. Obt\u00e9n m\u00e1s informaci\u00f3n sobre Etnyre y nuestros otros productos asf\u00e1lticos, o solicita un presupuesto llamando al <a href=\"tel:8157322116\">815-732-2116<\/a>. Nuestra oficina principal se encuentra en 1333 Daysville Rd, Oregon, IL 61061. Etnyre tiene su sede en Illinois y atiende a clientes de Arizona, Texas, Tennessee y de todo Estados Unidos.<\/p>\n","protected":false},"excerpt":{"rendered":"<p>Consigue un sellado de virutas superior con los mejores esparcidores de virutas de Tennessee E.D. Etnyre &amp; Co. tiene una misi\u00f3n: nuestro objetivo es proporcionar a los contratistas de asfalto de todo Tennessee y Estados Unidos los mejores equipos de pavimentaci\u00f3n de asfalto y asfaltado. Para lograr este objetivo, avanzamos continuamente en la tecnolog\u00eda que &hellip; <a href=\"https:\/\/etnyre.com\/es\/los-mejores-esparcidores-de-virutas-de-tennessee\/\" class=\"more-link\">Continue reading <span class=\"screen-reader-text\">Los mejores esparcidores de virutas de Tennessee<\/span><\/a><\/p>\n","protected":false},"author":1,"featured_media":9475,"parent":0,"menu_order":0,"comment_status":"closed","ping_status":"closed","template":"","meta":{"_acf_changed":false,"footnotes":""},"class_list":["post-11394","page","type-page","status-publish","has-post-thumbnail","hentry"],"acf":[],"_links":{"self":[{"href":"https:\/\/etnyre.com\/es\/wp-json\/wp\/v2\/pages\/11394","targetHints":{"allow":["GET"]}}],"collection":[{"href":"https:\/\/etnyre.com\/es\/wp-json\/wp\/v2\/pages"}],"about":[{"href":"https:\/\/etnyre.com\/es\/wp-json\/wp\/v2\/types\/page"}],"author":[{"embeddable":true,"href":"https:\/\/etnyre.com\/es\/wp-json\/wp\/v2\/users\/1"}],"replies":[{"embeddable":true,"href":"https:\/\/etnyre.com\/es\/wp-json\/wp\/v2\/comments?post=11394"}],"version-history":[{"count":1,"href":"https:\/\/etnyre.com\/es\/wp-json\/wp\/v2\/pages\/11394\/revisions"}],"predecessor-version":[{"id":12204,"href":"https:\/\/etnyre.com\/es\/wp-json\/wp\/v2\/pages\/11394\/revisions\/12204"}],"wp:featuredmedia":[{"embeddable":true,"href":"https:\/\/etnyre.com\/es\/wp-json\/wp\/v2\/media\/9475"}],"wp:attachment":[{"href":"https:\/\/etnyre.com\/es\/wp-json\/wp\/v2\/media?parent=11394"}],"curies":[{"name":"wp","href":"https:\/\/api.w.org\/{rel}","templated":true}]}}