{"id":11395,"date":"2024-04-04T08:55:26","date_gmt":"2024-04-04T08:55:26","guid":{"rendered":"https:\/\/etnyre.com\/mejor-equipo-de-asfaltado-de-tennessee\/"},"modified":"2024-05-31T11:27:43","modified_gmt":"2024-05-31T11:27:43","slug":"mejor-equipo-de-asfaltado-de-tennessee","status":"publish","type":"page","link":"https:\/\/etnyre.com\/es\/mejor-equipo-de-asfaltado-de-tennessee\/","title":{"rendered":"El mejor equipo de asfaltado de Tennessee"},"content":{"rendered":"<h3>\u00bfD\u00f3nde puedes seleccionar el mejor equipo de asfaltado en Tennessee?<\/h3>\n<p>\u00a1La necesidad de mantenimiento de las carreteras en Tennessee no tiene fin! Los contratistas de asfalto ofrecen un servicio continuo durante todo el a\u00f1o, y s\u00f3lo se detienen cuando llega el invierno. Sin embargo, necesitas maquinaria industrial que pueda mantener el ritmo para garantizar que tu empresa pueda completar el mayor n\u00famero de trabajos durante la temporada alta. Afortunadamente, no es dif\u00edcil encontrar el <a href=\"https:\/\/etnyre.com\/best-chip-seal-equipment\/\">mejor equipo de asfaltado<\/a> de Tennessee. E.D. Etnyre &amp; Co. suministra una amplia gama de <a href=\"https:\/\/etnyre.com\/best-asphalt-machines\/\">maquinaria de asfalto duradera, resistente y excepcionalmente precisa<\/a>; \u00a1llama hoy mismo para obtener m\u00e1s informaci\u00f3n!<\/p>\n<h3>Distribuidores, esparcidores de virutas y m\u00e1s<\/h3>\n<p>Todos los equipos fabricados por Etnyre son clave en los procesos de pavimentaci\u00f3n m\u00e1s cruciales. La pavimentaci\u00f3n de asfalto, por ejemplo, es uno de los m\u00e9todos de repavimentaci\u00f3n m\u00e1s solicitados por los propietarios privados y los ayuntamientos. Sin embargo, el servicio de sellado de virutas es dif\u00edcil de ofrecer sin el equipo adecuado. Por eso los contratistas de asfalto cuentan con Etnyre para acceder a m\u00e1quinas asfaltadoras de alta calidad, como distribuidores o esparcidores de gravilla.<\/p>\n<ul>\n<li><strong>Distribuidores de asfalto<\/strong>\n<ul>\n<li>Un <a href=\"https:\/\/etnyre.com\/asphalt-distributors-tennessee\/\">distribuidor de asfalto<\/a> ayuda a los contratistas a realizar la tarea aparentemente sencilla de aplicar asfalto l\u00edquido a una calzada. Aunque no es un paso que suponga un reto inmediato en el proceso de sellado de virutas, esparcir asfalto l\u00edquido puede llevar un tiempo y una mano de obra considerables, dependiendo del tama\u00f1o del proyecto. Afortunadamente, los distribuidores de asfalto Etnyre permiten una pulverizaci\u00f3n r\u00e1pida, uniforme y precisa, limitando la necesidad de m\u00e1s tiempo y mano de obra.<\/li>\n<\/ul>\n<\/li>\n<li><strong>Esparcidores de virutas<\/strong>\n<ul>\n<li>A continuaci\u00f3n, como parte del sellado de virutas, se aplican virutas de \u00e1rido asf\u00e1ltico y se funden con el asfalto l\u00edquido. Las virutas de asfalto reciclado se funden con el asfalto caliente para crear un recubrimiento impermeable y duradero que protege y restaura el pavimento subyacente. Gracias a <a href=\"https:\/\/etnyre.com\/chipspreaders\/\">los ChipSpreaders de Etnyre<\/a>, creamos los recubrimientos de aglomerado m\u00e1s duraderos y fiables posibles. Nuestros <a href=\"https:\/\/etnyre.com\/top-rated-chip-spreaders-tennessee\/\">esparcidores de gra<\/a> villa permiten un control preciso de la velocidad de esparcimiento y del tama\u00f1o de la gravilla, prometiendo acabados de sellado de gravilla de alta calidad.<\/li>\n<\/ul>\n<\/li>\n<li><strong>Cisternas y remolques<\/strong>\n<ul>\n<li>El transporte de equipos y materiales es esencial. Por ello, Etnyre suministra a los contratistas de asfalto <a href=\"https:\/\/etnyre.com\/lowboy-trailers-tennessee\/\">remolques de plataforma baja<\/a>, <a href=\"https:\/\/etnyre.com\/sourcewell\/transports\">camiones cisterna para el transporte de asfalto<\/a> y <a href=\"https:\/\/etnyre.com\/best-live-bottom-trailers-tennessee\/\">remolques de fondo vivo<\/a>. Nuestros fondos vivos y camiones cisterna para asfalto ayudan a transportar materias primas (\u00e1ridos asf\u00e1lticos, rocas, grava) o asfalto l\u00edquido. En cuanto a nuestros remolques bajos, permiten a los contratistas transportar f\u00e1cilmente la maquinaria a cualquier obra.<\/li>\n<\/ul>\n<\/li>\n<\/ul>\n<h3>A\u00f1os de equipos de calidad<\/h3>\n<p>Lo creas o no, Etnyre lleva m\u00e1s de un siglo suministrando el mejor equipo de asfaltado a Tennessee y a todo EE.UU. Desde 1898, nuestros equipos no han dejado de marcar la pauta en cuanto a rendimiento y fiabilidad, allanando el camino para el \u00e9xito de los contratistas. Nuestro objetivo siempre ha sido producir maquinaria de alto rendimiento que agilice el proceso de pavimentaci\u00f3n y permita a los contratistas ahorrar dinero en costes de mano de obra y material. Adem\u00e1s de <a href=\"https:\/\/etnyre.com\/asphalt-distributors\/\">los distribuidores<\/a>, <a href=\"https:\/\/etnyre.com\/best-chip-spreaders\/\">esparcidores de gravilla<\/a> y <a href=\"https:\/\/etnyre.com\/asphalt-trailers\/\">remolques<\/a>, nuestras <a href=\"https:\/\/etnyre.com\/crack-sealers-tennessee\/\">selladoras de grietas<\/a> est\u00e1n calificadas como n\u00famero uno por su rapidez y capacidad.<\/p>\n<div class=\"left-img\"><img loading=\"lazy\" decoding=\"async\" class=\"alignnone\" src=\"https:\/\/etnyre.com\/wp-content\/uploads\/2023\/10\/Best-Chip-Seal-Equipment-Tennessee-2.jpg\" alt=\"Un Distribuidor Etnyre, parte del Mejor Equipo de Asfaltado de Tennessee\" width=\"500\" height=\"350\" title=\"\"><\/div>\n<h3>Llama hoy<\/h3>\n<p>No se puede negar la excepcional calidad y capacidad de la maquinaria Etnyre. Invierte en el mejor equipo de asfaltado de Tennessee de E.D. Etnyre &amp; Co. para encaminar tu empresa de asfalto hacia el \u00e9xito esta temporada de mantenimiento de carreteras. Para obtener m\u00e1s informaci\u00f3n sobre nuestra empresa de equipos o solicitar un presupuesto, ponte en contacto con nosotros hoy mismo en el <a href=\"tel:8157322166\">815-732-2166<\/a>. Estamos en 1333 Daysville Rd, Oregon, IL 61061, y atendemos a clientes de todo Illinois, Arizona, Tennessee, Texas y EE.UU.<\/p>\n","protected":false},"excerpt":{"rendered":"<p>\u00bfD\u00f3nde puedes seleccionar el mejor equipo de asfaltado en Tennessee? \u00a1La necesidad de mantenimiento de las carreteras en Tennessee no tiene fin! Los contratistas de asfalto ofrecen un servicio continuo durante todo el a\u00f1o, y s\u00f3lo se detienen cuando llega el invierno. Sin embargo, necesitas maquinaria industrial que pueda mantener el ritmo para garantizar que &hellip; <a href=\"https:\/\/etnyre.com\/es\/mejor-equipo-de-asfaltado-de-tennessee\/\" class=\"more-link\">Continue reading <span class=\"screen-reader-text\">El mejor equipo de asfaltado de Tennessee<\/span><\/a><\/p>\n","protected":false},"author":1,"featured_media":9610,"parent":0,"menu_order":0,"comment_status":"closed","ping_status":"closed","template":"","meta":{"_acf_changed":false,"footnotes":""},"class_list":["post-11395","page","type-page","status-publish","has-post-thumbnail","hentry"],"acf":[],"_links":{"self":[{"href":"https:\/\/etnyre.com\/es\/wp-json\/wp\/v2\/pages\/11395","targetHints":{"allow":["GET"]}}],"collection":[{"href":"https:\/\/etnyre.com\/es\/wp-json\/wp\/v2\/pages"}],"about":[{"href":"https:\/\/etnyre.com\/es\/wp-json\/wp\/v2\/types\/page"}],"author":[{"embeddable":true,"href":"https:\/\/etnyre.com\/es\/wp-json\/wp\/v2\/users\/1"}],"replies":[{"embeddable":true,"href":"https:\/\/etnyre.com\/es\/wp-json\/wp\/v2\/comments?post=11395"}],"version-history":[{"count":1,"href":"https:\/\/etnyre.com\/es\/wp-json\/wp\/v2\/pages\/11395\/revisions"}],"predecessor-version":[{"id":12193,"href":"https:\/\/etnyre.com\/es\/wp-json\/wp\/v2\/pages\/11395\/revisions\/12193"}],"wp:featuredmedia":[{"embeddable":true,"href":"https:\/\/etnyre.com\/es\/wp-json\/wp\/v2\/media\/9610"}],"wp:attachment":[{"href":"https:\/\/etnyre.com\/es\/wp-json\/wp\/v2\/media?parent=11395"}],"curies":[{"name":"wp","href":"https:\/\/api.w.org\/{rel}","templated":true}]}}