{"id":11396,"date":"2024-04-04T08:55:27","date_gmt":"2024-04-04T08:55:27","guid":{"rendered":"https:\/\/etnyre.com\/el-mejor-equipo-de-asfaltado-de-texas\/"},"modified":"2025-05-28T06:10:56","modified_gmt":"2025-05-28T06:10:56","slug":"el-mejor-equipo-de-asfaltado-de-texas","status":"publish","type":"page","link":"https:\/\/etnyre.com\/es\/el-mejor-equipo-de-asfaltado-de-texas\/","title":{"rendered":"El mejor equipo de asfaltado de Texas"},"content":{"rendered":"<h3>Haz avanzar tu empresa de pavimentaci\u00f3n con el mejor equipo de asfaltado de Texas<\/h3>\n<p>Todo es m\u00e1s grande en Texas; \u00a1incluso los proyectos de pavimentaci\u00f3n en todo el Estado de la Estrella Solitaria son m\u00e1s grandes! Para ello, los contratistas de pavimentaci\u00f3n necesitan el mejor equipo de asfaltado de Texas. Con distribuidores excepcionales, esparcidores de gravilla y otros <a href=\"https:\/\/etnyre.com\/es\/equipos-de-mantenimiento-de-carreteras-texas\/\">equipos industriales de mantenimiento de carreteras<\/a>, tu empresa puede satisfacer f\u00e1cilmente las necesidades de pavimentaci\u00f3n y repavimentaci\u00f3n de propietarios particulares, peque\u00f1as empresas y ayuntamientos. Para encontrar maquinaria de alta calidad cerca de ti, ponte en contacto con E.D. Etnyre &amp; Co. hoy mismo.<\/p>\n<h3>Todo lo que necesitas para el sellado de virutas<\/h3>\n<p>Con el equipo adecuado, los m\u00e9todos de repavimentaci\u00f3n de <a href=\"https:\/\/etnyre.com\/es\/asfaltado-y-sellado\/\">gravilla y sellado<\/a> son de los m\u00e1s r\u00e1pidos y f\u00e1ciles de realizar. Sin embargo, estos trabajos de pavimentaci\u00f3n se vuelven mucho m\u00e1s dif\u00edciles sin maquinaria de alta calidad. Por eso, los distribuidores de asfalto, esparcidores de gravilla y transportes\/remolques de Etnyre son lo que necesitas para ofrecer una repavimentaci\u00f3n asf\u00e1ltica excelente.<\/p>\n<ul>\n<li><strong>Rociar asfalto con camiones distribuidores<\/strong>\n<ul>\n<li>El <a href=\"https:\/\/etnyre.com\/es\/computadora-black-topper\/\">Distribuidor de Asfalto Black-Topper<\/a> establece el list\u00f3n de la precisi\u00f3n y la calidad cuando se trata de proyectar asfalto l\u00edquido. Como parte del sellado de virutas y otros proyectos de pavimentaci\u00f3n, se roc\u00eda una capa de asfalto l\u00edquido caliente sobre la calzada que se va a repavimentar. <a href=\"https:\/\/etnyre.com\/es\/distribuidores-de-asfalto-de-texas\/\">Los distribuidores<\/a> permiten a los contratistas rociar el asfalto con mayor rapidez y precisi\u00f3n que la mano de obra manual. Los distribuidores tambi\u00e9n reducen la necesidad de mano de obra adicional.<\/li>\n<\/ul>\n<\/li>\n<li><strong>Colocar virutas de \u00e1rido con esparcidores de virutas<\/strong>\n<ul>\n<li>El <a href=\"https:\/\/etnyre.com\/es\/esparcidores-de-chips\/\">esparcidor de virutas Etnyre<\/a> es un componente esencial del proceso de sellado de virutas. Nuestros esparcidores de virutas pueden controlar con precisi\u00f3n el tama\u00f1o de las virutas y la velocidad de aplicaci\u00f3n al esparcirlas sobre superficies asfaltadas. Gracias a <a href=\"https:\/\/etnyre.com\/es\/esparcidores-de-virutas-texas\/\">los esparcidores de gravilla de Etnyre<\/a>, los contratistas pueden terminar los trabajos de sellado de gravilla m\u00e1s r\u00e1pidamente y prometen una mayor resistencia y durabilidad del recubrimiento final de gravilla.<\/li>\n<\/ul>\n<\/li>\n<li><strong>Trasladar materiales con transportes y remolques de asfalto<\/strong>\n<ul>\n<li>Incluso con las m\u00e1quinas adecuadas para completar los trabajos de sellado de virutas, \u00a1sigues necesitando equipamiento para el equipo y los materiales que utilizas! La gran maquinaria industrial de mantenimiento de carreteras y tus materias primas son m\u00e1s accesibles de transportar con <a href=\"https:\/\/etnyre.com\/es\/remolques-de-asfalto\/\">remolques<\/a> y <a href=\"https:\/\/etnyre.com\/es\/transportes-de-asfalto\/\">camiones cisterna para asfalto<\/a>. Por ejemplo, nuestros remolques bajos son perfectos para trasladar grandes camiones, m\u00e1quinas y equipos, y nuestros transportes de asfalto y <a href=\"https:\/\/etnyre.com\/es\/los-mejores-remolques-de-fondo-vivo-de-texas\/\">remolques de fondo<\/a> vivo son los mejores para transportar asfalto l\u00edquido y materias primas, respectivamente.<\/li>\n<\/ul>\n<\/li>\n<\/ul>\n<h3>El proveedor de equipos industriales de confianza de Texas<\/h3>\n<p>Todo empez\u00f3 en 1898, cuando Etnyre empez\u00f3 a modificar, dise\u00f1ar y fabricar una amplia gama de equipos de construcci\u00f3n de carreteras de asfalto. Nuestro compromiso con piezas de alta calidad y equipos excepcionalmente duraderos nos ha convertido en uno de los fabricantes m\u00e1s fiables para los contratistas de asfalto de todo Estados Unidos. Tanto si necesitas el <a href=\"https:\/\/etnyre.com\/es\/los-mejores-equipos-de-asfaltado-en-venta\/\">mejor equipo de asfaltado<\/a> de Texas como de cualquier otra parte del pa\u00eds, Etnyre te tiene cubierto. Adem\u00e1s de nuestro equipo de sellado de virutas, consulta nuestra selecci\u00f3n de selladoras de grietas y maquinaria a medida.<\/p>\n<div class=\"left-img\"><img loading=\"lazy\" decoding=\"async\" class=\"alignnone\" src=\"https:\/\/etnyre.com\/wp-content\/uploads\/2023\/10\/Best-Chip-Seal-Equipment-Texas-2.jpg\" alt=\"Un esparcidor de gravilla Etnyre, parte del Mejor Equipo de Asfaltado de Texas\" width=\"500\" height=\"350\" title=\"\"><\/div>\n<h3>Llama a nuestra oficina<\/h3>\n<p>Aseg\u00farate el mejor equipo de asfaltado de Texas, \u00a1y el \u00e9xito de tu empresa de asfaltado estar\u00e1 asegurado! Ponte en contacto hoy mismo con los expertos en maquinaria de mantenimiento de carreteras de E.D. Etnyre &amp; Co. Para saber m\u00e1s sobre nuestra empresa y nuestros productos o solicitar un presupuesto, llama <a href=\"tel:8157322166\">al 815-732-2166<\/a>. Estamos en 1333 Daysville Rd, Oregon, IL 61061, y atendemos a clientes de todo Illinois, Arizona, Tennessee, <a href=\"https:\/\/etnyre.com\/es\/camiones-de-revestimiento-de-juntas-texas\/\">Texas<\/a> y EE.UU.<\/p>\n","protected":false},"excerpt":{"rendered":"<p>Haz avanzar tu empresa de pavimentaci\u00f3n con el mejor equipo de asfaltado de Texas Todo es m\u00e1s grande en Texas; \u00a1incluso los proyectos de pavimentaci\u00f3n en todo el Estado de la Estrella Solitaria son m\u00e1s grandes! Para ello, los contratistas de pavimentaci\u00f3n necesitan el mejor equipo de asfaltado de Texas. Con distribuidores excepcionales, esparcidores de &hellip; <a href=\"https:\/\/etnyre.com\/es\/el-mejor-equipo-de-asfaltado-de-texas\/\" class=\"more-link\">Continue reading <span class=\"screen-reader-text\">El mejor equipo de asfaltado de Texas<\/span><\/a><\/p>\n","protected":false},"author":1,"featured_media":9606,"parent":0,"menu_order":0,"comment_status":"closed","ping_status":"closed","template":"","meta":{"_acf_changed":false,"footnotes":""},"class_list":["post-11396","page","type-page","status-publish","has-post-thumbnail","hentry"],"acf":[],"_links":{"self":[{"href":"https:\/\/etnyre.com\/es\/wp-json\/wp\/v2\/pages\/11396","targetHints":{"allow":["GET"]}}],"collection":[{"href":"https:\/\/etnyre.com\/es\/wp-json\/wp\/v2\/pages"}],"about":[{"href":"https:\/\/etnyre.com\/es\/wp-json\/wp\/v2\/types\/page"}],"author":[{"embeddable":true,"href":"https:\/\/etnyre.com\/es\/wp-json\/wp\/v2\/users\/1"}],"replies":[{"embeddable":true,"href":"https:\/\/etnyre.com\/es\/wp-json\/wp\/v2\/comments?post=11396"}],"version-history":[{"count":2,"href":"https:\/\/etnyre.com\/es\/wp-json\/wp\/v2\/pages\/11396\/revisions"}],"predecessor-version":[{"id":13190,"href":"https:\/\/etnyre.com\/es\/wp-json\/wp\/v2\/pages\/11396\/revisions\/13190"}],"wp:featuredmedia":[{"embeddable":true,"href":"https:\/\/etnyre.com\/es\/wp-json\/wp\/v2\/media\/9606"}],"wp:attachment":[{"href":"https:\/\/etnyre.com\/es\/wp-json\/wp\/v2\/media?parent=11396"}],"curies":[{"name":"wp","href":"https:\/\/api.w.org\/{rel}","templated":true}]}}