{"id":11397,"date":"2024-04-04T08:57:24","date_gmt":"2024-04-04T08:57:24","guid":{"rendered":"https:\/\/etnyre.com\/los-mejores-equipos-de-asfalto-illinois\/"},"modified":"2025-07-16T12:16:25","modified_gmt":"2025-07-16T12:16:25","slug":"los-mejores-equipos-de-asfalto-illinois","status":"publish","type":"page","link":"https:\/\/etnyre.com\/es\/los-mejores-equipos-de-asfalto-illinois\/","title":{"rendered":"Los mejores equipos de asfalto Illinois"},"content":{"rendered":"<h3>Etnyre proporciona el mejor equipo de asfalto en Illinois<\/h3>\n<p>Cuando busque el mejor equipo de asfalto de Illinois, querr\u00e1 un proveedor que sea tan fiable como usted quiere que sean sus carreteras. Por eso debe confiar en el nombre <a href=\"https:\/\/etnyreinternational.com\/about-us\/\" rel=\"nofollow noopener\" target=\"_blank\">Etnyre<\/a>. Etnyre celebra sus <a href=\"https:\/\/etnyreinternational.com\/our-history\/\" rel=\"nofollow noopener\" target=\"_blank\">125 a\u00f1os<\/a> de innovaci\u00f3n fiable. La experiencia en operaciones e ingenier\u00eda nos ha dado la capacidad de ofrecer todos los equipos que su equipo de carreteras pueda necesitar. Somos sus socios en la construcci\u00f3n de carreteras de calidad, siempre.<\/p>\n<h3>Innovaci\u00f3n desde el primer d\u00eda<\/h3>\n<p>En <a href=\"https:\/\/etnyreinternational.com\/about-us\/\" rel=\"nofollow noopener\" target=\"_blank\">Etnyre<\/a> estamos orgullosos de nuestra pasi\u00f3n por la innovaci\u00f3n. De hecho, innovar es algo que hemos hecho durante generaciones. Es una de las razones que le ofrecen la oportunidad de personalizar su equipo. Sabemos que la mejor fuente de informaci\u00f3n sobre sus necesidades es usted y su equipo, por lo que nos comprometemos a trabajar con usted para ofrecerle el producto perfecto.<\/p>\n<p>Para cada aspecto de las necesidades de su equipo de carretera, Etnyre est\u00e1 preparado para proporcionarle el equipo adecuado. Puede que necesite una soluci\u00f3n que le ayude a transportar asfalto l\u00edquido de forma segura. Quiz\u00e1 necesite un <a href=\"https:\/\/etnyre.com\/es\/remolques-de-fondo-vivo-illinois\/\">remolque con fondo<\/a> m\u00f3vil para un transporte de precisi\u00f3n. Nuestro equipo est\u00e1 aqu\u00ed para trabajar con usted y encontrar la mejor soluci\u00f3n. Tambi\u00e9n ofrecemos una variedad de opciones de equipos de asfalto, incluyendo <a href=\"https:\/\/etnyre.com\/es\/mejor-equipo-de-asfaltado\/\">esparcidores de virutas<\/a>, distribuidores de asfalto, <a href=\"https:\/\/etnyre.com\/es\/selladores-de-grietas-illinois\/\">selladores de grietas<\/a>, y mucho m\u00e1s. No importa lo que necesite, nos aseguraremos de que obtenga el equipo exacto que se adapte a las necesidades de su equipo.<\/p>\n<h3>Sobre Etnyre<\/h3>\n<p><a href=\"https:\/\/etnyreinternational.com\/about-us\/\" rel=\"nofollow noopener\" target=\"_blank\">Etnyre<\/a> comenz\u00f3 su andadura en <a href=\"https:\/\/etnyreinternational.com\/our-history\/\" rel=\"nofollow noopener\" target=\"_blank\">1898<\/a>, en los inicios de la industria de pavimentos de Estados Unidos. En aquellos d\u00edas, vimos que hab\u00eda una necesidad de equipos de fabricaci\u00f3n de alta calidad para la construcci\u00f3n de carreteras de asfalto, ya que las carreteras conectaban nuestras comunidades en todo EE.UU. Desde entonces, hemos seguido desarrollando los mejores equipos de asfalto en Illinois, as\u00ed como en el resto del pa\u00eds. Nos hemos forjado un nombre por tener los equipos de asfalto m\u00e1s fiables que rinden siempre. Pregunte a cualquier persona del sector y le dir\u00e1 que nos hemos forjado un nombre por nuestra excelente asistencia, nuestras soluciones personalizadas y los mejores equipos de asfalto del mercado. Somos el nombre en el que puede confiar.<\/p>\n<div class=\"left-img\"><img loading=\"lazy\" decoding=\"async\" class=\"alignnone\" src=\"https:\/\/etnyre.com\/wp-content\/uploads\/2023\/07\/laying-new-layer-of-asphalt.jpg\" alt=\"Etnyre ofrece el mejor equipo de asfalto Illinois\" width=\"500\" height=\"350\" title=\"\"><\/div>\n<h3>Contacte con nosotros hoy mismo<\/h3>\n<p>Con un solo clic, puede ponerse en contacto con nosotros en l\u00ednea, donde ofrecemos opciones de financiaci\u00f3n y licitaci\u00f3n municipal. Estamos seguros de que usted ver\u00e1 Etnyre ofrece el mejor equipo de asfalto en Illinois y no podemos esperar a trabajar con usted para encontrar el ajuste perfecto. Para ventas, llame <a href=\"tel:8157322116\">al 815-732-2116<\/a>, y para piezas y servicios marque <a href=\"tel:8885861899\">el 888-586-1899<\/a>.<\/p>\n","protected":false},"excerpt":{"rendered":"<p>Etnyre proporciona el mejor equipo de asfalto en Illinois Cuando busque el mejor equipo de asfalto de Illinois, querr\u00e1 un proveedor que sea tan fiable como usted quiere que sean sus carreteras. Por eso debe confiar en el nombre Etnyre. Etnyre celebra sus 125 a\u00f1os de innovaci\u00f3n fiable. La experiencia en operaciones e ingenier\u00eda nos &hellip; <a href=\"https:\/\/etnyre.com\/es\/los-mejores-equipos-de-asfalto-illinois\/\" class=\"more-link\">Continue reading <span class=\"screen-reader-text\">Los mejores equipos de asfalto Illinois<\/span><\/a><\/p>\n","protected":false},"author":1,"featured_media":8517,"parent":0,"menu_order":0,"comment_status":"closed","ping_status":"closed","template":"","meta":{"_acf_changed":false,"footnotes":""},"class_list":["post-11397","page","type-page","status-publish","has-post-thumbnail","hentry"],"acf":[],"_links":{"self":[{"href":"https:\/\/etnyre.com\/es\/wp-json\/wp\/v2\/pages\/11397","targetHints":{"allow":["GET"]}}],"collection":[{"href":"https:\/\/etnyre.com\/es\/wp-json\/wp\/v2\/pages"}],"about":[{"href":"https:\/\/etnyre.com\/es\/wp-json\/wp\/v2\/types\/page"}],"author":[{"embeddable":true,"href":"https:\/\/etnyre.com\/es\/wp-json\/wp\/v2\/users\/1"}],"replies":[{"embeddable":true,"href":"https:\/\/etnyre.com\/es\/wp-json\/wp\/v2\/comments?post=11397"}],"version-history":[{"count":1,"href":"https:\/\/etnyre.com\/es\/wp-json\/wp\/v2\/pages\/11397\/revisions"}],"predecessor-version":[{"id":14435,"href":"https:\/\/etnyre.com\/es\/wp-json\/wp\/v2\/pages\/11397\/revisions\/14435"}],"wp:featuredmedia":[{"embeddable":true,"href":"https:\/\/etnyre.com\/es\/wp-json\/wp\/v2\/media\/8517"}],"wp:attachment":[{"href":"https:\/\/etnyre.com\/es\/wp-json\/wp\/v2\/media?parent=11397"}],"curies":[{"name":"wp","href":"https:\/\/api.w.org\/{rel}","templated":true}]}}