{"id":11398,"date":"2024-04-04T08:57:24","date_gmt":"2024-04-04T08:57:24","guid":{"rendered":"https:\/\/etnyre.com\/equipos-de-mantenimiento-de-carreteras-arizona\/"},"modified":"2024-04-04T08:57:24","modified_gmt":"2024-04-04T08:57:24","slug":"equipos-de-mantenimiento-de-carreteras-arizona","status":"publish","type":"page","link":"https:\/\/etnyre.com\/es\/equipos-de-mantenimiento-de-carreteras-arizona\/","title":{"rendered":"Equipos de mantenimiento de carreteras Arizona"},"content":{"rendered":"<h3>Obtenga el equipo de mantenimiento de carreteras en el que Arizona ha confiado durante generaciones<\/h3>\n<p>En el juego de las carreteras, la fiabilidad es una preocupaci\u00f3n primordial. Por eso, cuando buscan equipos de mantenimiento de carreteras en Arizona, los equipos inteligentes eligen una empresa que lleva a\u00f1os a la vanguardia de la innovaci\u00f3n. Ahora que <a href=\"https:\/\/etnyre.com\/about-us\/\">Etnyre<\/a> celebra su 125 aniversario, nuestro equipo se enorgullece de haber desempe\u00f1ado ese papel durante generaciones. No tenemos rival en innovaci\u00f3n y capacidad de adaptaci\u00f3n, lo que garantiza que sus operarios est\u00e9n seguros y sean m\u00e1s capaces de hacer bien su trabajo. Tanto si busca el equipo que le ayude a mantener sus carreteras para evitar grandes proyectos como si necesita el equipo para rehacer completamente una carretera, Etnyre tiene lo que busca.<\/p>\n<h3>Por qu\u00e9 elegir Etnyre<\/h3>\n<p>En Etnyre, la tradici\u00f3n que m\u00e1s enorgullece a nuestra empresa es el \u00abcamino Etnyre\u00bb. Sabemos que las carreteras m\u00e1s fiables ser\u00e1n utilizadas por todos y requieren la aportaci\u00f3n del mayor n\u00famero posible de expertos. Por eso trabajamos con un compromiso de implicaci\u00f3n con el cliente, para saber en todo momento c\u00f3mo est\u00e1n sirviendo nuestros equipos a las personas que los utilizan cada d\u00eda. Forjar esas relaciones nos ha permitido estar en la vanguardia de las innovaciones para nuestros operadores durante 125 a\u00f1os. Estas l\u00edneas abiertas de comunicaci\u00f3n no s\u00f3lo nos permiten dise\u00f1ar mejores equipos. Tambi\u00e9n nos ayuda a asegurarnos de que recibe el equipo que mejor se adapta a sus necesidades.<\/p>\n<p>En Etnyre, estamos preparados para ayudarle en cada fase del proceso de mantenimiento de carreteras. Tal vez est\u00e9 buscando <a href=\"https:\/\/etnyre.com\/sourcewell\/transports\">transporte de asfalto<\/a>, <a href=\"https:\/\/etnyre.com\/lowboy-trailers\/\">remolques bajos<\/a> o <a href=\"https:\/\/etnyre.com\/sales\/live-bottom-trailers\/\">remolques de fondo<\/a> vivo para transportar sus cargas a donde tengan que ir. O quiz\u00e1 necesite equipos para reparar las carreteras una vez que el material est\u00e9 all\u00ed. Etnyre tambi\u00e9n se ocupa de eso. Nuestros esparcidores de gravilla, distribuidores de asfalto y selladores de grietas vienen con caracter\u00edsticas personalizables que le permiten hacerlos m\u00e1s eficaces para sus necesidades. Y siempre sabr\u00e1 que el equipo que adquiera de Etnyre resistir\u00e1 el paso del tiempo, como lo hemos hecho nosotros.<\/p>\n<h3>Sobre Etnyre<\/h3>\n<p><a href=\"https:\/\/etnyre.com\/about-us\/\">Etnyre<\/a> comenz\u00f3 su andadura en 1898, justo al inicio de la industria del pavimento en Estados Unidos. Ya entonces vimos la necesidad de que los equipos dispusieran de la m\u00e1s alta calidad de fabricaci\u00f3n para la construcci\u00f3n de carreteras de asfalto. Y hoy, seguimos fabricando los mejores equipos de mantenimiento de carreteras para Arizona y el resto de Estados Unidos. Desde aquellos primeros d\u00edas, hemos construido un nombre y hoy en d\u00eda, la gente sabe que el nombre Etnyre significa calidad, fiabilidad y m\u00e1ximo rendimiento. Adem\u00e1s, ofrecemos asistencia de primera categor\u00eda, soluciones personalizadas y los mejores equipos de asfalto del mercado. En resumen, Etnyre es la marca de confianza.<\/p>\n<div class=\"left-img\"><img loading=\"lazy\" decoding=\"async\" class=\"alignnone\" src=\"https:\/\/etnyre.com\/wp-content\/uploads\/2023\/08\/teamwork-on-road-construction.jpg\" alt=\"Para equipos de carretera de asfalto, conf\u00ede en Etnyre, el mejor equipo de mantenimiento de carreteras en Arizona\" width=\"500\" height=\"350\" title=\"\"><\/div>\n<h3>Contacte con nosotros hoy mismo<\/h3>\n<p>Nuestro equipo en Etnyre espera poder ayudarle a encontrar el equipo perfecto de mantenimiento de carreteras en Arizona. <a href=\"https:\/\/etnyre.com\/contact-us\/\">Llame a nuestro equipo<\/a> al<a href=\"tel:8157322116\">815-732-2116<\/a> hoy para hablar a trav\u00e9s de sus necesidades, por lo que podemos conseguir que configurar con el ajuste correcto. Y ya que est\u00e1s, no olvides consultar los recursos que ofrecemos en nuestro sitio web, como una videoteca y manuales que pueden ayudarte en el camino. Estamos deseando trabajar con usted.<\/p>\n","protected":false},"excerpt":{"rendered":"<p>Obtenga el equipo de mantenimiento de carreteras en el que Arizona ha confiado durante generaciones En el juego de las carreteras, la fiabilidad es una preocupaci\u00f3n primordial. Por eso, cuando buscan equipos de mantenimiento de carreteras en Arizona, los equipos inteligentes eligen una empresa que lleva a\u00f1os a la vanguardia de la innovaci\u00f3n. Ahora que &hellip; <a href=\"https:\/\/etnyre.com\/es\/equipos-de-mantenimiento-de-carreteras-arizona\/\" class=\"more-link\">Continue reading <span class=\"screen-reader-text\">Equipos de mantenimiento de carreteras Arizona<\/span><\/a><\/p>\n","protected":false},"author":1,"featured_media":9136,"parent":0,"menu_order":0,"comment_status":"closed","ping_status":"closed","template":"","meta":{"_acf_changed":false,"footnotes":""},"class_list":["post-11398","page","type-page","status-publish","has-post-thumbnail","hentry"],"acf":[],"_links":{"self":[{"href":"https:\/\/etnyre.com\/es\/wp-json\/wp\/v2\/pages\/11398","targetHints":{"allow":["GET"]}}],"collection":[{"href":"https:\/\/etnyre.com\/es\/wp-json\/wp\/v2\/pages"}],"about":[{"href":"https:\/\/etnyre.com\/es\/wp-json\/wp\/v2\/types\/page"}],"author":[{"embeddable":true,"href":"https:\/\/etnyre.com\/es\/wp-json\/wp\/v2\/users\/1"}],"replies":[{"embeddable":true,"href":"https:\/\/etnyre.com\/es\/wp-json\/wp\/v2\/comments?post=11398"}],"version-history":[{"count":0,"href":"https:\/\/etnyre.com\/es\/wp-json\/wp\/v2\/pages\/11398\/revisions"}],"wp:featuredmedia":[{"embeddable":true,"href":"https:\/\/etnyre.com\/es\/wp-json\/wp\/v2\/media\/9136"}],"wp:attachment":[{"href":"https:\/\/etnyre.com\/es\/wp-json\/wp\/v2\/media?parent=11398"}],"curies":[{"name":"wp","href":"https:\/\/api.w.org\/{rel}","templated":true}]}}