{"id":11399,"date":"2024-04-04T08:57:25","date_gmt":"2024-04-04T08:57:25","guid":{"rendered":"https:\/\/etnyre.com\/equipos-de-mantenimiento-de-carreteras-illinois\/"},"modified":"2024-04-04T08:57:25","modified_gmt":"2024-04-04T08:57:25","slug":"equipos-de-mantenimiento-de-carreteras-illinois","status":"publish","type":"page","link":"https:\/\/etnyre.com\/es\/equipos-de-mantenimiento-de-carreteras-illinois\/","title":{"rendered":"Equipos de mantenimiento de carreteras Illinois"},"content":{"rendered":"<h3>Etnyre Engineers el mejor equipo de mantenimiento de carreteras en Illinois<\/h3>\n<p>Las personas que buscan equipos de mantenimiento de carreteras en Illinois no necesitan buscar m\u00e1s all\u00e1 de su propio patio trasero. Durante <a href=\"https:\/\/etnyreinternational.com\/our-history\/\" rel=\"nofollow noopener\" target=\"_blank\">125 a\u00f1os<\/a>, los equipos de <a href=\"https:\/\/etnyreinternational.com\/about-us\/\" rel=\"nofollow noopener\" target=\"_blank\">Etnyre<\/a> han dise\u00f1ado equipos innovadores, fiables y duraderos para los equipos de carreteras de Illinois y del resto de Estados Unidos. Siempre abiertos a los problemas de nuestros clientes, nuestros equipos llevan generaciones buscando formas de hacer que el mantenimiento de las carreteras sea m\u00e1s f\u00e1cil y eficaz para nuestros clientes. Nuestro enfoque en la experiencia del operador, la durabilidad y la personalizaci\u00f3n han sido la raz\u00f3n por la cual los equipos de carretera de todo el mundo han llegado a apreciar la diferencia en Etnyre ofrece.<\/p>\n<h3>A\u00f1os de fiabilidad<\/h3>\n<p>Generaci\u00f3n tras generaci\u00f3n, los equipos de <a href=\"https:\/\/etnyreinternational.com\/about-us\/\" rel=\"nofollow noopener\" target=\"_blank\">Etnyre<\/a> han abordado la tarea de tomar los problemas de nuestros clientes y ofrecerles soluciones incre\u00edbles. Trabajando con nuestros clientes para encontrar las soluciones precisas que se adapten a sus necesidades, nuestro equipo ha innovado equipos de mantenimiento de carreteras cada vez m\u00e1s eficaces y eficientes. Lo recordamos cada d\u00eda cuando trabajamos con usted para encontrar el equipo adecuado para su tripulaci\u00f3n.<\/p>\n<p>En Etnyre, nuestros productos abarcan todo el \u00e1mbito y las necesidades de los profesionales de la carretera. Tal vez est\u00e9 buscando opciones de transporte de asfalto como <a href=\"https:\/\/etnyre.com\/live-bottom-trailers-illinois\/\">remolques de fondo vivo<\/a> o <a href=\"https:\/\/etnyre.com\/lowboy-trailers-illinois\/\">low boys<\/a>. O tal vez desee abordar sus carreteras en las diferentes etapas de desgaste. Los <a href=\"https:\/\/etnyre.com\/crack-sealers-illinois\/\">selladores de grietas<\/a>, <a href=\"https:\/\/etnyre.com\/best-chip-seal-equipment\/\">esparcidores de chip<\/a> y <a href=\"https:\/\/etnyre.com\/asphalt-distributors-illinois\/\">distribuidores de asfalto<\/a> que ofrecemos en Etnyre ha cubierto. Nuestro equipo se tomar\u00e1 el tiempo necesario -y dispone de las opciones- para personalizar el equipo perfecto para sus necesidades.<\/p>\n<h3>Sobre Etnyre<\/h3>\n<p>De hecho, <a href=\"https:\/\/etnyreinternational.com\/about-us\/\" rel=\"nofollow noopener\" target=\"_blank\">Etnyre<\/a> lleva innovando en el sector de las carreteras desde sus inicios. No s\u00f3lo tenemos la experiencia y los conocimientos necesarios para fabricar los mejores equipos de mantenimiento de carreteras de Illinois. Pero hemos aprendido a ayudarle a navegar por las opciones espec\u00edficas disponibles en el mercado. Hemos estado a su lado, innovando por el camino. Y eso significa que siempre dispondr\u00e1 del equipo fiable que necesita para realizar su trabajo. Adem\u00e1s, nuestro enfoque se centra en el cliente, por lo que podemos guiarle a lo largo del proceso.<\/p>\n<div class=\"left-img\"><img loading=\"lazy\" decoding=\"async\" class=\"alignnone\" src=\"https:\/\/etnyre.com\/wp-content\/uploads\/2023\/07\/asphalt-compactors-is-carrying-out-road-repair-work-laying-new-asphalt-large-heavy-machinery.jpg\" alt=\"Etnyre fabrica los mejores equipos de mantenimiento de carreteras de Illinois\" width=\"500\" height=\"350\" title=\"\"><\/div>\n<h3>Contacte con nosotros hoy mismo<\/h3>\n<p>Llame al equipo Etnyre al <a href=\"tel:8157322116\">815-732-2116<\/a> para que podamos ayudarle a descubrir el mejor equipo de mantenimiento de carreteras en Illinois y c\u00f3mo puede trabajar para usted. Estamos deseando mostrarle c\u00f3mo nuestra experiencia puede mejorar su juego. Tambi\u00e9n puede ponerse en contacto con nosotros con un clic para obtener m\u00e1s informaci\u00f3n sobre las opciones de financiaci\u00f3n y las licitaciones municipales. Estamos deseando trabajar con usted.<\/p>\n","protected":false},"excerpt":{"rendered":"<p>Etnyre Engineers el mejor equipo de mantenimiento de carreteras en Illinois Las personas que buscan equipos de mantenimiento de carreteras en Illinois no necesitan buscar m\u00e1s all\u00e1 de su propio patio trasero. Durante 125 a\u00f1os, los equipos de Etnyre han dise\u00f1ado equipos innovadores, fiables y duraderos para los equipos de carreteras de Illinois y del &hellip; <a href=\"https:\/\/etnyre.com\/es\/equipos-de-mantenimiento-de-carreteras-illinois\/\" class=\"more-link\">Continue reading <span class=\"screen-reader-text\">Equipos de mantenimiento de carreteras Illinois<\/span><\/a><\/p>\n","protected":false},"author":1,"featured_media":8541,"parent":0,"menu_order":0,"comment_status":"closed","ping_status":"closed","template":"","meta":{"_acf_changed":false,"footnotes":""},"class_list":["post-11399","page","type-page","status-publish","has-post-thumbnail","hentry"],"acf":[],"_links":{"self":[{"href":"https:\/\/etnyre.com\/es\/wp-json\/wp\/v2\/pages\/11399","targetHints":{"allow":["GET"]}}],"collection":[{"href":"https:\/\/etnyre.com\/es\/wp-json\/wp\/v2\/pages"}],"about":[{"href":"https:\/\/etnyre.com\/es\/wp-json\/wp\/v2\/types\/page"}],"author":[{"embeddable":true,"href":"https:\/\/etnyre.com\/es\/wp-json\/wp\/v2\/users\/1"}],"replies":[{"embeddable":true,"href":"https:\/\/etnyre.com\/es\/wp-json\/wp\/v2\/comments?post=11399"}],"version-history":[{"count":0,"href":"https:\/\/etnyre.com\/es\/wp-json\/wp\/v2\/pages\/11399\/revisions"}],"wp:featuredmedia":[{"embeddable":true,"href":"https:\/\/etnyre.com\/es\/wp-json\/wp\/v2\/media\/8541"}],"wp:attachment":[{"href":"https:\/\/etnyre.com\/es\/wp-json\/wp\/v2\/media?parent=11399"}],"curies":[{"name":"wp","href":"https:\/\/api.w.org\/{rel}","templated":true}]}}