{"id":11400,"date":"2024-04-04T08:57:25","date_gmt":"2024-04-04T08:57:25","guid":{"rendered":"https:\/\/etnyre.com\/lowboy-remolques-texas\/"},"modified":"2024-04-04T08:57:25","modified_gmt":"2024-04-04T08:57:25","slug":"lowboy-remolques-texas","status":"publish","type":"page","link":"https:\/\/etnyre.com\/es\/lowboy-remolques-texas\/","title":{"rendered":"Lowboy Remolques Texas"},"content":{"rendered":"<h3>Etnyre fabrica los remolques bajos en los que Texas conf\u00eda<\/h3>\n<p>Una de las principales ventajas de los remolques bajos en Texas es la estabilidad a\u00f1adida que ofrecen. As\u00ed que cuando usted est\u00e1 eligiendo d\u00f3nde conseguir su remolque lowboy, usted quiere asegurarse de que usted elija una marca que es igual de estable. <a href=\"https:\/\/etnyreinternational.com\/our-history\/\" rel=\"nofollow noopener\" target=\"_blank\">Desde 1898<\/a>, <a href=\"https:\/\/etnyreinternational.com\/about-us\/\" rel=\"nofollow noopener\" target=\"_blank\">Etnyre<\/a> fabrica equipos en los que pueden confiar las cuadrillas de todo el pa\u00eds. Nuestro compromiso con el cliente y la personalizaci\u00f3n es algo con lo que puede contar mientras le ayudamos a encontrar el remolque perfecto para sus necesidades.<\/p>\n<h3>Por qu\u00e9 un Lowboy<\/h3>\n<p>Los <a href=\"https:\/\/etnyre.com\/lowboy-trailers-tennessee\/\">remolques bajos<\/a> se asientan a baja altura, creando un centro de gravedad m\u00e1s bajo para la carga transportada. El centro de gravedad m\u00e1s bajo permite al d\u00famper transportar cargas m\u00e1s pesadas de forma segura, a la vez que proporciona mayor maniobrabilidad para cargas de mayor altura. Las Lowboys han marcado la pauta en los sectores del transporte de mercanc\u00edas y la construcci\u00f3n gracias a lo fiables que son para el transporte.<\/p>\n<p>Los <a href=\"https:\/\/etnyre.com\/lowboy-trailers\/\">remolques Blackhawk de Etnyre<\/a> son lo suficientemente vers\u00e1tiles como para remolcar lo que necesite con facilidad. Ofrecemos caracter\u00edsticas como cuellos de cisne hidr\u00e1ulicos y ejes extendidos para garantizar que su remolque se adapte perfectamente a cualquier trabajo. Tambi\u00e9n ofrecemos un remolque de cuello de cisne desmontable mec\u00e1nica, una plataforma rodante jeep, un remolque de cuello de cisne desmontable, una pavimentadora especial, y dise\u00f1os personalizados para satisfacer sus necesidades de transporte.<\/p>\n<h3>La experiencia Etnyre<\/h3>\n<p>Etnyre <a href=\"https:\/\/etnyreinternational.com\/our-history\/\" rel=\"nofollow noopener\" target=\"_blank\">lleva 125<\/a> a\u00f1os innovando, dise\u00f1ando y fabricando productos para carreteras. Siempre centrados en el usuario, puede estar seguro de que nuestros remolques son los m\u00e1s funcionales y maniobrables del mercado. Y como siempre hemos estado arraigados en la innovaci\u00f3n, hemos encontrado formas de que usted innove al poder personalizar sus equipos para que se ajusten con precisi\u00f3n a sus necesidades.<\/p>\n<div class=\"left-img\"><img loading=\"lazy\" decoding=\"async\" class=\"alignnone\" src=\"https:\/\/etnyre.com\/wp-content\/uploads\/2023\/07\/semi-truck-2.jpg\" alt=\"Los remolques Lowboy de Etnyre en Texas facilitan el transporte de equipos pesados al siguiente trabajo.\" width=\"500\" height=\"350\" title=\"\"><\/div>\n<h3>Contacte con nosotros hoy mismo<\/h3>\n<p><strong> <\/strong>Llame al equipo Etnyre hoy al <a href=\"tel:8157322116\">815-732-2116<\/a> para que podamos ayudarle a encontrar los <a href=\"https:\/\/etnyre.com\/lowboy-trailers-illinois\/\">remolques lowboy<\/a> en Texas que son adecuados para su negocio. Estaremos preparados para hablar sobre los tipos de trabajos que realiza y c\u00f3mo las diferentes opciones podr\u00edan afectar a la operatividad de su negocio.<\/p>\n","protected":false},"excerpt":{"rendered":"<p>Etnyre fabrica los remolques bajos en los que Texas conf\u00eda Una de las principales ventajas de los remolques bajos en Texas es la estabilidad a\u00f1adida que ofrecen. As\u00ed que cuando usted est\u00e1 eligiendo d\u00f3nde conseguir su remolque lowboy, usted quiere asegurarse de que usted elija una marca que es igual de estable. Desde 1898, Etnyre &hellip; <a href=\"https:\/\/etnyre.com\/es\/lowboy-remolques-texas\/\" class=\"more-link\">Continue reading <span class=\"screen-reader-text\">Lowboy Remolques Texas<\/span><\/a><\/p>\n","protected":false},"author":1,"featured_media":8513,"parent":0,"menu_order":0,"comment_status":"closed","ping_status":"closed","template":"","meta":{"_acf_changed":false,"footnotes":""},"class_list":["post-11400","page","type-page","status-publish","has-post-thumbnail","hentry"],"acf":[],"_links":{"self":[{"href":"https:\/\/etnyre.com\/es\/wp-json\/wp\/v2\/pages\/11400","targetHints":{"allow":["GET"]}}],"collection":[{"href":"https:\/\/etnyre.com\/es\/wp-json\/wp\/v2\/pages"}],"about":[{"href":"https:\/\/etnyre.com\/es\/wp-json\/wp\/v2\/types\/page"}],"author":[{"embeddable":true,"href":"https:\/\/etnyre.com\/es\/wp-json\/wp\/v2\/users\/1"}],"replies":[{"embeddable":true,"href":"https:\/\/etnyre.com\/es\/wp-json\/wp\/v2\/comments?post=11400"}],"version-history":[{"count":0,"href":"https:\/\/etnyre.com\/es\/wp-json\/wp\/v2\/pages\/11400\/revisions"}],"wp:featuredmedia":[{"embeddable":true,"href":"https:\/\/etnyre.com\/es\/wp-json\/wp\/v2\/media\/8513"}],"wp:attachment":[{"href":"https:\/\/etnyre.com\/es\/wp-json\/wp\/v2\/media?parent=11400"}],"curies":[{"name":"wp","href":"https:\/\/api.w.org\/{rel}","templated":true}]}}