{"id":11401,"date":"2024-04-04T08:57:26","date_gmt":"2024-04-04T08:57:26","guid":{"rendered":"https:\/\/etnyre.com\/mejor-equipo-de-asfalto-de-texas\/"},"modified":"2024-04-04T08:57:26","modified_gmt":"2024-04-04T08:57:26","slug":"mejor-equipo-de-asfalto-de-texas","status":"publish","type":"page","link":"https:\/\/etnyre.com\/es\/mejor-equipo-de-asfalto-de-texas\/","title":{"rendered":"Mejor equipo de asfalto de Texas"},"content":{"rendered":"<h3>El mejor equipo de asfalto en Texas es resistente y fiable Etnyre<\/h3>\n<p>La industria del asfalto no es delicada ni f\u00e1cil. Por eso, cuando busque el mejor equipo de asfalto de Texas, querr\u00e1 asegurarse de que sea fiable y duradero. Igual que sus carreteras. Durante <a href=\"https:\/\/etnyreinternational.com\/our-history\/\" rel=\"nofollow noopener\" target=\"_blank\">125 a\u00f1os<\/a>, los equipos de Etnyre se han asegurado de que el nombre <a href=\"https:\/\/etnyreinternational.com\/about-us\/\" rel=\"nofollow noopener\" target=\"_blank\">Etnyre<\/a> sea sin\u00f3nimo de fiabilidad y durabilidad. Nuestra artesan\u00eda y personalizaci\u00f3n garantizan que podamos crear el equipo \u00f3ptimo para sus esfuerzos. Tanto si se trata de un mantenimiento temprano como de una reparaci\u00f3n exhaustiva, Etnyre le ofrece todo lo que necesita para que su empresa funcione con mayor eficacia.<\/p>\n<h3>La diferencia Etnyre<\/h3>\n<p>Las carreteras de todos los estados necesitan un cuidado regular para seguir siendo seguras y operables. Por eso Etnyre le ofrece todo lo que necesita para mantener unas carreteras de calidad. Desde lo esencial para reparaciones tempranas, como <a href=\"https:\/\/etnyre.com\/crack-sealers-texas\/\">selladores de grietas<\/a>, hasta transporte de asfalto, como <a href=\"https:\/\/etnyre.com\/live-bottom-trailers-texas\/\">remolques de fondo<\/a> vivo, Etnyre tiene lo que usted necesita. Nuestras generaciones en el sector nos han demostrado lo esencial que es para nosotros poder adaptar nuestros equipos a sus necesidades. Puede estar seguro de que nuestro equipo se tomar\u00e1 el tiempo necesario para hablar con usted para que pueda terminar con el equipo m\u00e1s eficaz y eficiente posible.<\/p>\n<p>La experiencia de ayudar a nuestros clientes durante tantos a\u00f1os nos ha ense\u00f1ado de cerca la importancia de la comunicaci\u00f3n con ellos. Escucharle no s\u00f3lo nos permite dise\u00f1ar el equipo \u00f3ptimo para sus necesidades, sino tambi\u00e9n comprender mejor los problemas del sector. Sabemos que aprendemos de ustedes cu\u00e1les son los problemas y nuestro trabajo es aportar soluciones. Y por eso nuestros equipos han podido ser tan innovadores en la operatividad y la ingenier\u00eda de nuestros equipos. Atendiendo a las necesidades de nuestros clientes, sabemos que podemos dirigir el sector hacia el futuro.<\/p>\n<h3>Sobre Etnyre<\/h3>\n<p><a href=\"https:\/\/etnyreinternational.com\/about-us\/\" rel=\"nofollow noopener\" target=\"_blank\">Etnyre<\/a> se enorgullece de decir que hemos estado presentes desde los inicios de la industria del pavimento. Durante <a href=\"https:\/\/etnyreinternational.com\/our-history\/\" rel=\"nofollow noopener\" target=\"_blank\">125 a\u00f1os,<\/a> hemos tenido el noble objetivo de fabricar los mejores equipos para la construcci\u00f3n de carreteras de asfalto. Desde nuestros comienzos, nos hemos forjado una reputaci\u00f3n por ofrecer a nuestros clientes los <a href=\"https:\/\/etnyre.com\/best-asphalt-equipment-texas\/\">distribuidores de asfalto<\/a>, <a href=\"https:\/\/etnyre.com\/best-chip-seal-equipment\/\">esparcidores de gravilla<\/a>, dep\u00f3sitos de almacenamiento y <a href=\"https:\/\/etnyre.com\/live-bottom-trailers-texas\/\">remolques<\/a> de mayor calidad y fiabilidad. Y nos hemos forjado un nombre por nuestra excelente asistencia y personalizaci\u00f3n. Cuando usted necesita el mejor equipo del asfalto en Tejas, hay una raz\u00f3n que usted desea confiar en el nombre de Etnyre.<\/p>\n<div class=\"left-img\"><img loading=\"lazy\" decoding=\"async\" class=\"alignnone\" src=\"https:\/\/etnyre.com\/wp-content\/uploads\/2023\/07\/asphalt-1.jpg\" alt=\"Etnyre fabrica el mejor equipo de asfalto de Texas\" width=\"500\" height=\"350\" title=\"\"><\/div>\n<h3>Contacte con nosotros hoy mismo<\/h3>\n<p>Ll\u00e1menos hoy mismo al <a href=\"tel:8157322116\">815-732-2116<\/a> para que nuestro equipo pueda poner a su disposici\u00f3n el mejor equipo de asfalto de Texas. Tambi\u00e9n podemos ayudarle a encontrar exactamente lo que busca con un clic en l\u00ednea. Tambi\u00e9n podemos colaborar con usted en relaci\u00f3n con las licitaciones municipales o la financiaci\u00f3n. Estamos deseando trabajar con usted.<\/p>\n","protected":false},"excerpt":{"rendered":"<p>El mejor equipo de asfalto en Texas es resistente y fiable Etnyre La industria del asfalto no es delicada ni f\u00e1cil. Por eso, cuando busque el mejor equipo de asfalto de Texas, querr\u00e1 asegurarse de que sea fiable y duradero. Igual que sus carreteras. Durante 125 a\u00f1os, los equipos de Etnyre se han asegurado de &hellip; <a href=\"https:\/\/etnyre.com\/es\/mejor-equipo-de-asfalto-de-texas\/\" class=\"more-link\">Continue reading <span class=\"screen-reader-text\">Mejor equipo de asfalto de Texas<\/span><\/a><\/p>\n","protected":false},"author":1,"featured_media":8535,"parent":0,"menu_order":0,"comment_status":"closed","ping_status":"closed","template":"","meta":{"_acf_changed":false,"footnotes":""},"class_list":["post-11401","page","type-page","status-publish","has-post-thumbnail","hentry"],"acf":[],"_links":{"self":[{"href":"https:\/\/etnyre.com\/es\/wp-json\/wp\/v2\/pages\/11401","targetHints":{"allow":["GET"]}}],"collection":[{"href":"https:\/\/etnyre.com\/es\/wp-json\/wp\/v2\/pages"}],"about":[{"href":"https:\/\/etnyre.com\/es\/wp-json\/wp\/v2\/types\/page"}],"author":[{"embeddable":true,"href":"https:\/\/etnyre.com\/es\/wp-json\/wp\/v2\/users\/1"}],"replies":[{"embeddable":true,"href":"https:\/\/etnyre.com\/es\/wp-json\/wp\/v2\/comments?post=11401"}],"version-history":[{"count":0,"href":"https:\/\/etnyre.com\/es\/wp-json\/wp\/v2\/pages\/11401\/revisions"}],"wp:featuredmedia":[{"embeddable":true,"href":"https:\/\/etnyre.com\/es\/wp-json\/wp\/v2\/media\/8535"}],"wp:attachment":[{"href":"https:\/\/etnyre.com\/es\/wp-json\/wp\/v2\/media?parent=11401"}],"curies":[{"name":"wp","href":"https:\/\/api.w.org\/{rel}","templated":true}]}}