{"id":11402,"date":"2024-04-04T08:57:26","date_gmt":"2024-04-04T08:57:26","guid":{"rendered":"https:\/\/etnyre.com\/remolques-lowboy-arizona\/"},"modified":"2024-04-04T08:57:26","modified_gmt":"2024-04-04T08:57:26","slug":"remolques-lowboy-arizona","status":"publish","type":"page","link":"https:\/\/etnyre.com\/es\/remolques-lowboy-arizona\/","title":{"rendered":"Remolques Lowboy Arizona"},"content":{"rendered":"<h3>Los remolques Lowboy de Etnyre en Arizona ofrecen transporte de calidad<\/h3>\n<p>La estabilidad es la raz\u00f3n por la que la mayor\u00eda de la gente elige remolques lowboy en Arizona. Pero muchos no conocen todas las opciones disponibles para sus necesidades espec\u00edficas. Por eso debe confiar en el equipo de <a href=\"https:\/\/etnyreinternational.com\/about-us\/\" rel=\"nofollow noopener\" target=\"_blank\">Etnyre<\/a> para que le ayude a encontrar el remolque perfecto para su equipo. No s\u00f3lo tenemos una gran variedad de opciones a su disposici\u00f3n, sino que nuestro equipo est\u00e1 m\u00e1s que dispuesto a tomarse el tiempo necesario para ayudarle a encontrar la que mejor se adapte a usted.<\/p>\n<h3>Las ventajas de un remolque Lowboy<\/h3>\n<p>Como su nombre indica, un <a href=\"https:\/\/etnyre.com\/lowboy-trailers-tennessee\/\">remolque de plataforma baja<\/a> se sit\u00faa a poca altura del suelo. Pero, \u00bfpor qu\u00e9 importa eso? Un remolque m\u00e1s bajo significa un centro de gravedad m\u00e1s bajo para lo que sea que est\u00e9s transportando. Ese bajo centro de gravedad proporciona una mayor estabilidad y le permite transportar cargas m\u00e1s pesadas e inusuales. El remolque de plataforma baja tambi\u00e9n puede ayudarle a evitar problemas de espacio libre si transporta algo de altura considerable.<\/p>\n<p>Los <a href=\"https:\/\/etnyre.com\/lowboy-trailers\/\">remolques bajos Blackhawk<\/a> de Etnyre est\u00e1n dise\u00f1ados para ayudarle a remolcar con facilidad y flexibilidad. Con diferentes tama\u00f1os, tapas y caracter\u00edsticas, est\u00e1 garantizado que encontrar\u00e1 la opci\u00f3n adecuada a sus necesidades. Ofrecemos cuellos de cisne hidr\u00e1ulicos y ejes extendidos, que le proporcionan versatilidad. Y nuestros remolques de cuello de cisne desmontables mec\u00e1nicos, plataformas rodantes para jeeps, remolques de cuello de cisne desmontables, especiales para adoquines y dise\u00f1os personalizados garantizan que pueda conseguir el remolque lowboy que mejor se adapte a sus necesidades.<\/p>\n<h3>Sobre Etnyre<\/h3>\n<p>Durante m\u00e1s de <a href=\"https:\/\/etnyreinternational.com\/our-history\/\" rel=\"nofollow noopener\" target=\"_blank\">125 a\u00f1os<\/a>, Etnyre ha fabricado productos para carreteras al servicio de los equipos de construcci\u00f3n y de los viajeros. Nuestra capacidad para dise\u00f1ar equipos funcionales que resisten el paso del tiempo nos ha convertido en una marca en la que los profesionales del sector saben que pueden confiar. Y nuestro enfoque centrado en el cliente significa que siempre tendr\u00e1 a alguien que le ayude a guiarle a lo largo del proceso para que al final obtenga el equipo exacto que mejor se adapte a sus necesidades.<\/p>\n<div class=\"left-img\"><img loading=\"lazy\" decoding=\"async\" class=\"alignnone\" src=\"https:\/\/etnyre.com\/wp-content\/uploads\/2023\/07\/semi-truck.jpg\" alt=\"Los remolques Lowboy de Etnyre en Arizona son una gran opci\u00f3n para transportar grandes cargas.\" width=\"500\" height=\"350\" title=\"\"><\/div>\n<h3>Contacte con nosotros hoy mismo<strong> <\/strong><\/h3>\n<p>Si usted est\u00e1 listo para comprar uno de nuestros <a href=\"https:\/\/etnyre.com\/lowboy-trailers-texas\/\">remolques lowboy<\/a> en Arizona o la necesidad de alguien que le ayude a averiguar cu\u00e1l ser\u00eda el m\u00e1s adecuado para usted, llame al equipo de Etnyre hoy. Estaremos encantados de atender su llamada al <a href=\"tel:8157322116\">815-732-2116<\/a>. Y aseg\u00farese de informarnos sobre el alcance completo de su empresa, porque los remolques ni siquiera se acercan a todo lo que ofrecemos.<\/p>\n","protected":false},"excerpt":{"rendered":"<p>Los remolques Lowboy de Etnyre en Arizona ofrecen transporte de calidad La estabilidad es la raz\u00f3n por la que la mayor\u00eda de la gente elige remolques lowboy en Arizona. Pero muchos no conocen todas las opciones disponibles para sus necesidades espec\u00edficas. Por eso debe confiar en el equipo de Etnyre para que le ayude a &hellip; <a href=\"https:\/\/etnyre.com\/es\/remolques-lowboy-arizona\/\" class=\"more-link\">Continue reading <span class=\"screen-reader-text\">Remolques Lowboy Arizona<\/span><\/a><\/p>\n","protected":false},"author":1,"featured_media":8501,"parent":0,"menu_order":0,"comment_status":"closed","ping_status":"closed","template":"","meta":{"_acf_changed":false,"footnotes":""},"class_list":["post-11402","page","type-page","status-publish","has-post-thumbnail","hentry"],"acf":[],"_links":{"self":[{"href":"https:\/\/etnyre.com\/es\/wp-json\/wp\/v2\/pages\/11402","targetHints":{"allow":["GET"]}}],"collection":[{"href":"https:\/\/etnyre.com\/es\/wp-json\/wp\/v2\/pages"}],"about":[{"href":"https:\/\/etnyre.com\/es\/wp-json\/wp\/v2\/types\/page"}],"author":[{"embeddable":true,"href":"https:\/\/etnyre.com\/es\/wp-json\/wp\/v2\/users\/1"}],"replies":[{"embeddable":true,"href":"https:\/\/etnyre.com\/es\/wp-json\/wp\/v2\/comments?post=11402"}],"version-history":[{"count":0,"href":"https:\/\/etnyre.com\/es\/wp-json\/wp\/v2\/pages\/11402\/revisions"}],"wp:featuredmedia":[{"embeddable":true,"href":"https:\/\/etnyre.com\/es\/wp-json\/wp\/v2\/media\/8501"}],"wp:attachment":[{"href":"https:\/\/etnyre.com\/es\/wp-json\/wp\/v2\/media?parent=11402"}],"curies":[{"name":"wp","href":"https:\/\/api.w.org\/{rel}","templated":true}]}}