{"id":11403,"date":"2024-04-04T08:57:27","date_gmt":"2024-04-04T08:57:27","guid":{"rendered":"https:\/\/etnyre.com\/selladores-de-grietas-texas\/"},"modified":"2025-05-28T06:10:30","modified_gmt":"2025-05-28T06:10:30","slug":"selladores-de-grietas-texas","status":"publish","type":"page","link":"https:\/\/etnyre.com\/es\/selladores-de-grietas-texas\/","title":{"rendered":"Selladores de grietas Texas"},"content":{"rendered":"<h3>Etnyre fabrica los selladores de grietas en los que conf\u00eda Texas<\/h3>\n<p><a href=\"https:\/\/etnyreinternational.com\/our-history\/\" rel=\"nofollow noopener\" target=\"_blank\">Durante 125 a\u00f1os<\/a>, el equipo de <a href=\"https:\/\/etnyreinternational.com\/about-us\/\" rel=\"nofollow noopener\" target=\"_blank\">Etnyre<\/a> ha estado innovando equipos para la industria del asfalto y la construcci\u00f3n de carreteras. Desde los selladores de grietas con los que cuenta Texas hasta los esparcidores de gravilla utilizados en todo el pa\u00eds, Etnyre es un nombre en el que los que saben saben que pueden confiar. Nos enorgullece dise\u00f1ar y fabricar equipos que aumentan la seguridad y durabilidad de las carreteras para que nuestro mundo est\u00e9 m\u00e1s conectado.<\/p>\n<h3>El mantenimiento rutinario marca la diferencia<\/h3>\n<p>Siempre hay un desgaste normal en las carreteras. Sin embargo, un mantenimiento rutinario puede mantenerlos transitables y seguros en el futuro. Al tratar las grietas antes de que se conviertan en problemas mayores, el proceso de sellado de grietas es una excelente forma de prolongar la vida \u00fatil y garantizar la seguridad de las carreteras. Al abordar estos peque\u00f1os problemas, cualquier sistema de carreteras puede evitar el cierre por obras importantes. Y los clientes que le contraten para mantener sus carreteras evitar\u00e1n el costoso proceso de sustituci\u00f3n de calzadas.<\/p>\n<p><a href=\"https:\/\/etnyreinternational.com\/our-history\/\" rel=\"nofollow noopener\" target=\"_blank\">Desde 1898<\/a>, hemos estado innovando y personalizando equipos para cuadrillas de carreteras. Nuestro enfoque en la experiencia de su tripulaci\u00f3n, as\u00ed como las condiciones de la carretera de un viajero puede tener la seguridad, le ayudaremos a encontrar el proceso que se adapte a usted y los que utilizan las carreteras de Texas. Capacidades de dep\u00f3sito personalizables, sistemas de calefacci\u00f3n de aceite caliente de flujo controlado en bucle cerrado y sistemas sin purga respetuosos con el medio ambiente son s\u00f3lo algunas de las innovaciones que ofrecen nuestros equipos.<\/p>\n<h3>Sobre Etnyre<\/h3>\n<p>Etnyre no s\u00f3lo fabrica selladores de grietas. Comenzamos en los primeros d\u00edas de la industria de pavimentaci\u00f3n de Estados Unidos con el objetivo de fabricar los mejores equipos para la construcci\u00f3n de carreteras de asfalto. Desde nuestros humildes <a href=\"https:\/\/etnyreinternational.com\/our-history\/\" rel=\"nofollow noopener\" target=\"_blank\">comienzos<\/a>, hemos construido esparcidores de asfalto, esparcidores de gravilla, tanques de almacenamiento y remolques que tienen la reputaci\u00f3n de ofrecer un rendimiento fiable a nuestros clientes. Adem\u00e1s, nos hemos forjado un nombre por nuestra calidad gracias a la asistencia y personalizaci\u00f3n que ofrecemos.<\/p>\n<div class=\"left-img\"><img loading=\"lazy\" decoding=\"async\" class=\"alignnone\" src=\"https:\/\/etnyre.com\/wp-content\/uploads\/2023\/07\/worker-o.jpg\" alt=\"Los trabajadores de carreteras realizan la instalaci\u00f3n de asfalto, y para hacer el trabajo m\u00e1s f\u00e1cil, conf\u00ede en el nombre de Crack Sealers en Texas\" width=\"500\" height=\"350\" title=\"\"><\/div>\n<h3>Contacte con nosotros hoy mismo<\/h3>\n<p>Ll\u00e1menos hoy mismo al <a href=\"tel:8157322116\">815-732-2116<\/a> para que podamos ayudarle a determinar las necesidades de equipamiento que llevar\u00e1n a su equipo al siguiente nivel. Ya se trate de selladores de grietas para carreteras de Texas o de algo m\u00e1s, le ayudaremos a encontrar el equipo adecuado que aumente la eficacia y eficiencia de su equipo.<\/p>\n","protected":false},"excerpt":{"rendered":"<p>Etnyre fabrica los selladores de grietas en los que conf\u00eda Texas Durante 125 a\u00f1os, el equipo de Etnyre ha estado innovando equipos para la industria del asfalto y la construcci\u00f3n de carreteras. Desde los selladores de grietas con los que cuenta Texas hasta los esparcidores de gravilla utilizados en todo el pa\u00eds, Etnyre es un &hellip; <a href=\"https:\/\/etnyre.com\/es\/selladores-de-grietas-texas\/\" class=\"more-link\">Continue reading <span class=\"screen-reader-text\">Selladores de grietas Texas<\/span><\/a><\/p>\n","protected":false},"author":1,"featured_media":8477,"parent":0,"menu_order":0,"comment_status":"closed","ping_status":"closed","template":"","meta":{"_acf_changed":false,"footnotes":""},"class_list":["post-11403","page","type-page","status-publish","has-post-thumbnail","hentry"],"acf":[],"_links":{"self":[{"href":"https:\/\/etnyre.com\/es\/wp-json\/wp\/v2\/pages\/11403","targetHints":{"allow":["GET"]}}],"collection":[{"href":"https:\/\/etnyre.com\/es\/wp-json\/wp\/v2\/pages"}],"about":[{"href":"https:\/\/etnyre.com\/es\/wp-json\/wp\/v2\/types\/page"}],"author":[{"embeddable":true,"href":"https:\/\/etnyre.com\/es\/wp-json\/wp\/v2\/users\/1"}],"replies":[{"embeddable":true,"href":"https:\/\/etnyre.com\/es\/wp-json\/wp\/v2\/comments?post=11403"}],"version-history":[{"count":2,"href":"https:\/\/etnyre.com\/es\/wp-json\/wp\/v2\/pages\/11403\/revisions"}],"predecessor-version":[{"id":14270,"href":"https:\/\/etnyre.com\/es\/wp-json\/wp\/v2\/pages\/11403\/revisions\/14270"}],"wp:featuredmedia":[{"embeddable":true,"href":"https:\/\/etnyre.com\/es\/wp-json\/wp\/v2\/media\/8477"}],"wp:attachment":[{"href":"https:\/\/etnyre.com\/es\/wp-json\/wp\/v2\/media?parent=11403"}],"curies":[{"name":"wp","href":"https:\/\/api.w.org\/{rel}","templated":true}]}}