{"id":11404,"date":"2024-04-04T08:57:27","date_gmt":"2024-04-04T08:57:27","guid":{"rendered":"https:\/\/etnyre.com\/mejor-equipo-de-asfalto-arizona\/"},"modified":"2024-04-04T08:57:27","modified_gmt":"2024-04-04T08:57:27","slug":"mejor-equipo-de-asfalto-arizona","status":"publish","type":"page","link":"https:\/\/etnyre.com\/es\/mejor-equipo-de-asfalto-arizona\/","title":{"rendered":"Mejor equipo de asfalto Arizona"},"content":{"rendered":"<h3>Durante 125 a\u00f1os, Etnyre ha ofrecido el mejor equipo de asfalto en Arizona<\/h3>\n<p>Una de las principales preocupaciones del sector de la carretera es la fiabilidad. Usted debe saber que importa que <a href=\"https:\/\/etnyreinternational.com\/about-us\/\" rel=\"nofollow noopener\" target=\"_blank\">Etnyre<\/a> ha sido una opci\u00f3n confiable para el mejor equipo del asfalto en Arizona por <a href=\"https:\/\/etnyreinternational.com\/our-history\/\" rel=\"nofollow noopener\" target=\"_blank\">125 a\u00f1os<\/a>. Nuestro compromiso con la artesan\u00eda y la innovaci\u00f3n nos ha ayudado a mantenernos a la vanguardia de la industria que nos conecta a todos. Nuestro fundador comenz\u00f3 con la esperanza de ayudar a su pr\u00f3jimo y nosotros elegimos encarnar la capacidad que ofrecemos a nuestros compa\u00f1eros profesionales de la carretera para proporcionar carreteras transitables, seguras y fiables con las que puedan contar nuestras comunidades.<\/p>\n<h3>Encuentre el equipo adecuado con Etnyre<\/h3>\n<p>Ninguna persona o comunidad es una isla en s\u00ed misma. Las carreteras nos permiten movernos unos hacia otros y movernos unos con otros en la producci\u00f3n de los bienes necesarios para la vida. Es por eso que en <a href=\"https:\/\/etnyreinternational.com\/about-us\/\" rel=\"nofollow noopener\" target=\"_blank\">Etnyre<\/a>, siempre nos tomamos el tiempo para hablar con usted acerca de los tipos de situaciones que tiene y tendr\u00e1 que navegar con el futuro de sus carreteras. Esta interacci\u00f3n no s\u00f3lo nos permite encontrar la mejor soluci\u00f3n para sus necesidades, sino que tambi\u00e9n nos proporciona una informaci\u00f3n inestimable sobre los problemas del sector de la carretera para que podamos innovar y dise\u00f1ar soluciones m\u00e1s eficaces. Al igual que las carreteras nos conectan, el tiempo que nuestro equipo dedique a usted le conectar\u00e1 con el equipo adecuado.<\/p>\n<p>Etnyre le ofrece el equipo que necesita para peque\u00f1as reparaciones, grandes proyectos y todo lo dem\u00e1s. Tenemos remolques para <a href=\"https:\/\/etnyre.com\/lowboy-trailers-arizona\/\">transportar<\/a> grandes equipos. Puede encontrar <a href=\"https:\/\/etnyre.com\/crack-sealers-arizona\/\">selladores de grietas<\/a> que ofrecen la primera l\u00ednea de defensa contra la erosi\u00f3n m\u00e1s adelante. Tambi\u00e9n disponemos de <a href=\"https:\/\/etnyre.com\/best-chip-seal-equipment\/\">esparcidores de gravilla<\/a> y <a href=\"https:\/\/etnyre.com\/asphalt-distributors-arizona\/\">distribuidores de asfalto<\/a>, que permiten a las cuadrillas mantener las carreteras operativas y seguras para el p\u00fablico.<\/p>\n<h3>La diferencia Etnyre<\/h3>\n<p>Estamos orgullosos de decir que <a href=\"https:\/\/etnyreinternational.com\/about-us\/\" rel=\"nofollow noopener\" target=\"_blank\">Etnyre<\/a> lleva m\u00e1s de un siglo fabricando productos de asfalto a medida de la m\u00e1s alta calidad. Fundada en <a href=\"https:\/\/etnyreinternational.com\/our-history\/\" rel=\"nofollow noopener\" target=\"_blank\">1898<\/a>, nuestro objetivo desde el principio fue suministrar a la industria de las carreteras asfaltadas los equipos de asfalto m\u00e1s fiables de Estados Unidos. Como hemos seguido construyendo las mejores herramientas para la industria de la construcci\u00f3n de carreteras de asfalto, hemos desarrollado un nombre para ser el mejor en el negocio. Por eso, cuando usted necesita el mejor equipo de asfalto en Arizona, usted sabe que puede confiar en Etnyre.<\/p>\n<div class=\"left-img\"><img loading=\"lazy\" decoding=\"async\" class=\"alignnone\" src=\"https:\/\/etnyre.com\/wp-content\/uploads\/2023\/07\/finishing-the-road-construction-works-street-for-background-road-construction-site-in.jpg\" alt=\"Etnyre ofrece el mejor equipo de asfalto en Arizona\" width=\"500\" height=\"350\" title=\"\"><\/div>\n<h3>Empecemos hoy mismo<\/h3>\n<p>\u00bfEst\u00e1 listo para obtener el mejor equipo de asfalto en Arizona? Llame hoy mismo al equipo de Etnyre al <a href=\"tel:8157322116\">815-732-2116<\/a>. O utilice nuestro sitio web para obtener informaci\u00f3n detallada sobre c\u00f3mo conseguir financiaci\u00f3n o informarse sobre c\u00f3mo obtener licitaciones municipales. P\u00f3ngase en contacto hoy mismo y disfrute de un ma\u00f1ana m\u00e1s eficiente.<\/p>\n","protected":false},"excerpt":{"rendered":"<p>Durante 125 a\u00f1os, Etnyre ha ofrecido el mejor equipo de asfalto en Arizona Una de las principales preocupaciones del sector de la carretera es la fiabilidad. Usted debe saber que importa que Etnyre ha sido una opci\u00f3n confiable para el mejor equipo del asfalto en Arizona por 125 a\u00f1os. Nuestro compromiso con la artesan\u00eda y &hellip; <a href=\"https:\/\/etnyre.com\/es\/mejor-equipo-de-asfalto-arizona\/\" class=\"more-link\">Continue reading <span class=\"screen-reader-text\">Mejor equipo de asfalto Arizona<\/span><\/a><\/p>\n","protected":false},"author":1,"featured_media":8529,"parent":0,"menu_order":0,"comment_status":"closed","ping_status":"closed","template":"","meta":{"_acf_changed":false,"footnotes":""},"class_list":["post-11404","page","type-page","status-publish","has-post-thumbnail","hentry"],"acf":[],"_links":{"self":[{"href":"https:\/\/etnyre.com\/es\/wp-json\/wp\/v2\/pages\/11404","targetHints":{"allow":["GET"]}}],"collection":[{"href":"https:\/\/etnyre.com\/es\/wp-json\/wp\/v2\/pages"}],"about":[{"href":"https:\/\/etnyre.com\/es\/wp-json\/wp\/v2\/types\/page"}],"author":[{"embeddable":true,"href":"https:\/\/etnyre.com\/es\/wp-json\/wp\/v2\/users\/1"}],"replies":[{"embeddable":true,"href":"https:\/\/etnyre.com\/es\/wp-json\/wp\/v2\/comments?post=11404"}],"version-history":[{"count":0,"href":"https:\/\/etnyre.com\/es\/wp-json\/wp\/v2\/pages\/11404\/revisions"}],"wp:featuredmedia":[{"embeddable":true,"href":"https:\/\/etnyre.com\/es\/wp-json\/wp\/v2\/media\/8529"}],"wp:attachment":[{"href":"https:\/\/etnyre.com\/es\/wp-json\/wp\/v2\/media?parent=11404"}],"curies":[{"name":"wp","href":"https:\/\/api.w.org\/{rel}","templated":true}]}}