{"id":11405,"date":"2024-04-04T08:57:27","date_gmt":"2024-04-04T08:57:27","guid":{"rendered":"https:\/\/etnyre.com\/distribuidores-de-asfalto-illinois\/"},"modified":"2025-05-28T06:10:30","modified_gmt":"2025-05-28T06:10:30","slug":"distribuidores-de-asfalto-illinois","status":"publish","type":"page","link":"https:\/\/etnyre.com\/es\/distribuidores-de-asfalto-illinois\/","title":{"rendered":"Distribuidores de asfalto Illinois"},"content":{"rendered":"<h3>Etnyre fabrica los distribuidores de asfalto en los que los profesionales de Illinois conf\u00edan desde hace d\u00e9cadas<\/h3>\n<p>La longevidad del asfalto lo convierte en un material preferido por muchos equipos de mantenimiento. Los distribuidores de asfalto de alta calidad son esenciales para conseguir el mejor firme posible, especialmente en Illinois, donde la maquinaria agr\u00edcola pesada y los cambios estacionales de temperatura provocan da\u00f1os. Por eso, durante a\u00f1os, la soluci\u00f3n para distribuidores de asfalto de calidad en Illinois han sido los distribuidores de asfalto Etnyre Black-Topper. Tenemos un nombre acreditado en el que puede confiar.<\/p>\n<h3>Calidad a medida<\/h3>\n<p>Ninguna tripulaci\u00f3n necesitar\u00e1 exactamente el mismo equipo. Por eso <a href=\"https:\/\/etnyreinternational.com\/about-us\/\" rel=\"nofollow noopener\" target=\"_blank\">Etnyre<\/a> ofrece tama\u00f1os de dep\u00f3sito personalizados con nuestros <a href=\"https:\/\/etnyre.com\/es\/distribuidores-de-asfalto-minnesota\/\">distribuidores de asfalto<\/a>. Desde 4.500 galones a tan s\u00f3lo 1.000, nuestro <a href=\"https:\/\/etnyre.com\/es\/distribuidores-de-asfalto\/\">Black-Topper<\/a> ofrece un dise\u00f1o aerodin\u00e1mico para minimizar el mantenimiento. El manejo por una sola persona con m\u00faltiples posiciones de control le ofrece flexibilidad para encontrar la que mejor se adapte a sus necesidades. Nuestro flujo de asfalto de doble alimentaci\u00f3n tiene una aplicaci\u00f3n uniforme equilibrada en toda la barra. Los controles electr\u00f3nicos de velocidad del asfalto ofrecen precisi\u00f3n con nuestra barra de pulverizaci\u00f3n de 12 pies de circulaci\u00f3n completa. Nuestros <a href=\"https:\/\/etnyre.com\/wp-content\/uploads\/2023\/05\/L-101-24.pdf\">Black-Toppers<\/a> tambi\u00e9n cumplen todas las normativas federales sobre materiales calientes.<\/p>\n<p>Las superficies de asfalto, un material duradero, pueden soportar un tr\u00e1fico intenso si se aplican correctamente. Estas superficies pueden soportar incluso condiciones meteorol\u00f3gicas adversas y vertidos qu\u00edmicos. El asfalto tambi\u00e9n permite un mantenimiento peri\u00f3dico para que dure toda la vida. La alta resistencia al derrape crea una carretera segura para los conductores y suele ofrecer la mejor visibilidad en condiciones meteorol\u00f3gicas. El asfalto es un material de aplicaci\u00f3n y secado r\u00e1pidos que reduce al m\u00ednimo la necesidad de cerrar carreteras. Adem\u00e1s, es f\u00e1cilmente reciclable, por lo que es muy probable que su asfalto viejo se reutilice en una nueva calzada.<\/p>\n<h3>Sobre Etnyre<\/h3>\n<p><a href=\"https:\/\/etnyreinternational.com\/our-history\/\" rel=\"nofollow noopener\" target=\"_blank\">Etnyre<\/a> comenz\u00f3 su andadura en los primeros d\u00edas de la industria del pavimento de Estados Unidos, all\u00e1 por 1898. Empezamos fabricando equipos para la construcci\u00f3n de carreteras de asfalto. Desde entonces, hemos fabricado esparcidores de asfalto, esparcidores de gravilla, dep\u00f3sitos de almacenamiento y remolques conocidos por ofrecer siempre un rendimiento fiable. Y hemos seguido cosechando \u00e9xitos ofreciendo a nuestros clientes una asistencia y una personalizaci\u00f3n inigualables.<\/p>\n<div class=\"left-img\"><img loading=\"lazy\" decoding=\"async\" class=\"alignnone\" src=\"https:\/\/etnyre.com\/wp-content\/uploads\/2023\/07\/road-works-newly-laid-asphalt-during-road-construction.jpg\" alt=\"Los distribuidores de asfalto de Illinois proporcionan asfalto de forma r\u00e1pida y sencilla para cualquier carretera\" width=\"500\" height=\"350\" title=\"\"><\/div>\n<h3>Contacte con nosotros hoy mismo<\/h3>\n<p>Etnyre se encuentra en el norte de Illinois, en el 1333 de Daysville Rd. Esperamos ser su fuente de distribuidores de asfalto en Illinois. Ll\u00e1menos hoy mismo al <a href=\"tel:8157322116\">815-732-2116<\/a> para ver c\u00f3mo podemos ayudarle a llevar a su equipo al siguiente nivel.<\/p>\n","protected":false},"excerpt":{"rendered":"<p>Etnyre fabrica los distribuidores de asfalto en los que los profesionales de Illinois conf\u00edan desde hace d\u00e9cadas La longevidad del asfalto lo convierte en un material preferido por muchos equipos de mantenimiento. Los distribuidores de asfalto de alta calidad son esenciales para conseguir el mejor firme posible, especialmente en Illinois, donde la maquinaria agr\u00edcola pesada &hellip; <a href=\"https:\/\/etnyre.com\/es\/distribuidores-de-asfalto-illinois\/\" class=\"more-link\">Continue reading <span class=\"screen-reader-text\">Distribuidores de asfalto Illinois<\/span><\/a><\/p>\n","protected":false},"author":1,"featured_media":8461,"parent":0,"menu_order":0,"comment_status":"closed","ping_status":"closed","template":"","meta":{"_acf_changed":false,"footnotes":""},"class_list":["post-11405","page","type-page","status-publish","has-post-thumbnail","hentry"],"acf":[],"_links":{"self":[{"href":"https:\/\/etnyre.com\/es\/wp-json\/wp\/v2\/pages\/11405","targetHints":{"allow":["GET"]}}],"collection":[{"href":"https:\/\/etnyre.com\/es\/wp-json\/wp\/v2\/pages"}],"about":[{"href":"https:\/\/etnyre.com\/es\/wp-json\/wp\/v2\/types\/page"}],"author":[{"embeddable":true,"href":"https:\/\/etnyre.com\/es\/wp-json\/wp\/v2\/users\/1"}],"replies":[{"embeddable":true,"href":"https:\/\/etnyre.com\/es\/wp-json\/wp\/v2\/comments?post=11405"}],"version-history":[{"count":2,"href":"https:\/\/etnyre.com\/es\/wp-json\/wp\/v2\/pages\/11405\/revisions"}],"predecessor-version":[{"id":14203,"href":"https:\/\/etnyre.com\/es\/wp-json\/wp\/v2\/pages\/11405\/revisions\/14203"}],"wp:featuredmedia":[{"embeddable":true,"href":"https:\/\/etnyre.com\/es\/wp-json\/wp\/v2\/media\/8461"}],"wp:attachment":[{"href":"https:\/\/etnyre.com\/es\/wp-json\/wp\/v2\/media?parent=11405"}],"curies":[{"name":"wp","href":"https:\/\/api.w.org\/{rel}","templated":true}]}}