{"id":11406,"date":"2024-04-04T08:57:27","date_gmt":"2024-04-04T08:57:27","guid":{"rendered":"https:\/\/etnyre.com\/mejor-equipo-de-asfalto-de-tennessee\/"},"modified":"2024-04-04T08:57:27","modified_gmt":"2024-04-04T08:57:27","slug":"mejor-equipo-de-asfalto-de-tennessee","status":"publish","type":"page","link":"https:\/\/etnyre.com\/es\/mejor-equipo-de-asfalto-de-tennessee\/","title":{"rendered":"Mejor equipo de asfalto de Tennessee"},"content":{"rendered":"<h3>Etnyre ofrece el mejor equipo de asfalto en Tennessee<\/h3>\n<p>Independientemente de lo que el equipo de mantenimiento de carreteras que est\u00e1 buscando, <a href=\"https:\/\/etnyreinternational.com\/about-us\/\" rel=\"nofollow noopener\" target=\"_blank\">Etnyre<\/a> tiene el mejor equipo de asfalto en Tennessee. Etnyre es tan fiable como las mejores carreteras, especialmente ahora que hemos entrado en nuestro <a href=\"https:\/\/etnyreinternational.com\/our-history\/\" rel=\"nofollow noopener\" target=\"_blank\">125 aniversario<\/a> de servicio e innovaci\u00f3n. Nos centramos constantemente en las operaciones de nuestros clientes. Y la experiencia nos ha permitido dise\u00f1ar y personalizar equipos para generaciones y para las necesidades siempre cambiantes de la industria de la carretera. Estamos orgullosos de decir que llegar\u00e1 lejos con el nombre Etnyre como parte de su equipo.<\/p>\n<h3>Productos Etnyre<\/h3>\n<p>Tanto si se trata de peque\u00f1as reparaciones tempranas como de proyectos de mayor envergadura, Etnyre tiene el equipo que necesita. Ofrecemos los tipos de <a href=\"https:\/\/etnyre.com\/live-bottom-trailers-tennessee\/\">remolques<\/a> que necesita para transportar sus materiales. Puede utilizar nuestros <a href=\"https:\/\/etnyre.com\/crack-sealers-tennessee\/\">selladores de grietas<\/a> como primera l\u00ednea de defensa contra la erosi\u00f3n posterior. Y nuestros <a href=\"https:\/\/etnyre.com\/best-chip-seal-equipment\/\">esparcidores de gravilla<\/a> y distribuidores de asfalto permitir\u00e1n a su personal de carreteras mantener sus v\u00edas operativas y seguras para todos los que dependen de ellas.<\/p>\n<p>Edward D. Etnyre fund\u00f3 su empresa hace m\u00e1s de un siglo con un gran inter\u00e9s por ayudar al pr\u00f3jimo. Hoy, cerca de nosotros, seguimos intentando encarnar ese esp\u00edritu proporcionando a nuestros clientes los equipos viales m\u00e1s avanzados, eficientes y eficaces. Desde la personalizaci\u00f3n de las operaciones de espuma, como las opciones ofrecidas con nuestros <a href=\"https:\/\/etnyre.com\/lowboy-trailers-tennessee\/\">remolques bajos<\/a>, hasta las variaciones de capacidad de los dep\u00f3sitos que ofrecemos con nuestras selladoras de grietas, seguro que podr\u00e1 encontrar o fabricar el equipo perfecto con la ayuda de nuestro equipo.<\/p>\n<h3>Fiable desde el principio<\/h3>\n<p>Etnyre se fund\u00f3 en <a href=\"https:\/\/etnyreinternational.com\/our-history\/\" rel=\"nofollow noopener\" target=\"_blank\">1898<\/a>, en los albores de la industria del asfalto para carreteras. En la actualidad, fabricamos una amplia gama de equipos de asfalto que siguen marcando la pauta en cuanto a fiabilidad. Nos enorgullece decir que desde nuestros comienzos nos hemos labrado un nombre como empresa l\u00edder en el sector de la construcci\u00f3n de carreteras de asfalto. Por eso sabemos que puede confiar en que ofrecemos los mejores equipos de asfalto de Tennessee.<\/p>\n<div class=\"left-img\"><img loading=\"lazy\" decoding=\"async\" class=\"alignnone\" src=\"https:\/\/etnyre.com\/wp-content\/uploads\/2023\/07\/road-under-construction.jpg\" alt=\"Etnyre ofrece el mejor equipo de asfalto en Tennessee\" width=\"500\" height=\"350\" title=\"\"><\/div>\n<h3>Contacte con nosotros hoy mismo<\/h3>\n<p>Ll\u00e1menos al <a href=\"tel:8157322116\">815-732-2116<\/a> para que podamos mostrarle de primera mano por qu\u00e9 tenemos el mejor equipo de asfalto en Tennessee. Tambi\u00e9n puede ponerse en contacto con nosotros con un clic en l\u00ednea, donde ofrecemos financiaci\u00f3n y oportunidades de licitaci\u00f3n municipal. Descubra por qu\u00e9 tantas empresas de asfalto se enorgullecen de poner el nombre Etnyre en sus carreteras.<\/p>\n","protected":false},"excerpt":{"rendered":"<p>Etnyre ofrece el mejor equipo de asfalto en Tennessee Independientemente de lo que el equipo de mantenimiento de carreteras que est\u00e1 buscando, Etnyre tiene el mejor equipo de asfalto en Tennessee. Etnyre es tan fiable como las mejores carreteras, especialmente ahora que hemos entrado en nuestro 125 aniversario de servicio e innovaci\u00f3n. Nos centramos constantemente &hellip; <a href=\"https:\/\/etnyre.com\/es\/mejor-equipo-de-asfalto-de-tennessee\/\" class=\"more-link\">Continue reading <span class=\"screen-reader-text\">Mejor equipo de asfalto de Tennessee<\/span><\/a><\/p>\n","protected":false},"author":1,"featured_media":8523,"parent":0,"menu_order":0,"comment_status":"closed","ping_status":"closed","template":"","meta":{"_acf_changed":false,"footnotes":""},"class_list":["post-11406","page","type-page","status-publish","has-post-thumbnail","hentry"],"acf":[],"_links":{"self":[{"href":"https:\/\/etnyre.com\/es\/wp-json\/wp\/v2\/pages\/11406","targetHints":{"allow":["GET"]}}],"collection":[{"href":"https:\/\/etnyre.com\/es\/wp-json\/wp\/v2\/pages"}],"about":[{"href":"https:\/\/etnyre.com\/es\/wp-json\/wp\/v2\/types\/page"}],"author":[{"embeddable":true,"href":"https:\/\/etnyre.com\/es\/wp-json\/wp\/v2\/users\/1"}],"replies":[{"embeddable":true,"href":"https:\/\/etnyre.com\/es\/wp-json\/wp\/v2\/comments?post=11406"}],"version-history":[{"count":0,"href":"https:\/\/etnyre.com\/es\/wp-json\/wp\/v2\/pages\/11406\/revisions"}],"wp:featuredmedia":[{"embeddable":true,"href":"https:\/\/etnyre.com\/es\/wp-json\/wp\/v2\/media\/8523"}],"wp:attachment":[{"href":"https:\/\/etnyre.com\/es\/wp-json\/wp\/v2\/media?parent=11406"}],"curies":[{"name":"wp","href":"https:\/\/api.w.org\/{rel}","templated":true}]}}