{"id":11407,"date":"2024-04-04T08:57:36","date_gmt":"2024-04-04T08:57:36","guid":{"rendered":"https:\/\/etnyre.com\/los-mejores-equipos-de-asfaltado\/"},"modified":"2024-04-04T08:57:36","modified_gmt":"2024-04-04T08:57:36","slug":"los-mejores-equipos-de-asfaltado","status":"publish","type":"page","link":"https:\/\/etnyre.com\/es\/los-mejores-equipos-de-asfaltado\/","title":{"rendered":"Los mejores equipos de asfaltado"},"content":{"rendered":"<h3>Encuentre el mejor equipo de sellado de virutas que su empresa necesita para triunfar<\/h3>\n<p>Estar al d\u00eda de las exigencias de mantenimiento de las carreteras de su zona puede ser agotador. Por no hablar de que tener que competir con media docena de contratistas de asfalto adicionales puede estresar a\u00fan m\u00e1s la capacidad de crecimiento de su negocio. Por eso debe dar a su negocio de contrataci\u00f3n de asfalto una ventaja con los mejores <a href=\"https:\/\/etnyre.com\/chip-seal-equipment\/\">equipos de asfaltado<\/a>. Afortunadamente, la mejor maquinaria de asfalto es f\u00e1cil de encontrar; \u00a1llame a los expertos de Etnyre International!<\/p>\n<h3>Lo mejor de Etnyre<\/h3>\n<p>Muchas carreteras de Estados Unidos se pavimentan y repavimentan mediante <a href=\"https:\/\/etnyre.com\/chip-seal-paving\/\">servicios de sellado de virutas<\/a>. El sellado de gravilla es un m\u00e9todo incre\u00edblemente eficaz para restaurar el asfalto y es relativamente r\u00e1pido y asequible tanto para los clientes como para los contratistas. Sin embargo, no puede ofrecer este popular servicio de pavimentaci\u00f3n sin el equipo adecuado. Como tal, Etnyre tiene todo lo que necesita:<\/p>\n<ul>\n<li><strong>Distribuidores de asfalto<\/strong>\n<ul>\n<li>El sellado de virutas comienza con el esparcimiento de asfalto l\u00edquido sobre el asfalto que se va a repavimentar. Sin embargo, la aplicaci\u00f3n manual de asfalto l\u00edquido requiere tiempo y mano de obra de los que quiz\u00e1 carezca. Por esta raz\u00f3n, los contratistas conf\u00edan en los <a href=\"https:\/\/etnyre.com\/asphalt-distributors\/\">distribuidores de asfalto<\/a> de Etnyre para un esparcimiento r\u00e1pido y uniforme del asfalto l\u00edquido. Nuestros <a href=\"https:\/\/etnyre.com\/black-topper-computator\/\">distribuidores de asfalto Black-Topper<\/a> son f\u00e1ciles de manejar, tienen incre\u00edbles capacidades de dep\u00f3sito, utilizan controles digitales y cumplen todas las normativas federales para productos calientes.<\/li>\n<\/ul>\n<\/li>\n<li><strong>Esparcidores de virutas<\/strong>\n<ul>\n<li>Una vez colocado el asfalto l\u00edquido, es el momento de esparcir los \u00e1ridos asf\u00e1lticos sobre la superficie de su pavimento. Al unir las virutas de \u00e1ridos a su pavimento con asfalto l\u00edquido, se crea un recubrimiento resistente y duradero que rellena las grietas, vuelve a unir el asfalto y restaura el aspecto de su calzada. Y todo esto es posible gracias a <a href=\"https:\/\/etnyre.com\/best-chip-spreaders\/\">los esparcidores de virutas de Etnyre<\/a>. Nuestras <a href=\"https:\/\/etnyre.com\/chipspreaders\/\">esparcidoras de gravilla<\/a> utilizan un sistema de transmisi\u00f3n hidrost\u00e1tica y una tolva de esparcido de anchura variable para ofrecer resultados r\u00e1pidos y precisos.<\/li>\n<\/ul>\n<\/li>\n<li><strong>Transportes y remolques<\/strong>\n<ul>\n<li>Independientemente del trabajo de pavimentaci\u00f3n o del tama\u00f1o del proyecto, es probable que necesite una serie de remolques y transportes para llevar el equipo y los materiales que necesita. Afortunadamente, Etnyre le tiene cubierto con los <a href=\"https:\/\/etnyre.com\/lowboy-trailers\/\">mejores lowboys<\/a>, <a href=\"https:\/\/etnyre.com\/asphalt-transport\/\">transportes del asfalto<\/a>, y <a href=\"https:\/\/etnyre.com\/sales\/live-bottom-trailers\/\">remolques vivos del fondo<\/a>. Nuestros transportes hacen que mover asfalto l\u00edquido sea pan comido, y nuestros fondos vivos garantizan un movimiento seguro y fiable de tierra, grava, virutas de \u00e1ridos y mucho m\u00e1s.<\/li>\n<\/ul>\n<\/li>\n<\/ul>\n<h3>C\u00f3mo destacan los equipos Etnyre<\/h3>\n<p>No hay duda de la calidad y capacidad de los equipos de sellado de virutas de Etnyre. Fabricamos nuestras m\u00e1quinas para contratistas de <a href=\"https:\/\/etnyre.com\/top-rated-chip-seal-equipment-illinois\/\">Illinois<\/a>, <a href=\"https:\/\/etnyre.com\/top-rated-chip-seal-equipment-arizona\/\">Arizona<\/a>, <a href=\"https:\/\/etnyre.com\/top-rated-chip-seal-equipment-texas\/\">Texas<\/a>, <a href=\"https:\/\/etnyre.com\/top-rated-chip-seal-equipment-tennessee\/\">Tennessee<\/a> y de todo Estados Unidos. Utilizando componentes de alta calidad y controles informatizados de \u00faltima generaci\u00f3n, nuestras m\u00e1quinas est\u00e1n dise\u00f1adas para que cualquiera pueda manejarlas f\u00e1cilmente. Adem\u00e1s, los equipos Etnyre son de construcci\u00f3n robusta, capaces de durar toda la vida a la mayor\u00eda de los contratistas. Y lo mejor de todo, despu\u00e9s de comprar m\u00e1quinas de Etnyre, seguiremos apoy\u00e1ndole con piezas y servicios de reparaci\u00f3n.<\/p>\n<div class=\"left-img\"><img loading=\"lazy\" decoding=\"async\" class=\"alignnone\" src=\"https:\/\/etnyre.com\/wp-content\/uploads\/2023\/06\/Top-Rated-Chip-Seal-Equipment-2.jpg\" alt=\"La parte trasera de un remolque de fondo vivo, parte del equipo de impermeabilizaci\u00f3n de Etnyre.\" width=\"500\" height=\"350\" title=\"\"><\/div>\n<h3>Llame hoy a Etnyre<\/h3>\n<p>Cuando invierta en su empresa de asfalto, no se conforme con equipos de calidad inferior. Aseg\u00farese de que est\u00e1 utilizando el mejor equipo de sellado de virutas dise\u00f1ado y fabricado por los expertos de Etnyre International. Para obtener m\u00e1s informaci\u00f3n sobre nuestros equipos o solicitar un presupuesto, p\u00f3ngase en contacto con nosotros hoy mismo en el <a href=\"tel:8157322116\">815-732-2116<\/a>. Estamos ubicados en 1333 Daysville Rd, Oregon, IL 61061. Etnyre tiene su sede en Illinois y atiende a clientes de Arizona, Texas, Tennessee y de todo Estados Unidos.<\/p>\n","protected":false},"excerpt":{"rendered":"<p>Encuentre el mejor equipo de sellado de virutas que su empresa necesita para triunfar Estar al d\u00eda de las exigencias de mantenimiento de las carreteras de su zona puede ser agotador. Por no hablar de que tener que competir con media docena de contratistas de asfalto adicionales puede estresar a\u00fan m\u00e1s la capacidad de crecimiento &hellip; <a href=\"https:\/\/etnyre.com\/es\/los-mejores-equipos-de-asfaltado\/\" class=\"more-link\">Continue reading <span class=\"screen-reader-text\">Los mejores equipos de asfaltado<\/span><\/a><\/p>\n","protected":false},"author":1,"featured_media":8412,"parent":0,"menu_order":0,"comment_status":"closed","ping_status":"closed","template":"","meta":{"_acf_changed":false,"footnotes":""},"class_list":["post-11407","page","type-page","status-publish","has-post-thumbnail","hentry"],"acf":[],"_links":{"self":[{"href":"https:\/\/etnyre.com\/es\/wp-json\/wp\/v2\/pages\/11407","targetHints":{"allow":["GET"]}}],"collection":[{"href":"https:\/\/etnyre.com\/es\/wp-json\/wp\/v2\/pages"}],"about":[{"href":"https:\/\/etnyre.com\/es\/wp-json\/wp\/v2\/types\/page"}],"author":[{"embeddable":true,"href":"https:\/\/etnyre.com\/es\/wp-json\/wp\/v2\/users\/1"}],"replies":[{"embeddable":true,"href":"https:\/\/etnyre.com\/es\/wp-json\/wp\/v2\/comments?post=11407"}],"version-history":[{"count":0,"href":"https:\/\/etnyre.com\/es\/wp-json\/wp\/v2\/pages\/11407\/revisions"}],"wp:featuredmedia":[{"embeddable":true,"href":"https:\/\/etnyre.com\/es\/wp-json\/wp\/v2\/media\/8412"}],"wp:attachment":[{"href":"https:\/\/etnyre.com\/es\/wp-json\/wp\/v2\/media?parent=11407"}],"curies":[{"name":"wp","href":"https:\/\/api.w.org\/{rel}","templated":true}]}}