{"id":11408,"date":"2024-04-04T08:57:37","date_gmt":"2024-04-04T08:57:37","guid":{"rendered":"https:\/\/etnyre.com\/remolques-bajos-tennessee\/"},"modified":"2024-04-04T08:57:37","modified_gmt":"2024-04-04T08:57:37","slug":"remolques-bajos-tennessee","status":"publish","type":"page","link":"https:\/\/etnyre.com\/es\/remolques-bajos-tennessee\/","title":{"rendered":"Remolques bajos Tennessee"},"content":{"rendered":"<h3>Etnyre tiene los remolques Lowboy en los que Tennessee conf\u00eda<\/h3>\n<p>La longevidad del asfalto lo convierte en un material preferido por muchos equipos de mantenimiento. Los distribuidores de asfalto de alta calidad son esenciales para conseguir el mejor firme posible, especialmente en Illinois, donde la maquinaria agr\u00edcola pesada y los cambios estacionales de temperatura provocan da\u00f1os. Por eso, durante a\u00f1os, la soluci\u00f3n para distribuidores de asfalto de calidad en Illinois han sido los distribuidores de asfalto Etnyre Black-Topper. Tenemos un nombre acreditado en el que puede confiar.<\/p>\n<p>Si busca remolques bajos en Tennessee, significa que busca estabilidad. El centro de gravedad m\u00e1s bajo de un remolque low boy ofrece una forma \u00f3ptima de transportar cargas \u00fanicas. El centro de gravedad m\u00e1s bajo tambi\u00e9n permite a nuestros remolques lowboy llevar una mayor capacidad de peso que otros remolques. Y nuestra capacidad de personalizaci\u00f3n significa que siempre obtendr\u00e1 el remolque exacto que necesita.<\/p>\n<h3>Todo sobre los remolques Lowboy<\/h3>\n<p>Los <a href=\"https:\/\/etnyre.com\/lowboy-trailers-texas\/\">remolques Lowboy<\/a> son bajos, como su nombre indica. Al bajar la carga, se baja el centro de gravedad durante el transporte. Ese centro de gravedad m\u00e1s bajo ofrece mayor estabilidad y le permite transportar cargas m\u00e1s pesadas. Pueden mitigar los problemas de espacio libre que se producir\u00edan con otros estilos de remolque. En resumen, son el est\u00e1ndar para las industrias actuales del transporte de mercanc\u00edas y la construcci\u00f3n porque proporcionan fiabilidad en el transporte.<\/p>\n<p>Etnyre tambi\u00e9n ofrece una gama vers\u00e1til de remolques bajos. Nuestros <a href=\"https:\/\/etnyre.com\/lowboy-trailers\/\">remolques Blackhawk<\/a> le ayudan a remolcar con facilidad. Ofrecemos muchos tama\u00f1os y tops para que tenga las opciones adecuadas a sus necesidades. Con opciones como cuellos de cisne hidr\u00e1ulicos y ejes extendidos, obtendr\u00e1 una versatilidad extraordinaria en los remolques. Tanto si se trata de un remolque de cuello de cisne desmontable mec\u00e1nico, una plataforma rodante para jeeps, un remolque de cuello de cisne desmontable, un especial para pavimentadoras o algo que dise\u00f1emos especialmente para usted, estamos aqu\u00ed para satisfacer sus necesidades de transporte.<\/p>\n<h3>Sobre Etnyre<\/h3>\n<p><a href=\"https:\/\/etnyreinternational.com\/our-history\/\" rel=\"nofollow noopener\" target=\"_blank\">Desde 1898<\/a>, <a href=\"https:\/\/etnyreinternational.com\/about-us\/\" rel=\"nofollow noopener\" target=\"_blank\">Etnyre<\/a> ha estado innovando dentro de la industria de la carretera. Centrar nuestra ingenier\u00eda en la experiencia de los operadores y la facilidad de manejo significa que obtendr\u00e1 el equipo exacto que necesita para ser m\u00e1s eficaz y eficiente. Nuestro equipo est\u00e1 siempre dispuesto a ayudarle a decidir qu\u00e9 opciones son las mejores. Y nuestra experiencia siempre estar\u00e1 a su disposici\u00f3n a la hora de decidir cu\u00e1l de la amplia variedad de ofertas de productos debe elegir.<\/p>\n<div class=\"left-img\"><img loading=\"lazy\" decoding=\"async\" class=\"alignnone\" src=\"https:\/\/etnyre.com\/wp-content\/uploads\/2023\/07\/DSC01514-500x350-1.jpg\" alt=\"Etnyre Lowboy Trailers en Tennessee son lo mejor que puede encontrar para su negocio\" width=\"500\" height=\"350\" title=\"\"><\/div>\n<h3>Contacte con nosotros hoy mismo<\/h3>\n<p>Si usted sabe exactamente lo que <a href=\"https:\/\/etnyre.com\/lowboy-trailers-arizona\/\">lowboy remolques<\/a> en Tennessee que desea llevar a casa o que todav\u00eda est\u00e1n tratando de resolver qu\u00e9 modelo tiene m\u00e1s sentido para usted, <a href=\"https:\/\/etnyreinternational.com\/about-us\/\" rel=\"nofollow noopener\" target=\"_blank\">Etnyre<\/a> est\u00e1 aqu\u00ed para ayudar. Ll\u00e1menos al <a href=\"tel:8157322116\">815-732-2116<\/a> para hablar con uno de nuestros profesionales y as\u00ed poder equipar a su equipo con el remolque que les ayudar\u00e1 a transportar con la mayor fiabilidad.<\/p>\n","protected":false},"excerpt":{"rendered":"<p>Etnyre tiene los remolques Lowboy en los que Tennessee conf\u00eda La longevidad del asfalto lo convierte en un material preferido por muchos equipos de mantenimiento. Los distribuidores de asfalto de alta calidad son esenciales para conseguir el mejor firme posible, especialmente en Illinois, donde la maquinaria agr\u00edcola pesada y los cambios estacionales de temperatura provocan &hellip; <a href=\"https:\/\/etnyre.com\/es\/remolques-bajos-tennessee\/\" class=\"more-link\">Continue reading <span class=\"screen-reader-text\">Remolques bajos Tennessee<\/span><\/a><\/p>\n","protected":false},"author":1,"featured_media":8503,"parent":0,"menu_order":0,"comment_status":"closed","ping_status":"closed","template":"","meta":{"_acf_changed":false,"footnotes":""},"class_list":["post-11408","page","type-page","status-publish","has-post-thumbnail","hentry"],"acf":[],"_links":{"self":[{"href":"https:\/\/etnyre.com\/es\/wp-json\/wp\/v2\/pages\/11408","targetHints":{"allow":["GET"]}}],"collection":[{"href":"https:\/\/etnyre.com\/es\/wp-json\/wp\/v2\/pages"}],"about":[{"href":"https:\/\/etnyre.com\/es\/wp-json\/wp\/v2\/types\/page"}],"author":[{"embeddable":true,"href":"https:\/\/etnyre.com\/es\/wp-json\/wp\/v2\/users\/1"}],"replies":[{"embeddable":true,"href":"https:\/\/etnyre.com\/es\/wp-json\/wp\/v2\/comments?post=11408"}],"version-history":[{"count":0,"href":"https:\/\/etnyre.com\/es\/wp-json\/wp\/v2\/pages\/11408\/revisions"}],"wp:featuredmedia":[{"embeddable":true,"href":"https:\/\/etnyre.com\/es\/wp-json\/wp\/v2\/media\/8503"}],"wp:attachment":[{"href":"https:\/\/etnyre.com\/es\/wp-json\/wp\/v2\/media?parent=11408"}],"curies":[{"name":"wp","href":"https:\/\/api.w.org\/{rel}","templated":true}]}}