{"id":11409,"date":"2024-04-04T08:57:49","date_gmt":"2024-04-04T08:57:49","guid":{"rendered":"https:\/\/etnyre.com\/remolques-de-fondo-vivo-illinois\/"},"modified":"2024-04-04T08:57:49","modified_gmt":"2024-04-04T08:57:49","slug":"remolques-de-fondo-vivo-illinois","status":"publish","type":"page","link":"https:\/\/etnyre.com\/es\/remolques-de-fondo-vivo-illinois\/","title":{"rendered":"Remolques de fondo vivo Illinois"},"content":{"rendered":"<h3>Etnyre ofrece remolques de fondo vivo de calidad en Illinois<\/h3>\n<p>El cami\u00f3n volquete tradicional ha sido un caballo de batalla durante generaciones. Sin embargo, los materiales modernos y las necesidades de trabajo han hecho evolucionar al transportista lejos de un vertedero est\u00e1ndar. Todo tipo de caracter\u00edsticas han hecho que los transportistas se decanten por los remolques con fondo vivo para adaptarse mejor a sus necesidades. Y en Etnyre estamos orgullosos de ofrecer lo mejor en remolques de fondo vivo a las granjas y empresas de Illinois.<\/p>\n<h3>La diferencia del remolque de fondo vivo<\/h3>\n<p>Hay muchas razones por las que puede optar por un remolque de fondo m\u00f3vil en lugar de un volquete est\u00e1ndar. Los volquetes levantan la parte trasera del cami\u00f3n y deslizan el material hacia fuera, lo que puede resultar impreciso e inseguro. Los remolques con fondo m\u00f3vil utilizan cintas transportadoras para vaciar su carga \u00fatil. Este sistema de cintas transportadoras permite descargar los materiales con mayor cuidado y precisi\u00f3n. La descarga transportable tambi\u00e9n permite vaciar el cami\u00f3n limpio con mucha m\u00e1s facilidad. Una de las caracter\u00edsticas m\u00e1s atractivas que ofrecen los remolques de fondo vivo es un centro de gravedad m\u00e1s bajo, por lo que se reduce en gran medida la posibilidad de accidentes por vuelco o peligros por encima de la cabeza.<\/p>\n<p>Una vez que haya decidido que un remolque con fondo vivo es la mejor opci\u00f3n, querr\u00e1 que se adapte a sus necesidades espec\u00edficas. Nuestra nueva generaci\u00f3n de remolques Falcon de fondo vivo se lo ofrece. Las paredes laterales empinadas permiten tender puentes y descargar f\u00e1cilmente una amplia gama de materiales. Nuestra variedad de puertas traseras le permite ofrecer una descarga eficaz para cualquier material y aplicaci\u00f3n. Nuestra cinta de 42 pulgadas de ancho elimina los listones y minimiza la formaci\u00f3n de puentes de material, y 1\/2 revoluci\u00f3n de la cinta es todo lo que se necesita para descargar el material.<\/p>\n<h3>Sobre Etnyre<\/h3>\n<p>Etnyre se enorgullece de fabricar equipos de alta gama desde 1898. Hoy en d\u00eda, somos una empresa l\u00edder en el sector de la construcci\u00f3n de carreteras. Empezamos fabricando esparcidores de asfalto, esparcidores de gravilla, dep\u00f3sitos de almacenamiento y remolques. Desde entonces, hemos establecido el est\u00e1ndar de rendimiento y fiabilidad con nuestros equipos. Nos hemos basado en ese \u00e9xito y, en la actualidad, fabricamos cada unidad bajo pedido y ofrecemos asistencia a nuestros clientes en todo momento.<\/p>\n<div class=\"left-img\"><img loading=\"lazy\" decoding=\"async\" class=\"alignnone\" src=\"https:\/\/etnyre.com\/wp-content\/uploads\/2023\/07\/DSC03279.jpg\" alt=\"Remolques de fondo vivo Illinois\" width=\"500\" height=\"350\" title=\"\"><\/div>\n<h3>Contacte con nosotros hoy mismo<\/h3>\n<p>Una vez que usted ha decidido que usted quiere remolques de fondo vivo en Illinois, creemos que usted ver\u00e1 Etnyre es la \u00fanica opci\u00f3n para hacer.Ll\u00e1menos hoy al <a href=\"tel:8157322116\">815-732-2116<\/a> para hablar con nosotros acerca de nuestros remolques adicionales y productos de mantenimiento de carreteras. Esperamos poder ayudarle a conseguir un mayor control y ahorro de costes con nuestros remolques de fondo vivo.<\/p>\n","protected":false},"excerpt":{"rendered":"<p>Etnyre ofrece remolques de fondo vivo de calidad en Illinois El cami\u00f3n volquete tradicional ha sido un caballo de batalla durante generaciones. Sin embargo, los materiales modernos y las necesidades de trabajo han hecho evolucionar al transportista lejos de un vertedero est\u00e1ndar. Todo tipo de caracter\u00edsticas han hecho que los transportistas se decanten por los &hellip; <a href=\"https:\/\/etnyre.com\/es\/remolques-de-fondo-vivo-illinois\/\" class=\"more-link\">Continue reading <span class=\"screen-reader-text\">Remolques de fondo vivo Illinois<\/span><\/a><\/p>\n","protected":false},"author":1,"featured_media":8443,"parent":0,"menu_order":0,"comment_status":"closed","ping_status":"closed","template":"","meta":{"_acf_changed":false,"footnotes":""},"class_list":["post-11409","page","type-page","status-publish","has-post-thumbnail","hentry"],"acf":[],"_links":{"self":[{"href":"https:\/\/etnyre.com\/es\/wp-json\/wp\/v2\/pages\/11409","targetHints":{"allow":["GET"]}}],"collection":[{"href":"https:\/\/etnyre.com\/es\/wp-json\/wp\/v2\/pages"}],"about":[{"href":"https:\/\/etnyre.com\/es\/wp-json\/wp\/v2\/types\/page"}],"author":[{"embeddable":true,"href":"https:\/\/etnyre.com\/es\/wp-json\/wp\/v2\/users\/1"}],"replies":[{"embeddable":true,"href":"https:\/\/etnyre.com\/es\/wp-json\/wp\/v2\/comments?post=11409"}],"version-history":[{"count":0,"href":"https:\/\/etnyre.com\/es\/wp-json\/wp\/v2\/pages\/11409\/revisions"}],"wp:featuredmedia":[{"embeddable":true,"href":"https:\/\/etnyre.com\/es\/wp-json\/wp\/v2\/media\/8443"}],"wp:attachment":[{"href":"https:\/\/etnyre.com\/es\/wp-json\/wp\/v2\/media?parent=11409"}],"curies":[{"name":"wp","href":"https:\/\/api.w.org\/{rel}","templated":true}]}}