{"id":11410,"date":"2024-04-04T08:57:49","date_gmt":"2024-04-04T08:57:49","guid":{"rendered":"https:\/\/etnyre.com\/los-mejores-remolques-de-revestimiento\/"},"modified":"2025-05-28T06:11:07","modified_gmt":"2025-05-28T06:11:07","slug":"los-mejores-remolques-de-revestimiento","status":"publish","type":"page","link":"https:\/\/etnyre.com\/es\/los-mejores-remolques-de-revestimiento\/","title":{"rendered":"Los mejores remolques de revestimiento"},"content":{"rendered":"<h3>Etnyre ofrece los mejores remolques Sealcoating de EE.UU.<\/h3>\n<p>Cuando usted est\u00e1 en necesidad de los mejores remolques <a href=\"https:\/\/etnyre.com\/es\/remolques-de-revestimiento\/\">sealcoating<\/a>, usted necesita confiar en el nombre de E.D. Etnyre &amp; Co. Hemos trabajado duro para desarrollar los mejores equipos de sellado del pa\u00eds. Y en la actualidad, ofrecemos una l\u00ednea completa de productos de revestimiento de juntas y <a href=\"https:\/\/etnyre.com\/es\/las-mejores-selladoras-de-lodos\/\">sellado de lodos<\/a> dise\u00f1ados para sus operaciones. Tambi\u00e9n ofrecemos dep\u00f3sitos de todos los tama\u00f1os para sus necesidades de asfalto.<\/p>\n<h3>La diferencia Etnyre<\/h3>\n<p>En Etnyre le ofrecemos una amplia variedad de <a href=\"https:\/\/etnyre.com\/es\/tanques-sealcoat\/\">dep\u00f3sitos<\/a> para que encuentre el que mejor se adapte a sus necesidades. Todos nuestros dep\u00f3sitos est\u00e1n fabricados con componentes de \u00faltima generaci\u00f3n, por lo que siempre sabr\u00e1 que puede confiar en ellos cuando m\u00e1s lo necesite. Nuestra selecci\u00f3n incluye cisternas de montaje en remolque que pueden ofrecer una adaptabilidad \u00fanica. Capaz de tanques de montaje de <a href=\"https:\/\/etnyre.com\/es\/remolques-de-revestimiento\/\">remolque<\/a> de transporte se puede dejar o cargar r\u00e1pidamente. Esta capacidad de permanecer m\u00f3vil o de establecerse en un lugar est\u00e1tico significa que puede tener lo mejor de ambos mundos.<\/p>\n<p>Los soportes de remolque tambi\u00e9n ofrecen la posibilidad \u00fanica de transportar varios veh\u00edculos. Al fin y al cabo, un dep\u00f3sito vac\u00edo no necesita los caballos de potencia para transportar todo lo que necesita uno lleno. De ese modo, podr\u00e1 distribuir su flota de la forma m\u00e1s eficiente. Esto tambi\u00e9n significa que no est\u00e1 atado a un solo cami\u00f3n y que puede enviar cualquier veh\u00edculo que le permita la mayor flexibilidad y eficiencia.<\/p>\n<h3>Sobre Etnyre<\/h3>\n<p>Adem\u00e1s de nuestra l\u00ednea completa de cisternas y camiones cisterna que ofrecen una variedad de opciones de transporte y <a href=\"https:\/\/etnyre.com\/es\/cisternas-y-camiones-cisterna\/\">almacenamiento<\/a> de <a href=\"https:\/\/etnyre.com\/es\/los-mejores-equipos-de-sellado\/\">sealcoat<\/a> para sus necesidades, Etnyre fabrica equipos de pavimentaci\u00f3n de asfalto de alta gama como camiones y buggies sealcoating, y equipos de micro-surfacing. Todos nuestros equipos est\u00e1n fabricados para ser resistentes y durar toda la vida. Utilizamos componentes de alta gama y acero T1 de gran durabilidad para nuestras fabricaciones. Esto garantiza una larga vida \u00fatil con poco mantenimiento. Etnyre tiene todo lo que necesita para mantener el rendimiento de su tripulaci\u00f3n.<\/p>\n<div class=\"left-img\"><img loading=\"lazy\" decoding=\"async\" class=\"alignnone\" src=\"https:\/\/etnyre.com\/wp-content\/uploads\/2021\/09\/230-gallon-sealcoat-tank-by-rayner-equipment-systems-scaled-65ddb68a6e701.webp\" alt=\"RES fabrica los mejores remolques de revestimiento de sellado de Estados Unidos\" width=\"500\" height=\"350\" title=\"\"><\/div>\n<h3>Contacte con nosotros hoy mismo<\/h3>\n<p>Cuando llegue el momento de comprar uno de los mejores remolques sealcoating en el mercado, llame a E.D. Etnyre &amp; Co. Estamos orgullosos de servir a clientes de Arizona, Tennessee, Texas, Illinois y de todo Estados Unidos. Y tambi\u00e9n estamos listos para servirle a usted. Ll\u00e1menos al <a href=\"tel:8157322116\">815-732-2116<\/a> para <a href=\"https:\/\/etnyre.com\/es\/contactenos\/\">obtener m\u00e1s<\/a> informaci\u00f3n sobre nuestras cisternas y remolques, as\u00ed como sobre nuestros productos adicionales.<\/p>\n","protected":false},"excerpt":{"rendered":"<p>Etnyre ofrece los mejores remolques Sealcoating de EE.UU. Cuando usted est\u00e1 en necesidad de los mejores remolques sealcoating, usted necesita confiar en el nombre de E.D. Etnyre &amp; Co. Hemos trabajado duro para desarrollar los mejores equipos de sellado del pa\u00eds. Y en la actualidad, ofrecemos una l\u00ednea completa de productos de revestimiento de juntas &hellip; <a href=\"https:\/\/etnyre.com\/es\/los-mejores-remolques-de-revestimiento\/\" class=\"more-link\">Continue reading <span class=\"screen-reader-text\">Los mejores remolques de revestimiento<\/span><\/a><\/p>\n","protected":false},"author":1,"featured_media":10473,"parent":0,"menu_order":0,"comment_status":"closed","ping_status":"closed","template":"","meta":{"_acf_changed":false,"footnotes":""},"class_list":["post-11410","page","type-page","status-publish","has-post-thumbnail","hentry"],"acf":[],"_links":{"self":[{"href":"https:\/\/etnyre.com\/es\/wp-json\/wp\/v2\/pages\/11410","targetHints":{"allow":["GET"]}}],"collection":[{"href":"https:\/\/etnyre.com\/es\/wp-json\/wp\/v2\/pages"}],"about":[{"href":"https:\/\/etnyre.com\/es\/wp-json\/wp\/v2\/types\/page"}],"author":[{"embeddable":true,"href":"https:\/\/etnyre.com\/es\/wp-json\/wp\/v2\/users\/1"}],"replies":[{"embeddable":true,"href":"https:\/\/etnyre.com\/es\/wp-json\/wp\/v2\/comments?post=11410"}],"version-history":[{"count":1,"href":"https:\/\/etnyre.com\/es\/wp-json\/wp\/v2\/pages\/11410\/revisions"}],"predecessor-version":[{"id":14281,"href":"https:\/\/etnyre.com\/es\/wp-json\/wp\/v2\/pages\/11410\/revisions\/14281"}],"wp:featuredmedia":[{"embeddable":true,"href":"https:\/\/etnyre.com\/es\/wp-json\/wp\/v2\/media\/10473"}],"wp:attachment":[{"href":"https:\/\/etnyre.com\/es\/wp-json\/wp\/v2\/media?parent=11410"}],"curies":[{"name":"wp","href":"https:\/\/api.w.org\/{rel}","templated":true}]}}