{"id":11411,"date":"2024-04-04T08:57:50","date_gmt":"2024-04-04T08:57:50","guid":{"rendered":"https:\/\/etnyre.com\/pavimentadoras-arizona\/"},"modified":"2025-05-28T06:11:33","modified_gmt":"2025-05-28T06:11:33","slug":"pavimentadoras-arizona","status":"publish","type":"page","link":"https:\/\/etnyre.com\/es\/pavimentadoras-arizona\/","title":{"rendered":"Pavimentadoras Arizona"},"content":{"rendered":"<h3>Encuentre PavementSavers en Arizona para su negocio de asfalto<\/h3>\n<p>Es una sabia elecci\u00f3n que considere a\u00f1adir <a href=\"https:\/\/etnyre.com\/es\/buggies-sealcoat\/\">PavementSavers<\/a> en Arizona para sus necesidades de contrataci\u00f3n. PavementSavers son conocidos por ser los mejores buggies de revestimiento de sellado en los Estados Unidos. Y hay una raz\u00f3n para ello. <a href=\"https:\/\/etnyre.com\/es\/sobre-nosotros\/\">E.D. Etnyre &amp; Co<\/a>. lleva mucho tiempo centr\u00e1ndose en fabricar los mejores equipos para contratistas de asfalto, incluidos nuestros buggies PavementSavers. Nuestros PavementSavers le proporcionar\u00e1n servicios r\u00e1pidos y eficaces de reparaci\u00f3n y mantenimiento del asfalto para su negocio. Lo mejor de todo es que este equipo superar\u00e1 a la competencia en todo momento.<\/p>\n<h3>Descubra la diferencia de Etnyre PavementSaver<\/h3>\n<p>\u00bfDesea realizar trabajos m\u00e1s peque\u00f1os y precisos? Entonces PavementSaver es el buggy de <a href=\"https:\/\/etnyre.com\/es\/sellado-de-asfalto\/\">sellado<\/a> perfecto para usted. El equipo PavementSaver es compacto, pero tiene una capacidad incre\u00edble para la <a href=\"https:\/\/etnyre.com\/es\/los-mejores-equipos-de-sellado\/\">capa de rodadura<\/a>. Adem\u00e1s, tambi\u00e9n es f\u00e1cil de usar para los operarios. Adem\u00e1s, siempre supera a otros selladores similares. Con aplicaciones tanto de rasqueta como de pulverizaci\u00f3n, es un gran complemento para su negocio de asfalto.<\/p>\n<p>Y lo que es m\u00e1s, la PavementSaver es una m\u00e1quina de alta gama y gran resistencia con un sencillo mando de joystick y un panel de control para el operador que facilitan el uso a su equipo. Con un motor turbodi\u00e9sel de 42 CV, puede funcionar incluso en las condiciones m\u00e1s extremas, como altitudes y pendientes elevadas. Cuenta con una gran velocidad y tracci\u00f3n a las tres ruedas, lo que le confiere una facilidad de paso y control notables. Cuando desee PavementSavers en Arizona, necesita saber que est\u00e1 tomando la decisi\u00f3n correcta.<\/p>\n<h3>Sobre Etnyre<\/h3>\n<p>Etnyre fabrica algo m\u00e1s que PavementSavers. Tambi\u00e9n fabricamos numerosos tipos de <a href=\"https:\/\/etnyre.com\/es\/equipos-de-mantenimiento-de-carreteras\/\">equipos de mantenimiento de pavimentos asf\u00e1lticos<\/a> de alta gama en los que conf\u00edan los contratistas. Nuestros equipos son resistentes, ya que utilizamos componentes de alta gama y acero T1 ultraduradero y de alta resistencia a la tracci\u00f3n. Eso significa que disfrutar\u00e1 de una larga vida \u00fatil con poco mantenimiento de su equipo. Est\u00e1 dise\u00f1ado para mantener la productividad de sus equipos. Desde <a href=\"https:\/\/etnyre.com\/es\/maquinas-de-revestimiento\/\">sealcoat<\/a>, <a href=\"https:\/\/etnyre.com\/es\/sellado-de-lodos\/\">slurry<\/a> seal y micropavimentadoras, Etnyre son los expertos en los que puede confiar.<\/p>\n<div class=\"left-img\"><img loading=\"lazy\" decoding=\"async\" class=\"alignnone\" src=\"https:\/\/etnyre.com\/wp-content\/uploads\/2024\/03\/2015-07-16-12.02.45.jpeg\" alt=\"Consigue un buggy sealcoating de primera l\u00ednea con PavementSavers en Arizona\" width=\"500\" height=\"350\" title=\"\"><\/div>\n<h3>Contacte con nosotros hoy mismo<\/h3>\n<p>Cuando usted est\u00e1 listo para PavementSavers en Arizona, p\u00f3ngase <a href=\"https:\/\/etnyre.com\/es\/contactenos\/\">en<\/a> contacto con E.D. Etnyre &amp; Co. hoy. Adem\u00e1s de Arizona, tambi\u00e9n atendemos a clientes en Tennessee, Texas, Illinois y en todo Estados Unidos. Ll\u00e1menos hoy mismo al <a href=\"tel:8157322116\">815-732-2116<\/a> para obtener m\u00e1s informaci\u00f3n sobre nuestros equipos PavementSaver, as\u00ed como sobre todos nuestros productos de mantenimiento de carreteras.<\/p>\n","protected":false},"excerpt":{"rendered":"<p>Encuentre PavementSavers en Arizona para su negocio de asfalto Es una sabia elecci\u00f3n que considere a\u00f1adir PavementSavers en Arizona para sus necesidades de contrataci\u00f3n. PavementSavers son conocidos por ser los mejores buggies de revestimiento de sellado en los Estados Unidos. Y hay una raz\u00f3n para ello. E.D. Etnyre &amp; Co. lleva mucho tiempo centr\u00e1ndose en &hellip; <a href=\"https:\/\/etnyre.com\/es\/pavimentadoras-arizona\/\" class=\"more-link\">Continue reading <span class=\"screen-reader-text\">Pavimentadoras Arizona<\/span><\/a><\/p>\n","protected":false},"author":1,"featured_media":10628,"parent":0,"menu_order":0,"comment_status":"closed","ping_status":"closed","template":"","meta":{"_acf_changed":false,"footnotes":""},"class_list":["post-11411","page","type-page","status-publish","has-post-thumbnail","hentry"],"acf":[],"_links":{"self":[{"href":"https:\/\/etnyre.com\/es\/wp-json\/wp\/v2\/pages\/11411","targetHints":{"allow":["GET"]}}],"collection":[{"href":"https:\/\/etnyre.com\/es\/wp-json\/wp\/v2\/pages"}],"about":[{"href":"https:\/\/etnyre.com\/es\/wp-json\/wp\/v2\/types\/page"}],"author":[{"embeddable":true,"href":"https:\/\/etnyre.com\/es\/wp-json\/wp\/v2\/users\/1"}],"replies":[{"embeddable":true,"href":"https:\/\/etnyre.com\/es\/wp-json\/wp\/v2\/comments?post=11411"}],"version-history":[{"count":1,"href":"https:\/\/etnyre.com\/es\/wp-json\/wp\/v2\/pages\/11411\/revisions"}],"predecessor-version":[{"id":14293,"href":"https:\/\/etnyre.com\/es\/wp-json\/wp\/v2\/pages\/11411\/revisions\/14293"}],"wp:featuredmedia":[{"embeddable":true,"href":"https:\/\/etnyre.com\/es\/wp-json\/wp\/v2\/media\/10628"}],"wp:attachment":[{"href":"https:\/\/etnyre.com\/es\/wp-json\/wp\/v2\/media?parent=11411"}],"curies":[{"name":"wp","href":"https:\/\/api.w.org\/{rel}","templated":true}]}}