{"id":11412,"date":"2024-04-04T08:57:50","date_gmt":"2024-04-04T08:57:50","guid":{"rendered":"https:\/\/etnyre.com\/los-mejores-camiones-de-revestimiento\/"},"modified":"2025-05-28T06:11:08","modified_gmt":"2025-05-28T06:11:08","slug":"los-mejores-camiones-de-revestimiento","status":"publish","type":"page","link":"https:\/\/etnyre.com\/es\/los-mejores-camiones-de-revestimiento\/","title":{"rendered":"Los mejores camiones de revestimiento"},"content":{"rendered":"<h3>Etnyre es conocida por los mejores camiones de sellado<\/h3>\n<p>El nombre E.D. Etnyre &amp; Co. tiene los mejores camiones de sealcoating en el negocio. Creemos en la inversi\u00f3n en componentes de calidad para obtener equipos fiables, duraderos y que merezcan la pena. Hoy en d\u00eda, hemos dise\u00f1ado la l\u00ednea Etnyre de camiones de revestimiento de sellado pensando en el operador. Nuestro equipo ha optimizado el sistema de pulverizaci\u00f3n BC502SC para que sea f\u00e1cil de usar, fiable y seguro.<\/p>\n<h3>La diferencia BC502SC<\/h3>\n<p>La Etnyre <a href=\"https:\/\/etnyre.com\/bc502sc\/\">BC502SC<\/a> es una gran inversi\u00f3n para su negocio de contrataci\u00f3n de asfalto. Las carretillas BC502SC, que sustituyen a la l\u00ednea RaynMaker, incorporan componentes y electr\u00f3nica de \u00faltima generaci\u00f3n. Su sistema patentado de barra pulverizadora es una herramienta innovadora para la industria. Esta barra de 8&#8243; de di\u00e1metro cuenta con dos filtros de acabado y dos extensiones de pulverizaci\u00f3n a presi\u00f3n. El sistema de accionamiento hidrost\u00e1tico de bucle cerrado Sauer-Danfoss de alta resistencia est\u00e1 controlado por nuestro sistema de control CRC, l\u00edder del sector. El nuevo CRC utilizado en la BC502-SC est\u00e1 dise\u00f1ado para ser m\u00e1s preciso, m\u00e1s accesible y m\u00e1s f\u00e1cil de leer que nunca. <\/p>\n<p>El BC502-SC tambi\u00e9n dispone de v\u00e1lvulas de asiento tricil\u00edndricas sin componentes externos, lo que facilita su funcionamiento y mantenimiento. Las v\u00e1lvulas pulverizadoras de asiento interno est\u00e1n sumergidas en una capa de sellado, lo que garantiza la activaci\u00f3n inmediata de la pulverizaci\u00f3n. El dise\u00f1o totalmente cerrado tambi\u00e9n impide que el asfalto exterior y la suciedad de la carretera afecten al sistema. Gracias a su robusta construcci\u00f3n, no es necesario realizar ajustes.   <\/p>\n<h3>Sobre Etnyre<\/h3>\n<p>Adem\u00e1s de la l\u00ednea BC502SC, Etnyre fabrica varios otros tipos de equipos de pavimentaci\u00f3n de asfalto de alta gama que los contratistas como usted necesitan para hacer su trabajo m\u00e1s f\u00e1cil. Hemos fabricado nuestros equipos para que sean resistentes y duren toda la vida. Utilizamos componentes de alta gama y acero T1 ultraduradero y de alta resistencia a la tracci\u00f3n para nuestras fabricaciones, lo que garantiza una larga vida \u00fatil con poco mantenimiento. Nuestros equipos tambi\u00e9n est\u00e1n dise\u00f1ados para mantener a sus equipos productivos y seguros. Desde <a href=\"https:\/\/etnyre.com\/es\/sistemas-de-pulverizacion-sealcoating-en-venta\/\">selladoras<\/a>, slurry seal o micropavimentadoras, Etnyre tiene todo lo que necesitas para que tu cuadrilla est\u00e9 cubierta.<\/p>\n<div class=\"left-img\"><\/div>\n<h3>Contacte con nosotros hoy mismo<\/h3>\n<p>Si usted est\u00e1 listo para comprar uno de los mejores camiones sealcoating en el negocio, p\u00f3ngase <a href=\"https:\/\/etnyre.com\/es\/contactenos\/\">en contacto<\/a> con E.D. Etnyre &amp; Co. Estamos orgullosos de servir a clientes de <a href=\"https:\/\/etnyre.com\/es\/sealcoat-camiones-arizona\/\">Arizona<\/a>, <a href=\"https:\/\/etnyre.com\/es\/sealcoat-camiones-tennessee\/\">Tennessee<\/a>, <a href=\"https:\/\/etnyre.com\/es\/camiones-de-revestimiento-de-juntas-texas\/\">Texas<\/a>, <a href=\"https:\/\/etnyre.com\/es\/sealcoating-trucks-illinois\/\">Illinois<\/a> y de todo Estados Unidos, y estamos dispuestos a servirte a ti tambi\u00e9n. Ll\u00e1menos al <a href=\"tel:8157322116\">815-732-2116<\/a> para obtener m\u00e1s informaci\u00f3n sobre la BC502SC y nuestros productos adicionales de mantenimiento de carreteras.<\/p>\n","protected":false},"excerpt":{"rendered":"<p>Etnyre es conocida por los mejores camiones de sellado El nombre E.D. Etnyre &amp; Co. tiene los mejores camiones de sealcoating en el negocio. Creemos en la inversi\u00f3n en componentes de calidad para obtener equipos fiables, duraderos y que merezcan la pena. Hoy en d\u00eda, hemos dise\u00f1ado la l\u00ednea Etnyre de camiones de revestimiento de &hellip; <a href=\"https:\/\/etnyre.com\/es\/los-mejores-camiones-de-revestimiento\/\" class=\"more-link\">Continue reading <span class=\"screen-reader-text\">Los mejores camiones de revestimiento<\/span><\/a><\/p>\n","protected":false},"author":1,"featured_media":12399,"parent":0,"menu_order":0,"comment_status":"closed","ping_status":"closed","template":"","meta":{"_acf_changed":false,"footnotes":""},"class_list":["post-11412","page","type-page","status-publish","has-post-thumbnail","hentry"],"acf":[],"_links":{"self":[{"href":"https:\/\/etnyre.com\/es\/wp-json\/wp\/v2\/pages\/11412","targetHints":{"allow":["GET"]}}],"collection":[{"href":"https:\/\/etnyre.com\/es\/wp-json\/wp\/v2\/pages"}],"about":[{"href":"https:\/\/etnyre.com\/es\/wp-json\/wp\/v2\/types\/page"}],"author":[{"embeddable":true,"href":"https:\/\/etnyre.com\/es\/wp-json\/wp\/v2\/users\/1"}],"replies":[{"embeddable":true,"href":"https:\/\/etnyre.com\/es\/wp-json\/wp\/v2\/comments?post=11412"}],"version-history":[{"count":4,"href":"https:\/\/etnyre.com\/es\/wp-json\/wp\/v2\/pages\/11412\/revisions"}],"predecessor-version":[{"id":14282,"href":"https:\/\/etnyre.com\/es\/wp-json\/wp\/v2\/pages\/11412\/revisions\/14282"}],"wp:featuredmedia":[{"embeddable":true,"href":"https:\/\/etnyre.com\/es\/wp-json\/wp\/v2\/media\/12399"}],"wp:attachment":[{"href":"https:\/\/etnyre.com\/es\/wp-json\/wp\/v2\/media?parent=11412"}],"curies":[{"name":"wp","href":"https:\/\/api.w.org\/{rel}","templated":true}]}}