{"id":11413,"date":"2024-04-04T08:57:50","date_gmt":"2024-04-04T08:57:50","guid":{"rendered":"https:\/\/etnyre.com\/remolques-de-fondo-vivo-arizona\/"},"modified":"2024-04-04T08:57:50","modified_gmt":"2024-04-04T08:57:50","slug":"remolques-de-fondo-vivo-arizona","status":"publish","type":"page","link":"https:\/\/etnyre.com\/es\/remolques-de-fondo-vivo-arizona\/","title":{"rendered":"Remolques de fondo vivo Arizona"},"content":{"rendered":"<h3>Etnyre ofrece remolques de fondo vivo para Arizona<\/h3>\n<p>Usted est\u00e1&nbsp;buscando para transportar, pero el cami\u00f3n volquete tradicional no&nbsp;parece adaptarse a sus necesidades. Est\u00e1s&nbsp;pregunt\u00e1ndose qu\u00e9 direcci\u00f3n tomar y has&nbsp;aterrizado en remolques de fondo vivo en Arizona. Los remolques con fondo m\u00f3vil son una opci\u00f3n muy popular por sus ventajas \u00fanicas y sus caracter\u00edsticas de seguridad. En Etnyre estamos&nbsp;orgullosos de ofrecer remolques Falcon de fondo vivo que ofrecen caracter\u00edsticas que la competencia no puede&nbsp;igualar.&nbsp;<\/p>\n<h3>Cu\u00e1ndo utilizar remolques con fondo vivo<\/h3>\n<p>A diferencia de los volquetes tradicionales, que levantan su caja de descarga y utilizan la gravedad para descargar, los remolques de fondo m\u00f3vil utilizan un sistema transportador para descargar el material de forma eficaz y precisa. Este sistema transportador permite descargar el material con precisi\u00f3n. Adem\u00e1s, facilita la limpieza de la carretilla entre cargas para evitar f\u00e1cilmente la contaminaci\u00f3n cruzada. Los remolques con fondo m\u00f3vil tambi\u00e9n tienen centros de gravedad m\u00e1s bajos que los volquetes. Este centro de gravedad m\u00e1s bajo reduce el riesgo de accidentes por vuelco y lesiones en la cabeza&nbsp;.&nbsp;<\/p>\n<p>En Etnyre, creemos que los remolques de fondo vivo son los mejores transportistas. Tambi\u00e9n creemos que los remolques Falcon son&nbsp;los mejores. La cinta Falcon de 42 pulgadas de ancho elimina los listones de&nbsp;y minimiza los puentes de material. Ofrecen una gran variedad de puertas traseras, entre las que se incluyen las de hormig\u00f3n, de gran elevaci\u00f3n, dobles y muchas m\u00e1s. Sus paredes laterales inclinadas evitan la formaci\u00f3n de puentes y descargan f\u00e1cilmente el material. Las cintas transportadoras Falcon pueden descargar material en 1\/2 revoluci\u00f3n de la cinta, proporcionando a&nbsp;una descarga eficaz. Los remolques Falcon con fondo vivo se encuentran entre los m\u00e1s ligeros del sector, por lo que reducen los costes de consumo de combustible de&nbsp;y permiten mayores cargas \u00fatiles.&nbsp;<\/p>\n<h3>Sobre Etnyre<\/h3>\n<p>En Etnyre, llevamos fabricando equipos de alta gama como el remolque de fondo vivo desde 1898. Desde entonces, nos hemos mantenido constantes, iniciando nuestro negocio de fabricaci\u00f3n con esparcidores de asfalto, esparcidores de gravilla, dep\u00f3sitos de almacenamiento y remolques. Y hoy somos conocidos como una empresa l\u00edder en la fabricaci\u00f3n de productos para la construcci\u00f3n de carreteras. La gente confiaba en nosotros por nuestro rendimiento y fiabilidad superiores. Y ofrecemos el apoyo que nuestros clientes necesitan en cada paso del camino.<\/p>\n<div class=\"left-img\"><\/div>\n<h3>Contacte con nosotros hoy mismo<\/h3>\n<p>En Etnyre, nos entusiasma&nbsp;para ayudarle a ofrecer un transporte de materiales m\u00e1s seguro y preciso. Sabemos que&nbsp;le encantar\u00e1n los remolques de fondo vivo Falcon en Arizona que tenemos para ofrecerle. Llame hoy a nuestra oficina&nbsp;<a href=\"tel:8157322116\"><\/a>. Y no olvide&nbsp;que ofrecemos muchos otros productos como esparcidores de gravilla&nbsp;, distribuidores de asfalto y remolques bajos, todo lo cual&nbsp;puede ayudar a diferenciar su negocio.&nbsp;<\/p>\n","protected":false},"excerpt":{"rendered":"<p>Etnyre ofrece remolques de fondo vivo para Arizona Usted est\u00e1&nbsp;buscando para transportar, pero el cami\u00f3n volquete tradicional no&nbsp;parece adaptarse a sus necesidades. Est\u00e1s&nbsp;pregunt\u00e1ndose qu\u00e9 direcci\u00f3n tomar y has&nbsp;aterrizado en remolques de fondo vivo en Arizona. Los remolques con fondo m\u00f3vil son una opci\u00f3n muy popular por sus ventajas \u00fanicas y sus caracter\u00edsticas de seguridad. En &hellip; <a href=\"https:\/\/etnyre.com\/es\/remolques-de-fondo-vivo-arizona\/\" class=\"more-link\">Continue reading <span class=\"screen-reader-text\">Remolques de fondo vivo Arizona<\/span><\/a><\/p>\n","protected":false},"author":1,"featured_media":0,"parent":0,"menu_order":0,"comment_status":"closed","ping_status":"closed","template":"","meta":{"_acf_changed":false,"footnotes":""},"class_list":["post-11413","page","type-page","status-publish","hentry"],"acf":[],"_links":{"self":[{"href":"https:\/\/etnyre.com\/es\/wp-json\/wp\/v2\/pages\/11413","targetHints":{"allow":["GET"]}}],"collection":[{"href":"https:\/\/etnyre.com\/es\/wp-json\/wp\/v2\/pages"}],"about":[{"href":"https:\/\/etnyre.com\/es\/wp-json\/wp\/v2\/types\/page"}],"author":[{"embeddable":true,"href":"https:\/\/etnyre.com\/es\/wp-json\/wp\/v2\/users\/1"}],"replies":[{"embeddable":true,"href":"https:\/\/etnyre.com\/es\/wp-json\/wp\/v2\/comments?post=11413"}],"version-history":[{"count":0,"href":"https:\/\/etnyre.com\/es\/wp-json\/wp\/v2\/pages\/11413\/revisions"}],"wp:attachment":[{"href":"https:\/\/etnyre.com\/es\/wp-json\/wp\/v2\/media?parent=11413"}],"curies":[{"name":"wp","href":"https:\/\/api.w.org\/{rel}","templated":true}]}}