{"id":11414,"date":"2024-04-04T08:57:50","date_gmt":"2024-04-04T08:57:50","guid":{"rendered":"https:\/\/etnyre.com\/live-bottom-remolques-texas\/"},"modified":"2024-04-04T08:57:50","modified_gmt":"2024-04-04T08:57:50","slug":"live-bottom-remolques-texas","status":"publish","type":"page","link":"https:\/\/etnyre.com\/es\/live-bottom-remolques-texas\/","title":{"rendered":"Live Bottom Remolques Texas"},"content":{"rendered":"<h3>Los remolques de fondo vivo de Etnyre en Texas facilitan el transporte<\/h3>\n<p>Para quienes desean transportar grandes cargas de materias primas, los remolques con fondo vivo se han convertido en una opci\u00f3n muy popular. Ofreciendo Falcon Live Bottom Trailers en Texas, Etnyre ofrece a nuestros clientes esta gran opci\u00f3n, que garantiza un transporte m\u00e1s seguro y preciso de las materias primas. La rapidez y ligereza de nuestros <a href=\"https:\/\/etnyre.com\/sales\/live-bottom-trailers\/\">remolques de fondo<\/a> vivo nos convierten en l\u00edderes del sector. Y puede evitar el riesgo de peligros a\u00e9reos gracias a nuestro fiable sistema de transporte.<\/p>\n<h3>\u00bfPor qu\u00e9 Live Bottom?<\/h3>\n<p>Aunque los volquetes han sido un est\u00e1ndar de la industria durante a\u00f1os, los remolques de fondo vivo est\u00e1n ganando m\u00e1s popularidad debido a las ventajas \u00fanicas que tienen. Las cintas transportadoras de estas carretillas permiten un control m\u00e1s preciso del material que se descarga. Como el remolque de fondo vivo se descarga de forma suave y controlada, la limpieza es mucho m\u00e1s f\u00e1cil. Esto le permite evitar los problemas que tienen los camiones volquete y, al mismo tiempo, evita la contaminaci\u00f3n cruzada de materiales. Los remolques con fondo m\u00f3vil tambi\u00e9n tienen un centro de gravedad mucho m\u00e1s bajo que un cami\u00f3n volquete. Este centro de gravedad m\u00e1s bajo disminuye el riesgo de vuelcos al descargar y elimina casi por completo los accidentes por vuelco.<\/p>\n<p>Nuestros remolques Falcon, unos de los m\u00e1s r\u00e1pidos y ligeros del sector, cuentan con un fiable sistema de transporte patentado que aumenta su eficacia. Con s\u00f3lo 1\/2 revoluci\u00f3n de la cinta necesaria para descargar el material, nuestra cinta de 42 pulgadas de ancho elimina los listones y minimiza los puentes de material. Nuestros camiones tambi\u00e9n ofrecen una variedad de puertas traseras que permiten una eficiencia \u00f3ptima con cualquier material que est\u00e9 transportando.<\/p>\n<h3>Sobre Etnyre<\/h3>\n<p>Desde 1898, Etnyre ha fabricado numerosos tipos de equipos para la industria de la construcci\u00f3n de carreteras de asfalto. Empezamos fabricando <a href=\"https:\/\/etnyre.com\/asphalt-distributors\/\">distribuidores de asfalto<\/a>, <a href=\"https:\/\/etnyre.com\/chip-spreaders\/\">esparcidores de gravilla<\/a>, <a href=\"https:\/\/etnyre.com\/storage-tanks\/\">dep\u00f3sitos de almacenamiento<\/a> y <a href=\"https:\/\/etnyre.com\/asphalt-trailers\/\">remolques<\/a>. Desde nuestros inicios, hemos marcado la pauta en cuanto a rendimiento y fiabilidad. Y nos hemos basado en nuestro \u00e9xito. En la actualidad, fabricamos cada unidad bajo pedido, con una asistencia inigualable para nuestros clientes.<\/p>\n<div class=\"left-img\"><img loading=\"lazy\" decoding=\"async\" class=\"alignnone\" src=\"https:\/\/etnyre.com\/wp-content\/uploads\/2023\/07\/20190614_082730-1.jpeg\" alt=\"A Remolques de fondo vivo en Texas, listos para ser utilizados para esparcir \u00e1ridos asf\u00e1lticos.\" width=\"500\" height=\"350\" title=\"\"><\/div>\n<h3>Contacte con nosotros hoy mismo<\/h3>\n<p>Si est\u00e1 buscando cambiar la forma de transportar y descargar material, los remolques de fondo vivo Falcon de Etnyre son los que debe utilizar. Ll\u00e1menos hoy al <a href=\"tel:8157322116\">815-732-2116<\/a> para hablar con nosotros acerca de los remolques de fondo vivo en Texas. Ofrecemos muchos otros productos, como <a href=\"https:\/\/etnyre.com\/lowboy-trailers-texas\/\">remolques bajos<\/a>, <a href=\"https:\/\/etnyre.com\/crack-sealers-texas\/\">selladores de grietas<\/a> y <a href=\"https:\/\/etnyre.com\/chip-spreaders-texas\/\">esparcidores de gravilla<\/a>. Aseg\u00farese de preguntar por ellos cuando se ponga en contacto.<\/p>\n","protected":false},"excerpt":{"rendered":"<p>Los remolques de fondo vivo de Etnyre en Texas facilitan el transporte Para quienes desean transportar grandes cargas de materias primas, los remolques con fondo vivo se han convertido en una opci\u00f3n muy popular. Ofreciendo Falcon Live Bottom Trailers en Texas, Etnyre ofrece a nuestros clientes esta gran opci\u00f3n, que garantiza un transporte m\u00e1s seguro &hellip; <a href=\"https:\/\/etnyre.com\/es\/live-bottom-remolques-texas\/\" class=\"more-link\">Continue reading <span class=\"screen-reader-text\">Live Bottom Remolques Texas<\/span><\/a><\/p>\n","protected":false},"author":1,"featured_media":8435,"parent":0,"menu_order":0,"comment_status":"closed","ping_status":"closed","template":"","meta":{"_acf_changed":false,"footnotes":""},"class_list":["post-11414","page","type-page","status-publish","has-post-thumbnail","hentry"],"acf":[],"_links":{"self":[{"href":"https:\/\/etnyre.com\/es\/wp-json\/wp\/v2\/pages\/11414","targetHints":{"allow":["GET"]}}],"collection":[{"href":"https:\/\/etnyre.com\/es\/wp-json\/wp\/v2\/pages"}],"about":[{"href":"https:\/\/etnyre.com\/es\/wp-json\/wp\/v2\/types\/page"}],"author":[{"embeddable":true,"href":"https:\/\/etnyre.com\/es\/wp-json\/wp\/v2\/users\/1"}],"replies":[{"embeddable":true,"href":"https:\/\/etnyre.com\/es\/wp-json\/wp\/v2\/comments?post=11414"}],"version-history":[{"count":0,"href":"https:\/\/etnyre.com\/es\/wp-json\/wp\/v2\/pages\/11414\/revisions"}],"wp:featuredmedia":[{"embeddable":true,"href":"https:\/\/etnyre.com\/es\/wp-json\/wp\/v2\/media\/8435"}],"wp:attachment":[{"href":"https:\/\/etnyre.com\/es\/wp-json\/wp\/v2\/media?parent=11414"}],"curies":[{"name":"wp","href":"https:\/\/api.w.org\/{rel}","templated":true}]}}