{"id":11415,"date":"2024-04-04T08:57:51","date_gmt":"2024-04-04T08:57:51","guid":{"rendered":"https:\/\/etnyre.com\/roadsavers-arizona\/"},"modified":"2025-05-28T06:11:50","modified_gmt":"2025-05-28T06:11:50","slug":"roadsavers-arizona","status":"publish","type":"page","link":"https:\/\/etnyre.com\/es\/roadsavers-arizona\/","title":{"rendered":"RoadSavers Arizona"},"content":{"rendered":"<h3>RoadSavers Arizona<\/h3>\n<p>Si usted est\u00e1 buscando para aumentar su negocio de contrataci\u00f3n de asfalto con <a href=\"https:\/\/etnyre.com\/es\/roadsaver\/\">RoadSavers<\/a> en Arizona, usted ha hecho una gran elecci\u00f3n. RoadSavers es la m\u00e1quina de sellado de lodos insignia de E.D. Etnyre &amp; Co. Las RoadSavers, la mejor m\u00e1quina de microasfaltado y sellado de lechada del mundo, aportan calidad y fiabilidad a su negocio. Estar\u00e1 orgulloso de contar con este tipo de equipamiento de primer nivel para su negocio.<\/p>\n<h3>Qu\u00e9 hace RoadSavers<\/h3>\n<p>El <a href=\"https:\/\/etnyre.com\/es\/sellado-de-lodos\/\">sellado de lechada<\/a> es un tipo de sistema de pavimentaci\u00f3n que puede solucionar numerosos problemas en cualquier lugar donde se vea asfalto. Desde calles a aer\u00f3dromos y desde aparcamientos a entradas de veh\u00edculos, este asfalto de calidad industrial puede reparar f\u00e1cilmente el asfalto y permitir que la zona se abra al tr\u00e1fico en unas pocas horas o menos. La mayor\u00eda de <a href=\"https:\/\/etnyre.com\/what-are-slurry-and-cape-seals\">los purines<\/a> se dise\u00f1an en un laboratorio y se crean utilizando \u00e1ridos, emulsi\u00f3n asf\u00e1ltica y cargas. La mezcla y el esparcimiento se producen en una operaci\u00f3n continua, por eso es tan fiable.<\/p>\n<p><a href=\"https:\/\/etnyre.com\/es\/roadsaver\/\">RoadSavers<\/a> es un sistema de primera l\u00ednea en la industria del asfalto. Dado que el micropavimentado requiere un control preciso, nuestras RoadSavers ofrecen facilidad de manejo y comodidad en su dise\u00f1o. Su equipo puede supervisar las funciones de la m\u00e1quina con un simple vistazo. Puedes personalizar tu RoadSaver seg\u00fan tus necesidades. Y la <a href=\"https:\/\/etnyre.com\/roadsaver\/roadsaver-iiig\/\">RoadSaver IIIG<\/a> es incluso respetuosa con el medio ambiente, algo de lo que puede sentirse orgulloso.<\/p>\n<h3>Sobre Etnyre<\/h3>\n<p>Adem\u00e1s de los camiones RoadSavers, Etnyre fabrica numerosos tipos de equipos de mantenimiento de pavimentos asf\u00e1lticos de alta gama en los que contratistas como usted pueden confiar. Construimos nuestros equipos para que sean resistentes y duraderos, ya que utilizamos componentes de alta gama y acero T1 ultraduradero de alta resistencia a la tracci\u00f3n para nuestras fabricaciones, lo que garantiza un mantenimiento m\u00ednimo por su parte. Nuestros equipos est\u00e1n dise\u00f1ados para mantener la productividad de sus equipos. Si usted est\u00e1 buscando <a href=\"https:\/\/etnyre.com\/es\/camiones-sealcoat\/\">sealcoat<\/a> o una m\u00e1quina como el cami\u00f3n RoadSavers, Etnyre tiene cubierto.<\/p>\n<div class=\"left-img\"><img loading=\"lazy\" decoding=\"async\" class=\"alignnone\" src=\"https:\/\/etnyre.com\/wp-content\/uploads\/2024\/03\/RSIIIG-ROADSAVER.jpg\" alt=\"El RoadSaver IIIG es uno de los mejores RoadSavers de Arizona\" width=\"500\" height=\"350\" title=\"\"><\/div>\n<h3>Contacte con nosotros hoy mismo<\/h3>\n<p>Si est\u00e1 interesado en RoadSavers en Arizona para su negocio de asfalto, llame a E.D. Etnyre &amp; Co. hoy mismo. Adem\u00e1s de Arizona, tambi\u00e9n ayudamos a clientes de Texas, Illinois, Tennessee y de todos los Estados Unidos. Ll\u00e1menos hoy mismo al <a href=\"tel:8157322116\">815-732-2116<\/a> para <a href=\"https:\/\/etnyre.com\/es\/contactenos\/\">saber m\u00e1s<\/a> sobre la diferencia RoadSavers y para obtener m\u00e1s informaci\u00f3n sobre nuestros productos de mantenimiento de carreteras.<\/p>\n","protected":false},"excerpt":{"rendered":"<p>RoadSavers Arizona Si usted est\u00e1 buscando para aumentar su negocio de contrataci\u00f3n de asfalto con RoadSavers en Arizona, usted ha hecho una gran elecci\u00f3n. RoadSavers es la m\u00e1quina de sellado de lodos insignia de E.D. Etnyre &amp; Co. Las RoadSavers, la mejor m\u00e1quina de microasfaltado y sellado de lechada del mundo, aportan calidad y fiabilidad &hellip; <a href=\"https:\/\/etnyre.com\/es\/roadsavers-arizona\/\" class=\"more-link\">Continue reading <span class=\"screen-reader-text\">RoadSavers Arizona<\/span><\/a><\/p>\n","protected":false},"author":1,"featured_media":10800,"parent":0,"menu_order":0,"comment_status":"closed","ping_status":"closed","template":"","meta":{"_acf_changed":false,"footnotes":""},"class_list":["post-11415","page","type-page","status-publish","has-post-thumbnail","hentry"],"acf":[],"_links":{"self":[{"href":"https:\/\/etnyre.com\/es\/wp-json\/wp\/v2\/pages\/11415","targetHints":{"allow":["GET"]}}],"collection":[{"href":"https:\/\/etnyre.com\/es\/wp-json\/wp\/v2\/pages"}],"about":[{"href":"https:\/\/etnyre.com\/es\/wp-json\/wp\/v2\/types\/page"}],"author":[{"embeddable":true,"href":"https:\/\/etnyre.com\/es\/wp-json\/wp\/v2\/users\/1"}],"replies":[{"embeddable":true,"href":"https:\/\/etnyre.com\/es\/wp-json\/wp\/v2\/comments?post=11415"}],"version-history":[{"count":1,"href":"https:\/\/etnyre.com\/es\/wp-json\/wp\/v2\/pages\/11415\/revisions"}],"predecessor-version":[{"id":14247,"href":"https:\/\/etnyre.com\/es\/wp-json\/wp\/v2\/pages\/11415\/revisions\/14247"}],"wp:featuredmedia":[{"embeddable":true,"href":"https:\/\/etnyre.com\/es\/wp-json\/wp\/v2\/media\/10800"}],"wp:attachment":[{"href":"https:\/\/etnyre.com\/es\/wp-json\/wp\/v2\/media?parent=11415"}],"curies":[{"name":"wp","href":"https:\/\/api.w.org\/{rel}","templated":true}]}}