{"id":11416,"date":"2024-04-04T08:57:52","date_gmt":"2024-04-04T08:57:52","guid":{"rendered":"https:\/\/etnyre.com\/mejor-equipo-de-asfaltado\/"},"modified":"2025-05-28T06:10:31","modified_gmt":"2025-05-28T06:10:31","slug":"mejor-equipo-de-asfaltado","status":"publish","type":"page","link":"https:\/\/etnyre.com\/es\/mejor-equipo-de-asfaltado\/","title":{"rendered":"Mejor equipo de asfaltado"},"content":{"rendered":"<h3>Etnyre ofrece el mejor equipo de asfaltado<\/h3>\n<p>A la hora de elegir qu\u00e9 productos ofrecer a sus clientes, le conviene tener una selecci\u00f3n variada. Pero usted quiere que cada selecci\u00f3n sea de calidad. La <a href=\"https:\/\/etnyre.com\/es\/asfaltado\/\">asequibilidad, seguridad y longevidad del sellado de virutas<\/a> lo convierten en una gran opci\u00f3n para muchos. Pero independientemente de la opci\u00f3n que elijan sus clientes, usted querr\u00e1 poder ofrecerles lo mejor que pueda. Por eso querr\u00e1 elegir a Etnyre como proveedor. Ofrecemos el mejor equipo de sellado de virutas para tratamientos superficiales de pavimentos.<\/p>\n<h3>Ventajas del sellado de virutas<\/h3>\n<p>El asfaltado es una forma asequible y eficaz de proteger y reparar las carreteras. El pavimento sellado es antideslizante y antideslumbrante. Estas caracter\u00edsticas reducen la fatiga visual y los accidentes en diversas condiciones meteorol\u00f3gicas. El asfaltado puede aumentar la longevidad de cualquier carretera o parcela, a veces hasta en 12 a\u00f1os. La asequibilidad del sellado de virutas le permite fijar precios m\u00e1s bajos en comparaci\u00f3n con sus otros competidores de pavimentaci\u00f3n. Con un uso m\u00ednimo de material y mano de obra en este proceso, el sellado barato le ofrece una soluci\u00f3n sencilla que puede proporcionar a sus clientes un ahorro significativo con el tiempo.<\/p>\n<p><a href=\"https:\/\/etnyre.com\/es\/los-mejores-esparcidores-de-virutas\/\">Los esparcidores de gravilla<\/a> pueden aplicar \u00e1ridos a la carretera con precisi\u00f3n y eficacia. Estos resultados proceden del uso de nuestro sistema de transmisi\u00f3n hidrost\u00e1tica y una tolva de distribuci\u00f3n de anchura variable. Los esparcidores de gravilla Etnyre, que nos permiten aplicar m\u00faltiples tama\u00f1os de \u00e1ridos a trav\u00e9s de una gama completa de velocidades de desplazamiento y anchuras de esparcimiento, tienen una serie de caracter\u00edsticas asombrosas. <a href=\"https:\/\/etnyre.com\/es\/esparcidores-de-gravilla\/\">Nuestros esparcidores de gravilla pueden ser de tracci\u00f3n delantera o a las 4 ruedas, con compuertas individuales para curvas de radio sin esfuerzo<\/a>. Y nuestros motores diesel turboalimentados de 260 caballos de potencia se suministran con control de velocidad y tasa de aplicaci\u00f3n por ordenador. La tolva fija o variable del esparcidor es s\u00f3lo una de las caracter\u00edsticas que distinguen a nuestros esparcidores de gravilla.<\/p>\n<h3>Sobre Etnyre<\/h3>\n<p>Etnyre existe desde 1898. Empezamos fabricando multitud de equipos para la <a href=\"https:\/\/etnyre.com\/es\/equipo-de-construccion-de-carreteras\/\">industria de la construcci\u00f3n de carreteras de asfalto<\/a> y empezamos a fabricar esparcidores de asfalto, esparcidores de gravilla, dep\u00f3sitos de almacenamiento y remolques. Desde nuestros comienzos, hemos seguido marcando la pauta en cuanto a rendimiento y fiabilidad. Nos hemos basado en ese \u00e9xito, suministrando cada unidad bajo pedido y con una asistencia inigualable a nuestros clientes.<\/p>\n<h3>Contacte con nosotros hoy mismo<\/h3>\n<p>Situada en 1333 Daysville Rd. en Oregon IL, Etnyre tiene su sede en el norte de Illinois. Puede ponerse en contacto con nosotros en nuestra oficina en <a href=\"tel:8157322116\">815-732-2116<\/a> para obtener m\u00e1s informaci\u00f3n sobre el mejor equipo de sello de chip de Etnyre y c\u00f3mo puede ayudarle a transformar su negocio.<\/p>\n","protected":false},"excerpt":{"rendered":"<p>Etnyre ofrece el mejor equipo de asfaltado A la hora de elegir qu\u00e9 productos ofrecer a sus clientes, le conviene tener una selecci\u00f3n variada. Pero usted quiere que cada selecci\u00f3n sea de calidad. La asequibilidad, seguridad y longevidad del sellado de virutas lo convierten en una gran opci\u00f3n para muchos. Pero independientemente de la opci\u00f3n &hellip; <a href=\"https:\/\/etnyre.com\/es\/mejor-equipo-de-asfaltado\/\" class=\"more-link\">Continue reading <span class=\"screen-reader-text\">Mejor equipo de asfaltado<\/span><\/a><\/p>\n","protected":false},"author":1,"featured_media":8431,"parent":0,"menu_order":0,"comment_status":"closed","ping_status":"closed","template":"","meta":{"_acf_changed":false,"footnotes":""},"class_list":["post-11416","page","type-page","status-publish","has-post-thumbnail","hentry"],"acf":[],"_links":{"self":[{"href":"https:\/\/etnyre.com\/es\/wp-json\/wp\/v2\/pages\/11416","targetHints":{"allow":["GET"]}}],"collection":[{"href":"https:\/\/etnyre.com\/es\/wp-json\/wp\/v2\/pages"}],"about":[{"href":"https:\/\/etnyre.com\/es\/wp-json\/wp\/v2\/types\/page"}],"author":[{"embeddable":true,"href":"https:\/\/etnyre.com\/es\/wp-json\/wp\/v2\/users\/1"}],"replies":[{"embeddable":true,"href":"https:\/\/etnyre.com\/es\/wp-json\/wp\/v2\/comments?post=11416"}],"version-history":[{"count":1,"href":"https:\/\/etnyre.com\/es\/wp-json\/wp\/v2\/pages\/11416\/revisions"}],"predecessor-version":[{"id":14190,"href":"https:\/\/etnyre.com\/es\/wp-json\/wp\/v2\/pages\/11416\/revisions\/14190"}],"wp:featuredmedia":[{"embeddable":true,"href":"https:\/\/etnyre.com\/es\/wp-json\/wp\/v2\/media\/8431"}],"wp:attachment":[{"href":"https:\/\/etnyre.com\/es\/wp-json\/wp\/v2\/media?parent=11416"}],"curies":[{"name":"wp","href":"https:\/\/api.w.org\/{rel}","templated":true}]}}