{"id":11417,"date":"2024-04-04T08:58:23","date_gmt":"2024-04-04T08:58:23","guid":{"rendered":"https:\/\/etnyre.com\/camiones-sealcoat\/"},"modified":"2025-05-28T06:11:28","modified_gmt":"2025-05-28T06:11:28","slug":"camiones-sealcoat","status":"publish","type":"page","link":"https:\/\/etnyre.com\/es\/camiones-sealcoat\/","title":{"rendered":"Camiones Sealcoat"},"content":{"rendered":"<h3>Maximice la eficacia de su negocio con los camiones Sealcoat<\/h3>\n<p>Como contratista de asfalto, estar al d\u00eda de las necesidades de sus clientes puede ser una tarea exigente. Las carreteras, los solares, las calzadas y otras superficies de asfalto siempre necesitan <a href=\"https:\/\/etnyre.com\/es\/reparacion-de-carreteras\/\">reparaci\u00f3n<\/a>, <a href=\"https:\/\/etnyre.com\/es\/conservacion-de-carreteras\/\">mantenimiento<\/a> o sustituci\u00f3n. Y para adelantarse a la afluencia de trabajo durante los meses de mayor servicio, necesita la maquinaria y los equipos adecuados. Por ejemplo, los camiones sealcoat son perfectos para los contratistas de asfalto que desean proporcionar <a href=\"https:\/\/etnyre.com\/es\/proteccion-del-asfalto\/\">protecci\u00f3n asf\u00e1ltica<\/a> a grandes lotes y carreteras. Para invertir en un nuevo cami\u00f3n sealcoat u otro equipo de asfalto, p\u00f3ngase en contacto con E.D. Etnyre &amp; Co. hoy.<\/p>\n<h3>\u00bfPor qu\u00e9 elegir Sealcoating Trucks?<\/h3>\n<p>El <a href=\"https:\/\/etnyre.com\/es\/equipos-de-revestimiento-de-asfalto-2\/\">equipo de sellado<\/a> que mejor se adapte a su negocio depender\u00e1 de sus clientes y de los proyectos que acepte. Afortunadamente, independientemente de las necesidades de su empresa, Etnyre puede ofrecerle la maquinaria adecuada. Por ejemplo, sealcoating camiones un necesario para los contratistas que:<\/p>\n<ul>\n<li><strong>Aceptar trabajos m\u00e1s grandes<\/strong>\n<ul>\n<li>Cuando se trata de trabajos m\u00e1s peque\u00f1os, como parcelas privadas o entradas de veh\u00edculos, no es necesario un cami\u00f3n de impermeabilizaci\u00f3n. De hecho, <a href=\"https:\/\/etnyre.com\/es\/buggies-sealcoat\/\">los buggies de sellado<\/a> funcionan bien para proyectos peque\u00f1os. Sin embargo, si desea realizar proyectos fuera de la pavimentaci\u00f3n residencial y peque\u00f1os trabajos comerciales, necesitar\u00e1 un cami\u00f3n de sellado. Los camiones de impermeabilizaci\u00f3n de Etnyre pueden transportar vol\u00famenes significativos de mezcla de impermeabilizaci\u00f3n, lo que garantiza que se puedan cubrir f\u00e1cilmente grandes lotes y calzadas.<\/li>\n<\/ul>\n<\/li>\n<li><strong>Falta de camiones y remolques<\/strong>\n<ul>\n<li>Aunque una alternativa eficaz al sellado de camiones es el sellado de remolques, esta opci\u00f3n puede resultar inc\u00f3moda para los contratistas que carecen de veh\u00edculos para transportar remolques. Por el contrario, los camiones de revestimiento de sellado est\u00e1n dise\u00f1ados con la cisterna y el veh\u00edculo como parte del mismo sistema. Puede controlar f\u00e1cilmente la salida de su tanque sealcoat y la barra de pulverizaci\u00f3n desde la cabina de su cami\u00f3n, a diferencia de los controles de un remolque.<\/li>\n<\/ul>\n<\/li>\n<li><strong>Ir m\u00e1s lejos<\/strong>\n<ul>\n<li>Adem\u00e1s de aceptar trabajos de gran envergadura, los camiones de sellado permiten a los contratistas prestar sus servicios en una zona m\u00e1s extensa. Nuestros camiones de sellado pueden transportar miles de galones de mezcla de sellado, manteni\u00e9ndola caliente, fresca y lista para su uso despu\u00e9s de cualquier distancia. En comparaci\u00f3n, los buggies de sellado s\u00f3lo contienen unos pocos cientos de galones de sellador y deben ser transportados a los lugares de trabajo a trav\u00e9s de camiones y remolques adicionales.<\/li>\n<\/ul>\n<\/li>\n<\/ul>\n<h3>Caracter\u00edsticas del BC502SC<\/h3>\n<p>El <a href=\"https:\/\/etnyre.com\/bc502sc\/\">BC502SC<\/a> es el cami\u00f3n de recubrimiento de juntas l\u00edder del sector de Etnyre, que sustituye a la l\u00ednea RaynMaker de maquinaria de recubrimiento de juntas. Nuestras unidades m\u00f3viles de distribuci\u00f3n de capas de sellado est\u00e1n montadas sobre patines, son aut\u00f3nomas y no necesitan un cami\u00f3n espec\u00edfico para funcionar. Adem\u00e1s de un motor di\u00e9sel, controles digitales y ordenador de tasa de distribuci\u00f3n de material, las mejores caracter\u00edsticas de nuestras carretillas BC502SC incluyen:<\/p>\n<ul class=\"col-2\">\n<li>Tama\u00f1os de dep\u00f3sitos de 1.000 a 4.000 galones<\/li>\n<li>Todas las funciones de distribuci\u00f3n, circulaci\u00f3n y carga se seleccionan desde la cabina o el mando lateral<\/li>\n<li>Bomba hidrost\u00e1tica de pistones Sauer-Danfoss de 75 cc (4,75 pies c\u00fabicos) para trabajo pesado <\/li>\n<li>Control en cabina del GSY, v\u00e1lvulas de asfalto de la barra de pulverizaci\u00f3n, diagn\u00f3sticos, subida, bajada, desplazamiento lateral y lavado de la barra de pulverizaci\u00f3n<\/li>\n<li>Alas separables para evitar da\u00f1os si se golpea un objeto mientras se esparce el producto; pasador de cizalla sustituible en menos de un minuto<\/li>\n<li>Diagn\u00f3stico a bordo<\/li>\n<\/ul>\n<div class=\"left-img\"><\/div>\n<h3>Habla con nuestro equipo<\/h3>\n<p>Encuentre camiones de sellado fiables, de alta calidad y f\u00e1ciles de manejar de los expertos en equipos de asfalto de E.D. Etnyre &amp; Co. Para obtener m\u00e1s informaci\u00f3n sobre nuestras carretillas BC502SC u otros productos y maquinaria de sellado, p\u00f3ngase en contacto con nosotros hoy mismo en el <a href=\"tel:8157322116\">815-732-2116<\/a>. Atendemos a clientes en <a href=\"https:\/\/etnyre.com\/es\/sealcoat-camiones-arizona\/\">Arizona<\/a>, <a href=\"https:\/\/etnyre.com\/es\/sealcoat-camiones-tennessee\/\">Tennessee<\/a>, <a href=\"https:\/\/etnyre.com\/es\/sealcoat-camiones-texas\/\">Texas<\/a>, <a href=\"https:\/\/etnyre.com\/es\/sealcoat-camiones-illinois\/\">Illinois<\/a> y en todo Estados Unidos.<\/p>\n","protected":false},"excerpt":{"rendered":"<p>Maximice la eficacia de su negocio con los camiones Sealcoat Como contratista de asfalto, estar al d\u00eda de las necesidades de sus clientes puede ser una tarea exigente. Las carreteras, los solares, las calzadas y otras superficies de asfalto siempre necesitan reparaci\u00f3n, mantenimiento o sustituci\u00f3n. Y para adelantarse a la afluencia de trabajo durante los &hellip; <a href=\"https:\/\/etnyre.com\/es\/camiones-sealcoat\/\" class=\"more-link\">Continue reading <span class=\"screen-reader-text\">Camiones Sealcoat<\/span><\/a><\/p>\n","protected":false},"author":1,"featured_media":12395,"parent":0,"menu_order":0,"comment_status":"closed","ping_status":"closed","template":"","meta":{"_acf_changed":false,"footnotes":""},"class_list":["post-11417","page","type-page","status-publish","has-post-thumbnail","hentry"],"acf":[],"_links":{"self":[{"href":"https:\/\/etnyre.com\/es\/wp-json\/wp\/v2\/pages\/11417","targetHints":{"allow":["GET"]}}],"collection":[{"href":"https:\/\/etnyre.com\/es\/wp-json\/wp\/v2\/pages"}],"about":[{"href":"https:\/\/etnyre.com\/es\/wp-json\/wp\/v2\/types\/page"}],"author":[{"embeddable":true,"href":"https:\/\/etnyre.com\/es\/wp-json\/wp\/v2\/users\/1"}],"replies":[{"embeddable":true,"href":"https:\/\/etnyre.com\/es\/wp-json\/wp\/v2\/comments?post=11417"}],"version-history":[{"count":3,"href":"https:\/\/etnyre.com\/es\/wp-json\/wp\/v2\/pages\/11417\/revisions"}],"predecessor-version":[{"id":14291,"href":"https:\/\/etnyre.com\/es\/wp-json\/wp\/v2\/pages\/11417\/revisions\/14291"}],"wp:featuredmedia":[{"embeddable":true,"href":"https:\/\/etnyre.com\/es\/wp-json\/wp\/v2\/media\/12395"}],"wp:attachment":[{"href":"https:\/\/etnyre.com\/es\/wp-json\/wp\/v2\/media?parent=11417"}],"curies":[{"name":"wp","href":"https:\/\/api.w.org\/{rel}","templated":true}]}}