{"id":11418,"date":"2024-04-04T08:58:24","date_gmt":"2024-04-04T08:58:24","guid":{"rendered":"https:\/\/etnyre.com\/conservacion-de-carreteras\/"},"modified":"2025-07-16T12:32:15","modified_gmt":"2025-07-16T12:32:15","slug":"conservacion-de-carreteras","status":"publish","type":"page","link":"https:\/\/etnyre.com\/es\/conservacion-de-carreteras\/","title":{"rendered":"Conservaci\u00f3n de carreteras"},"content":{"rendered":"<h3>Gestione con \u00e9xito el mantenimiento de carreteras con el equipo adecuado<\/h3>\n<p>El cuidado de las calles, solares y calzadas de nuestra ciudad es esencial para preservar las infraestructuras de nuestro pa\u00eds. Sin embargo, los contratistas de asfalto necesitan los mejores equipos para hacer frente a la gran demanda de mantenimiento de carreteras en cada temporada. Por ello, muchos equipos de mantenimiento de carreteras, contratistas y ayuntamientos recurren a E.D. Etnyre &amp; Co. por nuestra maquinaria de asfalto de alta calidad y gran rendimiento. Aseg\u00farese de que puede ofrecer servicios de asfaltado r\u00e1pidos y eficaces con la mejor maquinaria disponible.<\/p>\n<h3>La importancia de un mantenimiento coherente de las carreteras<\/h3>\n<p>Para sus clientes puede ser f\u00e1cil descuidar el mantenimiento adecuado de las carreteras. Despu\u00e9s de todo, tener parcelas y carreteras cerradas durante cualquier periodo puede ser una molestia. Sin embargo, el mantenimiento de las carreteras es esencial para que los clientes eviten costosas reparaciones y la sustituci\u00f3n del asfalto antes de lo previsto.<\/p>\n<ul>\n<li><strong>Aumentar la longevidad del pavimento<\/strong>\n<ul>\n<li>Del mismo modo que usted realiza el mantenimiento de su coche para asegurarse de que funciona, el asfalto debe mantenerse para evitar que se deteriore. Con el tiempo, pueden formarse grietas, desmoronamientos y baches en el pavimento debido a factores como la humedad, los rayos UV, el tr\u00e1fico y la edad. Sin embargo, un revestimiento de sellado constante, el sellado con lechada y otros tratamientos del asfalto refuerzan y protegen el pavimento y pueden prolongar su vida \u00fatil mucho m\u00e1s de lo esperado.<\/li>\n<\/ul>\n<\/li>\n<li><strong>Proteger a conductores y peatones<\/strong>\n<ul>\n<li>Por desgracia, el deterioro del pavimento puede dar lugar a una serie de problemas, uno de los cuales es la seguridad de conductores y peatones. Las superficies de pavimento sueltas y desmoronadas pueden provocar posibles deslizamientos y derrapes en las carreteras, incluso cuando el tiempo no afecta a las condiciones de conducci\u00f3n. Adem\u00e1s, los baches pueden da\u00f1ar los neum\u00e1ticos, estropear la suspensi\u00f3n y provocar decisiones imprudentes por parte del conductor (poniendo as\u00ed en peligro a los peatones). Un mantenimiento sencillo del asfalto es necesario para garantizar un entorno m\u00e1s seguro para conductores y peatones.<\/li>\n<\/ul>\n<\/li>\n<li><strong>Los clientes ahorran dinero (y los contratistas se benefician)<\/strong>\n<ul>\n<li>El mantenimiento de las carreteras es mucho m\u00e1s asequible para los clientes que su reparaci\u00f3n y sustituci\u00f3n si el asfalto se estropea. Adem\u00e1s, el mantenimiento del asfalto es un servicio bastante sencillo de ofrecer para los contratistas y que los clientes suelen solicitar. Sus clientes no s\u00f3lo ahorrar\u00e1n dinero con el mantenimiento del asfalto, sino que los contratistas pueden obtener importantes beneficios ofreciendo este servicio.<\/li>\n<\/ul>\n<\/li>\n<\/ul>\n<h3>El equipo que necesita<\/h3>\n<p>Decenas de camiones, m\u00e1quinas y equipos se utilizan para cuidar y mantener las superficies de pavimento asf\u00e1ltico. Como tal, Etnyre ofrece algunas de las mejores y m\u00e1s eficaces maquinarias para servicios de tratamiento de asfalto, como <a href=\"https:\/\/etnyre.com\/es\/sellado-de-lechada-asfaltica\/\">sellado de lechada<\/a> y <a href=\"https:\/\/etnyre.com\/es\/servicio-de-sellado\/\">sealcoating<\/a>. Nuestros equipos son los mejores para ayudar a proteger, conservar y restaurar el pavimento.<\/p>\n<ul>\n<li><strong>RoadSavers<\/strong> &#8211; Las <a href=\"https:\/\/etnyre.com\/es\/roadsaver\/\">RoadSavers<\/a> de Etnyre son nuestra l\u00ednea de m\u00e1quinas duraderas, eficientes y de larga duraci\u00f3n para el sellado de lechada y el micropavimentado. Nuestro RoadSaver establece el est\u00e1ndar de la industria para el sellado de lechada eficaz y de alta calidad, lo mejor para la repavimentaci\u00f3n de grandes lotes y carreteras con mucho tr\u00e1fico.<\/li>\n<li><strong>PavementSavers<\/strong> &#8211; El <a href=\"https:\/\/etnyre.com\/es\/pavementsaver\/\">PavementSaver<\/a> es el buggy de Etnyre r\u00e1pido, compacto y f\u00e1cil de manejar. Las PavementSavers est\u00e1n dise\u00f1adas para gestionar largos tiempos de trabajo y proyectos exigentes con el fin de proporcionar un sellado uniforme y preciso de entradas de veh\u00edculos, solares y otras superficies de pavimento peque\u00f1as.<\/li>\n<li><strong>BC502SC<\/strong> &#8211; Para grandes trabajos de sellado, los <a href=\"https:\/\/etnyre.com\/bc502sc\/\">BC502SC<\/a> de Etnyre, que sustituyen a los camiones RaynMaker, son perfectos para el trabajo. Tanto si utilizas nuestro cami\u00f3n BC502SC como <a href=\"https:\/\/etnyre.com\/es\/raynpro-serie-t\/\">la Serie T de remolques RaynPro<\/a> de recubrimiento de sellado, puedes garantizar un recubrimiento de sellado de alta calidad para cualquier aparcamiento y calzada. <\/li>\n<\/ul>\n<div class=\"left-img\"><img loading=\"lazy\" decoding=\"async\" class=\"alignnone\" src=\"https:\/\/etnyre.com\/wp-content\/uploads\/2024\/03\/Road-Maintenance-2.jpg\" alt=\"Una selladora de lodos para el mantenimiento de carreteras\" width=\"500\" height=\"350\" title=\"\"><\/div>\n<h3>Llama hoy<\/h3>\n<p>El mantenimiento de las carreteras es algo que sus clientes nunca deben descuidar. Para asegurarse de que las carreteras de su ciudad est\u00e1n en las mejores condiciones y que puede satisfacer las necesidades de pavimentaci\u00f3n de asfalto de los municipios y las empresas locales, encuentre el mejor equipo de asfalto de E.D. Etnyre &amp; Co. Obtenga m\u00e1s informaci\u00f3n sobre nuestros productos y maquinaria de asfalto llamando al <a href=\"tel:8157322116\">815-732-2116<\/a>. Atendemos a clientes en <a href=\"https:\/\/etnyre.com\/es\/equipos-de-mantenimiento-de-carreteras-arizona\/\">Arizona<\/a>, <a href=\"https:\/\/etnyre.com\/es\/equipos-de-mantenimiento-de-carreteras-tennessee\/\">Tennessee<\/a>, <a href=\"https:\/\/etnyre.com\/es\/equipos-de-mantenimiento-de-carreteras-texas\/\">Texas<\/a>, <a href=\"https:\/\/etnyre.com\/es\/equipos-de-mantenimiento-de-carreteras-illinois\/\">Illinois<\/a> y en todo Estados Unidos.<\/p>\n","protected":false},"excerpt":{"rendered":"<p>Gestione con \u00e9xito el mantenimiento de carreteras con el equipo adecuado El cuidado de las calles, solares y calzadas de nuestra ciudad es esencial para preservar las infraestructuras de nuestro pa\u00eds. Sin embargo, los contratistas de asfalto necesitan los mejores equipos para hacer frente a la gran demanda de mantenimiento de carreteras en cada temporada. &hellip; <a href=\"https:\/\/etnyre.com\/es\/conservacion-de-carreteras\/\" class=\"more-link\">Continue reading <span class=\"screen-reader-text\">Conservaci\u00f3n de carreteras<\/span><\/a><\/p>\n","protected":false},"author":1,"featured_media":10708,"parent":0,"menu_order":0,"comment_status":"closed","ping_status":"closed","template":"","meta":{"_acf_changed":false,"footnotes":""},"class_list":["post-11418","page","type-page","status-publish","has-post-thumbnail","hentry"],"acf":[],"_links":{"self":[{"href":"https:\/\/etnyre.com\/es\/wp-json\/wp\/v2\/pages\/11418","targetHints":{"allow":["GET"]}}],"collection":[{"href":"https:\/\/etnyre.com\/es\/wp-json\/wp\/v2\/pages"}],"about":[{"href":"https:\/\/etnyre.com\/es\/wp-json\/wp\/v2\/types\/page"}],"author":[{"embeddable":true,"href":"https:\/\/etnyre.com\/es\/wp-json\/wp\/v2\/users\/1"}],"replies":[{"embeddable":true,"href":"https:\/\/etnyre.com\/es\/wp-json\/wp\/v2\/comments?post=11418"}],"version-history":[{"count":3,"href":"https:\/\/etnyre.com\/es\/wp-json\/wp\/v2\/pages\/11418\/revisions"}],"predecessor-version":[{"id":14438,"href":"https:\/\/etnyre.com\/es\/wp-json\/wp\/v2\/pages\/11418\/revisions\/14438"}],"wp:featuredmedia":[{"embeddable":true,"href":"https:\/\/etnyre.com\/es\/wp-json\/wp\/v2\/media\/10708"}],"wp:attachment":[{"href":"https:\/\/etnyre.com\/es\/wp-json\/wp\/v2\/media?parent=11418"}],"curies":[{"name":"wp","href":"https:\/\/api.w.org\/{rel}","templated":true}]}}