{"id":11419,"date":"2024-04-04T08:58:24","date_gmt":"2024-04-04T08:58:24","guid":{"rendered":"https:\/\/etnyre.com\/proteccion-del-asfalto\/"},"modified":"2025-05-28T06:11:08","modified_gmt":"2025-05-28T06:11:08","slug":"proteccion-del-asfalto","status":"publish","type":"page","link":"https:\/\/etnyre.com\/es\/proteccion-del-asfalto\/","title":{"rendered":"Protecci\u00f3n del asfalto"},"content":{"rendered":"<h3>Proporcione la protecci\u00f3n m\u00e1s eficaz del asfalto con los equipos Etnyre<\/h3>\n<p>Como contratista de asfalto, \u00bfest\u00e1 buscando mejores formas de proporcionar a los clientes una protecci\u00f3n, reparaci\u00f3n y mantenimiento adecuados del asfalto? \u00a1No est\u00e1s solo! Los contratistas necesitan continuamente los \u00faltimos equipos de pavimentaci\u00f3n de asfalto para mantenerse por delante de la competencia. Y cuando se trata de las mejores m\u00e1quinas para <a href=\"https:\/\/etnyre.com\/es\/sellado-de-lechada-asfaltica\/\">sellado<\/a> y <a href=\"https:\/\/etnyre.com\/es\/sellado-de-asfalto\/\">revestimiento de<\/a> juntas, E.D. Etnyre &amp; Co. lo tiene cubierto.<\/p>\n<h3>Servicio de sellado<\/h3>\n<p>El sellado es uno de los m\u00e9todos de protecci\u00f3n m\u00e1s comunes para el asfalto. A\u00f1adir una capa de sellado al asfalto ayuda a protegerlo de los da\u00f1os causados por los vertidos de gas y aceite, los rayos UV, las temperaturas extremas, la humedad y la oxidaci\u00f3n. Por lo general, la mayor\u00eda de las calzadas reci\u00e9n pavimentadas requieren un sellado entre unos meses y un a\u00f1o despu\u00e9s de su finalizaci\u00f3n. Para garantizar la protecci\u00f3n y el buen mantenimiento del pavimento, se recomienda volver a aplicar <a href=\"https:\/\/etnyre.com\/es\/servicio-de-sellado\/\">el sellado<\/a> cada 2 \u00f3 3 a\u00f1os. El sellado funciona mejor en superficies de pavimento poco transitadas.<\/p>\n<h3>Tratamiento de juntas<\/h3>\n<p>Adem\u00e1s del sellado, el tratamiento de sellado con lechada es otra opci\u00f3n de protecci\u00f3n del asfalto. Sin embargo, mientras que el sellado a\u00f1ade un \u00absello\u00bb protector al asfalto, el <a href=\"https:\/\/etnyre.com\/es\/sellado-de-lodos\/\">sellado con lechada<\/a> puede reparar y restaurar el pavimento deteriorado. Una mezcla de emulsi\u00f3n asf\u00e1ltica, \u00e1ridos, aglutinantes y agua crea un sellado eficaz que rellena las grietas, vuelve a unir el pavimento deshecho y, en general, refuerza el asfalto. Adem\u00e1s, los sellados de lechada proporcionan muchas de las mismas protecciones y resistencias que las capas de sellado. El tratamiento de sellado con lechada funciona mejor en superficies de pavimento sometidas a tr\u00e1fico intenso.<\/p>\n<h3>El equipo que necesita<\/h3>\n<p>Para poder ofrecer servicios de sellado r\u00e1pidos y eficaces, necesita maquinaria que est\u00e9 a la altura de las circunstancias. Afortunadamente, Etnyre tiene el equipo de mantenimiento de carreteras que necesita para tener \u00e9xito en la industria del asfalto. Nuestros productos incluyen:<\/p>\n<ul>\n<li><strong>RoadSavers<\/strong> &#8211; La <a href=\"https:\/\/etnyre.com\/es\/roadsaver\/\">Etnyre RoadSaver<\/a> es conocida en todo el mundo como la mejor m\u00e1quina de sellado de lechada y micropavimentaci\u00f3n. Los componentes y materiales que utilizamos contribuyen a la incre\u00edble calidad y fiabilidad de nuestros equipos. Con caracter\u00edsticas como el sistema transportador maestro de tracci\u00f3n, los sistemas de filtrado y suministro de emulsi\u00f3n, los accionamientos 100% hidr\u00e1ulicos y los controles de joystick, los operadores pueden utilizar nuestros <a href=\"https:\/\/etnyre.com\/roadsaver\/roadsaver-ii\/\">RoadSaver II<\/a> y <a href=\"https:\/\/etnyre.com\/roadsaver\/roadsaver-iiig\/\">RoadSaver IIIG<\/a> con facilidad.<\/li>\n<li><strong>PavementSavers<\/strong> &#8211; Cuando se trata de <a href=\"https:\/\/etnyre.com\/es\/buggies-sealcoat\/\">sellar buggies<\/a>, el <a href=\"https:\/\/etnyre.com\/es\/pavementsaver\/\">Etnyre PavementSaver<\/a> es incomparable. Nuestras PavementSavers son el equipo perfecto para sellar r\u00e1pidamente cualquier calzada, solar o peque\u00f1a superficie de asfalto. Construidas con acero de alta calidad y componentes incre\u00edblemente duraderos, nuestras PavementSavers superan en rendimiento, duraci\u00f3n y prestaciones a todas las dem\u00e1s m\u00e1quinas de revestimiento de sellado.<\/li>\n<li><strong>BC502SC<\/strong> &#8211; Cuando una carretilla de sellado no sea lo suficientemente grande para tu trabajo de sellado, \u00a1invierte en <a href=\"https:\/\/etnyre.com\/bc502sc\/\">la BC502SC de Etnyre<\/a>! Estas carretillas <a href=\"https:\/\/etnyre.com\/es\/camiones-sealcoat\/\">de recubrimiento de juntas<\/a> sustituyen a las conocidas m\u00e1quinas RaynMaker y son r\u00e1pidas, duraderas, fiables y f\u00e1ciles de usar para cualquier operario. Con controles digitales, sistema hidr\u00e1ulico, sistemas de bombeo y nuestra barra de pulverizaci\u00f3n de sellado patentada, la BC502SC puede realizar un trabajo r\u00e1pido de sellado de cualquier gran terreno de asfalto o carretera.<\/li>\n<\/ul>\n<h3>Ll\u00e1menos<\/h3>\n<p>Cuando est\u00e9 listo para invertir en el mejor equipo de mantenimiento de carreteras para la protecci\u00f3n del asfalto, conf\u00ede en los expertos en pavimentaci\u00f3n de asfalto de E.D. Etnyre &amp; Co. Para obtener m\u00e1s informaci\u00f3n sobre nuestros productos de asfalto y maquinaria adicionales, p\u00f3ngase en contacto con nosotros hoy mismo en el <a href=\"tel:8157322116\">815-732-2116<\/a>. Atendemos a clientes en <a href=\"https:\/\/etnyre.com\/es\/sealcoat-camiones-arizona\/\">Arizona<\/a>, <a href=\"https:\/\/etnyre.com\/es\/sealcoat-camiones-tennessee\/\">Tennessee<\/a>, <a href=\"https:\/\/etnyre.com\/es\/sealcoat-camiones-texas\/\">Texas<\/a>, <a href=\"https:\/\/etnyre.com\/es\/sealcoat-camiones-illinois\/\">Illinois<\/a> y en todo Estados Unidos.<\/p>\n","protected":false},"excerpt":{"rendered":"<p>Proporcione la protecci\u00f3n m\u00e1s eficaz del asfalto con los equipos Etnyre Como contratista de asfalto, \u00bfest\u00e1 buscando mejores formas de proporcionar a los clientes una protecci\u00f3n, reparaci\u00f3n y mantenimiento adecuados del asfalto? \u00a1No est\u00e1s solo! Los contratistas necesitan continuamente los \u00faltimos equipos de pavimentaci\u00f3n de asfalto para mantenerse por delante de la competencia. Y cuando &hellip; <a href=\"https:\/\/etnyre.com\/es\/proteccion-del-asfalto\/\" class=\"more-link\">Continue reading <span class=\"screen-reader-text\">Protecci\u00f3n del asfalto<\/span><\/a><\/p>\n","protected":false},"author":1,"featured_media":10713,"parent":0,"menu_order":0,"comment_status":"closed","ping_status":"closed","template":"","meta":{"_acf_changed":false,"footnotes":""},"class_list":["post-11419","page","type-page","status-publish","has-post-thumbnail","hentry"],"acf":[],"_links":{"self":[{"href":"https:\/\/etnyre.com\/es\/wp-json\/wp\/v2\/pages\/11419","targetHints":{"allow":["GET"]}}],"collection":[{"href":"https:\/\/etnyre.com\/es\/wp-json\/wp\/v2\/pages"}],"about":[{"href":"https:\/\/etnyre.com\/es\/wp-json\/wp\/v2\/types\/page"}],"author":[{"embeddable":true,"href":"https:\/\/etnyre.com\/es\/wp-json\/wp\/v2\/users\/1"}],"replies":[{"embeddable":true,"href":"https:\/\/etnyre.com\/es\/wp-json\/wp\/v2\/comments?post=11419"}],"version-history":[{"count":2,"href":"https:\/\/etnyre.com\/es\/wp-json\/wp\/v2\/pages\/11419\/revisions"}],"predecessor-version":[{"id":13185,"href":"https:\/\/etnyre.com\/es\/wp-json\/wp\/v2\/pages\/11419\/revisions\/13185"}],"wp:featuredmedia":[{"embeddable":true,"href":"https:\/\/etnyre.com\/es\/wp-json\/wp\/v2\/media\/10713"}],"wp:attachment":[{"href":"https:\/\/etnyre.com\/es\/wp-json\/wp\/v2\/media?parent=11419"}],"curies":[{"name":"wp","href":"https:\/\/api.w.org\/{rel}","templated":true}]}}