{"id":11420,"date":"2024-04-04T08:58:25","date_gmt":"2024-04-04T08:58:25","guid":{"rendered":"https:\/\/etnyre.com\/repavimentacion-de-carreteras\/"},"modified":"2025-05-28T06:11:28","modified_gmt":"2025-05-28T06:11:28","slug":"repavimentacion-de-carreteras","status":"publish","type":"page","link":"https:\/\/etnyre.com\/es\/repavimentacion-de-carreteras\/","title":{"rendered":"Repavimentaci\u00f3n de carreteras"},"content":{"rendered":"<h3>Ofrezca la mejor repavimentaci\u00f3n de carreteras a sus clientes con el tratamiento Slurry Seal<\/h3>\n<p>A medida que nuestras carreteras de asfalto envejecen, empiezan a estropearse. El tiempo, la temperatura, el tr\u00e1fico, la humedad, los productos qu\u00edmicos y los rayos UV contribuyen al deterioro de las calzadas en todos los EE.UU. Afortunadamente, con los tratamientos de repavimentaci\u00f3n adecuados, sus calles y lotes de asfalto pueden durar mucho m\u00e1s que su esperanza de vida. En E.D. Etnyre &amp; Co. suministramos a los contratistas de asfalto equipos precisos y duraderos para reparar y proteger el pavimento asf\u00e1ltico. P\u00f3ngase en contacto con nosotros hoy mismo para saber c\u00f3mo puede hacer lo mismo.<\/p>\n<h3>Razones para ofrecer el reasfaltado de carreteras<\/h3>\n<p>Los contratistas de asfalto deben disponer de los medios necesarios para ofrecer servicios adecuados de repavimentaci\u00f3n de carreteras. Mientras que la protecci\u00f3n y <a href=\"https:\/\/etnyre.com\/es\/reparacion-de-calles\/\">reparaci\u00f3n<\/a> del asfalto son servicios esenciales que ofrecer, <a href=\"https:\/\/etnyre.com\/es\/reasfaltado\/\">el reasfaltado<\/a> es una excelente opci\u00f3n de tratamiento del asfalto y evita la necesidad de nuevas reparaciones. Entre los beneficios de la repavimentaci\u00f3n de calzadas se incluyen:<\/p>\n<ul>\n<li><strong>Asfalto reforzado<\/strong>\n<ul>\n<li>Sin la protecci\u00f3n adecuada, el pavimento de asfalto se deteriorar\u00e1 debido a los productos qu\u00edmicos, la humedad, las temperaturas extremas, los rayos UV y el estr\u00e9s. Sin embargo, un simple revestimiento de sellado, aunque es estupendo para mejorar la resistencia de la calzada a la humedad, no refuerza una superficie ya deteriorada. En su lugar, al repavimentar su calzada mediante servicios como el sellado con lechada, puede reparar las grietas y aumentar la durabilidad del pavimento.<\/li>\n<\/ul>\n<\/li>\n<li><strong>Aspecto fresco<\/strong>\n<ul>\n<li>Adem\u00e1s de agrietarse y desmoronarse, el color del asfalto puede deste\u00f1ir con el tiempo. Este deterioro no s\u00f3lo reduce la vida \u00fatil de su pavimento, sino tambi\u00e9n el atractivo de las propiedades cercanas. Y si lo que le preocupa es atraer negocio, el aspecto exterior de sus instalaciones marca la diferencia. Afortunadamente, la repavimentaci\u00f3n de carreteras puede restaurar el color del pavimento y volver a unir partes del asfalto.<\/li>\n<\/ul>\n<\/li>\n<li><strong>Traves\u00eda m\u00e1s segura<\/strong>\n<ul>\n<li>Cuando el asfalto se descompone, se vuelve m\u00e1s peligroso para conductores y peatones. El pavimento suelto puede desprenderse bajo las ruedas de un coche y suponer un riesgo de deslizamiento o derrape incluso en condiciones meteorol\u00f3gicas ligeras. Adem\u00e1s, el desmoronamiento del asfalto puede golpear los bajos del coche, causando posibles da\u00f1os. Al repavimentar el pavimento, las empresas y los ayuntamientos crean condiciones de conducci\u00f3n m\u00e1s seguras y evitan posibles litigios que podr\u00edan derivarse de accidentes.<\/li>\n<\/ul>\n<\/li>\n<\/ul>\n<h3>Herramientas necesarias para el rejuvenecimiento<\/h3>\n<p>Una repavimentaci\u00f3n adecuada de las carreteras significa algo m\u00e1s que cubrir el pavimento con capas adicionales de asfalto. El <a href=\"https:\/\/etnyre.com\/es\/sellado-de-lechada-asfaltica\/\">tratamiento de sellado con lechada<\/a> es una opci\u00f3n de repavimentaci\u00f3n y uno de los mejores m\u00e9todos para restaurar, reparar y preservar las carreteras con mucho tr\u00e1fico.  Como tal, Etnyre suministra a los contratistas de asfalto el equipo que necesitan para ofrecer servicios de sellado de lechada. Nuestras m\u00e1quinas <a href=\"https:\/\/etnyre.com\/es\/roadsaver\/\">RoadSaver<\/a> pueden mezclar y aplicar f\u00e1cilmente lechada de cemento en cualquier superficie. Las mejores caracter\u00edsticas del RoadSaver incluyen:<\/p>\n<ul class=\"col-2\">\n<li>100% Made in USA<\/li>\n<li>Motor PACCAR para camiones con mayor par a bajas revoluciones<\/li>\n<li>Dise\u00f1o REPTO con funci\u00f3n de cambio en caliente, que incluye elementos de seguridad espec\u00edficos<\/li>\n<li>Sistema de filtrado de la bomba de emulsi\u00f3n<\/li>\n<li>Accionamientos hidr\u00e1ulicos dobles para un par equilibrado<\/li>\n<li>Sensores electr\u00f3nicos y pantallas de \u00faltima generaci\u00f3n que proporcionan informaci\u00f3n del sistema en tiempo real<\/li>\n<li>Sistema de aditivos secos accionado hidr\u00e1ulicamente<\/li>\n<li>Centro de control del operador central<\/li>\n<\/ul>\n<div class=\"left-img\"><img loading=\"lazy\" decoding=\"async\" class=\"alignnone\" src=\"https:\/\/etnyre.com\/wp-content\/uploads\/2024\/03\/Road-Resurfacing-2.jpg\" alt=\"El RoadSaver IIIIG, utilizado para servicios de repavimentaci\u00f3n de carreteras\" width=\"500\" height=\"350\" title=\"\"><\/div>\n<h3>Llama hoy<\/h3>\n<p>Si busca el equipo adecuado para ofrecer los mejores servicios de repavimentaci\u00f3n de carreteras, cuente con E.D. Etnyre &amp; Co. y nuestra l\u00ednea de <a href=\"https:\/\/etnyre.com\/es\/selladoras-de-lodos\/\">m\u00e1quinas de sellado de lodos<\/a> de alta calidad y gran funcionalidad. Para obtener m\u00e1s informaci\u00f3n sobre nuestras RoadSavers u otros equipos de pavimentaci\u00f3n de asfalto, p\u00f3ngase en contacto con nosotros hoy mismo en el <a href=\"tel:8157322116\">815-732-2116<\/a>. Atendemos a clientes en Arizona, Tennessee, Texas, Illinois y en todo Estados Unidos.<\/p>\n","protected":false},"excerpt":{"rendered":"<p>Ofrezca la mejor repavimentaci\u00f3n de carreteras a sus clientes con el tratamiento Slurry Seal A medida que nuestras carreteras de asfalto envejecen, empiezan a estropearse. El tiempo, la temperatura, el tr\u00e1fico, la humedad, los productos qu\u00edmicos y los rayos UV contribuyen al deterioro de las calzadas en todos los EE.UU. Afortunadamente, con los tratamientos de &hellip; <a href=\"https:\/\/etnyre.com\/es\/repavimentacion-de-carreteras\/\" class=\"more-link\">Continue reading <span class=\"screen-reader-text\">Repavimentaci\u00f3n de carreteras<\/span><\/a><\/p>\n","protected":false},"author":1,"featured_media":10723,"parent":0,"menu_order":0,"comment_status":"closed","ping_status":"closed","template":"","meta":{"_acf_changed":false,"footnotes":""},"class_list":["post-11420","page","type-page","status-publish","has-post-thumbnail","hentry"],"acf":[],"_links":{"self":[{"href":"https:\/\/etnyre.com\/es\/wp-json\/wp\/v2\/pages\/11420","targetHints":{"allow":["GET"]}}],"collection":[{"href":"https:\/\/etnyre.com\/es\/wp-json\/wp\/v2\/pages"}],"about":[{"href":"https:\/\/etnyre.com\/es\/wp-json\/wp\/v2\/types\/page"}],"author":[{"embeddable":true,"href":"https:\/\/etnyre.com\/es\/wp-json\/wp\/v2\/users\/1"}],"replies":[{"embeddable":true,"href":"https:\/\/etnyre.com\/es\/wp-json\/wp\/v2\/comments?post=11420"}],"version-history":[{"count":1,"href":"https:\/\/etnyre.com\/es\/wp-json\/wp\/v2\/pages\/11420\/revisions"}],"predecessor-version":[{"id":14290,"href":"https:\/\/etnyre.com\/es\/wp-json\/wp\/v2\/pages\/11420\/revisions\/14290"}],"wp:featuredmedia":[{"embeddable":true,"href":"https:\/\/etnyre.com\/es\/wp-json\/wp\/v2\/media\/10723"}],"wp:attachment":[{"href":"https:\/\/etnyre.com\/es\/wp-json\/wp\/v2\/media?parent=11420"}],"curies":[{"name":"wp","href":"https:\/\/api.w.org\/{rel}","templated":true}]}}