{"id":11423,"date":"2024-04-04T09:02:01","date_gmt":"2024-04-04T09:02:01","guid":{"rendered":"https:\/\/etnyre.com\/los-mejores-selladores-de-grietas-arizona\/"},"modified":"2025-05-28T06:10:51","modified_gmt":"2025-05-28T06:10:51","slug":"los-mejores-selladores-de-grietas-arizona","status":"publish","type":"page","link":"https:\/\/etnyre.com\/es\/los-mejores-selladores-de-grietas-arizona\/","title":{"rendered":"Los mejores selladores de grietas Arizona"},"content":{"rendered":"<h3>Encuentra los mejores selladores de grietas de Arizona con Etnyre<\/h3>\n<p>Cuando busques los mejores <a href=\"https:\/\/etnyre.com\/es\/equipos-de-mantenimiento-de-carreteras-texas\/\">equipos de mantenimiento de carreteras<\/a> y las mejores <a href=\"https:\/\/etnyre.com\/es\/los-mejores-selladores-de-grietas-arizona\/\">selladoras de gri<\/a> etas de Arizona, no busques m\u00e1s all\u00e1 de <a href=\"https:\/\/etnyre.com\/es\/sobre-nosotros\/\">ED Etnyre &amp; Co.<\/a> El uso regular de las carreteras de asfalto puede provocar grietas y baches. Estas cuestiones pueden causar graves problemas en la carretera y suponer un riesgo para conductores y peatones. ED Etnyre &amp; Co. proporciona los mejores selladores de grietas del mercado. Sellar las grietas puede ayudar a evitar que el pavimento se rompa y evitar problemas de corrosi\u00f3n. En \u00faltima instancia, los productos de ED Etnyre &amp; Co. contribuyen a hacer m\u00e1s seguras las carreteras.<\/p>\n<h3>Consigue el mejor equipo de Etnyre<\/h3>\n<p>El Sellador de Grietas de Etnyre es la mejor opci\u00f3n para el <a href=\"https:\/\/etnyre.com\/es\/equipos-de-mantenimiento-de-carreteras-arizona\/\">mantenimiento de carreteras<\/a> en todo Arizona debido a su rendimiento superior. Sus controles vers\u00e1tiles, su encendido autom\u00e1tico, su sistema de calefacci\u00f3n de flujo controlado y su capacidad de 250 \u00f3 400 galones la convierten en la mejor <a href=\"https:\/\/etnyre.com\/es\/los-mejores-selladores-de-grietas\/\">selladora de grietas<\/a> de Arizona. Esto garantiza un firme liso y seguro, proporcionando a los automovilistas la mejor experiencia de conducci\u00f3n.<\/p>\n<p>Las carreteras de todo el pa\u00eds est\u00e1n sometidas a un tr\u00e1fico intenso, a las inclemencias del tiempo, a productos qu\u00edmicos y a temperaturas extremas que pueden causar da\u00f1os y deterioro con el tiempo. Por tanto, el mantenimiento regular de las carreteras es crucial para mantener el pavimento en buen estado y prolongar su vida \u00fatil. Para ayudarte a evitar las costosas sustituciones de la calzada, ED Etnyre &amp; Co. te ofrece las mejores m\u00e1quinas de reparaci\u00f3n y sellado de grietas, asequibles y eficaces. Con nuestros selladores de grietas, puedes garantizar una conducci\u00f3n segura y suave en las carreteras de Arizona. Elige el mejor sellador de grietas de Arizona y mant\u00e9n tus carreteras con confianza y facilidad.<\/p>\n<h3>La diferencia Etnyre<\/h3>\n<p>Etnyre es conocida desde hace m\u00e1s de un siglo por fabricar productos asf\u00e1lticos de alta calidad. Fundada en 1898, nuestro objetivo desde el principio fue suministrar a la industria de las carreteras asfaltadas los equipos de asfalto m\u00e1s fiables de Estados Unidos. A medida que hemos ido construyendo las mejores herramientas para el sector de la construcci\u00f3n de carreteras de asfalto, nos hemos ganado un nombre por ser los mejores del sector. Por eso, cuando necesites el mejor <a href=\"https:\/\/etnyre.com\/es\/selladores-de-grietas\/\">sellador de grietas<\/a> de Arizona, sabes que puedes confiar en Etnyre.<\/p>\n<div class=\"left-img\"><img loading=\"lazy\" decoding=\"async\" class=\"alignnone\" src=\"https:\/\/etnyre.com\/wp-content\/uploads\/2024\/01\/IMG_0868-500x350.jpg\" alt=\"Etnyre ofrece los mejores selladores de grietas de Arizona\" width=\"500\" height=\"350\" title=\"\"><\/div>\n<h3>Llama a ED Etnyre &amp; Co. Hoy<\/h3>\n<p>Si buscas los mejores equipos de mantenimiento de carreteras y las mejores <a href=\"https:\/\/etnyre.com\/es\/selladores-de-grietas-arizona\/\">selladoras de grietas de Arizona<\/a>, no dudes en ponerte en contacto con ED Etnyre &amp; Co. Podemos ayudarte a cubrir f\u00e1cilmente tus necesidades de reparaci\u00f3n de grietas de asfalto en Arizona y otros lugares. Para m\u00e1s informaci\u00f3n sobre por qu\u00e9 el Sellador de Grietas Etnyre es la mejor opci\u00f3n para ti, <a href=\"https:\/\/etnyre.com\/es\/contactenos\/\">ponte en contacto con nosotros hoy mismo<\/a> en el <a href=\"tel:8157322116\">815-732-2116<\/a>.<\/p>\n","protected":false},"excerpt":{"rendered":"<p>Encuentra los mejores selladores de grietas de Arizona con Etnyre Cuando busques los mejores equipos de mantenimiento de carreteras y las mejores selladoras de gri etas de Arizona, no busques m\u00e1s all\u00e1 de ED Etnyre &amp; Co. El uso regular de las carreteras de asfalto puede provocar grietas y baches. Estas cuestiones pueden causar graves &hellip; <a href=\"https:\/\/etnyre.com\/es\/los-mejores-selladores-de-grietas-arizona\/\" class=\"more-link\">Continue reading <span class=\"screen-reader-text\">Los mejores selladores de grietas Arizona<\/span><\/a><\/p>\n","protected":false},"author":1,"featured_media":10017,"parent":0,"menu_order":0,"comment_status":"closed","ping_status":"closed","template":"","meta":{"_acf_changed":false,"footnotes":""},"class_list":["post-11423","page","type-page","status-publish","has-post-thumbnail","hentry"],"acf":[],"_links":{"self":[{"href":"https:\/\/etnyre.com\/es\/wp-json\/wp\/v2\/pages\/11423","targetHints":{"allow":["GET"]}}],"collection":[{"href":"https:\/\/etnyre.com\/es\/wp-json\/wp\/v2\/pages"}],"about":[{"href":"https:\/\/etnyre.com\/es\/wp-json\/wp\/v2\/types\/page"}],"author":[{"embeddable":true,"href":"https:\/\/etnyre.com\/es\/wp-json\/wp\/v2\/users\/1"}],"replies":[{"embeddable":true,"href":"https:\/\/etnyre.com\/es\/wp-json\/wp\/v2\/comments?post=11423"}],"version-history":[{"count":1,"href":"https:\/\/etnyre.com\/es\/wp-json\/wp\/v2\/pages\/11423\/revisions"}],"predecessor-version":[{"id":12191,"href":"https:\/\/etnyre.com\/es\/wp-json\/wp\/v2\/pages\/11423\/revisions\/12191"}],"wp:featuredmedia":[{"embeddable":true,"href":"https:\/\/etnyre.com\/es\/wp-json\/wp\/v2\/media\/10017"}],"wp:attachment":[{"href":"https:\/\/etnyre.com\/es\/wp-json\/wp\/v2\/media?parent=11423"}],"curies":[{"name":"wp","href":"https:\/\/api.w.org\/{rel}","templated":true}]}}