{"id":11424,"date":"2024-04-04T09:02:02","date_gmt":"2024-04-04T09:02:02","guid":{"rendered":"https:\/\/etnyre.com\/los-mejores-remolques-de-fondo-vivo-arizona\/"},"modified":"2024-05-31T11:27:56","modified_gmt":"2024-05-31T11:27:56","slug":"los-mejores-remolques-de-fondo-vivo-arizona","status":"publish","type":"page","link":"https:\/\/etnyre.com\/es\/los-mejores-remolques-de-fondo-vivo-arizona\/","title":{"rendered":"Los mejores remolques de fondo vivo Arizona"},"content":{"rendered":"<h3>Invierte en los mejores remolques de fondo m\u00f3vil para contratistas de Arizona<\/h3>\n<p>Las necesidades industriales de los contratistas en todo el Estado del Gran Ca\u00f1\u00f3n son grandes. Las instalaciones de fabricaci\u00f3n, las empresas agr\u00edcolas y los contratistas de Arizona siempre necesitan un transporte seguro, eficaz y duradero para las materias primas y los materiales. Sin embargo, los remolques est\u00e1ndar no son lo bastante vers\u00e1tiles y <a href=\"https:\/\/etnyre.com\/live-bottom-trailers-versus-dump-trucks\/\">los equipos como los volquetes son menos precisos y seguros<\/a>. Por eso muchas empresas conf\u00edan en E.D. Etnyre &amp; Co. para que les proporcione los <a href=\"https:\/\/etnyre.com\/best-live-bottom-trailers\/\">mejores remolques de fondo<\/a> vivo para contratistas de Arizona. \u00a1Llama a Etnyre hoy mismo!<\/p>\n<h3>\u00bfPor qu\u00e9 elegir fondos vivos?<\/h3>\n<p>Los volquetes son el medio de transporte est\u00e1ndar de materias primas para la mayor\u00eda de los contratistas industriales. Sin embargo, con la introducci\u00f3n de los remolques de fondo vivo, esa norma ha empezado a cambiar. Los fondos m\u00f3viles son m\u00e1s eficientes y capaces que los volquetes, lo que permite a los contratistas transportar cargas m\u00e1s grandes con mayor rapidez. <a href=\"https:\/\/etnyre.com\/live-bottom-trailers-arizona\/\">Algunas de las ventajas de utilizar remolques de fondo m\u00f3vil son<\/a>:<\/p>\n<ul>\n<li><strong>Centro<\/strong> de gravedad bajo &#8211; Un centro de gravedad bajo es mejor para el transporte por dos razones principales. En primer lugar, maniobrar con remolques llenos es m\u00e1s f\u00e1cil que conducir un d\u00famper con volquete completo. La segunda, un centro de gravedad m\u00e1s bajo disminuye el riesgo de vuelco del remolque, al que los volquetes ya son muy propensos.<\/li>\n<li><strong>Descarga precisa<\/strong> &#8211; En lugar de confiar \u00fanicamente en la gravedad para la descarga (como un cami\u00f3n volquete), los remolques de fondo m\u00f3vil utilizan un sistema de cinta transportadora. Este sistema permite una descarga m\u00e1s controlada; en lugar de vaciar cargas enteras en un punto, los fondos vivos pueden vaciar cantidades controladas en varios lugares.<\/li>\n<li><strong>Vaciado limpio<\/strong> &#8211; El sistema de cinta transportadora tambi\u00e9n ayuda a expulsar hasta el \u00faltimo gramo de materia prima de la plataforma de tu remolque. Aunque los camiones basculantes son eficaces en el vertido, no todo se desliza f\u00e1cilmente fuera de su plataforma. Por el contrario, los remolques de fondo vivo se vac\u00edan limpios, \u00a1listos inmediatamente para cargar de nuevo!<\/li>\n<li><strong>Excelente capacidad y versatilidad<\/strong> &#8211; Debido al dise\u00f1o de los remolques de fondo vivo, pueden transportar muchos m\u00e1s materiales de los que un cami\u00f3n volquete puede transportar con seguridad. Adem\u00e1s, la versatilidad de los fondos vivos significa que pueden transportar una amplia gama de materiales sueltos y materias primas. Por ejemplo, nuestros remolques han ayudado a transportar \u00e1ridos asf\u00e1lticos, arena, grava, tierra, sal, grano, productos agr\u00edcolas y mucho m\u00e1s.<\/li>\n<\/ul>\n<h3>\u00bfQu\u00e9 pueden hacer los Fondos Vivos de Etnyre?<\/h3>\n<p>\u00a1No exageramos cuando Etnyre dice que tenemos los mejores remolques de fondo vivo de Arizona! S\u00f3lo utilizamos piezas y componentes de la m\u00e1xima calidad para nuestros equipos, lo que garantiza una resistencia y durabilidad excepcionales. Adem\u00e1s, nuestra experiencia en el dise\u00f1o de equipos industriales con controles digitales precisos nos permite crear fondos vivos 100% precisos en su funcionamiento y control. Algunas de las mejores caracter\u00edsticas del <a href=\"https:\/\/etnyre.com\/sales\/live-bottom-trailers\/\">Remolque Falcon\u00ae Live Bottom<\/a> son:<\/p>\n<ul>\n<li>El fiable sistema de transporte patentado minimiza el mantenimiento y el tiempo de inactividad para ahorrar dinero<\/li>\n<li>La cinta de 106 cm (42 pulgadas) de ancho elimina los listones y minimiza los puentes de material<\/li>\n<li>Entre los m\u00e1s ligeros del sector para un consumo m\u00ednimo de combustible y una mayor carga \u00fatil<\/li>\n<li>Variedad de puertas traseras, incluidas las dobles, de hormig\u00f3n, de gran elevaci\u00f3n y abatibles de gran elevaci\u00f3n, para proporcionar una descarga eficaz para cualquier material y aplicaci\u00f3n<\/li>\n<li>Las paredes laterales empinadas evitan la formaci\u00f3n de puentes y descargan f\u00e1cilmente una amplia gama de materiales, como mezclas bituminosas en caliente, \u00e1ridos peque\u00f1os y grandes, arena, grava, materiales de reciclaje y hormig\u00f3n de bajo asentamiento<\/li>\n<li>Media revoluci\u00f3n de la cinta descarga el material de forma r\u00e1pida y eficaz<\/li>\n<\/ul>\n<div class=\"left-img\"><img loading=\"lazy\" decoding=\"async\" class=\"alignnone\" src=\"https:\/\/etnyre.com\/wp-content\/uploads\/2023\/09\/Best-Live-Bottom-Trailers-Arizona-2.jpg\" alt=\"Un grupo de los Mejores Remolques de Fondo Vivo para Arizona\" width=\"500\" height=\"350\" title=\"\"><\/div>\n<h3>Llama hoy a Etnyre<\/h3>\n<p>Si tu empresa no puede transportar f\u00e1cilmente materias primas y mercanc\u00edas, \u00a1necesitas urgentemente camiones y remolques! No te conformes con nada menos que los mejores remolques de fondo vivo de Arizona cuando compres a trav\u00e9s de los expertos en equipamiento industrial de E.D. Etnyre &amp; Co. Para obtener m\u00e1s informaci\u00f3n sobre los productos Etnyre o solicitar un presupuesto, llama <a href=\"tel:8157322116\">al 815-732-2116<\/a>. Nuestra oficina principal se encuentra en 1333 Daysville Rd, Oregon, IL 61061. Etnyre tiene su sede en <a href=\"https:\/\/etnyre.com\/best-live-bottom-trailers-illinois\/\">Illinois<\/a> y atiende a clientes de <a href=\"https:\/\/etnyre.com\/asphalt-distributors-arizona\/\">Arizona<\/a>, <a href=\"https:\/\/etnyre.com\/best-live-bottom-trailers-texas\/\">Texas<\/a>, <a href=\"https:\/\/etnyre.com\/best-live-bottom-trailers-tennessee\/\">Tennessee<\/a> y de todo Estados Unidos.<\/p>\n","protected":false},"excerpt":{"rendered":"<p>Invierte en los mejores remolques de fondo m\u00f3vil para contratistas de Arizona Las necesidades industriales de los contratistas en todo el Estado del Gran Ca\u00f1\u00f3n son grandes. Las instalaciones de fabricaci\u00f3n, las empresas agr\u00edcolas y los contratistas de Arizona siempre necesitan un transporte seguro, eficaz y duradero para las materias primas y los materiales. Sin &hellip; <a href=\"https:\/\/etnyre.com\/es\/los-mejores-remolques-de-fondo-vivo-arizona\/\" class=\"more-link\">Continue reading <span class=\"screen-reader-text\">Los mejores remolques de fondo vivo Arizona<\/span><\/a><\/p>\n","protected":false},"author":1,"featured_media":9496,"parent":0,"menu_order":0,"comment_status":"closed","ping_status":"closed","template":"","meta":{"_acf_changed":false,"footnotes":""},"class_list":["post-11424","page","type-page","status-publish","has-post-thumbnail","hentry"],"acf":[],"_links":{"self":[{"href":"https:\/\/etnyre.com\/es\/wp-json\/wp\/v2\/pages\/11424","targetHints":{"allow":["GET"]}}],"collection":[{"href":"https:\/\/etnyre.com\/es\/wp-json\/wp\/v2\/pages"}],"about":[{"href":"https:\/\/etnyre.com\/es\/wp-json\/wp\/v2\/types\/page"}],"author":[{"embeddable":true,"href":"https:\/\/etnyre.com\/es\/wp-json\/wp\/v2\/users\/1"}],"replies":[{"embeddable":true,"href":"https:\/\/etnyre.com\/es\/wp-json\/wp\/v2\/comments?post=11424"}],"version-history":[{"count":1,"href":"https:\/\/etnyre.com\/es\/wp-json\/wp\/v2\/pages\/11424\/revisions"}],"predecessor-version":[{"id":12201,"href":"https:\/\/etnyre.com\/es\/wp-json\/wp\/v2\/pages\/11424\/revisions\/12201"}],"wp:featuredmedia":[{"embeddable":true,"href":"https:\/\/etnyre.com\/es\/wp-json\/wp\/v2\/media\/9496"}],"wp:attachment":[{"href":"https:\/\/etnyre.com\/es\/wp-json\/wp\/v2\/media?parent=11424"}],"curies":[{"name":"wp","href":"https:\/\/api.w.org\/{rel}","templated":true}]}}