{"id":11427,"date":"2024-04-04T09:02:47","date_gmt":"2024-04-04T09:02:47","guid":{"rendered":"https:\/\/etnyre.com\/pavementsaver\/"},"modified":"2025-11-07T16:54:23","modified_gmt":"2025-11-07T16:54:23","slug":"pavementsaver","status":"publish","type":"page","link":"https:\/\/etnyre.com\/es\/pavementsaver\/","title":{"rendered":"PavementSaver"},"content":{"rendered":"<h3>La mejor maquinaria para la impermeabilizaci\u00f3n de carreteras<\/h3>\n<p>Las carreteras residenciales, los aparcamientos y las entradas de veh\u00edculos sufren los mismos problemas de agrietamiento y deterioro que las grandes autopistas y calles. Sin embargo, para superficies de pavimento menos transitadas, no es necesario el sellado con lechada ni el micropavimento. En cambio, los profesionales del mantenimiento de carreteras prefieren la facilidad y fiabilidad del sellado. Por ello, E.D. Etnyre &amp; Co. se esfuerza por ofrecer a los contratistas la mejor maquinaria de revestimiento de juntas disponible. Echa un vistazo a los PavementSavers de Etnyre para un servicio de sellado r\u00e1pido y eficaz.<\/p>\n<h4>PavementSaver II &#8211; Buggy de Capa de Foca<\/h4>\n<p>El equipo de revestimiento de juntas se somete constantemente a tipos de presi\u00f3n y tensi\u00f3n \u00fanicos. Si tu equipo no est\u00e1 preparado para ello, tu organizaci\u00f3n se ver\u00e1 obligada a pagar piezas, mano de obra y horas de trabajo malgastadas m\u00e1s a menudo de lo que deber\u00eda. Por eso las PavementSaver-II o Pavementsaver-III con carros de revestimiento ARC est\u00e1n dise\u00f1adas para superar en rendimiento, duraci\u00f3n y prestaciones a todas las dem\u00e1s m\u00e1quinas de revestimiento. Tanto si pulverizas como si pasas la escobilla de goma o haces ambas cosas, la PavementSaver-II est\u00e1 dise\u00f1ada para maximizar la producci\u00f3n. Elige entre varios tama\u00f1os de dep\u00f3sito, colores y opciones para personalizar cada silla de paseo sealcoat seg\u00fan tus necesidades.<\/p>\n<h4>PavementSaver II y PavementSaver III<\/h4>\n<div class=\"center_img\"><img loading=\"lazy\" decoding=\"async\" class=\"alignnone\" src=\"http:\/\/etnyre.com\/wp-content\/uploads\/2024\/02\/Feature-Graphic-PS-II1-scaled-1.jpg\" alt=\"PavementSaver II con c\u00edrculos rojos se\u00f1alando distintas partes de la m\u00e1quina.\" width=\"2560\" height=\"1277\" title=\"\"><\/div>\n<h4>Especificaciones<\/h4>\n<div class=\"menu_tab_table cotent_w_table\">\n<table border=\"1\" width=\"943\" cellspacing=\"0\" cellpadding=\"0\">\n<tbody>\n<tr>\n<th colspan=\"3\" valign=\"top\" width=\"479\">Especificaciones PavementSaver II<\/th>\n<\/tr>\n<tr>\n<th valign=\"top\" width=\"160\">Modelo<\/th>\n<th valign=\"top\" width=\"160\">D-400<\/th>\n<th valign=\"top\" width=\"160\">D-500<\/th>\n<\/tr>\n<tr>\n<td valign=\"top\" width=\"160\">Combustible<\/td>\n<td valign=\"top\" width=\"160\">Gas\u00f3leo<\/td>\n<td valign=\"top\" width=\"160\">Gas\u00f3leo<\/td>\n<\/tr>\n<tr>\n<td valign=\"top\" width=\"160\">Potencia del motor<\/td>\n<td valign=\"top\" width=\"160\">Kubota turboalimentada de 42 CV<\/td>\n<td valign=\"top\" width=\"160\">42 CV Kubota turboalimentada<\/td>\n<\/tr>\n<tr>\n<td valign=\"top\" width=\"160\">Capacidad del material<\/td>\n<td valign=\"top\" width=\"160\">1589+ l (420+ gal)<\/td>\n<td valign=\"top\" width=\"160\">510+ galones (1930+ l)<\/td>\n<\/tr>\n<tr>\n<td valign=\"top\" width=\"160\">Capacidad de combustible<\/td>\n<td valign=\"top\" width=\"160\">30,28 l (8 gal)<\/td>\n<td valign=\"top\" width=\"160\">36,34 l (9,6 gal)<\/td>\n<\/tr>\n<tr>\n<td valign=\"top\" width=\"160\">Transmisi\u00f3n hidrost\u00e1tica<\/td>\n<td valign=\"top\" width=\"160\">Tracci\u00f3n Directa a 3 Ruedas<\/td>\n<td valign=\"top\" width=\"160\">Tracci\u00f3n directa a 3 ruedas<\/td>\n<\/tr>\n<tr>\n<td valign=\"top\" width=\"160\">Frenos de emergencia<\/td>\n<td valign=\"top\" width=\"160\">Discos H\u00famedos<\/td>\n<td valign=\"top\" width=\"160\">Discos H\u00famedos<\/td>\n<\/tr>\n<tr>\n<td valign=\"top\" width=\"160\">Velocidades de desplazamiento<\/td>\n<td valign=\"top\" width=\"160\">2 velocidades: Alta y Baja<\/td>\n<td valign=\"top\" width=\"160\">2 velocidades: Alta y Baja<\/td>\n<\/tr>\n<tr>\n<td valign=\"top\" width=\"160\">Aceite hidr\u00e1ulico<\/td>\n<td valign=\"top\" width=\"160\">208,19 l (55 gal)<\/td>\n<td valign=\"top\" width=\"160\">261,19 l (69 gal)<\/td>\n<\/tr>\n<tr>\n<td valign=\"top\" width=\"160\">Capacidad de agua<\/td>\n<td valign=\"top\" width=\"160\">208,19 l (55 gal)<\/td>\n<td valign=\"top\" width=\"160\">261,19 l (69 gal)<\/td>\n<\/tr>\n<tr>\n<td valign=\"top\" width=\"160\">Distancia entre ejes<\/td>\n<td valign=\"top\" width=\"160\">2,31 m (91 pulg.)<\/td>\n<td valign=\"top\" width=\"160\">2,61 m (103 pulg.)<\/td>\n<\/tr>\n<tr>\n<td valign=\"top\" width=\"160\">Longitud<\/td>\n<td valign=\"top\" width=\"160\">4,34 m (171 pulg.)<\/td>\n<td valign=\"top\" width=\"160\">4,57 m (180 pulg.)<\/td>\n<\/tr>\n<tr>\n<td valign=\"top\" width=\"160\">Altura<\/td>\n<td valign=\"top\" width=\"160\">1,85 m (73 pulg.)<\/td>\n<td valign=\"top\" width=\"160\">1,57 m (62 pulg.)<\/td>\n<\/tr>\n<tr>\n<td valign=\"top\" width=\"160\">Anchura<\/td>\n<td valign=\"top\" width=\"160\">2,41 m (95 pulg.)<\/td>\n<td valign=\"top\" width=\"160\">2,41 m (95 pulg.)<\/td>\n<\/tr>\n<tr>\n<td valign=\"top\" width=\"160\">Peso<\/td>\n<td valign=\"top\" width=\"160\">5740 lb. (2603,62 kg)<\/td>\n<td valign=\"top\" width=\"160\">6380 lb. (2893,91 kg)<\/td>\n<\/tr>\n<tr>\n<td valign=\"top\" width=\"160\">Peso del aerosol<\/td>\n<td valign=\"top\" width=\"160\">+500 lb. (226,79 kg)<\/td>\n<td valign=\"top\" width=\"160\">+500 lb. (226,79 kg)<\/td>\n<\/tr>\n<\/tbody>\n<\/table>\n<\/div>\n<p>&nbsp;<\/p>\n<div class=\"clr loop_sec\">\n<h5>1. Acero T1 y componentes de calidad<\/h5>\n<ul class=\"features\">\n<li>M\u00e1s resistente, fuerte y duradero, utilizamos acero T1 de alto rendimiento para el dep\u00f3sito de la hormigonera, el dep\u00f3sito hidr\u00e1ulico y el dep\u00f3sito de gas\u00f3leo<\/li>\n<li>Tendidos de cables protegidos estructuralmente siempre que sea posible<\/li>\n<li>Motores de accionamiento sobredimensionados y resistentes<\/li>\n<li>V\u00e1lvula de cuchilla de acero inoxidable sobredimensionada y resistente para un suministro positivo de material<\/li>\n<li>Conjunto de escobilla de goma resistente con potente control direccional hidr\u00e1ulico<\/li>\n<li>Componentes hidr\u00e1ulicos, mangueras y racores de alta gama<\/li>\n<\/ul>\n<\/div>\n<div class=\"clr loop_sec\">\n<div class=\"right-img\"><img loading=\"lazy\" decoding=\"async\" class=\"alignnone\" src=\"http:\/\/etnyre.com\/wp-content\/uploads\/2024\/02\/RES-14-PS-II-joystick-controls-scaled-1.jpg\" alt=\"Primer plano del joystick del PavementSaver.\" width=\"300\" height=\"1707\" title=\"\"><\/div>\n<h5>2. Control con joystick<\/h5>\n<p>Nuestro joystick f\u00e1cil de usar controla las siguientes funciones:<\/p>\n<ul class=\"features\">\n<li>Flujo de material abrir\/cerrar<\/li>\n<li>Caja separadora arriba\/abajo\/izquierda\/derecha<\/li>\n<li>Avance\/neutro\/retroceso<\/li>\n<\/ul>\n<p>*Los botones de control del Joystick pueden tener usos adicionales si se instala y selecciona la opci\u00f3n BC502SC.<\/p>\n<\/div>\n<div class=\"clr loop_sec\">\n<div class=\"right-img\"><img loading=\"lazy\" decoding=\"async\" class=\"alignnone\" src=\"http:\/\/etnyre.com\/wp-content\/uploads\/2024\/02\/RES-15-PS-II-operator-control-panel-scaled-1.jpg\" alt=\"Panel de control con joystick en la Pavimentadora\" width=\"300\" height=\"2560\" title=\"\"><\/div>\n<h5>3. Panel de control del operador<\/h5>\n<p>El Panel de Control del Operador controla las siguientes funciones:<\/p>\n<ul class=\"features\">\n<li>Arranque del motor<\/li>\n<li>Interruptor principal de la v\u00e1lvula de material<\/li>\n<li>Selecci\u00f3n de la gama de velocidades<\/li>\n<li>Acelerador el\u00e9ctrico<\/li>\n<li>Sistema de pulverizaci\u00f3n adelante\/atr\u00e1s<\/li>\n<li>Controles autom\u00e1ticos de velocidad<\/li>\n<li>Agitador adelante\/neutro\/atr\u00e1s<\/li>\n<li>Bomba de agua encendida\/apagada<\/li>\n<li>Luces de trabajo encendidas\/apagadas<\/li>\n<\/ul>\n<\/div>\n<div class=\"clr loop_sec\">\n<div class=\"right-img\"><img loading=\"lazy\" decoding=\"async\" class=\"alignnone\" src=\"http:\/\/etnyre.com\/wp-content\/uploads\/2024\/02\/RES-16-PS-II-RaynMaker-spray-system-300x240-1.jpg\" alt=\"Sistema de pulverizaci\u00f3n BC502SC en PavementSaver\" width=\"300\" height=\"240\" title=\"\"><\/div>\n<h5>4. Sistema de pulverizaci\u00f3n BC502SC (opcional)<\/h5>\n<p>El sistema de pulverizaci\u00f3n BC502SC ofrece a los operarios la opci\u00f3n de pulverizar la capa de sellado desde la barra de pulverizaci\u00f3n o hasta con dos varillas manuales. Todo el sistema est\u00e1 dise\u00f1ado para manipular materiales de sellado muy rellenos.<\/p>\n<ul>\n<li>La barra de pulverizaci\u00f3n empieza a 2,5 m y puede extenderse hasta 3,5 m o m\u00e1s<\/li>\n<li>El BC502SC tiene tres filtros. El filtro primario tiene 952 pulgadas c\u00fabicas con 339 pulgadas cuadradas de cara filtrante y los dos filtros de acabado tienen 2118 pulgadas c\u00fabicas cada uno con 1620 pulgadas cuadradas de cara filtrante.<\/li>\n<li>Los controles inform\u00e1ticos mantienen el ritmo de aplicaci\u00f3n a pesar de los cambios de velocidad<\/li>\n<li>Todos los controles est\u00e1n situados en el joystick y en el panel de control del operador<\/li>\n<li>Disponibles varias configuraciones de boquilla, tama\u00f1os de punta y patrones de pulverizaci\u00f3n<\/li>\n<\/ul>\n<\/div>\n<div class=\"clr loop_sec\">\n<div class=\"right-img\"><img loading=\"lazy\" decoding=\"async\" class=\"alignnone\" src=\"http:\/\/etnyre.com\/wp-content\/uploads\/2024\/02\/RES-17-PS-II-turbocharged-diesel-engine-300x225-1.jpg\" alt=\"Motor diesel turboalimentado en PavementSaver\" width=\"300\" height=\"225\" title=\"\"><\/div>\n<h5>5. Motor diesel turboalimentado<\/h5>\n<p>Este turbodi\u00e9sel de 42 CV tiene potencia m\u00e1s que suficiente para funcionar continuamente en condiciones extremas, incluidas grandes altitudes y pendientes de hasta el 15%. La r\u00e1pida velocidad de producci\u00f3n, combinada con la tracci\u00f3n total a las tres ruedas, ofrece un rendimiento y un control inigualables de un buggy para capas de sellado.<\/p>\n<\/div>\n<div class=\"clr loop_sec\">\n<h5>6. Sistema de seguridad<\/h5>\n<ul class=\"features\">\n<li>Sistema de frenado doble: frenos de funcionamiento hidrost\u00e1ticos y frenos de disco en ba\u00f1o de aceite en las dos ruedas para emergencias y aparcamiento<\/li>\n<li>Parada de \u00abhombre muerto\u00bb &#8211; Si abandonas el asiento del operador, los frenos de estacionamiento se activan autom\u00e1ticamente<\/li>\n<li>Frenos a prueba de fallos: si pierdes potencia en el motor, se funde un latiguillo o pierdes el sistema hidr\u00e1ulico, el freno de estacionamiento te detendr\u00e1 autom\u00e1ticamente, incluso en una pendiente pronunciada<\/li>\n<li>Cambio repentino de direcci\u00f3n: si mueves repentinamente el joystick de marcha adelante a marcha atr\u00e1s, el PavementSaver II amortiguar\u00e1 el cambio ralentizando la m\u00e1quina antes de cambiar de direcci\u00f3n, sin sacudidas ni bandazos.<\/li>\n<li>Plataforma del operador de f\u00e1cil acceso<\/li>\n<\/ul>\n<h4>Especificaciones<\/h4>\n<\/div>\n<div class=\"menu_tab_table content_w_table\">\n<table border=\"1\" width=\"943\" cellspacing=\"0\" cellpadding=\"0\">\n<thead>\n<tr>\n<th colspan=\"3\" valign=\"top\" width=\"479\">Especificaciones PavementSaver III<\/th>\n<\/tr>\n<tr>\n<th data-col-size=\"lg\">Especificaci\u00f3n<\/th>\n<th data-col-size=\"md\">D-400<\/th>\n<th data-col-size=\"md\">D-500<\/th>\n<\/tr>\n<\/thead>\n<tbody>\n<tr>\n<td data-col-size=\"lg\">Combustible<\/td>\n<td data-col-size=\"md\">Gas\u00f3leo<\/td>\n<td data-col-size=\"md\">Gas\u00f3leo<\/td>\n<\/tr>\n<tr>\n<td data-col-size=\"lg\">Potencia del motor<\/td>\n<td data-col-size=\"md\">Kubota turboalimentada de 49 CV<\/td>\n<td data-col-size=\"md\">Kubota turboalimentada de 49 CV<\/td>\n<\/tr>\n<tr>\n<td data-col-size=\"lg\">Capacidad del material<\/td>\n<td data-col-size=\"md\">420+ Galones<\/td>\n<td data-col-size=\"md\">510+ Galones<\/td>\n<\/tr>\n<tr>\n<td data-col-size=\"lg\">Capacidad de combustible<\/td>\n<td data-col-size=\"md\">8 galones<\/td>\n<td data-col-size=\"md\">9,6 galones<\/td>\n<\/tr>\n<tr>\n<td data-col-size=\"lg\">Tracci\u00f3n al suelo<\/td>\n<td data-col-size=\"md\">Tracci\u00f3n a las cuatro ruedas<\/td>\n<td data-col-size=\"md\">Tracci\u00f3n a las cuatro ruedas<\/td>\n<\/tr>\n<tr>\n<td data-col-size=\"lg\">Frenos de emergencia<\/td>\n<td data-col-size=\"md\">Discos H\u00famedos<\/td>\n<td data-col-size=\"md\">Discos H\u00famedos<\/td>\n<\/tr>\n<tr>\n<td data-col-size=\"lg\">Velocidades de desplazamiento<\/td>\n<td data-col-size=\"md\">Alta\/Baja<\/td>\n<td data-col-size=\"md\">Alta\/Baja<\/td>\n<\/tr>\n<tr>\n<td data-col-size=\"lg\">Capacidad de aceite hidr\u00e1ulico<\/td>\n<td data-col-size=\"md\">55 galones<\/td>\n<td data-col-size=\"md\">69 galones<\/td>\n<\/tr>\n<tr>\n<td data-col-size=\"lg\">Capacidad de agua<\/td>\n<td data-col-size=\"md\">55 galones<\/td>\n<td data-col-size=\"md\">69 galones<\/td>\n<\/tr>\n<tr>\n<td data-col-size=\"lg\">Distancia entre ejes<\/td>\n<td data-col-size=\"md\">91 Pulgadas<\/td>\n<td data-col-size=\"md\">103 pulgadas<\/td>\n<\/tr>\n<tr>\n<td data-col-size=\"lg\">Longitud<\/td>\n<td data-col-size=\"md\">168 Pulgadas<\/td>\n<td data-col-size=\"md\">180 Pulgadas<\/td>\n<\/tr>\n<tr>\n<td data-col-size=\"lg\">Altura<\/td>\n<td data-col-size=\"md\">62 Pulgadas<\/td>\n<td data-col-size=\"md\">62 Pulgadas<\/td>\n<\/tr>\n<tr>\n<td data-col-size=\"lg\">Anchura<\/td>\n<td data-col-size=\"md\">75 Pulgadas<\/td>\n<td data-col-size=\"md\">75 Pulgadas<\/td>\n<\/tr>\n<tr>\n<td data-col-size=\"lg\">Peso<\/td>\n<td data-col-size=\"md\">5.919 lbs<\/td>\n<td data-col-size=\"md\">6.559 lbs<\/td>\n<\/tr>\n<tr>\n<td data-col-size=\"lg\">Peso del pulverizador<\/td>\n<td data-col-size=\"md\">500+ lbs<\/td>\n<td data-col-size=\"md\">500+ lbs<\/td>\n<\/tr>\n<\/tbody>\n<\/table>\n<\/div>\n<div class=\"pavementsaver_sec\">\n<div class=\"left-img\"><img decoding=\"async\" src=\"http:\/\/etnyre.com\/wp-content\/uploads\/2025\/11\/psiiiblank-scaled.webp\" alt=\"Pavimentadora III\" title=\"\"><\/div>\n<div class=\"right-img\"><img decoding=\"async\" src=\"http:\/\/etnyre.com\/wp-content\/uploads\/2025\/11\/ds-scaled.webp\" alt=\"Pavimentadora III\" title=\"\"><\/div>\n<\/div>\n","protected":false},"excerpt":{"rendered":"<p>La mejor maquinaria para la impermeabilizaci\u00f3n de carreteras Las carreteras residenciales, los aparcamientos y las entradas de veh\u00edculos sufren los mismos problemas de agrietamiento y deterioro que las grandes autopistas y calles. Sin embargo, para superficies de pavimento menos transitadas, no es necesario el sellado con lechada ni el micropavimento. En cambio, los profesionales del &hellip; <a href=\"https:\/\/etnyre.com\/es\/pavementsaver\/\" class=\"more-link\">Continue reading <span class=\"screen-reader-text\">PavementSaver<\/span><\/a><\/p>\n","protected":false},"author":1,"featured_media":0,"parent":0,"menu_order":0,"comment_status":"closed","ping_status":"closed","template":"template\/product-sub-page.php","meta":{"_acf_changed":false,"footnotes":""},"class_list":["post-11427","page","type-page","status-publish","hentry"],"acf":[],"_links":{"self":[{"href":"https:\/\/etnyre.com\/es\/wp-json\/wp\/v2\/pages\/11427","targetHints":{"allow":["GET"]}}],"collection":[{"href":"https:\/\/etnyre.com\/es\/wp-json\/wp\/v2\/pages"}],"about":[{"href":"https:\/\/etnyre.com\/es\/wp-json\/wp\/v2\/types\/page"}],"author":[{"embeddable":true,"href":"https:\/\/etnyre.com\/es\/wp-json\/wp\/v2\/users\/1"}],"replies":[{"embeddable":true,"href":"https:\/\/etnyre.com\/es\/wp-json\/wp\/v2\/comments?post=11427"}],"version-history":[{"count":17,"href":"https:\/\/etnyre.com\/es\/wp-json\/wp\/v2\/pages\/11427\/revisions"}],"predecessor-version":[{"id":14714,"href":"https:\/\/etnyre.com\/es\/wp-json\/wp\/v2\/pages\/11427\/revisions\/14714"}],"wp:attachment":[{"href":"https:\/\/etnyre.com\/es\/wp-json\/wp\/v2\/media?parent=11427"}],"curies":[{"name":"wp","href":"https:\/\/api.w.org\/{rel}","templated":true}]}}