{"id":11428,"date":"2024-04-04T09:02:48","date_gmt":"2024-04-04T09:02:48","guid":{"rendered":"https:\/\/etnyre.com\/los-mejores-remolques-de-fondo-vivo-de-texas\/"},"modified":"2024-05-31T11:27:58","modified_gmt":"2024-05-31T11:27:58","slug":"los-mejores-remolques-de-fondo-vivo-de-texas","status":"publish","type":"page","link":"https:\/\/etnyre.com\/es\/los-mejores-remolques-de-fondo-vivo-de-texas\/","title":{"rendered":"Los mejores remolques de fondo vivo de Texas"},"content":{"rendered":"<h3>Transportar materiales es f\u00e1cil gracias a los mejores remolques de fondo m\u00f3vil de Texas<\/h3>\n<p>Como contratista de asfalto, transportar\u00e1s m\u00e1s cargas de asfalto y materiales de lo esperado. Garantizar que todo llegue de tus instalaciones al lugar de trabajo requiere remolques y equipos de alta calidad. \u00a1Ah\u00ed es donde E.D. Etnyre &amp; Co. puede ayudarte! <a href=\"https:\/\/etnyre.com\/asphalt-trailers\/\">Etnyre fabrica remolques excepcionales<\/a> para transportar tanto maquinaria como materias primas. Y en lugar de confiar en lo que se considera \u00abest\u00e1ndar\u00bb para la industria del asfalto, mejoramos el transporte de material con los mejores remolques de fondo vivo de Texas.<\/p>\n<h3>Las ventajas de los fondos vivos<\/h3>\n<p>Normalmente, la mayor\u00eda de los contratistas utilizan camiones volquete como medio principal de transporte de materias primas. Sin embargo, los <a href=\"https:\/\/etnyre.com\/sales\/live-bottom-trailers\/\">remolques con fondo<\/a> vivo ofrecen ventajas que <a href=\"https:\/\/etnyre.com\/live-bottom-trailers-versus-dump-trucks\/\">los volquetes no pueden igualar<\/a>. De hecho, \u00a1los fondos vivos resuelven algunos de los problemas m\u00e1s comunes de los volquetes! Gracias a una inversi\u00f3n en remolques de fondo vivo, puedes esperar:<\/p>\n<ul>\n<li><strong>Transporte de todo tipo<\/strong> de mercanc\u00edas &#8211; Aunque los contratistas de asfalto utilizar\u00e1n principalmente los fondos vivos para transportar grava, tierra, \u00e1ridos asf\u00e1lticos y otros materiales similares, los remolques de fondo vivo permiten transportar mercanc\u00edas m\u00e1s delicadas. Adem\u00e1s, puedes contar con que tus mercanc\u00edas estar\u00e1n seguras durante el transporte.<\/li>\n<li><strong>Un viaje m\u00e1s f\u00e1cil<\/strong> &#8211; Los volquetes no son los veh\u00edculos m\u00e1s f\u00e1ciles de conducir o manejar, \u00a1especialmente cuando est\u00e1n llenos! Por desgracia, el centro de gravedad m\u00e1s alto de los volquetes hace que los giros o las velocidades m\u00e1s altas sean dif\u00edciles de mantener. Por el contrario, los remolques de fondo vivo tienen centros de gravedad bajos, lo que ofrece una conducci\u00f3n m\u00e1s suave.<\/li>\n<li><strong>Sin riesgo de vuelco<\/strong> &#8211; Por desgracia, el elevado centro de gravedad del d\u00famper genera problemas adicionales, como el vuelco del remolque. Adem\u00e1s, la caja abierta de un cami\u00f3n volquete est\u00e1 m\u00e1s alta que la de un remolque, lo que aumenta el riesgo de atrapamiento bajo los pasos elevados bajos. Los remolques de fondo vivo no tienen esos problemas, ya que sus lechos abiertos est\u00e1n m\u00e1s bajos y el peso se distribuye m\u00e1s uniformemente.<\/li>\n<li><strong>Se vac\u00eda limpiamente<\/strong> &#8211; El sistema de cinta transportadora de un remolque de fondo m\u00f3vil ayuda a empujar hasta el \u00faltimo trozo de material fuera del contenedor de tu remolque. Esto no s\u00f3lo garantiza que todas tus mercanc\u00edas se descarguen r\u00e1pida y eficazmente, sino que tus remolques de fondo vivo pueden cargarse de nuevo con una limpieza m\u00ednima entre cargas.<\/li>\n<li><strong>Mayor control<\/strong> &#8211; Cuando empiezas a descargar con un cami\u00f3n volquete, no tienes control sobre lo mucho o poco que sale; \u00a1todo se vierte! Por el contrario, los remolques de fondo vivo pueden vaciarse peri\u00f3dicamente, no todos en el mismo sitio, y con mayor precisi\u00f3n que la que puede proporcionar un cami\u00f3n volquete.<\/li>\n<\/ul>\n<h3>Las mejores caracter\u00edsticas de nuestros remolques<\/h3>\n<p>\u00a1Tener los mejores remolques de fondo vivo para contratistas de Texas significa que nuestros remolques utilizan las mejores caracter\u00edsticas! Etnyre es conocida por su compromiso con la calidad y la innovaci\u00f3n, y nuestros equipos superan y duran m\u00e1s que los de la competencia, y el <a href=\"https:\/\/etnyre.com\/best-live-bottom-trailers\/\">Falcon\u00ae Live Bottom Trailer<\/a> no es una excepci\u00f3n. Entre las caracter\u00edsticas de nuestro remolque de fondo vivo se incluyen:<\/p>\n<ul>\n<li>El sistema de transporte patentado y fiable minimiza el mantenimiento y el tiempo de inactividad para ahorrar dinero<\/li>\n<li>La cinta de 106 cm (42 pulgadas) de ancho elimina los listones y minimiza los puentes de material<\/li>\n<li>Entre los m\u00e1s ligeros del sector para un consumo m\u00ednimo de combustible y una mayor carga \u00fatil<\/li>\n<li>Variedad de puertas traseras, incluidas las dobles, de hormig\u00f3n, de gran elevaci\u00f3n y abatibles de gran elevaci\u00f3n, para proporcionar una descarga eficaz para cualquier material y aplicaci\u00f3n<\/li>\n<li>Las paredes laterales empinadas evitan la formaci\u00f3n de puentes y descargan f\u00e1cilmente una amplia gama de materiales, como mezclas bituminosas en caliente, \u00e1ridos peque\u00f1os y grandes, arena, grava, materiales de reciclaje y hormig\u00f3n de bajo asentamiento<\/li>\n<li>Media revoluci\u00f3n de la cinta descarga el material de forma r\u00e1pida y eficaz<\/li>\n<\/ul>\n<div class=\"left-img\"><img loading=\"lazy\" decoding=\"async\" class=\"alignnone\" src=\"https:\/\/etnyre.com\/wp-content\/uploads\/2023\/09\/Best-Live-Bottom-Trailers-Texas-2.jpg\" alt=\"Uno de los mejores remolques de fondo vivo de Etnyre en Texas\" width=\"500\" height=\"350\" title=\"\"><\/div>\n<h3>Llama hoy<\/h3>\n<p>Deshazte de los volquetes e invierte en los mejores remolques de fondo vivo de Texas para tu negocio de contrataci\u00f3n de asfalto. Piensa en los remolques Falcon\u00ae de fondo m\u00f3vil, dise\u00f1ados y fabricados por los expertos en equipos industriales de E.D. Etnyre &amp; Co. Para saber m\u00e1s sobre Etnyre y nuestros productos o solicitar un presupuesto, llama <a href=\"tel:8157322116\">al 815-732-2116<\/a>. Nuestra oficina principal se encuentra en 1333 Daysville Rd, Oregon, IL 61061. Etnyre tiene su sede en Illinois y atiende a clientes de <a href=\"https:\/\/etnyre.com\/live-bottom-trailers-arizona\/\">Arizona<\/a>, <a href=\"https:\/\/etnyre.com\/live-bottom-trailers-texas\/\">Texas<\/a>, <a href=\"https:\/\/etnyre.com\/lowboy-trailers-tennessee\/\">Tennessee<\/a> y de todo Estados Unidos.<\/p>\n","protected":false},"excerpt":{"rendered":"<p>Transportar materiales es f\u00e1cil gracias a los mejores remolques de fondo m\u00f3vil de Texas Como contratista de asfalto, transportar\u00e1s m\u00e1s cargas de asfalto y materiales de lo esperado. Garantizar que todo llegue de tus instalaciones al lugar de trabajo requiere remolques y equipos de alta calidad. \u00a1Ah\u00ed es donde E.D. Etnyre &amp; Co. puede ayudarte! &hellip; <a href=\"https:\/\/etnyre.com\/es\/los-mejores-remolques-de-fondo-vivo-de-texas\/\" class=\"more-link\">Continue reading <span class=\"screen-reader-text\">Los mejores remolques de fondo vivo de Texas<\/span><\/a><\/p>\n","protected":false},"author":1,"featured_media":9483,"parent":0,"menu_order":0,"comment_status":"closed","ping_status":"closed","template":"","meta":{"_acf_changed":false,"footnotes":""},"class_list":["post-11428","page","type-page","status-publish","has-post-thumbnail","hentry"],"acf":[],"_links":{"self":[{"href":"https:\/\/etnyre.com\/es\/wp-json\/wp\/v2\/pages\/11428","targetHints":{"allow":["GET"]}}],"collection":[{"href":"https:\/\/etnyre.com\/es\/wp-json\/wp\/v2\/pages"}],"about":[{"href":"https:\/\/etnyre.com\/es\/wp-json\/wp\/v2\/types\/page"}],"author":[{"embeddable":true,"href":"https:\/\/etnyre.com\/es\/wp-json\/wp\/v2\/users\/1"}],"replies":[{"embeddable":true,"href":"https:\/\/etnyre.com\/es\/wp-json\/wp\/v2\/comments?post=11428"}],"version-history":[{"count":1,"href":"https:\/\/etnyre.com\/es\/wp-json\/wp\/v2\/pages\/11428\/revisions"}],"predecessor-version":[{"id":12203,"href":"https:\/\/etnyre.com\/es\/wp-json\/wp\/v2\/pages\/11428\/revisions\/12203"}],"wp:featuredmedia":[{"embeddable":true,"href":"https:\/\/etnyre.com\/es\/wp-json\/wp\/v2\/media\/9483"}],"wp:attachment":[{"href":"https:\/\/etnyre.com\/es\/wp-json\/wp\/v2\/media?parent=11428"}],"curies":[{"name":"wp","href":"https:\/\/api.w.org\/{rel}","templated":true}]}}