{"id":11429,"date":"2024-04-04T09:02:49","date_gmt":"2024-04-04T09:02:49","guid":{"rendered":"https:\/\/etnyre.com\/top-rated-chip-seal-equipo-de-texas\/"},"modified":"2024-05-31T11:28:00","modified_gmt":"2024-05-31T11:28:00","slug":"top-rated-chip-seal-equipo-de-texas","status":"publish","type":"page","link":"https:\/\/etnyre.com\/es\/top-rated-chip-seal-equipo-de-texas\/","title":{"rendered":"Los mejores equipos de asfaltado de Texas"},"content":{"rendered":"<h3>Garantiza un reasfaltado de alta calidad con el mejor equipo de asfaltado de Texas<\/h3>\n<p>A medida que las carreteras se deterioran, los equipos de mantenimiento de carreteras deben ayudar a conservar y restaurar el pavimento. Sin embargo, seguir el ritmo del deterioro del pavimento puede parecer imposible sin un equipo de sellado de virutas de primera clase en Texas. Por eso los contratistas cuentan con E.D. Etnyre &amp; Co. para la <a href=\"https:\/\/etnyre.com\/best-asphalt-machines\/\">mejor maquinaria de asfalto disponible<\/a>. Etnyre es conocida en todo el pa\u00eds por su selecci\u00f3n de los equipos de sellado de virutas de mayor rendimiento, durabilidad y facilidad de uso. Llama para saber m\u00e1s<\/p>\n<h3>\u00a1Echa un vistazo a nuestra maquinaria!<\/h3>\n<p>Si quieres actualizar tu equipo o ampliar tu gama de servicios, necesitas maquinaria que simplifique y acelere el proceso de sellado de virutas. \u00a1Ah\u00ed es donde entra Etnyre! Proporcionamos a los contratistas de asfalto <a href=\"https:\/\/etnyre.com\/chip-seal-equipment-for-sale\/\">equipos de asfaltado<\/a> dise\u00f1ados por expertos para ayudarles a alcanzar el \u00e9xito en el sector del mantenimiento de carreteras. Nuestra gama de maquinaria industrial incluye:<\/p>\n<ul>\n<li><strong>Distribuidores de asfalto<\/strong>\n<ul>\n<li>Los recubrimientos asf\u00e1lticos se basan en una base s\u00f3lida de asfalto l\u00edquido. Sin embargo, aplicar asfalto l\u00edquido a las carreteras puede resultar laborioso y llevar mucho tiempo sin la ayuda de los distribuidores de asfalto. Los distribuidores de asfalto <a href=\"https:\/\/etnyre.com\/asphalt-distributors-texas\/\">Etnyre acuden al rescate<\/a> garantizando la aplicaci\u00f3n suave y uniforme del asfalto en cualquier superficie de pavimento. Nuestros distribuidores Black-Topper tienen una gran capacidad para transportar asfalto l\u00edquido, son f\u00e1ciles de usar y cumplen todas las normativas federales sobre productos calientes.<\/li>\n<\/ul>\n<\/li>\n<li><strong>Esparcidores de virutas<\/strong>\n<ul>\n<li>Tras aplicar el asfalto l\u00edquido, se distribuyen y compactan cuidadosamente virutas de \u00e1ridos sobre el pavimento, formando un recubrimiento que restaura y protege eficazmente la superficie. Con el <a href=\"https:\/\/etnyre.com\/chipspreaders\/\">esparcidor de virutas Etnyre<\/a>, los operarios pueden dispersar las virutas de \u00e1ridos sin esfuerzo, garantizando \u00edndices de aplicaci\u00f3n y tama\u00f1os de viruta precisos. Este nivel de control es decisivo para preservar la integridad del revestimiento, mejorando su calidad y durabilidad generales.<\/li>\n<\/ul>\n<\/li>\n<li><strong>Transportes y remolques<\/strong>\n<ul>\n<li>Incluso con el equipo y los materiales adecuados, \u00bfc\u00f3mo llevar\u00e1s todo a tu pr\u00f3ximo lugar de trabajo? Etnyre tiene la respuesta con nuestros transportes y remolques de alta calidad. Etnyre dise\u00f1a <a href=\"https:\/\/etnyre.com\/lowboy-trailers-texas\/\">remolques bajos<\/a> para facilitar el transporte de grandes equipos industriales. O bien, nuestros <a href=\"https:\/\/etnyre.com\/live-bottom-trailers-texas\/\">remolques de fondo vivo<\/a> y transportes de asfalto pueden llevar sin esfuerzo los materiales necesarios para el sellado de gravilla hasta donde los necesites. As\u00ed de sencillo.<\/li>\n<\/ul>\n<\/li>\n<\/ul>\n<h3>El mejor equipamiento Etnyre<\/h3>\n<p>Desde 1898, Etnyre ha estado a la vanguardia de las soluciones mec\u00e1nicas superiores para el mantenimiento de carreteras y la pavimentaci\u00f3n de asfalto en todo Estados Unidos. Con un fuerte enfoque en la durabilidad y la versatilidad, fabricamos nuestros equipos utilizando componentes de la mejor calidad y tecnolog\u00eda digital de vanguardia, ofreciendo constantemente resultados excepcionales. Adem\u00e1s, nos enorgullecemos de ofrecer servicios completos de piezas y reparaci\u00f3n para nuestros equipos de asfaltado de primera clase en Tennessee, \u00a1asegur\u00e1ndonos de que tu maquinaria Etnyre siga siendo fiable para toda la vida!<\/p>\n<div class=\"left-img\"><img loading=\"lazy\" decoding=\"async\" class=\"alignnone\" src=\"https:\/\/etnyre.com\/wp-content\/uploads\/2023\/08\/Top-Rated-Chip-Seal-Equipment-Texas-2-500x350.jpg\" alt=\"Una carretera rural repavimentada por Top-Rated Chip Seal Equipment en Texas\" width=\"500\" height=\"350\" title=\"\"><\/div>\n<h3>Habla con expertos locales en asfalto<\/h3>\n<p>\u00bfQuieres convertirte en el proveedor de servicios excepcionales de mantenimiento de carreteras de tu zona? \u00a1Lo primero que necesitas es un equipo de asfaltado de primera clase en Texas! Empieza a ofrecer los mejores servicios de asfaltado con maquinaria fabricada por Etnyre. Para obtener m\u00e1s informaci\u00f3n sobre nuestros productos o solicitar un presupuesto, llama hoy mismo al <a href=\"tel:8157322116\">815-732-2116<\/a>. Nuestra oficina principal se encuentra en 1333 Daysville Rd, Oregon, IL 61061. Etnyre tiene su sede en <a href=\"https:\/\/etnyre.com\/top-rated-chip-seal-equipment-illinois\/\">Illinois<\/a> y atiende a clientes de <a href=\"https:\/\/etnyre.com\/top-rated-chip-spreaders-arizona\/\">Arizona<\/a>, <a href=\"https:\/\/etnyre.com\/road-maintenance-equipment-texas\/\">Texas<\/a>, <a href=\"https:\/\/etnyre.com\/top-rated-chip-seal-equipment-tennessee\/\">Tennessee<\/a> y de todo Estados Unidos.<\/p>\n","protected":false},"excerpt":{"rendered":"<p>Garantiza un reasfaltado de alta calidad con el mejor equipo de asfaltado de Texas A medida que las carreteras se deterioran, los equipos de mantenimiento de carreteras deben ayudar a conservar y restaurar el pavimento. Sin embargo, seguir el ritmo del deterioro del pavimento puede parecer imposible sin un equipo de sellado de virutas de &hellip; <a href=\"https:\/\/etnyre.com\/es\/top-rated-chip-seal-equipo-de-texas\/\" class=\"more-link\">Continue reading <span class=\"screen-reader-text\">Los mejores equipos de asfaltado de Texas<\/span><\/a><\/p>\n","protected":false},"author":1,"featured_media":9228,"parent":0,"menu_order":0,"comment_status":"closed","ping_status":"closed","template":"","meta":{"_acf_changed":false,"footnotes":""},"class_list":["post-11429","page","type-page","status-publish","has-post-thumbnail","hentry"],"acf":[],"_links":{"self":[{"href":"https:\/\/etnyre.com\/es\/wp-json\/wp\/v2\/pages\/11429","targetHints":{"allow":["GET"]}}],"collection":[{"href":"https:\/\/etnyre.com\/es\/wp-json\/wp\/v2\/pages"}],"about":[{"href":"https:\/\/etnyre.com\/es\/wp-json\/wp\/v2\/types\/page"}],"author":[{"embeddable":true,"href":"https:\/\/etnyre.com\/es\/wp-json\/wp\/v2\/users\/1"}],"replies":[{"embeddable":true,"href":"https:\/\/etnyre.com\/es\/wp-json\/wp\/v2\/comments?post=11429"}],"version-history":[{"count":1,"href":"https:\/\/etnyre.com\/es\/wp-json\/wp\/v2\/pages\/11429\/revisions"}],"predecessor-version":[{"id":12205,"href":"https:\/\/etnyre.com\/es\/wp-json\/wp\/v2\/pages\/11429\/revisions\/12205"}],"wp:featuredmedia":[{"embeddable":true,"href":"https:\/\/etnyre.com\/es\/wp-json\/wp\/v2\/media\/9228"}],"wp:attachment":[{"href":"https:\/\/etnyre.com\/es\/wp-json\/wp\/v2\/media?parent=11429"}],"curies":[{"name":"wp","href":"https:\/\/api.w.org\/{rel}","templated":true}]}}